{"id":20005,"date":"2023-10-09T17:40:44","date_gmt":"2023-10-09T17:40:44","guid":{"rendered":"https:\/\/tinyknit.eu\/?post_type=product&#038;p=20005"},"modified":"2024-03-26T13:50:41","modified_gmt":"2024-03-26T13:50:41","slug":"decoration-dautomne-esthetique-automnale-petite-glande-au-crochet","status":"publish","type":"product","link":"https:\/\/tinyknit.eu\/fr\/product\/decoration-interieure\/decoration-dautomne-esthetique-automnale-petite-glande-au-crochet\/","title":{"rendered":"D\u00e9coration d&rsquo;automne, esth\u00e9tique automnale &#8211; Petite glande au crochet"},"content":{"rendered":"<p>Les citrouilles au crochet sont un choix parfait pour d\u00e9corer votre maison pendant la saison d&rsquo;automne et pour Halloween. Les belles couleurs naturelles de ces citrouilles infuseront votre maison d&rsquo;une ambiance chaleureuse et accueillante. Vous pouvez les utiliser comme d\u00e9corations o\u00f9 vous le souhaitez pour \u00e9voquer l&rsquo;essence de l&rsquo;automne. De plus, les citrouilles peuvent faire de merveilleux cadeaux pour vos proches.<\/p>\n<p><strong>Caract\u00e9ristiques :<\/strong><br \/>\n\u2022 Tous les jouets sont fabriqu\u00e9s \u00e0 partir de mat\u00e9riaux hypoallerg\u00e9niques, les rendant s\u00fbrs pour l&rsquo;enfant.<br \/>\n\u2022 Un jouet peut devenir un ajout int\u00e9ressant \u00e0 l&rsquo;int\u00e9rieur de la chambre de n&rsquo;importe quel enfant.<\/p>\n<p><strong>Taille :<\/strong> environ 20 x 11 cm<br \/>\n<strong>Mat\u00e9riau :<\/strong> Cet article est tricot\u00e9 \u00e0 la main avec des fils hypoallerg\u00e9niques, pelucheux et en coton. Il est rempli de holofibre et fabriqu\u00e9 dans un environnement sans fum\u00e9e et sans animaux domestiques.<\/p>\n<p><strong>Fabriqu\u00e9 en Estonie, Union europ\u00e9enne.<\/strong><\/p>\n<p><strong>Contenu de l&rsquo;ensemble :<\/strong><br \/>\n\u2022 1x Citrouille au crochet<\/p>\n<p><strong>Recommandations d&rsquo;entretien :<\/strong><br \/>\n\u2022 Pour \u00e9viter les r\u00e9actions allergiques, utilisez des d\u00e9tergents liquides et hypoallerg\u00e9niques.<br \/>\n\u2022 Utilisez le cycle d\u00e9licat de la machine \u00e0 laver et r\u00e9glez la temp\u00e9rature \u00e0 30 degr\u00e9s pendant 30 minutes.<br \/>\n\u2022 Apr\u00e8s le lavage, posez le jouet \u00e0 plat pour s\u00e9cher.<\/p>\n","protected":false},"excerpt":{"rendered":"<p>Les citrouilles au crochet sont un choix parfait pour d\u00e9corer votre maison pendant la saison d&rsquo;automne et pour Halloween. Les belles couleurs naturelles de ces citrouilles infuseront votre maison d&rsquo;une ambiance chaleureuse et accueillante. Vous pouvez les utiliser comme d\u00e9corations o\u00f9 vous le souhaitez pour \u00e9voquer l&rsquo;essence de l&rsquo;automne. De plus, les citrouilles peuvent faire de merveilleux cadeaux pour vos proches.<\/p>\n","protected":false},"featured_media":20006,"comment_status":"open","ping_status":"closed","template":"","meta":[],"product_brand":[],"product_cat":[336],"product_tag":[],"class_list":{"0":"post-20005","1":"product","2":"type-product","3":"status-publish","4":"has-post-thumbnail","6":"product_cat-decoration-interieure","8":"first","9":"instock","10":"taxable","11":"shipping-taxable","12":"purchasable","13":"product-type-simple"},"_links":{"self":[{"href":"https:\/\/tinyknit.eu\/fr\/wp-json\/wp\/v2\/product\/20005","targetHints":{"allow":["GET"]}}],"collection":[{"href":"https:\/\/tinyknit.eu\/fr\/wp-json\/wp\/v2\/product"}],"about":[{"href":"https:\/\/tinyknit.eu\/fr\/wp-json\/wp\/v2\/types\/product"}],"replies":[{"embeddable":true,"href":"https:\/\/tinyknit.eu\/fr\/wp-json\/wp\/v2\/comments?post=20005"}],"version-history":[{"count":1,"href":"https:\/\/tinyknit.eu\/fr\/wp-json\/wp\/v2\/product\/20005\/revisions"}],"predecessor-version":[{"id":20007,"href":"https:\/\/tinyknit.eu\/fr\/wp-json\/wp\/v2\/product\/20005\/revisions\/20007"}],"wp:featuredmedia":[{"embeddable":true,"href":"https:\/\/tinyknit.eu\/fr\/wp-json\/wp\/v2\/media\/20006"}],"wp:attachment":[{"href":"https:\/\/tinyknit.eu\/fr\/wp-json\/wp\/v2\/media?parent=20005"}],"wp:term":[{"taxonomy":"product_brand","embeddable":true,"href":"https:\/\/tinyknit.eu\/fr\/wp-json\/wp\/v2\/product_brand?post=20005"},{"taxonomy":"product_cat","embeddable":true,"href":"https:\/\/tinyknit.eu\/fr\/wp-json\/wp\/v2\/product_cat?post=20005"},{"taxonomy":"product_tag","embeddable":true,"href":"https:\/\/tinyknit.eu\/fr\/wp-json\/wp\/v2\/product_tag?post=20005"}],"curies":[{"name":"wp","href":"https:\/\/api.w.org\/{rel}","templated":true}]}}