{"id":19932,"date":"2023-04-24T07:31:20","date_gmt":"2023-04-24T07:31:20","guid":{"rendered":"https:\/\/tinyknit.eu\/?post_type=product&#038;p=19932"},"modified":"2024-04-17T12:11:46","modified_gmt":"2024-04-17T12:11:46","slug":"hochet-en-tricot-renard-2","status":"publish","type":"product","link":"https:\/\/tinyknit.eu\/fr\/product\/hochet-en-tricot\/hochet-en-tricot-renard-2\/","title":{"rendered":"Hochet en tricot &#8211; Renard"},"content":{"rendered":"<p>Le hochet au crochet est un excellent cadeau pour la joie de d\u00e9couverte de votre b\u00e9b\u00e9 et d\u00e9veloppe les comp\u00e9tences motrices fines de l&rsquo;enfant. Le jouet tient confortablement dans la main du b\u00e9b\u00e9. Il est totalement s\u00fbr pour le b\u00e9b\u00e9 et n&rsquo;irrite pas la peau de b\u00e9b\u00e9. Le hochet au crochet est fabriqu\u00e9 sans petits d\u00e9tails, les yeux et le nez sont brod\u00e9s.<\/p>\n<p><strong>Mat\u00e9riau:<\/strong> 55% coton, 45% acrylique<br \/>\n<strong>Rembourrage:<\/strong> 100 % holofibre (rembourrage hypoallerg\u00e9nique)<br \/>\n<strong>Hauteur:<\/strong> 12 cm<br \/>\n<strong>Convient d\u00e8s la naissance.<\/strong><br \/>\nIl contient des clochettes \u00e0 l&rsquo;int\u00e9rieur. Toutes les pi\u00e8ces sont solidement cousues \u00e0 la main, aucun collage n&rsquo;est utilis\u00e9.<\/p>\n<p><strong>Recommandations d&rsquo;entretien:<\/strong> Nettoyer avec de l&rsquo;eau ti\u00e8de savonneuse et laisser s\u00e9cher \u00e0 l&rsquo;air. Ne pas immerger dans l&rsquo;eau car cela pourrait dess\u00e9cher le bois et \u00e9ventuellement le fendre\/craquer.<\/p>\n","protected":false},"excerpt":{"rendered":"<p>Le hochet au crochet est un excellent cadeau pour la joie de d\u00e9couverte de votre b\u00e9b\u00e9 et d\u00e9veloppe les comp\u00e9tences motrices fines de l&rsquo;enfant. Le jouet tient confortablement dans la main du b\u00e9b\u00e9. Il est totalement s\u00fbr pour le b\u00e9b\u00e9 et n&rsquo;irrite pas la peau de b\u00e9b\u00e9. Le hochet au crochet est fabriqu\u00e9 sans petits d\u00e9tails, les yeux et le nez sont brod\u00e9s.<\/p>\n<p><iframe width=\"560\" height=\"315\" src=\"https:\/\/www.youtube.com\/embed\/TvE7GKHPhZU?si=SSJ6vt38lXISuZxx\" title=\"YouTube video player\" frameborder=\"0\" allow=\"accelerometer; autoplay; clipboard-write; encrypted-media; gyroscope; picture-in-picture; web-share\" referrerpolicy=\"strict-origin-when-cross-origin\" allowfullscreen><\/iframe><\/p>\n","protected":false},"featured_media":19936,"comment_status":"open","ping_status":"closed","template":"","meta":[],"product_brand":[],"product_cat":[337,341,665],"product_tag":[],"class_list":{"0":"post-19932","1":"product","2":"type-product","3":"status-publish","4":"has-post-thumbnail","6":"product_cat-hochet-en-tricot","7":"product_cat-pret-a-expedier","8":"product_cat-promotions","10":"first","11":"instock","12":"sale","13":"taxable","14":"shipping-taxable","15":"purchasable","16":"product-type-simple"},"_links":{"self":[{"href":"https:\/\/tinyknit.eu\/fr\/wp-json\/wp\/v2\/product\/19932","targetHints":{"allow":["GET"]}}],"collection":[{"href":"https:\/\/tinyknit.eu\/fr\/wp-json\/wp\/v2\/product"}],"about":[{"href":"https:\/\/tinyknit.eu\/fr\/wp-json\/wp\/v2\/types\/product"}],"replies":[{"embeddable":true,"href":"https:\/\/tinyknit.eu\/fr\/wp-json\/wp\/v2\/comments?post=19932"}],"version-history":[{"count":2,"href":"https:\/\/tinyknit.eu\/fr\/wp-json\/wp\/v2\/product\/19932\/revisions"}],"predecessor-version":[{"id":21276,"href":"https:\/\/tinyknit.eu\/fr\/wp-json\/wp\/v2\/product\/19932\/revisions\/21276"}],"wp:featuredmedia":[{"embeddable":true,"href":"https:\/\/tinyknit.eu\/fr\/wp-json\/wp\/v2\/media\/19936"}],"wp:attachment":[{"href":"https:\/\/tinyknit.eu\/fr\/wp-json\/wp\/v2\/media?parent=19932"}],"wp:term":[{"taxonomy":"product_brand","embeddable":true,"href":"https:\/\/tinyknit.eu\/fr\/wp-json\/wp\/v2\/product_brand?post=19932"},{"taxonomy":"product_cat","embeddable":true,"href":"https:\/\/tinyknit.eu\/fr\/wp-json\/wp\/v2\/product_cat?post=19932"},{"taxonomy":"product_tag","embeddable":true,"href":"https:\/\/tinyknit.eu\/fr\/wp-json\/wp\/v2\/product_tag?post=19932"}],"curies":[{"name":"wp","href":"https:\/\/api.w.org\/{rel}","templated":true}]}}