{"id":19825,"date":"2023-04-23T16:42:33","date_gmt":"2023-04-23T16:42:33","guid":{"rendered":"https:\/\/tinyknit.eu\/?post_type=product&#038;p=19825"},"modified":"2024-04-17T11:57:18","modified_gmt":"2024-04-17T11:57:18","slug":"hochet-en-tricot-ours","status":"publish","type":"product","link":"https:\/\/tinyknit.eu\/fr\/product\/hochet-en-tricot\/hochet-en-tricot-ours\/","title":{"rendered":"Hochet en tricot &#8211; Ours"},"content":{"rendered":"<p>Le hochet au crochet est un excellent cadeau pour la joie de d\u00e9couverte de votre b\u00e9b\u00e9 et d\u00e9veloppe les comp\u00e9tences motrices fines de l&rsquo;enfant. Le jouet tient confortablement dans la main du b\u00e9b\u00e9. Il est totalement s\u00fbr pour le b\u00e9b\u00e9 et n&rsquo;irrite pas la peau de b\u00e9b\u00e9. Le hochet au crochet est fabriqu\u00e9 sans petits d\u00e9tails, les yeux et le nez sont brod\u00e9s.<\/p>\n<p><strong>Mat\u00e9riau:<\/strong> 100 % coton<br \/>\n<strong>Rembourrage:<\/strong> 100 % holofibre (rembourrage hypoallerg\u00e9nique)<br \/>\n<strong>Hauteur:<\/strong> 13 cm<br \/>\n<strong>Poids:<\/strong> 60 g<br \/>\n<strong>Convient aux b\u00e9b\u00e9s \u00e0 partir de 4-5 mois.<\/strong><br \/>\nIl contient des clochettes \u00e0 l&rsquo;int\u00e9rieur. Toutes les pi\u00e8ces sont solidement cousues \u00e0 la main, aucun collage n&rsquo;est utilis\u00e9.<\/p>\n<p><strong>Recommandations d&rsquo;entretien:<\/strong> Nettoyer avec de l&rsquo;eau ti\u00e8de savonneuse et laisser s\u00e9cher \u00e0 l&rsquo;air. Ne pas immerger dans l&rsquo;eau car cela pourrait dess\u00e9cher le bois et \u00e9ventuellement le fendre\/craquer.<\/p>\n","protected":false},"excerpt":{"rendered":"<p>Le hochet au crochet est un excellent cadeau pour la joie de d\u00e9couverte de votre b\u00e9b\u00e9 et d\u00e9veloppe les comp\u00e9tences motrices fines de l&rsquo;enfant. Le jouet tient confortablement dans la main du b\u00e9b\u00e9. Il est totalement s\u00fbr pour le b\u00e9b\u00e9 et n&rsquo;irrite pas la peau de b\u00e9b\u00e9. Le hochet au crochet est fabriqu\u00e9 sans petits d\u00e9tails, les yeux et le nez sont brod\u00e9s.<\/p>\n<p><iframe width=\"560\" height=\"315\" src=\"https:\/\/www.youtube.com\/embed\/twY39m9SaYw?si=f1PtChLmsudDH3St\" title=\"YouTube video player\" frameborder=\"0\" allow=\"accelerometer; autoplay; clipboard-write; encrypted-media; gyroscope; picture-in-picture; web-share\" referrerpolicy=\"strict-origin-when-cross-origin\" allowfullscreen><\/iframe><\/p>\n","protected":false},"featured_media":20748,"comment_status":"open","ping_status":"closed","template":"","meta":[],"product_brand":[],"product_cat":[337,341],"product_tag":[],"class_list":{"0":"post-19825","1":"product","2":"type-product","3":"status-publish","4":"has-post-thumbnail","6":"product_cat-hochet-en-tricot","7":"product_cat-pret-a-expedier","9":"first","10":"instock","11":"taxable","12":"shipping-taxable","13":"purchasable","14":"product-type-simple"},"_links":{"self":[{"href":"https:\/\/tinyknit.eu\/fr\/wp-json\/wp\/v2\/product\/19825","targetHints":{"allow":["GET"]}}],"collection":[{"href":"https:\/\/tinyknit.eu\/fr\/wp-json\/wp\/v2\/product"}],"about":[{"href":"https:\/\/tinyknit.eu\/fr\/wp-json\/wp\/v2\/types\/product"}],"replies":[{"embeddable":true,"href":"https:\/\/tinyknit.eu\/fr\/wp-json\/wp\/v2\/comments?post=19825"}],"version-history":[{"count":2,"href":"https:\/\/tinyknit.eu\/fr\/wp-json\/wp\/v2\/product\/19825\/revisions"}],"predecessor-version":[{"id":21263,"href":"https:\/\/tinyknit.eu\/fr\/wp-json\/wp\/v2\/product\/19825\/revisions\/21263"}],"wp:featuredmedia":[{"embeddable":true,"href":"https:\/\/tinyknit.eu\/fr\/wp-json\/wp\/v2\/media\/20748"}],"wp:attachment":[{"href":"https:\/\/tinyknit.eu\/fr\/wp-json\/wp\/v2\/media?parent=19825"}],"wp:term":[{"taxonomy":"product_brand","embeddable":true,"href":"https:\/\/tinyknit.eu\/fr\/wp-json\/wp\/v2\/product_brand?post=19825"},{"taxonomy":"product_cat","embeddable":true,"href":"https:\/\/tinyknit.eu\/fr\/wp-json\/wp\/v2\/product_cat?post=19825"},{"taxonomy":"product_tag","embeddable":true,"href":"https:\/\/tinyknit.eu\/fr\/wp-json\/wp\/v2\/product_tag?post=19825"}],"curies":[{"name":"wp","href":"https:\/\/api.w.org\/{rel}","templated":true}]}}