{"id":19778,"date":"2023-04-01T21:53:40","date_gmt":"2023-04-01T21:53:40","guid":{"rendered":"https:\/\/tinyknit.eu\/?post_type=product&#038;p=19778"},"modified":"2024-03-26T10:49:08","modified_gmt":"2024-03-26T10:49:08","slug":"etui-pour-chemise-de-nuit-douce-sac-a-pyjama-ours-au-crochet-2","status":"publish","type":"product","link":"https:\/\/tinyknit.eu\/fr\/product\/fabrique-sur-commande\/etui-pour-chemise-de-nuit-douce-sac-a-pyjama-ours-au-crochet-2\/","title":{"rendered":"\u00c9tui pour chemise de nuit douce, sac \u00e0 pyjama &#8211; Ours au crochet"},"content":{"rendered":"<p>Le sac \u00e0 pyjama est un jouet charmant et polyvalent au crochet qui sert \u00e0 plusieurs fins. Les enfants peuvent s&rsquo;amuser avec, c\u00e2liner avec pendant le sommeil, et m\u00eame apprendre \u00e0 \u00eatre ordonn\u00e9s car il dispose d&rsquo;un corps vide o\u00f9 ils peuvent ranger leurs pyjamas pendant la journ\u00e9e. De plus, certains parents choisissent d&rsquo;ajouter un sachet de lavande \u00e0 l&rsquo;int\u00e9rieur du jouet pour aider \u00e0 apaiser leur b\u00e9b\u00e9 avant l&rsquo;heure du coucher.<\/p>\n<p><strong>Caract\u00e9ristiques :<\/strong><br \/>\n\u2022 Un sac \u00e0 pyjama peut aider \u00e0 enseigner \u00e0 votre enfant l&rsquo;organisation, car il est beaucoup plus amusant de ranger des pyjamas \u00e0 l&rsquo;int\u00e9rieur d&rsquo;un jouet que de les cacher sous un oreiller.<br \/>\n\u2022 Il peut \u00e9galement aider au d\u00e9veloppement des comp\u00e9tences motrices fines, car les enfants apprennent \u00e0 ouvrir et fermer le cordon de serrage.<br \/>\n\u2022 Les comp\u00e9tences motrices fines sont directement li\u00e9es au d\u00e9veloppement de la m\u00e9moire, de l&rsquo;attention et de la coordination.<br \/>\n\u2022 Le jouet peut enrichir les sensations tactiles car il combine diff\u00e9rents fils textur\u00e9s, ce qui sera int\u00e9ressant pour l&rsquo;enfant et l&rsquo;aidera \u00e0 d\u00e9couvrir le monde qui l&rsquo;entoure.<br \/>\n\u2022 Il peut apaiser et aider l&rsquo;enfant \u00e0 s&rsquo;endormir car le sac \u00e0 pyjama est tr\u00e8s agr\u00e9able \u00e0 c\u00e2liner. Tous les jouets sont fabriqu\u00e9s \u00e0 partir de mat\u00e9riaux hypoallerg\u00e9niques, les rendant s\u00fbrs pour l&rsquo;enfant.<br \/>\n\u2022 Un sac \u00e0 pyjama peut devenir un ajout int\u00e9ressant \u00e0 l&rsquo;int\u00e9rieur de la chambre de tout enfant.<\/p>\n<p><strong>Taille :<\/strong> environ 58 x 22 cm<br \/>\n<strong>Mat\u00e9riau :<\/strong> Cet article est tricot\u00e9 \u00e0 la main avec des fils hypoallerg\u00e9niques, pelucheux et en coton. Il est rempli de holofibre et fabriqu\u00e9 dans un environnement sans fum\u00e9e et sans animaux domestiques.<\/p>\n<p><strong>Fabriqu\u00e9 en Estonie, Union europ\u00e9enne.<\/strong><\/p>\n<p><strong>Contenu de l&rsquo;ensemble :<\/strong><br \/>\n\u2022 1x Sac \u00e0 pyjama<\/p>\n<p><strong>Le cadeau parfait pour b\u00e9b\u00e9 !<\/strong><br \/>\nEmballage pr\u00eat \u00e0 offrir pour une douche de b\u00e9b\u00e9, une liste de naissance ou une c\u00e9l\u00e9bration d&rsquo;anniversaire.<\/p>\n<p><strong>Veuillez noter que ce jouet est livr\u00e9 avec un cordon de serrage.<\/strong> Il est important de surveiller les enfants de moins de 3 ans ou ceux qui ont tendance \u00e0 mettre des choses dans leur bouche.<\/p>\n<p><strong>Recommandations d&rsquo;entretien :<\/strong><br \/>\n\u2022 Pour \u00e9viter les r\u00e9actions allergiques, utilisez des d\u00e9tergents liquides et hypoallerg\u00e9niques.<br \/>\n\u2022 Utilisez le cycle d\u00e9licat de la machine \u00e0 laver et r\u00e9glez la temp\u00e9rature \u00e0 30 degr\u00e9s pendant 30 minutes.<br \/>\n\u2022 Apr\u00e8s le lavage, posez le jouet \u00e0 plat pour s\u00e9cher.<\/p>\n","protected":false},"excerpt":{"rendered":"<p>Le sac \u00e0 pyjama est un jouet charmant et polyvalent au crochet qui sert \u00e0 plusieurs fins. Les enfants peuvent s&rsquo;amuser avec, c\u00e2liner avec pendant le sommeil, et m\u00eame apprendre \u00e0 \u00eatre ordonn\u00e9s car il dispose d&rsquo;un corps vide o\u00f9 ils peuvent ranger leurs pyjamas pendant la journ\u00e9e. De plus, certains parents choisissent d&rsquo;ajouter un sachet de lavande \u00e0 l&rsquo;int\u00e9rieur du jouet pour aider \u00e0 apaiser leur b\u00e9b\u00e9 avant l&rsquo;heure du coucher.<\/p>\n","protected":false},"featured_media":19783,"comment_status":"open","ping_status":"closed","template":"","meta":[],"product_brand":[],"product_cat":[338,339],"product_tag":[],"class_list":{"0":"post-19778","1":"product","2":"type-product","3":"status-publish","4":"has-post-thumbnail","6":"product_cat-fabrique-sur-commande","7":"product_cat-jouets-de-pyjama","9":"first","10":"onbackorder","11":"taxable","12":"shipping-taxable","13":"purchasable","14":"product-type-simple"},"_links":{"self":[{"href":"https:\/\/tinyknit.eu\/fr\/wp-json\/wp\/v2\/product\/19778","targetHints":{"allow":["GET"]}}],"collection":[{"href":"https:\/\/tinyknit.eu\/fr\/wp-json\/wp\/v2\/product"}],"about":[{"href":"https:\/\/tinyknit.eu\/fr\/wp-json\/wp\/v2\/types\/product"}],"replies":[{"embeddable":true,"href":"https:\/\/tinyknit.eu\/fr\/wp-json\/wp\/v2\/comments?post=19778"}],"version-history":[{"count":1,"href":"https:\/\/tinyknit.eu\/fr\/wp-json\/wp\/v2\/product\/19778\/revisions"}],"predecessor-version":[{"id":19784,"href":"https:\/\/tinyknit.eu\/fr\/wp-json\/wp\/v2\/product\/19778\/revisions\/19784"}],"wp:featuredmedia":[{"embeddable":true,"href":"https:\/\/tinyknit.eu\/fr\/wp-json\/wp\/v2\/media\/19783"}],"wp:attachment":[{"href":"https:\/\/tinyknit.eu\/fr\/wp-json\/wp\/v2\/media?parent=19778"}],"wp:term":[{"taxonomy":"product_brand","embeddable":true,"href":"https:\/\/tinyknit.eu\/fr\/wp-json\/wp\/v2\/product_brand?post=19778"},{"taxonomy":"product_cat","embeddable":true,"href":"https:\/\/tinyknit.eu\/fr\/wp-json\/wp\/v2\/product_cat?post=19778"},{"taxonomy":"product_tag","embeddable":true,"href":"https:\/\/tinyknit.eu\/fr\/wp-json\/wp\/v2\/product_tag?post=19778"}],"curies":[{"name":"wp","href":"https:\/\/api.w.org\/{rel}","templated":true}]}}