{"id":19724,"date":"2023-04-02T06:04:13","date_gmt":"2023-04-02T06:04:13","guid":{"rendered":"https:\/\/tinyknit.eu\/?post_type=product&#038;p=19724"},"modified":"2024-03-25T13:38:35","modified_gmt":"2024-03-25T13:38:35","slug":"oreiller-doux-pour-enfants-arc-en-ciel","status":"publish","type":"product","link":"https:\/\/tinyknit.eu\/fr\/product\/decoration-interieure\/oreiller-doux-pour-enfants-arc-en-ciel\/","title":{"rendered":"Oreiller doux pour enfants &#8211; Arc-en-ciel"},"content":{"rendered":"<p>Les oreillers doux peuvent \u00eatre le compl\u00e9ment parfait \u00e0 une chambre de b\u00e9b\u00e9 simple et discr\u00e8te. En les pla\u00e7ant sur le lit ou le berceau d&rsquo;un enfant, vous pouvez rehausser le design global avec une touche d&rsquo;\u00e9l\u00e9gance. Les jolies teintes naturelles des oreillers cr\u00e9eront \u00e9galement une ambiance chaleureuse et accueillante dans votre maison.<\/p>\n<p><strong>Caract\u00e9ristiques :<\/strong><br \/>\n\u2022 L&rsquo;oreiller peut enrichir les sensations tactiles car il combine diff\u00e9rents fils textur\u00e9s, ce qui sera int\u00e9ressant pour l&rsquo;enfant et l&rsquo;aidera \u00e0 d\u00e9couvrir le monde qui l&rsquo;entoure.<br \/>\n\u2022 Tous les oreillers sont fabriqu\u00e9s \u00e0 partir de mat\u00e9riaux hypoallerg\u00e9niques, les rendant s\u00fbrs pour l&rsquo;enfant.<br \/>\n\u2022 Un oreiller peut devenir un ajout int\u00e9ressant \u00e0 l&rsquo;int\u00e9rieur de la chambre de n&rsquo;importe quel enfant.<\/p>\n<p><strong>Taille :<\/strong> environ 31 x 27 cm<br \/>\n<strong>Mat\u00e9riau :<\/strong> Cet article est tricot\u00e9 \u00e0 la main avec des fils hypoallerg\u00e9niques, pelucheux et en coton. Il est rempli de holofibre et fabriqu\u00e9 dans un environnement sans fum\u00e9e et sans animaux domestiques.<\/p>\n<p><strong>Fabriqu\u00e9 en Estonie, Union europ\u00e9enne.<\/strong><\/p>\n<p><strong>Contenu de l&rsquo;ensemble :<\/strong><br \/>\n\u2022 1x Oreiller doux<\/p>\n<p><strong>Le cadeau parfait pour b\u00e9b\u00e9 !<\/strong><br \/>\nEmballage pr\u00eat \u00e0 offrir pour une douche de b\u00e9b\u00e9, une liste de naissance ou une c\u00e9l\u00e9bration d&rsquo;anniversaire.<\/p>\n<p><strong>Recommandations d&rsquo;entretien :<\/strong><br \/>\n\u2022 Pour \u00e9viter les r\u00e9actions allergiques, utilisez des d\u00e9tergents liquides et hypoallerg\u00e9niques.<br \/>\n\u2022 Utilisez le cycle d\u00e9licat de la machine \u00e0 laver et r\u00e9glez la temp\u00e9rature \u00e0 30 degr\u00e9s pendant 30 minutes.<br \/>\n\u2022 Apr\u00e8s le lavage, posez le jouet \u00e0 plat pour s\u00e9cher.<\/p>\n","protected":false},"excerpt":{"rendered":"<p>Les oreillers doux peuvent \u00eatre le compl\u00e9ment parfait \u00e0 une chambre de b\u00e9b\u00e9 simple et discr\u00e8te. En les pla\u00e7ant sur le lit ou le berceau d&rsquo;un enfant, vous pouvez rehausser le design global avec une touche d&rsquo;\u00e9l\u00e9gance. Les jolies teintes naturelles des oreillers cr\u00e9eront \u00e9galement une ambiance chaleureuse et accueillante dans votre maison.<\/p>\n","protected":false},"featured_media":19726,"comment_status":"open","ping_status":"closed","template":"","meta":[],"product_brand":[],"product_cat":[336,338,340],"product_tag":[],"class_list":{"0":"post-19724","1":"product","2":"type-product","3":"status-publish","4":"has-post-thumbnail","6":"product_cat-decoration-interieure","7":"product_cat-fabrique-sur-commande","8":"product_cat-oreillers","10":"first","11":"onbackorder","12":"taxable","13":"shipping-taxable","14":"purchasable","15":"product-type-simple"},"_links":{"self":[{"href":"https:\/\/tinyknit.eu\/fr\/wp-json\/wp\/v2\/product\/19724","targetHints":{"allow":["GET"]}}],"collection":[{"href":"https:\/\/tinyknit.eu\/fr\/wp-json\/wp\/v2\/product"}],"about":[{"href":"https:\/\/tinyknit.eu\/fr\/wp-json\/wp\/v2\/types\/product"}],"replies":[{"embeddable":true,"href":"https:\/\/tinyknit.eu\/fr\/wp-json\/wp\/v2\/comments?post=19724"}],"version-history":[{"count":1,"href":"https:\/\/tinyknit.eu\/fr\/wp-json\/wp\/v2\/product\/19724\/revisions"}],"predecessor-version":[{"id":19727,"href":"https:\/\/tinyknit.eu\/fr\/wp-json\/wp\/v2\/product\/19724\/revisions\/19727"}],"wp:featuredmedia":[{"embeddable":true,"href":"https:\/\/tinyknit.eu\/fr\/wp-json\/wp\/v2\/media\/19726"}],"wp:attachment":[{"href":"https:\/\/tinyknit.eu\/fr\/wp-json\/wp\/v2\/media?parent=19724"}],"wp:term":[{"taxonomy":"product_brand","embeddable":true,"href":"https:\/\/tinyknit.eu\/fr\/wp-json\/wp\/v2\/product_brand?post=19724"},{"taxonomy":"product_cat","embeddable":true,"href":"https:\/\/tinyknit.eu\/fr\/wp-json\/wp\/v2\/product_cat?post=19724"},{"taxonomy":"product_tag","embeddable":true,"href":"https:\/\/tinyknit.eu\/fr\/wp-json\/wp\/v2\/product_tag?post=19724"}],"curies":[{"name":"wp","href":"https:\/\/api.w.org\/{rel}","templated":true}]}}