{"id":33960,"date":"2025-09-14T09:40:50","date_gmt":"2025-09-14T09:40:50","guid":{"rendered":"https:\/\/tinyknit.eu\/installment-plan-klarna\/"},"modified":"2025-09-14T09:47:44","modified_gmt":"2025-09-14T09:47:44","slug":"plan-de-paiement-klarna","status":"publish","type":"page","link":"https:\/\/tinyknit.eu\/fr\/plan-de-paiement-klarna\/","title":{"rendered":"Plan de paiement Klarna"},"content":{"rendered":"<p><img decoding=\"async\" class=\"aligncenter wp-image-33945 size-full\" src=\"https:\/\/tinyknit.eu\/wp-content\/uploads\/2025\/09\/klarna.jpg\" alt=\"\" width=\"600\" height=\"65\" srcset=\"https:\/\/tinyknit.eu\/wp-content\/uploads\/2025\/09\/klarna.jpg 600w, https:\/\/tinyknit.eu\/wp-content\/uploads\/2025\/09\/klarna-400x43.jpg 400w, https:\/\/tinyknit.eu\/wp-content\/uploads\/2025\/09\/klarna-430x47.jpg 430w, https:\/\/tinyknit.eu\/wp-content\/uploads\/2025\/09\/klarna-150x16.jpg 150w\" sizes=\"(max-width: 600px) 100vw, 600px\" \/><\/p>\n<p data-start=\"2545\" data-end=\"2615\"><strong>Klarna \u2013 des paiements flexibles en toute simplicit\u00e9 !<\/strong><\/p>\n<p data-start=\"2617\" data-end=\"2853\">Klarna vous permet d\u2019acheter maintenant et de payer plus tard, de la mani\u00e8re qui vous convient le mieux. Que vous pr\u00e9f\u00e9riez payer en plusieurs fois, reporter votre paiement ou payer imm\u00e9diatement \u2013 Klarna rend cela facile et pratique.<\/p>\n<ul>\n<li data-start=\"2855\" data-end=\"2892\">Pas de frais cach\u00e9s si pay\u00e9 \u00e0 temps<\/li>\n<li data-start=\"2894\" data-end=\"2963\">Choisissez entre des plans de paiement flexibles ou payer plus tard<\/li>\n<li data-start=\"2965\" data-end=\"3018\">Une exp\u00e9rience de paiement fluide en quelques clics<\/li>\n<\/ul>\n<p data-start=\"3020\" data-end=\"3088\">Le moyen de paiement est fourni et g\u00e9r\u00e9 par Klarna Bank AB (publ).<\/p>\n","protected":false},"excerpt":{"rendered":"<p>Klarna \u2013 des paiements flexibles en toute simplicit\u00e9 ! Klarna vous permet d\u2019acheter maintenant et de payer plus tard, de<\/p>\n","protected":false},"author":1,"featured_media":0,"parent":0,"menu_order":0,"comment_status":"closed","ping_status":"closed","template":"","meta":{"footnotes":""},"class_list":["post-33960","page","type-page","status-publish","hentry"],"_links":{"self":[{"href":"https:\/\/tinyknit.eu\/fr\/wp-json\/wp\/v2\/pages\/33960","targetHints":{"allow":["GET"]}}],"collection":[{"href":"https:\/\/tinyknit.eu\/fr\/wp-json\/wp\/v2\/pages"}],"about":[{"href":"https:\/\/tinyknit.eu\/fr\/wp-json\/wp\/v2\/types\/page"}],"author":[{"embeddable":true,"href":"https:\/\/tinyknit.eu\/fr\/wp-json\/wp\/v2\/users\/1"}],"replies":[{"embeddable":true,"href":"https:\/\/tinyknit.eu\/fr\/wp-json\/wp\/v2\/comments?post=33960"}],"version-history":[{"count":1,"href":"https:\/\/tinyknit.eu\/fr\/wp-json\/wp\/v2\/pages\/33960\/revisions"}],"predecessor-version":[{"id":33968,"href":"https:\/\/tinyknit.eu\/fr\/wp-json\/wp\/v2\/pages\/33960\/revisions\/33968"}],"wp:attachment":[{"href":"https:\/\/tinyknit.eu\/fr\/wp-json\/wp\/v2\/media?parent=33960"}],"curies":[{"name":"wp","href":"https:\/\/api.w.org\/{rel}","templated":true}]}}