{"id":30311,"date":"2025-06-15T18:49:14","date_gmt":"2025-06-15T18:49:14","guid":{"rendered":"https:\/\/tinyknit.eu\/individueller-spielzeugbauer\/"},"modified":"2025-06-15T19:27:44","modified_gmt":"2025-06-15T19:27:44","slug":"fabricant-de-jouets-sur-mesure","status":"publish","type":"page","link":"https:\/\/tinyknit.eu\/fr\/fabricant-de-jouets-sur-mesure\/","title":{"rendered":"Fabricant de jouets sur mesure"},"content":{"rendered":"\t\t<div data-elementor-type=\"wp-page\" data-elementor-id=\"30311\" class=\"elementor elementor-30311 elementor-30272\">\n\t\t\t\t\t\t<section class=\"wd-negative-gap elementor-section elementor-top-section elementor-element elementor-element-68f810a elementor-section-boxed elementor-section-height-default elementor-section-height-default\" data-id=\"68f810a\" data-element_type=\"section\">\n\t\t\t\t\t\t<div class=\"elementor-container elementor-column-gap-default\">\n\t\t\t\t\t<div class=\"elementor-column elementor-col-100 elementor-top-column elementor-element elementor-element-3732410\" data-id=\"3732410\" data-element_type=\"column\">\n\t\t\t<div class=\"elementor-widget-wrap elementor-element-populated\">\n\t\t\t\t\t\t<div class=\"elementor-element elementor-element-ccd18cc elementor-widget elementor-widget-image\" data-id=\"ccd18cc\" data-element_type=\"widget\" data-widget_type=\"image.default\">\n\t\t\t\t<div class=\"elementor-widget-container\">\n\t\t\t\t\t\t\t\t\t\t\t\t\t\t\t<img fetchpriority=\"high\" decoding=\"async\" width=\"1200\" height=\"300\" src=\"https:\/\/tinyknit.eu\/wp-content\/uploads\/2025\/06\/etsy-1200x300-1.jpg\" class=\"attachment-full size-full wp-image-30283\" alt=\"\" srcset=\"https:\/\/tinyknit.eu\/wp-content\/uploads\/2025\/06\/etsy-1200x300-1.jpg 1200w, https:\/\/tinyknit.eu\/wp-content\/uploads\/2025\/06\/etsy-1200x300-1-400x100.jpg 400w, https:\/\/tinyknit.eu\/wp-content\/uploads\/2025\/06\/etsy-1200x300-1-768x192.jpg 768w, https:\/\/tinyknit.eu\/wp-content\/uploads\/2025\/06\/etsy-1200x300-1-430x108.jpg 430w, https:\/\/tinyknit.eu\/wp-content\/uploads\/2025\/06\/etsy-1200x300-1-700x175.jpg 700w, https:\/\/tinyknit.eu\/wp-content\/uploads\/2025\/06\/etsy-1200x300-1-150x38.jpg 150w\" sizes=\"(max-width: 1200px) 100vw, 1200px\" \/>\t\t\t\t\t\t\t\t\t\t\t\t\t\t\t<\/div>\n\t\t\t\t<\/div>\n\t\t\t\t\t<\/div>\n\t\t<\/div>\n\t\t\t\t\t<\/div>\n\t\t<\/section>\n\t\t\t\t<section class=\"wd-negative-gap elementor-section elementor-top-section elementor-element elementor-element-3766a26 elementor-section-boxed elementor-section-height-default elementor-section-height-default\" data-id=\"3766a26\" data-element_type=\"section\">\n\t\t\t\t\t\t<div class=\"elementor-container elementor-column-gap-default\">\n\t\t\t\t\t<div class=\"elementor-column elementor-col-100 elementor-top-column elementor-element elementor-element-45113bc\" data-id=\"45113bc\" data-element_type=\"column\">\n\t\t\t<div class=\"elementor-widget-wrap elementor-element-populated\">\n\t\t\t\t\t\t<div class=\"elementor-element elementor-element-8cef006 wd-width-100 elementor-widget elementor-widget-wd_title\" data-id=\"8cef006\" data-element_type=\"widget\" data-widget_type=\"wd_title.default\">\n\t\t\t\t<div class=\"elementor-widget-container\">\n\t\t\t\t\t\t\t<div class=\"title-wrapper wd-set-mb reset-last-child wd-title-color-default wd-title-style-default wd-title-size-default text-center\">\n\n\t\t\t\n\t\t\t<div class=\"liner-continer\">\n\t\t\t\t<h4 class=\"woodmart-title-container title wd-fontsize-l\">Cr\u00e9ez le jouet de vos r\u00eaves !<\/h4> \n\t\t\t\t\t\t\t<\/div>\n\n\t\t\t\t\t<\/div>\n\t\t\t\t\t\t<\/div>\n\t\t\t\t<\/div>\n\t\t\t\t<div class=\"elementor-element elementor-element-b890171 elementor-widget elementor-widget-wd_text_block\" data-id=\"b890171\" data-element_type=\"widget\" data-widget_type=\"wd_text_block.default\">\n\t\t\t\t<div class=\"elementor-widget-container\">\n\t\t\t\t\t\t\t<div class=\"wd-text-block reset-last-child text-left\">\n\t\t\t\n\t\t\t<p data-start=\"2864\" data-end=\"3113\">Certains de nos jouets sont disponibles avec une option de personnalisation, ce qui signifie que vous pouvez modifier certaines parties pour le rendre vraiment unique. Participez au processus cr\u00e9atif et concevez un compagnon sp\u00e9cial pour votre enfant \u2014 ou un cadeau attentionn\u00e9 !<\/p>\n\t\t\t\t\t<\/div>\n\t\t\t\t\t\t<\/div>\n\t\t\t\t<\/div>\n\t\t\t\t\t<\/div>\n\t\t<\/div>\n\t\t\t\t\t<\/div>\n\t\t<\/section>\n\t\t\t\t<section class=\"wd-negative-gap elementor-section elementor-top-section elementor-element elementor-element-56e5f9d elementor-section-boxed elementor-section-height-default elementor-section-height-default\" data-id=\"56e5f9d\" data-element_type=\"section\">\n\t\t\t\t\t\t<div class=\"elementor-container elementor-column-gap-default\">\n\t\t\t\t\t<div class=\"elementor-column elementor-col-100 elementor-top-column elementor-element elementor-element-9be6fcb\" data-id=\"9be6fcb\" data-element_type=\"column\">\n\t\t\t<div class=\"elementor-widget-wrap elementor-element-populated\">\n\t\t\t\t\t\t<div class=\"elementor-element elementor-element-e6f9873 elementor-widget-divider--view-line elementor-widget elementor-widget-divider\" data-id=\"e6f9873\" data-element_type=\"widget\" data-widget_type=\"divider.default\">\n\t\t\t\t<div class=\"elementor-widget-container\">\n\t\t\t\t\t\t\t<div class=\"elementor-divider\">\n\t\t\t<span class=\"elementor-divider-separator\">\n\t\t\t\t\t\t<\/span>\n\t\t<\/div>\n\t\t\t\t\t\t<\/div>\n\t\t\t\t<\/div>\n\t\t\t\t\t<\/div>\n\t\t<\/div>\n\t\t\t\t\t<\/div>\n\t\t<\/section>\n\t\t\t\t<section class=\"wd-negative-gap elementor-section elementor-top-section elementor-element elementor-element-a8a3751 elementor-section-boxed elementor-section-height-default elementor-section-height-default\" data-id=\"a8a3751\" data-element_type=\"section\">\n\t\t\t\t\t\t<div class=\"elementor-container elementor-column-gap-default\">\n\t\t\t\t\t<div class=\"elementor-column elementor-col-33 elementor-top-column elementor-element elementor-element-343ac0d\" data-id=\"343ac0d\" data-element_type=\"column\">\n\t\t\t<div class=\"elementor-widget-wrap elementor-element-populated\">\n\t\t\t\t\t\t<div class=\"elementor-element elementor-element-ed6490b wd-width-100 elementor-widget elementor-widget-wd_title\" data-id=\"ed6490b\" data-element_type=\"widget\" data-widget_type=\"wd_title.default\">\n\t\t\t\t<div class=\"elementor-widget-container\">\n\t\t\t\t\t\t\t<div class=\"title-wrapper wd-set-mb reset-last-child wd-title-color-default wd-title-style-default wd-title-size-default text-center\">\n\n\t\t\t\n\t\t\t<div class=\"liner-continer\">\n\t\t\t\t<h4 class=\"woodmart-title-container title wd-fontsize-l\">Que pouvez-vous personnaliser ?<\/h4> \n\t\t\t\t\t\t\t<\/div>\n\n\t\t\t\t\t\t\t<div class=\"title-after_title reset-last-child wd-fontsize-xs\">\n\t\t\t\t\t<p>Pour certains jouets, vous pouvez choisir :<br \/>\ud83c\udfa8 Couleur du corps<br \/>\ud83d\udc40 Couleur des yeux<br \/>\ud83d\udc3e Couleur des pattes, oreilles ou queue (selon le jouet)<\/p><p>Tous les mat\u00e9riaux restent hypoallerg\u00e9niques et s\u00fbrs pour les enfants, quelle que soit la personnalisation.<\/p>\t\t\t\t<\/div>\n\t\t\t\t\t<\/div>\n\t\t\t\t\t\t<\/div>\n\t\t\t\t<\/div>\n\t\t\t\t\t<\/div>\n\t\t<\/div>\n\t\t\t\t<div class=\"elementor-column elementor-col-33 elementor-top-column elementor-element elementor-element-6c7daa7\" data-id=\"6c7daa7\" data-element_type=\"column\">\n\t\t\t<div class=\"elementor-widget-wrap elementor-element-populated\">\n\t\t\t\t\t\t<div class=\"elementor-element elementor-element-2517008 wd-width-100 elementor-widget elementor-widget-wd_title\" data-id=\"2517008\" data-element_type=\"widget\" data-widget_type=\"wd_title.default\">\n\t\t\t\t<div class=\"elementor-widget-container\">\n\t\t\t\t\t\t\t<div class=\"title-wrapper wd-set-mb reset-last-child wd-title-color-default wd-title-style-default wd-title-size-default text-center\">\n\n\t\t\t\n\t\t\t<div class=\"liner-continer\">\n\t\t\t\t<h4 class=\"woodmart-title-container title wd-fontsize-l\">Comment \u00e7a marche :<\/h4> \n\t\t\t\t\t\t\t<\/div>\n\n\t\t\t\t\t\t\t<div class=\"title-after_title reset-last-child wd-fontsize-xs\">\n\t\t\t\t\t<p>1) Recherchez l\u2019\u00e9tiquette \u00ab Choisir le type de jouet \u00bb sur les pages produit<\/p><p>2) Cliquez sur \u00ab Je veux choisir une autre\/ma propre couleur \u00bb<\/p><p>3) Choisissez vos couleurs pr\u00e9f\u00e9r\u00e9es dans notre palette<\/p><p>4) Ajoutez des remarques ou pr\u00e9f\u00e9rences (optionnel)<\/p><p>5) Passez votre commande \u2014 nous nous occupons du reste !<\/p>\t\t\t\t<\/div>\n\t\t\t\t\t<\/div>\n\t\t\t\t\t\t<\/div>\n\t\t\t\t<\/div>\n\t\t\t\t\t<\/div>\n\t\t<\/div>\n\t\t\t\t<div class=\"elementor-column elementor-col-33 elementor-top-column elementor-element elementor-element-98f9c78\" data-id=\"98f9c78\" data-element_type=\"column\">\n\t\t\t<div class=\"elementor-widget-wrap elementor-element-populated\">\n\t\t\t\t\t\t<div class=\"elementor-element elementor-element-9e86df6 wd-width-100 elementor-widget elementor-widget-wd_title\" data-id=\"9e86df6\" data-element_type=\"widget\" data-widget_type=\"wd_title.default\">\n\t\t\t\t<div class=\"elementor-widget-container\">\n\t\t\t\t\t\t\t<div class=\"title-wrapper wd-set-mb reset-last-child wd-title-color-default wd-title-style-default wd-title-size-default text-center\">\n\n\t\t\t\n\t\t\t<div class=\"liner-continer\">\n\t\t\t\t<h4 class=\"woodmart-title-container title wd-fontsize-l\">Fait main avec amour<\/h4> \n\t\t\t\t\t\t\t<\/div>\n\n\t\t\t\t\t\t\t<div class=\"title-after_title reset-last-child wd-fontsize-xs\">\n\t\t\t\t\t<p>Comme nos jouets standards, les jouets personnalis\u00e9s sont :<br \/>\u2022 Faits \u00e0 la main en peluche et fil de coton<br \/>\u2022 Rembourr\u00e9s de holofibre hypoallerg\u00e9nique<br \/>\u2022 Fabriqu\u00e9s dans un atelier sans fum\u00e9e et sans animaux, en Estonie (UE)<\/p>\t\t\t\t<\/div>\n\t\t\t\t\t<\/div>\n\t\t\t\t\t\t<\/div>\n\t\t\t\t<\/div>\n\t\t\t\t\t<\/div>\n\t\t<\/div>\n\t\t\t\t\t<\/div>\n\t\t<\/section>\n\t\t\t\t<section class=\"wd-negative-gap elementor-section elementor-top-section elementor-element elementor-element-45c86c0 elementor-section-boxed elementor-section-height-default elementor-section-height-default\" data-id=\"45c86c0\" data-element_type=\"section\">\n\t\t\t\t\t\t<div class=\"elementor-container elementor-column-gap-default\">\n\t\t\t\t\t<div class=\"elementor-column elementor-col-100 elementor-top-column elementor-element elementor-element-47fa834\" data-id=\"47fa834\" data-element_type=\"column\">\n\t\t\t<div class=\"elementor-widget-wrap elementor-element-populated\">\n\t\t\t\t\t\t<div class=\"elementor-element elementor-element-a152bb7 elementor-widget-divider--view-line elementor-widget elementor-widget-divider\" data-id=\"a152bb7\" data-element_type=\"widget\" data-widget_type=\"divider.default\">\n\t\t\t\t<div class=\"elementor-widget-container\">\n\t\t\t\t\t\t\t<div class=\"elementor-divider\">\n\t\t\t<span class=\"elementor-divider-separator\">\n\t\t\t\t\t\t<\/span>\n\t\t<\/div>\n\t\t\t\t\t\t<\/div>\n\t\t\t\t<\/div>\n\t\t\t\t\t<\/div>\n\t\t<\/div>\n\t\t\t\t\t<\/div>\n\t\t<\/section>\n\t\t\t\t<section class=\"wd-negative-gap elementor-section elementor-top-section elementor-element elementor-element-d6669d9 elementor-section-boxed elementor-section-height-default elementor-section-height-default\" data-id=\"d6669d9\" data-element_type=\"section\">\n\t\t\t\t\t\t<div class=\"elementor-container elementor-column-gap-default\">\n\t\t\t\t\t<div class=\"elementor-column elementor-col-100 elementor-top-column elementor-element elementor-element-debd609\" data-id=\"debd609\" data-element_type=\"column\">\n\t\t\t<div class=\"elementor-widget-wrap elementor-element-populated\">\n\t\t\t\t\t\t<div class=\"elementor-element elementor-element-e1d4fa7 wd-width-100 elementor-widget elementor-widget-wd_title\" data-id=\"e1d4fa7\" data-element_type=\"widget\" data-widget_type=\"wd_title.default\">\n\t\t\t\t<div class=\"elementor-widget-container\">\n\t\t\t\t\t\t\t<div class=\"title-wrapper wd-set-mb reset-last-child wd-title-color-default wd-title-style-default wd-title-size-default text-center\">\n\n\t\t\t\n\t\t\t<div class=\"liner-continer\">\n\t\t\t\t<h4 class=\"woodmart-title-container title wd-fontsize-l\">Un cadeau unique et personnel<br \/>\n<\/h4> \n\t\t\t\t\t\t\t<\/div>\n\n\t\t\t\t\t\t\t<div class=\"title-after_title reset-last-child wd-fontsize-xs\">\n\t\t\t\t\t<p>Parfait pour les naissances, anniversaires ou simplement pour faire plaisir \u2014 votre jouet personnalis\u00e9 arrivera dans un emballage pr\u00eat \u00e0 offrir.<\/p>\t\t\t\t<\/div>\n\t\t\t\t\t<\/div>\n\t\t\t\t\t\t<\/div>\n\t\t\t\t<\/div>\n\t\t\t\t\t<\/div>\n\t\t<\/div>\n\t\t\t\t\t<\/div>\n\t\t<\/section>\n\t\t\t\t<\/div>\n\t\t","protected":false},"excerpt":{"rendered":"<p>Cr\u00e9ez le jouet de vos r\u00eaves ! Certains de nos jouets sont disponibles avec une option de personnalisation, ce qui<\/p>\n","protected":false},"author":1,"featured_media":0,"parent":0,"menu_order":0,"comment_status":"closed","ping_status":"closed","template":"","meta":{"footnotes":""},"class_list":["post-30311","page","type-page","status-publish","hentry"],"_links":{"self":[{"href":"https:\/\/tinyknit.eu\/fr\/wp-json\/wp\/v2\/pages\/30311","targetHints":{"allow":["GET"]}}],"collection":[{"href":"https:\/\/tinyknit.eu\/fr\/wp-json\/wp\/v2\/pages"}],"about":[{"href":"https:\/\/tinyknit.eu\/fr\/wp-json\/wp\/v2\/types\/page"}],"author":[{"embeddable":true,"href":"https:\/\/tinyknit.eu\/fr\/wp-json\/wp\/v2\/users\/1"}],"replies":[{"embeddable":true,"href":"https:\/\/tinyknit.eu\/fr\/wp-json\/wp\/v2\/comments?post=30311"}],"version-history":[{"count":4,"href":"https:\/\/tinyknit.eu\/fr\/wp-json\/wp\/v2\/pages\/30311\/revisions"}],"predecessor-version":[{"id":30315,"href":"https:\/\/tinyknit.eu\/fr\/wp-json\/wp\/v2\/pages\/30311\/revisions\/30315"}],"wp:attachment":[{"href":"https:\/\/tinyknit.eu\/fr\/wp-json\/wp\/v2\/media?parent=30311"}],"curies":[{"name":"wp","href":"https:\/\/api.w.org\/{rel}","templated":true}]}}