{"id":18438,"date":"2024-01-17T18:02:13","date_gmt":"2024-01-17T18:02:13","guid":{"rendered":"https:\/\/tinyknit.eu\/shipping-and-returns\/"},"modified":"2024-03-15T19:49:34","modified_gmt":"2024-03-15T19:49:34","slug":"expedition-et-retours","status":"publish","type":"page","link":"https:\/\/tinyknit.eu\/fr\/expedition-et-retours\/","title":{"rendered":"Exp\u00e9dition et retours"},"content":{"rendered":"<p><strong>Exp\u00e9dition :<\/strong><br \/>\nExp\u00e9dition depuis l&rsquo;Estonie (UE).<\/p>\n<p>Notre d\u00e9lai de traitement des commandes est de 3 \u00e0 6 jours ouvrables pour les articles en pr\u00e9commande et de 1 \u00e0 2 jours ouvrables pour les articles en stock. Le d\u00e9lai de traitement de la commande n&rsquo;est pas le d\u00e9lai d&rsquo;exp\u00e9dition. Si la commande comprend \u00e0 la fois des articles en stock et des articles en pr\u00e9commande, votre commande sera exp\u00e9di\u00e9e apr\u00e8s que tous les articles soient en stock et pr\u00eats \u00e0 \u00eatre exp\u00e9di\u00e9s. Si vous souhaitez que votre commande soit exp\u00e9di\u00e9e plus t\u00f4t, veuillez passer des commandes s\u00e9par\u00e9es.<\/p>\n<p><strong>Livraison dans le monde entier :<\/strong><\/p>\n\n<table id=\"tablepress-1\" class=\"tablepress tablepress-id-1\">\n<thead>\n<tr class=\"row-1\">\n\t<th class=\"column-1\">Country<\/th><th class=\"column-2\">Courier Delivery<\/th><th class=\"column-3\">Parcel pickup point (Post office)<\/th><th class=\"column-4\">Delivery time in days (approximately)<\/th>\n<\/tr>\n<\/thead>\n<tbody class=\"row-striping row-hover\">\n<tr class=\"row-2\">\n\t<td class=\"column-1\">Austria<\/td><td class=\"column-2\">15.96<\/td><td class=\"column-3\">9.25<\/td><td class=\"column-4\">5-8<\/td>\n<\/tr>\n<tr class=\"row-3\">\n\t<td class=\"column-1\">Belgium<\/td><td class=\"column-2\">15.38<\/td><td class=\"column-3\">8.22<\/td><td class=\"column-4\">5-9<\/td>\n<\/tr>\n<tr class=\"row-4\">\n\t<td class=\"column-1\">Bulgaria<\/td><td class=\"column-2\">17.06<\/td><td class=\"column-3\">11.23<\/td><td class=\"column-4\">8-13<\/td>\n<\/tr>\n<tr class=\"row-5\">\n\t<td class=\"column-1\">Ireland<\/td><td class=\"column-2\">21.19<\/td><td class=\"column-3\">15.11<\/td><td class=\"column-4\">8-13<\/td>\n<\/tr>\n<tr class=\"row-6\">\n\t<td class=\"column-1\">Germany<\/td><td class=\"column-2\">13.37<\/td><td class=\"column-3\">7.85<\/td><td class=\"column-4\">5-9<\/td>\n<\/tr>\n<tr class=\"row-7\">\n\t<td class=\"column-1\">Greece<\/td><td class=\"column-2\">18.53<\/td><td class=\"column-3\">12.62<\/td><td class=\"column-4\">6-12<\/td>\n<\/tr>\n<tr class=\"row-8\">\n\t<td class=\"column-1\">Spain<\/td><td class=\"column-2\">15.10<\/td><td class=\"column-3\">9.18<\/td><td class=\"column-4\">6-11<\/td>\n<\/tr>\n<tr class=\"row-9\">\n\t<td class=\"column-1\">Italy<\/td><td class=\"column-2\">13.73<\/td><td class=\"column-3\">10.58<\/td><td class=\"column-4\">6-11<\/td>\n<\/tr>\n<tr class=\"row-10\">\n\t<td class=\"column-1\">Luxembourg<\/td><td class=\"column-2\">15.07<\/td><td class=\"column-3\">9.38<\/td><td class=\"column-4\">4-8<\/td>\n<\/tr>\n<tr class=\"row-11\">\n\t<td class=\"column-1\">France<\/td><td class=\"column-2\">21.13<\/td><td class=\"column-3\">8.28<\/td><td class=\"column-4\">5-9<\/td>\n<\/tr>\n<tr class=\"row-12\">\n\t<td class=\"column-1\">Croatia<\/td><td class=\"column-2\">16.31<\/td><td class=\"column-3\">10.54<\/td><td class=\"column-4\">5-9<\/td>\n<\/tr>\n<tr class=\"row-13\">\n\t<td class=\"column-1\">Czech Republic<\/td><td class=\"column-2\">13.23<\/td><td class=\"column-3\">9.25<\/td><td class=\"column-4\">10-14<\/td>\n<\/tr>\n<tr class=\"row-14\">\n\t<td class=\"column-1\">Sweden<\/td><td class=\"column-2\">18.70<\/td><td class=\"column-3\">9.88<\/td><td class=\"column-4\">5-9<\/td>\n<\/tr>\n<tr class=\"row-15\">\n\t<td class=\"column-1\">Australia<\/td><td class=\"column-2\">33.73<\/td><td class=\"column-3\">20.83<\/td><td class=\"column-4\">13-25<\/td>\n<\/tr>\n<tr class=\"row-16\">\n\t<td class=\"column-1\">Argentina<\/td><td class=\"column-2\">35.79<\/td><td class=\"column-3\">20.84<\/td><td class=\"column-4\">11-19<\/td>\n<\/tr>\n<tr class=\"row-17\">\n\t<td class=\"column-1\">United Kingdom<\/td><td class=\"column-2\">21.19<\/td><td class=\"column-3\">15.11<\/td><td class=\"column-4\">4-8<\/td>\n<\/tr>\n<tr class=\"row-18\">\n\t<td class=\"column-1\">Canada<\/td><td class=\"column-2\">32.28<\/td><td class=\"column-3\">24.09<\/td><td class=\"column-4\">6-13<\/td>\n<\/tr>\n<tr class=\"row-19\">\n\t<td class=\"column-1\">South Korea<\/td><td class=\"column-2\">43.90<\/td><td class=\"column-3\">19.45<\/td><td class=\"column-4\">25-34<\/td>\n<\/tr>\n<tr class=\"row-20\">\n\t<td class=\"column-1\">New Zealand<\/td><td class=\"column-2\">33.04<\/td><td class=\"column-3\">25.25<\/td><td class=\"column-4\">11-20<\/td>\n<\/tr>\n<tr class=\"row-21\">\n\t<td class=\"column-1\">Norway<\/td><td class=\"column-2\">-<\/td><td class=\"column-3\">15.54<\/td><td class=\"column-4\">7-13<\/td>\n<\/tr>\n<tr class=\"row-22\">\n\t<td class=\"column-1\">USA<\/td><td class=\"column-2\">43.52<\/td><td class=\"column-3\">20.58<\/td><td class=\"column-4\">7-18<\/td>\n<\/tr>\n<tr class=\"row-23\">\n\t<td class=\"column-1\">Switzerland<\/td><td class=\"column-2\">19.33<\/td><td class=\"column-3\">14.20<\/td><td class=\"column-4\">8-11<\/td>\n<\/tr>\n<tr class=\"row-24\">\n\t<td class=\"column-1\">Japan<\/td><td class=\"column-2\">49.23<\/td><td class=\"column-3\">17.26<\/td><td class=\"column-4\">6-13<\/td>\n<\/tr>\n<\/tbody>\n<\/table>\n<!-- #tablepress-1 from cache -->\n<p>Les prix sont en euros. Le co\u00fbt final de la livraison est calcul\u00e9 sur la page de paiement de la commande. Le co\u00fbt dans le tableau est pour les colis pesant jusqu&rsquo;\u00e0 250 grammes. Le d\u00e9lai de livraison peut \u00eatre prolong\u00e9 pendant les jours f\u00e9ri\u00e9s. Nous vous remercions de votre compr\u00e9hension. Lors de la commande vers des pays hors de l&rsquo;Union europ\u00e9enne, des frais de douane suppl\u00e9mentaires (taxes) peuvent s&rsquo;appliquer. Veuillez v\u00e9rifier les informations exactes aupr\u00e8s de votre organisation postale locale.<\/p>\n<p><strong>Retours :<\/strong><br \/>\nApr\u00e8s r\u00e9ception de la commande, l&rsquo;acheteur a le droit de se r\u00e9tracter du contrat conclu avec la boutique en ligne dans les 14 jours. Les biens achet\u00e9s ne peuvent pas \u00eatre retourn\u00e9s s&rsquo;ils sont fabriqu\u00e9s ou achet\u00e9s pour un client sur commande sp\u00e9ciale. L&rsquo;article retourn\u00e9 doit \u00eatre dans son emballage d&rsquo;origine et ne doit pas avoir \u00e9t\u00e9 utilis\u00e9. Pour exercer le droit de r\u00e9tractation de 14 jours, vous ne devez pas utiliser les biens command\u00e9s autrement que ce qui est n\u00e9cessaire pour en assurer la nature, les caract\u00e9ristiques et le fonctionnement de la m\u00eame mani\u00e8re que vous seriez autoris\u00e9 \u00e0 tester les biens dans un magasin r\u00e9el. L&rsquo;acheteur supporte les frais de retour des marchandises, sauf dans les cas o\u00f9 la raison du retour r\u00e9side dans le fait qu&rsquo;un produit remboursable ne correspond pas \u00e0 la commande (par exemple un produit incorrect ou d\u00e9fectueux). En savoir plus.<\/p>\n<p><strong>Questions fr\u00e9quemment pos\u00e9es :<\/strong><\/p>\n<p><strong>Que se passera-t-il si je ne r\u00e9cup\u00e8re pas le colis et qu&rsquo;il est retourn\u00e9 \u00e0 l&rsquo;exp\u00e9diteur ?<\/strong><br \/>\nDans le cas o\u00f9 le colis me serait retourn\u00e9 en raison de votre d\u00e9faut de le r\u00e9cup\u00e9rer, les fonds ne seront pas rembours\u00e9s.<\/p>\n<p><strong>Les droits de douane, les frais et les taxes d&rsquo;importation sont-ils inclus dans le prix ?<\/strong><br \/>\nLe co\u00fbt des droits de douane, des frais et des taxes d&rsquo;importation n&rsquo;est pas inclus dans le prix et rel\u00e8ve de la responsabilit\u00e9 totale de l&rsquo;acheteur.<\/p>\n<p><strong>Acceptez-vous les \u00e9changes et les retours ?<\/strong><br \/>\nVous avez 14 jours pour retourner ou \u00e9changer l&rsquo;article.<br \/>\nInformez-moi dans les 3 jours si vous souhaitez retourner ou \u00e9changer l&rsquo;article.<br \/>\nL&rsquo;acheteur est responsable des frais de retour et de toute perte de valeur si un article n&rsquo;est pas retourn\u00e9 dans son \u00e9tat d&rsquo;origine.<br \/>\nNous rembourserons le co\u00fbt de l&rsquo;article apr\u00e8s l&rsquo;avoir re\u00e7u et v\u00e9rifi\u00e9 son \u00e9tat d&rsquo;origine.<\/p>\n<p><strong>Que faire si le colis est retard\u00e9 ?<\/strong><br \/>\nSelon la loi, la poste dispose d&rsquo;un d\u00e9lai de r\u00e9ponse de 30 \u00e0 90 jours pendant lequel le colis sera soit localis\u00e9 et livr\u00e9, soit reconnu comme perdu. En cas de perte du colis, vous recevrez un remboursement int\u00e9gral du montant de la commande. Veuillez noter que toutes les dates sont approximatives et hors de mon contr\u00f4le car je d\u00e9pend du service postal pour livrer le colis. Si le colis est finalement localis\u00e9 et livr\u00e9, mais avec un retard important, aucun remboursement ne sera effectu\u00e9 dans ce cas.<\/p>\n<p><strong>Quelle est votre politique d&rsquo;annulation ?<\/strong><br \/>\nJe peux accepter une annulation dans les 2 heures suivant l&rsquo;achat. L&rsquo;exception concerne les produits personnalis\u00e9s.<\/p>\n<p><strong>Que dois-je faire si l&rsquo;article est endommag\u00e9 pendant l&rsquo;exp\u00e9dition ?<\/strong><br \/>\nSi le produit a \u00e9t\u00e9 endommag\u00e9 pendant l&rsquo;exp\u00e9dition, veuillez nous fournir une photo dans les 3 jours suivant la r\u00e9ception et nous vous enverrons un nouveau produit ou un remboursement.<\/p>\n<p><strong>Pouvez-vous emballer ma commande comme un cadeau ?<\/strong><br \/>\nOui, nous proposons une option d&#8217;emballage cadeau moyennant des frais suppl\u00e9mentaires.<br \/>\nVeuillez me contacter pour plus d&rsquo;informations sur l&rsquo;option d&#8217;emballage cadeau.<\/p>\n<p><strong>Qu&rsquo;est-ce qu&rsquo;un \u00ab\u00a0point de retrait de colis\u00a0\u00bb ?<\/strong><br \/>\nLe bureau de poste le plus proche de votre pays. Parfois, le colis peut \u00eatre livr\u00e9 dans une bo\u00eete aux lettres ou par un coursier. En cas de perte du colis, une compensation minimale est pr\u00e9vue.<\/p>\n<p><strong>Qu&rsquo;est-ce que la \u00ab\u00a0livraison par coursier\u00a0\u00bb ?<\/strong><br \/>\nLa livraison \u00e0 la porte d&rsquo;un bureau ou d&rsquo;un domicile. En cas de perte du colis par le service de livraison, une indemnisation maximale des pertes est pr\u00e9vue.<\/p>\n","protected":false},"excerpt":{"rendered":"<p>Exp\u00e9dition : Exp\u00e9dition depuis l&rsquo;Estonie (UE). Notre d\u00e9lai de traitement des commandes est de 3 \u00e0 6 jours ouvrables pour<\/p>\n","protected":false},"author":1,"featured_media":0,"parent":0,"menu_order":0,"comment_status":"closed","ping_status":"closed","template":"","meta":{"footnotes":""},"class_list":["post-18438","page","type-page","status-publish","hentry"],"_links":{"self":[{"href":"https:\/\/tinyknit.eu\/fr\/wp-json\/wp\/v2\/pages\/18438","targetHints":{"allow":["GET"]}}],"collection":[{"href":"https:\/\/tinyknit.eu\/fr\/wp-json\/wp\/v2\/pages"}],"about":[{"href":"https:\/\/tinyknit.eu\/fr\/wp-json\/wp\/v2\/types\/page"}],"author":[{"embeddable":true,"href":"https:\/\/tinyknit.eu\/fr\/wp-json\/wp\/v2\/users\/1"}],"replies":[{"embeddable":true,"href":"https:\/\/tinyknit.eu\/fr\/wp-json\/wp\/v2\/comments?post=18438"}],"version-history":[{"count":1,"href":"https:\/\/tinyknit.eu\/fr\/wp-json\/wp\/v2\/pages\/18438\/revisions"}],"predecessor-version":[{"id":18439,"href":"https:\/\/tinyknit.eu\/fr\/wp-json\/wp\/v2\/pages\/18438\/revisions\/18439"}],"wp:attachment":[{"href":"https:\/\/tinyknit.eu\/fr\/wp-json\/wp\/v2\/media?parent=18438"}],"curies":[{"name":"wp","href":"https:\/\/api.w.org\/{rel}","templated":true}]}}