{"id":18436,"date":"2023-02-25T18:54:39","date_gmt":"2023-02-25T18:54:39","guid":{"rendered":"https:\/\/tinyknit.eu\/privacy-policy-2\/"},"modified":"2024-11-11T07:39:23","modified_gmt":"2024-11-11T07:39:23","slug":"politique-de-confidentialite","status":"publish","type":"page","link":"https:\/\/tinyknit.eu\/fr\/politique-de-confidentialite\/","title":{"rendered":"Politique de confidentialit\u00e9"},"content":{"rendered":"<p>Les termes et conditions de cette politique de confidentialit\u00e9 sont valables pour la page web\/boutique en ligne de Baltiny O\u00dc (ci-apr\u00e8s tinyknit.eu) (www.tinyknit.eu). Les principes de la politique de confidentialit\u00e9 concernent la collecte, l&rsquo;utilisation, la publication, la transmission et le stockage des donn\u00e9es personnelles (ci-apr\u00e8s collectivement \u00ab\u00a0Traitement\u00a0\u00bb). Les donn\u00e9es personnelles sont trait\u00e9es conform\u00e9ment aux exigences prescrites par la loi et en appliquant toutes les pr\u00e9cautions pour la protection des donn\u00e9es personnelles. En utilisant le site web, le client confirme qu&rsquo;il accepte cette politique de confidentialit\u00e9.<\/p>\n<p>1. Responsable du traitement des donn\u00e9es personnelles<br \/>\nBaltiny O\u00dc Code d&rsquo;enregistrement commercial : 16972194<br \/>\nAdresse : Harju maakond, Tallinn, P\u00f5hja-Tallinna linnaosa, S\u00f5le tn 45-18, 10311<br \/>\nE-mail : info@tinyknit.eu<\/p>\n<p>2. Collecte et traitement des donn\u00e9es personnelles<br \/>\ntinyknit.eu consid\u00e8re toutes les donn\u00e9es concernant une personne physique identifi\u00e9e ou \u00e0 identifier comme des donn\u00e9es personnelles. Celles-ci incluent :<\/p>\n<p>&#8211; Pr\u00e9nom et nom de famille<br \/>\n&#8211; Adresse<br \/>\n&#8211; Num\u00e9ro de t\u00e9l\u00e9phone<br \/>\n&#8211; Adresse e-mail<br \/>\n&#8211; Code d&rsquo;identification personnel<br \/>\n&#8211; Informations sur les achats effectu\u00e9s sur les boutiques tinyknit.eu et dans la boutique en ligne<br \/>\ntinyknit.eu envoie des newsletters et des offres \u00e0 ses clients uniquement si le client y a consenti. Les clients ont le droit de retirer ce consentement \u00e0 tout moment.<br \/>\ntinyknit.eu a le droit de transmettre des donn\u00e9es personnelles \u00e0 :<br \/>\n&#8211; des soci\u00e9t\u00e9s de transport si n\u00e9cessaire pour livrer les achats effectu\u00e9s par un client sur la boutique en ligne ;<br \/>\n&#8211; des organismes de surveillance et d&rsquo;investigation lorsque la loi l&rsquo;exige ;<br \/>\n&#8211; des tribunaux, des organes r\u00e9solvant des litiges extrajudiciaires, des entreprises impliqu\u00e9es dans le recouvrement de cr\u00e9ances ;<br \/>\ntinyknit.eu et ses partenaires de coop\u00e9ration s&rsquo;engagent \u00e0 ce que toutes les donn\u00e9es personnelles des clients transmises \u00e0 ces partenaires conform\u00e9ment \u00e0 cette politique de confidentialit\u00e9 soient trait\u00e9es de mani\u00e8re confidentielle en vertu d&rsquo;un contrat et \u00e0 ce que les donn\u00e9es personnelles soient prot\u00e9g\u00e9es conform\u00e9ment \u00e0 la loi sur la protection des donn\u00e9es personnelles.<br \/>\nLes clients ont le droit de consulter les donn\u00e9es collect\u00e9es les concernant, de demander \u00e0 tout moment la correction de leurs donn\u00e9es personnelles ou la cessation de leur traitement.<br \/>\nSi le client estime que ses droits ont \u00e9t\u00e9 viol\u00e9s lors du traitement de ses donn\u00e9es personnelles, il a le droit de contacter tinyknit.eu, l&rsquo;inspecteur de la protection des donn\u00e9es ou le tribunal.<\/p>\n<p>3. Autres donn\u00e9es collect\u00e9es<br \/>\ntinyknit.eu collecte \u00e9galement des donn\u00e9es non personnelles qui ne r\u00e9v\u00e8lent pas l&rsquo;identit\u00e9 de la personne (par exemple le sexe, l&rsquo;\u00e2ge, la localisation). Ces donn\u00e9es sont collect\u00e9es et trait\u00e9es pour analyser le volume des visiteurs et leur comportement d&rsquo;achat afin d&rsquo;am\u00e9liorer les produits et services fournis par tinyknit.eu.<\/p>\n<p>4. M\u00e9thodes de collecte des donn\u00e9es<br \/>\nLes donn\u00e9es personnelles et non personnelles peuvent \u00eatre collect\u00e9es comme suit :<br \/>\n&#8211; En soumettant des coordonn\u00e9es de contact aux magasins tinyknit.eu ou \u00e0 la boutique en ligne ;<br \/>\n&#8211; En utilisant le site web via les d\u00e9tails du compte utilisateur ou les cookies ;<br \/>\n&#8211; Lors d&rsquo;un achat, d&rsquo;une demande de prix ou d&rsquo;une commande aupr\u00e8s des magasins tinyknit.eu ou de la boutique en ligne ;<\/p>\n<p>5. S\u00e9curit\u00e9<br \/>\nToutes les donn\u00e9es personnelles divulgu\u00e9es \u00e0 tinyknit.eu sont trait\u00e9es comme des informations confidentielles. Les donn\u00e9es personnelles ne peuvent \u00eatre consult\u00e9es, trait\u00e9es ou modifi\u00e9es que par des personnes autoris\u00e9es, et tinyknit.eu applique toutes les pr\u00e9cautions (y compris administratives, techniques et physiques) pour prot\u00e9ger les donn\u00e9es personnelles du client.<\/p>\n<p>6. Modifications de notre politique de confidentialit\u00e9<br \/>\ntinyknit.eu se r\u00e9serve le droit de modifier les termes et conditions de la politique de confidentialit\u00e9 en publiant la politique de confidentialit\u00e9 modifi\u00e9e sur son site web. tinyknit.eu veillera \u00e0 ce que la protection des donn\u00e9es personnelles prescrite par la loi soit assur\u00e9e, quelles que soient les modifications apport\u00e9es. Veuillez visiter ce site web r\u00e9guli\u00e8rement pour consulter les \u00e9ventuels changements.<br \/>\nSi vous avez des questions ou des pr\u00e9occupations concernant la politique de confidentialit\u00e9 ou le traitement des donn\u00e9es, veuillez nous contacter \u00e0 l&rsquo;adresse info@tinyknit.eu<\/p>\n<p>7. Le paiement s&rsquo;effectue en dehors de la boutique en ligne dans l&rsquo;environnement de paiement s\u00e9curis\u00e9 du fournisseur de services Maksekeskus AS.<\/p>\n","protected":false},"excerpt":{"rendered":"<p>Les termes et conditions de cette politique de confidentialit\u00e9 sont valables pour la page web\/boutique en ligne de Baltiny O\u00dc<\/p>\n","protected":false},"author":1,"featured_media":0,"parent":0,"menu_order":0,"comment_status":"closed","ping_status":"closed","template":"","meta":{"footnotes":""},"class_list":["post-18436","page","type-page","status-publish","hentry"],"_links":{"self":[{"href":"https:\/\/tinyknit.eu\/fr\/wp-json\/wp\/v2\/pages\/18436","targetHints":{"allow":["GET"]}}],"collection":[{"href":"https:\/\/tinyknit.eu\/fr\/wp-json\/wp\/v2\/pages"}],"about":[{"href":"https:\/\/tinyknit.eu\/fr\/wp-json\/wp\/v2\/types\/page"}],"author":[{"embeddable":true,"href":"https:\/\/tinyknit.eu\/fr\/wp-json\/wp\/v2\/users\/1"}],"replies":[{"embeddable":true,"href":"https:\/\/tinyknit.eu\/fr\/wp-json\/wp\/v2\/comments?post=18436"}],"version-history":[{"count":3,"href":"https:\/\/tinyknit.eu\/fr\/wp-json\/wp\/v2\/pages\/18436\/revisions"}],"predecessor-version":[{"id":22844,"href":"https:\/\/tinyknit.eu\/fr\/wp-json\/wp\/v2\/pages\/18436\/revisions\/22844"}],"wp:attachment":[{"href":"https:\/\/tinyknit.eu\/fr\/wp-json\/wp\/v2\/media?parent=18436"}],"curies":[{"name":"wp","href":"https:\/\/api.w.org\/{rel}","templated":true}]}}