{"id":18419,"date":"2023-02-25T18:53:37","date_gmt":"2023-02-25T18:53:37","guid":{"rendered":"https:\/\/tinyknit.eu\/recommandations-de-soins\/"},"modified":"2024-12-10T17:03:54","modified_gmt":"2024-12-10T17:03:54","slug":"recommandations-de-soins","status":"publish","type":"page","link":"https:\/\/tinyknit.eu\/fr\/recommandations-de-soins\/","title":{"rendered":"Recommandations d&rsquo;entretien et s\u00e9curit\u00e9"},"content":{"rendered":"\t\t<div data-elementor-type=\"wp-page\" data-elementor-id=\"18419\" class=\"elementor elementor-18419 elementor-11220\">\n\t\t\t\t\t\t<section class=\"wd-negative-gap elementor-section elementor-top-section elementor-element elementor-element-e40632f elementor-section-boxed elementor-section-height-default elementor-section-height-default\" data-id=\"e40632f\" data-element_type=\"section\">\n\t\t\t\t\t\t<div class=\"elementor-container elementor-column-gap-default\">\n\t\t\t\t\t<div class=\"elementor-column elementor-col-100 elementor-top-column elementor-element elementor-element-1152333\" data-id=\"1152333\" data-element_type=\"column\">\n\t\t\t<div class=\"elementor-widget-wrap elementor-element-populated\">\n\t\t\t\t\t\t<div class=\"elementor-element elementor-element-87e8417 wd-width-100 elementor-widget elementor-widget-wd_title\" data-id=\"87e8417\" data-element_type=\"widget\" data-widget_type=\"wd_title.default\">\n\t\t\t\t<div class=\"elementor-widget-container\">\n\t\t\t\t\t\t\t<div class=\"title-wrapper wd-set-mb reset-last-child wd-title-color-default wd-title-style-default wd-title-size-default text-center\">\n\n\t\t\t\n\t\t\t<div class=\"liner-continer\">\n\t\t\t\t<h4 class=\"woodmart-title-container title wd-fontsize-l\">Recommandations d'entretien et s\u00e9curit\u00e9<\/h4> \n\t\t\t\t\t\t\t<\/div>\n\n\t\t\t\t\t<\/div>\n\t\t\t\t\t\t<\/div>\n\t\t\t\t<\/div>\n\t\t\t\t\t<\/div>\n\t\t<\/div>\n\t\t\t\t\t<\/div>\n\t\t<\/section>\n\t\t\t\t<section class=\"wd-negative-gap elementor-section elementor-top-section elementor-element elementor-element-4461aed elementor-section-boxed elementor-section-height-default elementor-section-height-default\" data-id=\"4461aed\" data-element_type=\"section\">\n\t\t\t\t\t\t<div class=\"elementor-container elementor-column-gap-default\">\n\t\t\t\t\t<div class=\"elementor-column elementor-col-100 elementor-top-column elementor-element elementor-element-f3f1dad\" data-id=\"f3f1dad\" data-element_type=\"column\">\n\t\t\t<div class=\"elementor-widget-wrap elementor-element-populated\">\n\t\t\t\t\t\t<div class=\"elementor-element elementor-element-3f06b6b wd-width-100 elementor-widget elementor-widget-wd_title\" data-id=\"3f06b6b\" data-element_type=\"widget\" data-widget_type=\"wd_title.default\">\n\t\t\t\t<div class=\"elementor-widget-container\">\n\t\t\t\t\t\t\t<div class=\"title-wrapper wd-set-mb reset-last-child wd-title-color-default wd-title-style-default wd-title-size-default text-center\">\n\n\t\t\t\n\t\t\t<div class=\"liner-continer\">\n\t\t\t\t<h4 class=\"woodmart-title-container title wd-fontsize-l\">Jouets de pyjama, oreillers, jouets c\u00e2lins, \u00e9dredons, jouets froiss\u00e9s, hochets en tissu, d\u00e9coration int\u00e9rieure<\/h4> \n\t\t\t\t\t\t\t<\/div>\n\n\t\t\t\t\t<\/div>\n\t\t\t\t\t\t<\/div>\n\t\t\t\t<\/div>\n\t\t\t\t\t<\/div>\n\t\t<\/div>\n\t\t\t\t\t<\/div>\n\t\t<\/section>\n\t\t\t\t<section class=\"wd-negative-gap elementor-section elementor-top-section elementor-element elementor-element-baca7b3 elementor-section-boxed elementor-section-height-default elementor-section-height-default\" data-id=\"baca7b3\" data-element_type=\"section\">\n\t\t\t\t\t\t<div class=\"elementor-container elementor-column-gap-default\">\n\t\t\t\t\t<div class=\"elementor-column elementor-col-100 elementor-top-column elementor-element elementor-element-a6dbe25\" data-id=\"a6dbe25\" data-element_type=\"column\">\n\t\t\t<div class=\"elementor-widget-wrap elementor-element-populated\">\n\t\t\t\t\t\t<div class=\"elementor-element elementor-element-0a1c54b elementor-widget elementor-widget-wd_text_block\" data-id=\"0a1c54b\" data-element_type=\"widget\" data-widget_type=\"wd_text_block.default\">\n\t\t\t\t<div class=\"elementor-widget-container\">\n\t\t\t\t\t\t\t<div class=\"wd-text-block reset-last-child text-left\">\n\t\t\t\n\t\t\t<p data-pm-slice=\"1 1 []\"><strong>ENTRETIEN :<\/strong><\/p><p>\u2022 Pour pr\u00e9venir les r\u00e9actions allergiques, utilisez des d\u00e9tergents liquides et hypoallerg\u00e9niques.<br>\u2022 Utilisez le cycle d\u00e9licat de la machine \u00e0 laver et r\u00e9glez la temp\u00e9rature \u00e0 30 degr\u00e9s pendant 30 minutes.<br>\u2022 Pour \u00e9viter d'endommager l'article, nous recommandons l'utilisation d'un sac de lavage.<br>\u2022 Apr\u00e8s le lavage, \u00e9tendez l'article \u00e0 plat pour s\u00e9cher.<br>\u2022 Ne pas utiliser de javel.<\/p><p>Pour la s\u00e9curit\u00e9 de vos enfants, nous ne traitons pas nos jouets avec des d\u00e9tergents avant l'exp\u00e9dition. Vous pouvez le laver vous-m\u00eame avec un d\u00e9tergent adapt\u00e9 \u00e0 vos enfants. Vous pouvez \u00e9galement effectuer un traitement \u00e0 la vapeur sans utiliser de produits chimiques.<\/p><p><strong>R\u00c8GLES D'UTILISATION S\u00c9CURITAIRE :<\/strong><\/p><p>\u2022 V\u00e9rifiez toujours le jouet avant utilisation. Jetez ou cessez d'utiliser le jouet d\u00e8s les premiers signes d'usure ou de dommage.<br>\u2022 Une supervision adulte est n\u00e9cessaire lors de l'utilisation de nos jouets. Surtout lorsque les jouets contiennent de petits \u00e9l\u00e9ments en plastique tels que des yeux et un nez.<\/p>\n\t\t\t\t\t<\/div>\n\t\t\t\t\t\t<\/div>\n\t\t\t\t<\/div>\n\t\t\t\t<div class=\"elementor-element elementor-element-978311c elementor-widget-divider--view-line elementor-widget elementor-widget-divider\" data-id=\"978311c\" data-element_type=\"widget\" data-widget_type=\"divider.default\">\n\t\t\t\t<div class=\"elementor-widget-container\">\n\t\t\t\t\t\t\t<div class=\"elementor-divider\">\n\t\t\t<span class=\"elementor-divider-separator\">\n\t\t\t\t\t\t<\/span>\n\t\t<\/div>\n\t\t\t\t\t\t<\/div>\n\t\t\t\t<\/div>\n\t\t\t\t\t<\/div>\n\t\t<\/div>\n\t\t\t\t\t<\/div>\n\t\t<\/section>\n\t\t\t\t<section class=\"wd-negative-gap elementor-section elementor-top-section elementor-element elementor-element-ad3a22a elementor-section-boxed elementor-section-height-default elementor-section-height-default\" data-id=\"ad3a22a\" data-element_type=\"section\">\n\t\t\t\t\t\t<div class=\"elementor-container elementor-column-gap-default\">\n\t\t\t\t\t<div class=\"elementor-column elementor-col-100 elementor-top-column elementor-element elementor-element-ffce9cb\" data-id=\"ffce9cb\" data-element_type=\"column\">\n\t\t\t<div class=\"elementor-widget-wrap elementor-element-populated\">\n\t\t\t\t\t\t<div class=\"elementor-element elementor-element-b1b72b2 wd-width-100 elementor-widget elementor-widget-wd_title\" data-id=\"b1b72b2\" data-element_type=\"widget\" data-widget_type=\"wd_title.default\">\n\t\t\t\t<div class=\"elementor-widget-container\">\n\t\t\t\t\t\t\t<div class=\"title-wrapper wd-set-mb reset-last-child wd-title-color-default wd-title-style-default wd-title-size-default text-center\">\n\n\t\t\t\n\t\t\t<div class=\"liner-continer\">\n\t\t\t\t<h4 class=\"woodmart-title-container title wd-fontsize-l\">Hochet en tricot<\/h4> \n\t\t\t\t\t\t\t<\/div>\n\n\t\t\t\t\t\t\t<div class=\"title-after_title reset-last-child wd-fontsize-xs\">\n\t\t\t\t\t<p><em>Hochets en tricot avec anneau en bois<\/em><\/p>\t\t\t\t<\/div>\n\t\t\t\t\t<\/div>\n\t\t\t\t\t\t<\/div>\n\t\t\t\t<\/div>\n\t\t\t\t\t<\/div>\n\t\t<\/div>\n\t\t\t\t\t<\/div>\n\t\t<\/section>\n\t\t\t\t<section class=\"wd-negative-gap elementor-section elementor-top-section elementor-element elementor-element-ed7139c elementor-section-boxed elementor-section-height-default elementor-section-height-default\" data-id=\"ed7139c\" data-element_type=\"section\">\n\t\t\t\t\t\t<div class=\"elementor-container elementor-column-gap-default\">\n\t\t\t\t\t<div class=\"elementor-column elementor-col-100 elementor-top-column elementor-element elementor-element-8d1fafa\" data-id=\"8d1fafa\" data-element_type=\"column\">\n\t\t\t<div class=\"elementor-widget-wrap elementor-element-populated\">\n\t\t\t\t\t\t<div class=\"elementor-element elementor-element-b2715a2 elementor-widget elementor-widget-wd_text_block\" data-id=\"b2715a2\" data-element_type=\"widget\" data-widget_type=\"wd_text_block.default\">\n\t\t\t\t<div class=\"elementor-widget-container\">\n\t\t\t\t\t\t\t<div class=\"wd-text-block reset-last-child text-left\">\n\t\t\t\n\t\t\t<p data-pm-slice=\"1 1 []\"><strong>ENTRETIEN :<\/strong><\/p><p>Ne pas immerger et laisser dans l'eau, cela peut faire s\u00e9cher le bois et \u00e9ventuellement le fendre ou le craquer. Nettoyez les taches avec un chiffon humide, du savon doux et de l'eau.<\/p><p><strong>R\u00c8GLES D'UTILISATION S\u00c9CURITAIRE :<\/strong><\/p><p>Veuillez utiliser uniquement sous la supervision d'un adulte \u00e0 tout moment pour la s\u00e9curit\u00e9 de votre b\u00e9b\u00e9. Inspectez r\u00e9guli\u00e8rement pour tout dommage possible avant chaque utilisation. Jetez ou cessez d'utiliser d\u00e8s les premiers signes d'usure ou de dommage.<\/p>\n\t\t\t\t\t<\/div>\n\t\t\t\t\t\t<\/div>\n\t\t\t\t<\/div>\n\t\t\t\t<div class=\"elementor-element elementor-element-38cad82 elementor-widget-divider--view-line elementor-widget elementor-widget-divider\" data-id=\"38cad82\" data-element_type=\"widget\" data-widget_type=\"divider.default\">\n\t\t\t\t<div class=\"elementor-widget-container\">\n\t\t\t\t\t\t\t<div class=\"elementor-divider\">\n\t\t\t<span class=\"elementor-divider-separator\">\n\t\t\t\t\t\t<\/span>\n\t\t<\/div>\n\t\t\t\t\t\t<\/div>\n\t\t\t\t<\/div>\n\t\t\t\t\t<\/div>\n\t\t<\/div>\n\t\t\t\t\t<\/div>\n\t\t<\/section>\n\t\t\t\t<\/div>\n\t\t","protected":false},"excerpt":{"rendered":"<p>Recommandations d&rsquo;entretien et s\u00e9curit\u00e9 Jouets de pyjama, oreillers, jouets c\u00e2lins, \u00e9dredons, jouets froiss\u00e9s, hochets en tissu, d\u00e9coration int\u00e9rieure ENTRETIEN :<\/p>\n","protected":false},"author":1,"featured_media":0,"parent":0,"menu_order":0,"comment_status":"closed","ping_status":"closed","template":"","meta":{"footnotes":""},"class_list":["post-18419","page","type-page","status-publish","hentry"],"_links":{"self":[{"href":"https:\/\/tinyknit.eu\/fr\/wp-json\/wp\/v2\/pages\/18419","targetHints":{"allow":["GET"]}}],"collection":[{"href":"https:\/\/tinyknit.eu\/fr\/wp-json\/wp\/v2\/pages"}],"about":[{"href":"https:\/\/tinyknit.eu\/fr\/wp-json\/wp\/v2\/types\/page"}],"author":[{"embeddable":true,"href":"https:\/\/tinyknit.eu\/fr\/wp-json\/wp\/v2\/users\/1"}],"replies":[{"embeddable":true,"href":"https:\/\/tinyknit.eu\/fr\/wp-json\/wp\/v2\/comments?post=18419"}],"version-history":[{"count":6,"href":"https:\/\/tinyknit.eu\/fr\/wp-json\/wp\/v2\/pages\/18419\/revisions"}],"predecessor-version":[{"id":24769,"href":"https:\/\/tinyknit.eu\/fr\/wp-json\/wp\/v2\/pages\/18419\/revisions\/24769"}],"wp:attachment":[{"href":"https:\/\/tinyknit.eu\/fr\/wp-json\/wp\/v2\/media?parent=18419"}],"curies":[{"name":"wp","href":"https:\/\/api.w.org\/{rel}","templated":true}]}}