{"id":47916,"date":"2026-04-05T18:43:49","date_gmt":"2026-04-05T18:43:49","guid":{"rendered":"https:\/\/tinyknit.eu\/?post_type=product&#038;p=47916"},"modified":"2026-04-05T18:57:19","modified_gmt":"2026-04-05T18:57:19","slug":"unilelu-vauvan-uniliina-pegasus","status":"publish","type":"product","link":"https:\/\/tinyknit.eu\/fi\/product\/sylikummit\/unilelu-vauvan-uniliina-pegasus\/","title":{"rendered":"Unilelu, vauvan uniliina &#8211; Pegasus"},"content":{"rendered":"<p data-start=\"1680\" data-end=\"1887\"><strong data-start=\"1680\" data-end=\"1737\">Etsitk\u00f6 ainutlaatuista ja pehme\u00e4 unilelua pienellesi?<\/strong><br data-start=\"1737\" data-end=\"1740\" \/>T\u00e4m\u00e4 suloinen virkattu Pegasus-lelu on t\u00e4ydellinen y\u00f6kaveri ja hauska p\u00e4iv\u00e4leikkiin. Ihanteellinen lahja vauvalle tai lapselle i\u00e4st\u00e4 riippumatta.<\/p>\n<p data-start=\"1889\" data-end=\"2375\"><strong data-start=\"1889\" data-end=\"1906\">Ominaisuudet:<\/strong><br data-start=\"1906\" data-end=\"1909\" \/>\u2022 <strong data-start=\"1911\" data-end=\"1933\">Vanhempien yhteys:<\/strong> Imem\u00e4ll\u00e4 \u00e4idin tai is\u00e4n tuoksun ruokailun tai keinutuksen aikana, lelu tuo turvaa my\u00f6s silloin, kun et ole l\u00e4sn\u00e4.<br data-start=\"2047\" data-end=\"2050\" \/>\u2022 <strong data-start=\"2052\" data-end=\"2067\">Tutkiminen:<\/strong> Tarjoaa rikkaan kosketuskokemuksen ja stimuloi lapsen uteliaisuutta.<br data-start=\"2136\" data-end=\"2139\" \/>\u2022 <strong data-start=\"2141\" data-end=\"2153\">Muistot:<\/strong> Sopii my\u00f6s vastasyntyneen valokuvauksen rekvisiitaksi.<br data-start=\"2208\" data-end=\"2211\" \/>\u2022 <strong data-start=\"2213\" data-end=\"2238\">Rauhoittava vaikutus:<\/strong> Luo turvallisuuden tunnetta p\u00e4iv\u00e4ll\u00e4 ja y\u00f6ll\u00e4.<br data-start=\"2285\" data-end=\"2288\" \/>\u2022 <strong data-start=\"2290\" data-end=\"2314\">Irrotettavat siivet:<\/strong> Mukana kaksi paria siipi\u00e4, jotka voidaan helposti poistaa.<\/p>\n<p data-start=\"2377\" data-end=\"2536\"><strong data-start=\"2377\" data-end=\"2399\">T\u00e4ydellinen lahja:<\/strong><br data-start=\"2399\" data-end=\"2402\" \/>\u2022 Vauvakutsut, lahjalistat, syntym\u00e4p\u00e4iv\u00e4t, joulu tai muut tilaisuudet.<br data-start=\"2472\" data-end=\"2475\" \/>\u2022 Uniikki lelu, joka tuo my\u00f6s vieh\u00e4tyst\u00e4 lapsen huoneeseen.<\/p>\n<p data-start=\"2538\" data-end=\"2815\"><strong data-start=\"2538\" data-end=\"2549\">Tiedot:<\/strong><br data-start=\"2549\" data-end=\"2552\" \/>\u2022 <strong data-start=\"2554\" data-end=\"2563\">Koko:<\/strong> n. 45 cm<br data-start=\"2572\" data-end=\"2575\" \/>\u2022 <strong data-start=\"2577\" data-end=\"2592\">Materiaali:<\/strong> 100 % mikropolyesteri (Oeko-Tex 100) ja 100 % polyesterinen tekoturkis. Hypoallergeeninen, pehme\u00e4 ja lapsille turvallinen.<br data-start=\"2715\" data-end=\"2718\" \/>\u2022 <strong data-start=\"2720\" data-end=\"2730\">T\u00e4yte:<\/strong> Holofiber<br data-start=\"2740\" data-end=\"2743\" \/>\u2022 Valmistettu savuttomassa ja lemmikitt\u00f6m\u00e4ss\u00e4 kodissa Virossa, EU:ssa.<\/p>\n<p data-start=\"2817\" data-end=\"2862\"><strong data-start=\"2817\" data-end=\"2836\">Setti sis\u00e4lt\u00e4\u00e4:<\/strong><br data-start=\"2836\" data-end=\"2839\" \/>\u2022 1x virkattu Pegasus<\/p>\n<p data-start=\"2864\" data-end=\"2903\"><strong data-start=\"2864\" data-end=\"2901\">Valmis lahjapakkaus vauvajuhliin!<\/strong><\/p>\n<p data-start=\"2905\" data-end=\"3050\"><strong data-start=\"2905\" data-end=\"2922\">Hoito-ohjeet:<\/strong><br data-start=\"2922\" data-end=\"2925\" \/>\u2022 K\u00e4yt\u00e4 nestem\u00e4ist\u00e4 hypoallergeenista pesuainetta.<br data-start=\"2975\" data-end=\"2978\" \/>\u2022 Pesu hienopesuohjelmalla 30 \u00b0C:ssa 30 minuuttia.<br data-start=\"3028\" data-end=\"3031\" \/>\u2022 Kuivaa tasolla.<\/p>\n","protected":false},"excerpt":{"rendered":"<p>Etsitk\u00f6 ainutlaatuista ja mukavaa nukkumakaveria pienokaisellesi? Ei tarvitse etsi\u00e4 enemp\u00e4\u00e4, sill\u00e4 t\u00e4m\u00e4 s\u00f6p\u00f6 virkattu lelu on juuri sopiva! Se sopii t\u00e4ydellisesti halattavaksi nukkumaanmenoaikana ja hauskaan leikkiin p\u00e4iv\u00e4saikaan, mik\u00e4 tekee siit\u00e4 ihanteellisen lahjan vauvalle tai lapselle, i\u00e4st\u00e4 riippumatta.<\/p>\n","protected":false},"featured_media":47922,"comment_status":"open","ping_status":"closed","template":"","meta":[],"product_brand":[],"product_cat":[198,185],"product_tag":[],"class_list":{"0":"post-47916","1":"product","2":"type-product","3":"status-publish","4":"has-post-thumbnail","6":"product_cat-sylikummit","7":"product_cat-valmistettu-tilausta","9":"first","10":"onbackorder","11":"taxable","12":"shipping-taxable","13":"purchasable","14":"product-type-simple"},"_links":{"self":[{"href":"https:\/\/tinyknit.eu\/fi\/wp-json\/wp\/v2\/product\/47916","targetHints":{"allow":["GET"]}}],"collection":[{"href":"https:\/\/tinyknit.eu\/fi\/wp-json\/wp\/v2\/product"}],"about":[{"href":"https:\/\/tinyknit.eu\/fi\/wp-json\/wp\/v2\/types\/product"}],"replies":[{"embeddable":true,"href":"https:\/\/tinyknit.eu\/fi\/wp-json\/wp\/v2\/comments?post=47916"}],"version-history":[{"count":1,"href":"https:\/\/tinyknit.eu\/fi\/wp-json\/wp\/v2\/product\/47916\/revisions"}],"predecessor-version":[{"id":47964,"href":"https:\/\/tinyknit.eu\/fi\/wp-json\/wp\/v2\/product\/47916\/revisions\/47964"}],"wp:featuredmedia":[{"embeddable":true,"href":"https:\/\/tinyknit.eu\/fi\/wp-json\/wp\/v2\/media\/47922"}],"wp:attachment":[{"href":"https:\/\/tinyknit.eu\/fi\/wp-json\/wp\/v2\/media?parent=47916"}],"wp:term":[{"taxonomy":"product_brand","embeddable":true,"href":"https:\/\/tinyknit.eu\/fi\/wp-json\/wp\/v2\/product_brand?post=47916"},{"taxonomy":"product_cat","embeddable":true,"href":"https:\/\/tinyknit.eu\/fi\/wp-json\/wp\/v2\/product_cat?post=47916"},{"taxonomy":"product_tag","embeddable":true,"href":"https:\/\/tinyknit.eu\/fi\/wp-json\/wp\/v2\/product_tag?post=47916"}],"curies":[{"name":"wp","href":"https:\/\/api.w.org\/{rel}","templated":true}]}}