{"id":46807,"date":"2026-03-15T09:49:34","date_gmt":"2026-03-15T09:49:34","guid":{"rendered":"https:\/\/tinyknit.eu\/?post_type=product&#038;p=46807"},"modified":"2026-03-15T09:53:46","modified_gmt":"2026-03-15T09:53:46","slug":"unilelu-vauvan-uniliina-kettu-3","status":"publish","type":"product","link":"https:\/\/tinyknit.eu\/fi\/product\/sylikummit\/unilelu-vauvan-uniliina-kettu-3\/","title":{"rendered":"Unilelu, vauvan uniliina &#8211; Kettu"},"content":{"rendered":"<p data-start=\"4080\" data-end=\"4420\"><strong data-start=\"4080\" data-end=\"4152\">Etsitk\u00f6 pienokaisellesi ainutlaatuista ja ihanan pehme\u00e4\u00e4 unikaveria?<\/strong> Ei tarvitse etsi\u00e4 enemp\u00e4\u00e4, sill\u00e4 t\u00e4m\u00e4 suloinen virkattu lelu on juuri oikea valinta! Se sopii t\u00e4ydellisesti iltasatuilun ja nukkumaanmenon halikaveriksi sek\u00e4 hauskoihin leikkeihin p\u00e4iv\u00e4ll\u00e4, ja on ihanteellinen lahja jokaiselle vauvalle tai lapselle i\u00e4st\u00e4 riippumatta.<\/p>\n<p data-start=\"4422\" data-end=\"5107\"><strong data-start=\"4422\" data-end=\"4439\">Ominaisuudet:<\/strong><br data-start=\"4439\" data-end=\"4442\" \/>\u2022 Yhteys vanhempiin. Leluun voi tarttua \u00e4idin tai is\u00e4n tuoksu. Aseta lelu vauvan viereen ruokinnan tai sylittelyn aikana, niin se imee itseens\u00e4 tuoksusi. N\u00e4in vauva tuntee l\u00e4heisyytesi silloinkin, kun et ole paikalla.<br data-start=\"4659\" data-end=\"4662\" \/>\u2022 Tutkiminen. Virkattu kettulelu tarjoaa monipuolisen tuntokokemuksen, joka her\u00e4tt\u00e4\u00e4 lapsen kiinnostuksen ja tukee h\u00e4nen tutustumistaan ymp\u00e4r\u00f6iv\u00e4\u00e4n maailmaan.<br data-start=\"4820\" data-end=\"4823\" \/>\u2022 Luo ihania muistoja. Lelujamme voidaan k\u00e4ytt\u00e4\u00e4 rekvisiittana vastasyntyneiden valokuvauksessa.<br data-start=\"4919\" data-end=\"4922\" \/>\u2022 Rauhoittava vaikutus. Virkattu kettur\u00e4tti tuo vauvalle mukavuutta ja turvallisuuden tunnetta sek\u00e4 p\u00e4iv\u00e4ll\u00e4 ett\u00e4 y\u00f6ll\u00e4.<br data-start=\"5042\" data-end=\"5045\" \/>\u2022 Settiin kuuluu kaksi paria siipi\u00e4, jotka on helppo irrottaa.<\/p>\n<p data-start=\"5109\" data-end=\"5340\"><strong data-start=\"5109\" data-end=\"5125\">T\u00e4ydellinen:<\/strong><br data-start=\"5125\" data-end=\"5128\" \/>\u2022 Ihanaksi lahjaksi baby showeriin, vauvalahjalistalle, syntym\u00e4p\u00e4iv\u00e4\u00e4n, jouluun tai mihin tahansa muuhun tilaisuuteen.<br data-start=\"5246\" data-end=\"5249\" \/>\u2022 Ainutlaatuiseksi leluksi, joka toimii my\u00f6s hurmaavana lis\u00e4n\u00e4 lastenhuoneen sisustuksessa.<\/p>\n<p data-start=\"5342\" data-end=\"5590\"><strong data-start=\"5342\" data-end=\"5351\">Koko:<\/strong> noin 60 x 17 cm (23,6 x 6,6&#8243;)<br data-start=\"5381\" data-end=\"5384\" \/><strong data-start=\"5384\" data-end=\"5394\">Lanka:<\/strong> 100 % mikropolyesteri (Oeko-Tex Standard 100) ja 100 % polyesterinen tekoturkis. Hypoallergeeninen, pehme\u00e4 plyysilanka. Eritt\u00e4in pehme\u00e4, halittava ja turvallinen lapsille.<br data-start=\"5566\" data-end=\"5569\" \/><strong data-start=\"5569\" data-end=\"5579\">T\u00e4yte:<\/strong> holofiber.<\/p>\n<p data-start=\"5592\" data-end=\"5697\">Lelummee valmistetaan savuttomassa ja lemmikitt\u00f6m\u00e4ss\u00e4 kodissa.<br data-start=\"5654\" data-end=\"5657\" \/>Valmistettu Virossa, Euroopan unionissa.<\/p>\n<p data-start=\"5699\" data-end=\"5748\"><strong data-start=\"5699\" data-end=\"5720\">Pakkaus sis\u00e4lt\u00e4\u00e4:<\/strong><br data-start=\"5720\" data-end=\"5723\" \/>\u2022 1 x virkattu kettur\u00e4tti<\/p>\n<p data-start=\"5750\" data-end=\"5861\"><strong data-start=\"5750\" data-end=\"5781\">T\u00e4ydellinen lahja vauvalle!<\/strong><br data-start=\"5781\" data-end=\"5784\" \/>Lahjavalmiiksi pakattu baby showeriin, vauvalahjalistalle tai syntym\u00e4p\u00e4iv\u00e4\u00e4n.<\/p>\n<p data-start=\"5863\" data-end=\"6090\"><strong data-start=\"5863\" data-end=\"5880\">Hoito-ohjeet:<\/strong><br data-start=\"5880\" data-end=\"5883\" \/>\u2022 Allergisten reaktioiden ehk\u00e4isemiseksi k\u00e4yt\u00e4 nestem\u00e4isi\u00e4 ja hypoallergeenisia pesuaineita.<br data-start=\"5975\" data-end=\"5978\" \/>\u2022 K\u00e4yt\u00e4 pesukoneen hienopesuohjelmaa ja pese 30 \u00b0C:ssa 30 minuutin ajan.<br data-start=\"6050\" data-end=\"6053\" \/>\u2022 Pesun j\u00e4lkeen kuivata lelu tasolla.<\/p>\n","protected":false},"excerpt":{"rendered":"<p>Etsitk\u00f6 ainutlaatuista ja mukavaa nukkumakaveria pienokaisellesi? Ei tarvitse etsi\u00e4 enemp\u00e4\u00e4, sill\u00e4 t\u00e4m\u00e4 s\u00f6p\u00f6 virkattu lelu on juuri sopiva! Se sopii t\u00e4ydellisesti halattavaksi nukkumaanmenoaikana ja hauskaan leikkiin p\u00e4iv\u00e4saikaan, mik\u00e4 tekee siit\u00e4 ihanteellisen lahjan vauvalle tai lapselle, i\u00e4st\u00e4 riippumatta.<\/p>\n","protected":false},"featured_media":46813,"comment_status":"open","ping_status":"closed","template":"","meta":[],"product_brand":[],"product_cat":[198,185],"product_tag":[],"class_list":{"0":"post-46807","1":"product","2":"type-product","3":"status-publish","4":"has-post-thumbnail","6":"product_cat-sylikummit","7":"product_cat-valmistettu-tilausta","9":"first","10":"onbackorder","11":"taxable","12":"shipping-taxable","13":"purchasable","14":"product-type-simple"},"_links":{"self":[{"href":"https:\/\/tinyknit.eu\/fi\/wp-json\/wp\/v2\/product\/46807","targetHints":{"allow":["GET"]}}],"collection":[{"href":"https:\/\/tinyknit.eu\/fi\/wp-json\/wp\/v2\/product"}],"about":[{"href":"https:\/\/tinyknit.eu\/fi\/wp-json\/wp\/v2\/types\/product"}],"replies":[{"embeddable":true,"href":"https:\/\/tinyknit.eu\/fi\/wp-json\/wp\/v2\/comments?post=46807"}],"version-history":[{"count":1,"href":"https:\/\/tinyknit.eu\/fi\/wp-json\/wp\/v2\/product\/46807\/revisions"}],"predecessor-version":[{"id":46837,"href":"https:\/\/tinyknit.eu\/fi\/wp-json\/wp\/v2\/product\/46807\/revisions\/46837"}],"wp:featuredmedia":[{"embeddable":true,"href":"https:\/\/tinyknit.eu\/fi\/wp-json\/wp\/v2\/media\/46813"}],"wp:attachment":[{"href":"https:\/\/tinyknit.eu\/fi\/wp-json\/wp\/v2\/media?parent=46807"}],"wp:term":[{"taxonomy":"product_brand","embeddable":true,"href":"https:\/\/tinyknit.eu\/fi\/wp-json\/wp\/v2\/product_brand?post=46807"},{"taxonomy":"product_cat","embeddable":true,"href":"https:\/\/tinyknit.eu\/fi\/wp-json\/wp\/v2\/product_cat?post=46807"},{"taxonomy":"product_tag","embeddable":true,"href":"https:\/\/tinyknit.eu\/fi\/wp-json\/wp\/v2\/product_tag?post=46807"}],"curies":[{"name":"wp","href":"https:\/\/api.w.org\/{rel}","templated":true}]}}