{"id":43075,"date":"2026-01-20T08:47:30","date_gmt":"2026-01-20T08:47:30","guid":{"rendered":"https:\/\/tinyknit.eu\/?post_type=product&#038;p=43075"},"modified":"2026-01-20T08:58:33","modified_gmt":"2026-01-20T08:58:33","slug":"unilelu-vauvan-uniliina-suuri-merilohikaarme","status":"publish","type":"product","link":"https:\/\/tinyknit.eu\/fi\/product\/pehmolelut\/unilelu-vauvan-uniliina-suuri-merilohikaarme\/","title":{"rendered":"Unilelu, vauvan uniliina &#8211; Suuri Merilohik\u00e4\u00e4rme"},"content":{"rendered":"<p data-start=\"2182\" data-end=\"2472\">Etsitk\u00f6 ainutlaatuista ja pehme\u00e4\u00e4 unilelua pienokaisellesi? \u00c4l\u00e4 etsi en\u00e4\u00e4 \u2013 t\u00e4m\u00e4 suloinen virkattu lelu on t\u00e4ydellinen valinta! Se sopii erinomaisesti halailuun nukkumaanmenon aikaan ja hauskoihin leikkeihin p\u00e4ivisin, tehden siit\u00e4 ihanteellisen lahjan kaikenik\u00e4isille vauvoille ja lapsille.<\/p>\n<p data-start=\"2474\" data-end=\"3068\"><strong data-start=\"2474\" data-end=\"2491\">Ominaisuudet:<\/strong><br data-start=\"2491\" data-end=\"2494\" \/>\u2022\u00a0<strong data-start=\"1325\" data-end=\"1347\">Yhteys vanhempiin.<\/strong>\u00a0Lelu voi s\u00e4ilytt\u00e4\u00e4 \u00e4idin tai is\u00e4n tuoksun. Aseta lelu vauvan viereen imetyksen tai keinuttamisen ajaksi, niin se imee itseens\u00e4 tuoksusi. N\u00e4in vauva voi tuntea l\u00e4heisyytesi my\u00f6s silloin, kun et ole paikalla.<br data-start=\"2713\" data-end=\"2716\" \/>\u2022\u00a0<strong data-start=\"1559\" data-end=\"1574\">Tutkiminen.<\/strong>\u00a0Virkattu lelu tarjoaa monipuolisen tuntokokemuksen, joka kiinnostaa lasta ja tukee ymp\u00e4rist\u00f6n tutkimista.<br data-start=\"2861\" data-end=\"2864\" \/>\u2022\u00a0<strong data-start=\"1685\" data-end=\"1705\">Ihania muistoja.<\/strong>\u00a0Lelujamme voi k\u00e4ytt\u00e4\u00e4 rekvisiittana vastasyntyneiden kuvauksissa.<br data-start=\"2951\" data-end=\"2954\" \/>\u2022\u00a0<strong data-start=\"1776\" data-end=\"1801\">Rauhoittava mukavuus.<\/strong>\u00a0Virkattu unilelu voi tuoda vauvalle mukavuuden ja turvallisuuden tunnetta p\u00e4ivin ja \u00f6in.<\/p>\n<p data-start=\"3070\" data-end=\"3280\"><strong data-start=\"3070\" data-end=\"3095\">T\u00e4ydellinen lahjaksi:<\/strong><br data-start=\"3095\" data-end=\"3098\" \/>\u2022 Erinomainen lahja vauvakutsuille, lahjarekisteriin, syntym\u00e4p\u00e4iv\u00e4ksi, jouluksi tai mihin tahansa juhlaan.<br data-start=\"3204\" data-end=\"3207\" \/>\u2022 Uniikki lelu, joka on my\u00f6s vieh\u00e4tt\u00e4v\u00e4 lis\u00e4 lapsen huoneen sisustukseen.<\/p>\n<p data-start=\"3282\" data-end=\"3479\"><strong>Koko:<\/strong> noin 85 cm (33,5\u201d)<br data-start=\"3310\" data-end=\"3313\" \/><strong data-start=\"3313\" data-end=\"3323\">Lanka:<\/strong> 100 % mikropolyesteri (Oeko-Tex 100 Standard) ja 100 % polyesteri keinoturkis. Hypoallergeeninen, pehme\u00e4 ja lapsille turvallinen.<br data-start=\"3453\" data-end=\"3456\" \/><strong data-start=\"3456\" data-end=\"3466\">T\u00e4yte:<\/strong> Holokuitu.<\/p>\n<p data-start=\"3481\" data-end=\"3585\">Lelut valmistetaan savuttomassa ja lemmikitt\u00f6m\u00e4ss\u00e4 kodissa.<br data-start=\"3540\" data-end=\"3543\" \/>Valmistettu Virossa, Euroopan unionissa.<\/p>\n<p data-start=\"3832\" data-end=\"3897\"><strong data-start=\"3832\" data-end=\"3853\">Pakkaus sis\u00e4lt\u00e4\u00e4:<\/strong><br data-start=\"3853\" data-end=\"3856\" \/>\u2022 1x virkattu uniriepu tai pehmolelu<\/p>\n<p data-start=\"3899\" data-end=\"4009\"><strong data-start=\"3899\" data-end=\"3930\">T\u00e4ydellinen lahja vauvalle!<\/strong><br data-start=\"3930\" data-end=\"3933\" \/>Lahjapakkaus valmiina vauvakutsuille, lahjarekisteriin tai syntym\u00e4p\u00e4iv\u00e4\u00e4n.<\/p>\n<p data-start=\"4011\" data-end=\"4178\"><strong data-start=\"4011\" data-end=\"4028\">Hoito-ohjeet:<\/strong><br data-start=\"4028\" data-end=\"4031\" \/>\u2022 K\u00e4yt\u00e4 nestem\u00e4isi\u00e4, hypoallergeenisia pesuaineita.<br data-start=\"4082\" data-end=\"4085\" \/>\u2022 K\u00e4yt\u00e4 pesukoneen hell\u00e4varaista ohjelmaa 30 asteessa, 30 minuuttia.<br data-start=\"4153\" data-end=\"4156\" \/>\u2022 Kuivaa lelu tasolla.<\/p>\n","protected":false},"excerpt":{"rendered":"<p>Etsitk\u00f6 ainutlaatuista ja mukavaa nukkumakaveria pienokaisellesi? Ei tarvitse etsi\u00e4 enemp\u00e4\u00e4, sill\u00e4 t\u00e4m\u00e4 s\u00f6p\u00f6 virkattu lelu on juuri sopiva! Se sopii t\u00e4ydellisesti halattavaksi nukkumaanmenoaikana ja hauskaan leikkiin p\u00e4iv\u00e4saikaan, mik\u00e4 tekee siit\u00e4 ihanteellisen lahjan vauvalle tai lapselle, i\u00e4st\u00e4 riippumatta.<\/p>\n","protected":false},"featured_media":43125,"comment_status":"open","ping_status":"closed","template":"","meta":[],"product_brand":[],"product_cat":[199,198,185],"product_tag":[],"class_list":{"0":"post-43075","1":"product","2":"type-product","3":"status-publish","4":"has-post-thumbnail","6":"product_cat-pehmolelut","7":"product_cat-sylikummit","8":"product_cat-valmistettu-tilausta","10":"first","11":"onbackorder","12":"taxable","13":"shipping-taxable","14":"purchasable","15":"product-type-variable"},"_links":{"self":[{"href":"https:\/\/tinyknit.eu\/fi\/wp-json\/wp\/v2\/product\/43075","targetHints":{"allow":["GET"]}}],"collection":[{"href":"https:\/\/tinyknit.eu\/fi\/wp-json\/wp\/v2\/product"}],"about":[{"href":"https:\/\/tinyknit.eu\/fi\/wp-json\/wp\/v2\/types\/product"}],"replies":[{"embeddable":true,"href":"https:\/\/tinyknit.eu\/fi\/wp-json\/wp\/v2\/comments?post=43075"}],"version-history":[{"count":1,"href":"https:\/\/tinyknit.eu\/fi\/wp-json\/wp\/v2\/product\/43075\/revisions"}],"predecessor-version":[{"id":43154,"href":"https:\/\/tinyknit.eu\/fi\/wp-json\/wp\/v2\/product\/43075\/revisions\/43154"}],"wp:featuredmedia":[{"embeddable":true,"href":"https:\/\/tinyknit.eu\/fi\/wp-json\/wp\/v2\/media\/43125"}],"wp:attachment":[{"href":"https:\/\/tinyknit.eu\/fi\/wp-json\/wp\/v2\/media?parent=43075"}],"wp:term":[{"taxonomy":"product_brand","embeddable":true,"href":"https:\/\/tinyknit.eu\/fi\/wp-json\/wp\/v2\/product_brand?post=43075"},{"taxonomy":"product_cat","embeddable":true,"href":"https:\/\/tinyknit.eu\/fi\/wp-json\/wp\/v2\/product_cat?post=43075"},{"taxonomy":"product_tag","embeddable":true,"href":"https:\/\/tinyknit.eu\/fi\/wp-json\/wp\/v2\/product_tag?post=43075"}],"curies":[{"name":"wp","href":"https:\/\/api.w.org\/{rel}","templated":true}]}}