{"id":38802,"date":"2025-12-06T13:58:59","date_gmt":"2025-12-06T13:58:59","guid":{"rendered":"https:\/\/tinyknit.eu\/?post_type=product&#038;p=38802"},"modified":"2025-12-06T14:13:37","modified_gmt":"2025-12-06T14:13:37","slug":"juhlakoriste-joulukoriste-joulusukka","status":"publish","type":"product","link":"https:\/\/tinyknit.eu\/fi\/product\/koti-ja-sisustus\/juhlakoriste-joulukoriste-joulusukka\/","title":{"rendered":"Juhlakoriste, joulukoriste \u2013 Joulusukka"},"content":{"rendered":"<p data-start=\"2485\" data-end=\"2673\">Tuo kotiisi l\u00e4mp\u00f6\u00e4 ja juhlatunnelmaa ihanalla joulusukallamme! Se sopii t\u00e4ydellisesti takan reunalle, joulunurkkaan tai kausikuvausta varten ja lis\u00e4\u00e4 juuri sopivan ripauksen joulun taikaa.<\/p>\n<p data-start=\"2675\" data-end=\"2867\">Korkealaatuisista materiaaleista valmistettu sukka on huolellisesti virkattu ja suunniteltu perinteiseen joulutyyliin. Se s\u00e4ilytt\u00e4\u00e4 muotonsa kauniisti ja ilahduttaa sisustuksessa vuosien ajan.<\/p>\n<p data-start=\"2869\" data-end=\"3095\"><strong data-start=\"2869\" data-end=\"2886\">Ominaisuudet:<\/strong><br data-start=\"2886\" data-end=\"2889\" \/>\u2022 T\u00e4ydellinen pienten lahjojen ja yll\u00e4tyksien s\u00e4ilytt\u00e4miseen<br data-start=\"2949\" data-end=\"2952\" \/>\u2022 L\u00e4mmin ja juhlava v\u00e4ripaletti<br data-start=\"2983\" data-end=\"2986\" \/>\u2022 Sopii takan reunalle, sein\u00e4lle, hyllylle tai lastenhuoneeseen<br data-start=\"3049\" data-end=\"3052\" \/>\u2022 Ihana joululahja perheelle ja yst\u00e4ville<\/p>\n<p data-start=\"3097\" data-end=\"3292\"><strong data-start=\"3097\" data-end=\"3106\">Koko:<\/strong> n. 40 \u00d7 15 cm (15,7\u201d \u00d7 5,9\u201d)<br data-start=\"3135\" data-end=\"3138\" \/><strong data-start=\"3138\" data-end=\"3153\">Materiaali:<\/strong> k\u00e4sin neulottu hypoallergeenisesta plyysi- ja puuvillalangasta, t\u00e4ytteen\u00e4 holokuitu. Valmistettu savuttomassa ja lemmikkivapaassa kodissa.<\/p>\n<p data-start=\"3294\" data-end=\"3334\">Valmistettu Virossa, Euroopan unionissa.<\/p>\n<p data-start=\"3336\" data-end=\"3379\"><strong data-start=\"3336\" data-end=\"3357\">Pakkaus sis\u00e4lt\u00e4\u00e4:<\/strong><br data-start=\"3357\" data-end=\"3360\" \/>\u2022 1\u00d7 joulukoriste<\/p>\n<p data-start=\"3381\" data-end=\"3590\"><strong data-start=\"3381\" data-end=\"3398\">Hoito-ohjeet:<\/strong><br data-start=\"3398\" data-end=\"3401\" \/>\u2022 K\u00e4yt\u00e4 pesukoneen hienopesuohjelmaa 30 \u00b0C:ssa 30 minuutin ajan.<br data-start=\"3465\" data-end=\"3468\" \/>\u2022 Suosittelemme pesupussia vaurioiden v\u00e4ltt\u00e4miseksi.<br data-start=\"3520\" data-end=\"3523\" \/>\u2022 Kuivaa tasolla pesun j\u00e4lkeen.<br data-start=\"3554\" data-end=\"3557\" \/>\u2022 \u00c4l\u00e4 ripusta, v\u00e4\u00e4nn\u00e4 tai silit\u00e4.<\/p>\n","protected":false},"excerpt":{"rendered":"<p>Tuo kotiisi l\u00e4mp\u00f6\u00e4 ja juhlatunnelmaa ihanalla joulusukallamme! Se sopii t\u00e4ydellisesti takan reunalle, joulunurkkaan tai kausikuvausta varten ja lis\u00e4\u00e4 juuri sopivan ripauksen joulun taikaa.<\/p>\n","protected":false},"featured_media":38856,"comment_status":"open","ping_status":"closed","template":"","meta":[],"product_brand":[],"product_cat":[279,185],"product_tag":[],"class_list":{"0":"post-38802","1":"product","2":"type-product","3":"status-publish","4":"has-post-thumbnail","6":"product_cat-koti-ja-sisustus","7":"product_cat-valmistettu-tilausta","9":"first","10":"onbackorder","11":"taxable","12":"shipping-taxable","13":"purchasable","14":"product-type-variable"},"_links":{"self":[{"href":"https:\/\/tinyknit.eu\/fi\/wp-json\/wp\/v2\/product\/38802","targetHints":{"allow":["GET"]}}],"collection":[{"href":"https:\/\/tinyknit.eu\/fi\/wp-json\/wp\/v2\/product"}],"about":[{"href":"https:\/\/tinyknit.eu\/fi\/wp-json\/wp\/v2\/types\/product"}],"replies":[{"embeddable":true,"href":"https:\/\/tinyknit.eu\/fi\/wp-json\/wp\/v2\/comments?post=38802"}],"version-history":[{"count":1,"href":"https:\/\/tinyknit.eu\/fi\/wp-json\/wp\/v2\/product\/38802\/revisions"}],"predecessor-version":[{"id":38888,"href":"https:\/\/tinyknit.eu\/fi\/wp-json\/wp\/v2\/product\/38802\/revisions\/38888"}],"wp:featuredmedia":[{"embeddable":true,"href":"https:\/\/tinyknit.eu\/fi\/wp-json\/wp\/v2\/media\/38856"}],"wp:attachment":[{"href":"https:\/\/tinyknit.eu\/fi\/wp-json\/wp\/v2\/media?parent=38802"}],"wp:term":[{"taxonomy":"product_brand","embeddable":true,"href":"https:\/\/tinyknit.eu\/fi\/wp-json\/wp\/v2\/product_brand?post=38802"},{"taxonomy":"product_cat","embeddable":true,"href":"https:\/\/tinyknit.eu\/fi\/wp-json\/wp\/v2\/product_cat?post=38802"},{"taxonomy":"product_tag","embeddable":true,"href":"https:\/\/tinyknit.eu\/fi\/wp-json\/wp\/v2\/product_tag?post=38802"}],"curies":[{"name":"wp","href":"https:\/\/api.w.org\/{rel}","templated":true}]}}