{"id":37804,"date":"2025-11-30T11:32:00","date_gmt":"2025-11-30T11:32:00","guid":{"rendered":"https:\/\/tinyknit.eu\/?post_type=product&#038;p=37804"},"modified":"2025-11-30T11:51:55","modified_gmt":"2025-11-30T11:51:55","slug":"pehmea-tyyny-lapsille-joulukuusi","status":"publish","type":"product","link":"https:\/\/tinyknit.eu\/fi\/product\/koti-ja-sisustus\/pehmea-tyyny-lapsille-joulukuusi\/","title":{"rendered":"Pehme\u00e4 tyyny lapsille &#8211; Joulukuusi"},"content":{"rendered":"<p><strong>Pehme\u00e4t tyynyt voivat<\/strong> olla t\u00e4ydellinen lis\u00e4ys yksinkertaiselle ja hillitylle vauvanhuoneelle. Laittamalla ne lapsen s\u00e4nkyyn tai pinnas\u00e4nkyyn, voit parantaa kokonaisuuden suunnittelua elegantilla kosketuksella. Tyynyjen kauniit ja luonnolliset s\u00e4vyt luovat my\u00f6s l\u00e4mpim\u00e4n ja kutsuvan ilmapiirin kotiisi.<\/p>\n<p><strong>Ominaisuudet:<\/strong><br \/>\n\u2022 Tyyny voi rikastuttaa tuntoaistimusta, koska se yhdist\u00e4\u00e4 erilaisia tekstuurilankoja, mik\u00e4 on mielenkiintoista lapselle ja auttaa heit\u00e4 oppimaan ymp\u00e4r\u00f6iv\u00e4st\u00e4 maailmasta.<br \/>\n\u2022 Kaikki tyynyt on valmistettu hypoallergeenisist\u00e4 materiaaleista, mik\u00e4 tekee niist\u00e4 turvallisia lapselle.<br \/>\n\u2022 Tyyny voi olla mielenkiintoinen lis\u00e4ys mink\u00e4 tahansa lapsen makuuhuoneen sisustukseen.<\/p>\n<p><strong>Koot:<\/strong><br data-start=\"425\" data-end=\"428\" \/>\u2022 Pieni tyyny n. 35 \u00d7 30 cm (13,7\u201d \u00d7 11,8\u201d)<br data-start=\"471\" data-end=\"474\" \/>\u2022 Suuri tyyny n. 45 \u00d7 37 cm (17,7\u201d \u00d7 14,5\u201d)<\/p>\n<p><strong>Materiaali:<\/strong>\u00a0T\u00e4m\u00e4 tuote on\u00a0<strong>k\u00e4sin neulottu hypoallergeenisesta, pehme\u00e4st\u00e4 ja puuvillalangasta.<\/strong>\u00a0Se on t\u00e4ytetty holofiberilla ja tehty savuttomassa ja el\u00e4invapaassa kodissa.<\/p>\n<p><strong>Valmistettu Virossa, Euroopan unionissa.<\/strong><\/p>\n<p><strong>Pakkaus sis\u00e4lt\u00e4\u00e4:<\/strong><br \/>\n\u2022 1x Pehme\u00e4 tyyny lapsille<\/p>\n<p><strong>T\u00e4ydellinen lahja vauvalle!<\/strong><br \/>\nValmiiksi pakattu lahja mihin tahansa vauvakutsuihin, vauvarekisteriin tai syntym\u00e4p\u00e4iv\u00e4juhlaan.<\/p>\n<p><strong>Hoito-ohjeet:<br \/>\n<\/strong>\u2022 Allergisten reaktioiden v\u00e4ltt\u00e4miseksi k\u00e4yt\u00e4 nestem\u00e4isi\u00e4 ja hypoallergeenisia pesuaineita.<br \/>\n\u2022 K\u00e4yt\u00e4 pesukoneen herkk\u00e4\u00e4 pesuohjelmaa ja aseta l\u00e4mp\u00f6tila 30 asteeseen 30 minuutin ajaksi.<br \/>\n\u2022 Pesun j\u00e4lkeen<\/p>\n","protected":false},"excerpt":{"rendered":"<p><strong>Pehme\u00e4t tyynyt voivat<\/strong> olla t\u00e4ydellinen lis\u00e4ys yksinkertaiselle ja hillitylle vauvanhuoneelle. Laittamalla ne lapsen s\u00e4nkyyn tai pinnas\u00e4nkyyn, voit parantaa kokonaisuuden suunnittelua elegantilla kosketuksella. Tyynyjen kauniit ja luonnolliset s\u00e4vyt luovat my\u00f6s l\u00e4mpim\u00e4n ja kutsuvan ilmapiirin kotiisi.<\/p>\n","protected":false},"featured_media":37842,"comment_status":"open","ping_status":"closed","template":"","meta":[],"product_brand":[],"product_cat":[279,197,185],"product_tag":[],"class_list":{"0":"post-37804","1":"product","2":"type-product","3":"status-publish","4":"has-post-thumbnail","6":"product_cat-koti-ja-sisustus","7":"product_cat-tyynyt","8":"product_cat-valmistettu-tilausta","10":"first","11":"onbackorder","12":"taxable","13":"shipping-taxable","14":"purchasable","15":"product-type-variable"},"_links":{"self":[{"href":"https:\/\/tinyknit.eu\/fi\/wp-json\/wp\/v2\/product\/37804","targetHints":{"allow":["GET"]}}],"collection":[{"href":"https:\/\/tinyknit.eu\/fi\/wp-json\/wp\/v2\/product"}],"about":[{"href":"https:\/\/tinyknit.eu\/fi\/wp-json\/wp\/v2\/types\/product"}],"replies":[{"embeddable":true,"href":"https:\/\/tinyknit.eu\/fi\/wp-json\/wp\/v2\/comments?post=37804"}],"version-history":[{"count":1,"href":"https:\/\/tinyknit.eu\/fi\/wp-json\/wp\/v2\/product\/37804\/revisions"}],"predecessor-version":[{"id":37912,"href":"https:\/\/tinyknit.eu\/fi\/wp-json\/wp\/v2\/product\/37804\/revisions\/37912"}],"wp:featuredmedia":[{"embeddable":true,"href":"https:\/\/tinyknit.eu\/fi\/wp-json\/wp\/v2\/media\/37842"}],"wp:attachment":[{"href":"https:\/\/tinyknit.eu\/fi\/wp-json\/wp\/v2\/media?parent=37804"}],"wp:term":[{"taxonomy":"product_brand","embeddable":true,"href":"https:\/\/tinyknit.eu\/fi\/wp-json\/wp\/v2\/product_brand?post=37804"},{"taxonomy":"product_cat","embeddable":true,"href":"https:\/\/tinyknit.eu\/fi\/wp-json\/wp\/v2\/product_cat?post=37804"},{"taxonomy":"product_tag","embeddable":true,"href":"https:\/\/tinyknit.eu\/fi\/wp-json\/wp\/v2\/product_tag?post=37804"}],"curies":[{"name":"wp","href":"https:\/\/api.w.org\/{rel}","templated":true}]}}