{"id":36588,"date":"2025-11-23T19:55:05","date_gmt":"2025-11-23T19:55:05","guid":{"rendered":"https:\/\/tinyknit.eu\/?post_type=product&#038;p=36588"},"modified":"2025-11-23T20:18:10","modified_gmt":"2025-11-23T20:18:10","slug":"virkattu-pehmolelu-halilelu-joulutontut-2-kappaleen-setti","status":"publish","type":"product","link":"https:\/\/tinyknit.eu\/fi\/product\/koti-ja-sisustus\/virkattu-pehmolelu-halilelu-joulutontut-2-kappaleen-setti\/","title":{"rendered":"Virkattu pehmolelu, halilelu \u2013 Joulutontut (2 kappaleen setti)"},"content":{"rendered":"<div class=\"woocommerce-tabs wc-tabs-wrapper tabs-layout-tabs\" data-state=\"first\" data-layout=\"tabs\">\n<div class=\"wd-accordion-item\">\n<div id=\"tab-description\" class=\"entry-content woocommerce-Tabs-panel woocommerce-Tabs-panel--description wd-active panel wc-tab\" role=\"tabpanel\" aria-labelledby=\"tab-title-description\" data-accordion-index=\"description\">\n<div class=\"wc-tab-inner\">\n<p data-start=\"3346\" data-end=\"3583\">Tuo kotiisi kodikasta jouluntaikaa n\u00e4ill\u00e4 suloisilla k\u00e4sin virkatuilla tontuilla! Jokainen tonttu on tehty amigurumi-tekniikalla k\u00e4ytt\u00e4en pehme\u00e4\u00e4, p\u00f6rr\u00f6ist\u00e4 lankaa, mik\u00e4 tekee niist\u00e4 ihanan puristeltavia, teksturoituja ja persoonallisia.<\/p>\n<p data-start=\"3585\" data-end=\"3814\"><strong>Ominaisuudet:<\/strong><br data-start=\"3598\" data-end=\"3601\" \/>\u2022 T\u00e4ysin k\u00e4sintehty \u2014 virkattu rakkaudella ja huolella.<br data-start=\"3656\" data-end=\"3659\" \/>\u2022 Pehme\u00e4 ja korkealaatuinen lanka \u2014 turvallinen, kest\u00e4v\u00e4 ja miellytt\u00e4v\u00e4 koskettaa.<br data-start=\"3741\" data-end=\"3744\" \/>\u2022 Skandinaavinen joulutyyli \u2014 t\u00e4ydellinen talvi- ja joulusisustukseen.<\/p>\n<p data-start=\"3816\" data-end=\"3863\"><strong>Koko:<\/strong><br data-start=\"3821\" data-end=\"3824\" \/>Pieni tonttu: 24 cm<br data-start=\"3843\" data-end=\"3846\" \/>Iso tonttu: 30 cm<\/p>\n<p data-start=\"3865\" data-end=\"4036\"><strong>Materiaali:<\/strong> Tuote on k\u00e4sin neulottu hypoallergeenisesta, p\u00f6rr\u00f6isest\u00e4 ja puuvillaisesta langasta. T\u00e4ytteen\u00e4 holokuitu. Valmistettu savuttomassa ja lemmikkivapaassa kodissa.<\/p>\n<p data-start=\"4038\" data-end=\"4078\"><strong>Valmistettu Virossa, Euroopan unionissa.<\/strong><\/p>\n<p data-start=\"4080\" data-end=\"4127\"><strong>Setin sis\u00e4lt\u00f6:<\/strong><br data-start=\"4094\" data-end=\"4097\" \/>\u2022 1\u00d7 Joulutontut (2 kpl setti)<\/p>\n<p data-start=\"4129\" data-end=\"4453\"><strong>T\u00e4ydellinen:<\/strong><br data-start=\"4141\" data-end=\"4144\" \/>\u2022 Olohuoneen, hyllyn, takan, lastenhuoneen tai toimiston sisustamiseen.<br data-start=\"4215\" data-end=\"4218\" \/>\u2022 Kodin jouluisen ja l\u00e4mpim\u00e4n tunnelman luomiseen.<br data-start=\"4268\" data-end=\"4271\" \/>\u2022 Joululahjaksi perheelle, yst\u00e4ville tai ty\u00f6kavereille.<br data-start=\"4326\" data-end=\"4329\" \/>\u2022 K\u00e4sintehtyjen ja skandinaavisten koristeiden ker\u00e4ilij\u00f6ille.<br data-start=\"4390\" data-end=\"4393\" \/>Lelut valmistetaan savuttomassa ja lemmikkivapaassa kodissa.<\/p>\n<p data-start=\"4455\" data-end=\"4845\"><strong>Hoito-ohjeet:<\/strong><br data-start=\"4468\" data-end=\"4471\" \/>Lasten turvallisuuden vuoksi emme k\u00e4sittele leluja kemikaaleilla ennen l\u00e4hett\u00e4mist\u00e4. Voit pest\u00e4 tuotteen itse sopivalla pesuaineella. Voit my\u00f6s h\u00f6yrytt\u00e4\u00e4 ilman kemikaaleja.<br data-start=\"4643\" data-end=\"4646\" \/>\u2022 K\u00e4yt\u00e4 nestem\u00e4isi\u00e4, hypoallergeenisia pesuaineita.<br data-start=\"4697\" data-end=\"4700\" \/>\u2022 Hell\u00e4varainen pesu 30 asteessa 30 minuutin ajan.<br data-start=\"4750\" data-end=\"4753\" \/>\u2022 Suosittelemme pesupussin k\u00e4ytt\u00f6\u00e4 vaurioiden est\u00e4miseksi.<br data-start=\"4811\" data-end=\"4814\" \/>\u2022 Kuivaa tasolla pesun j\u00e4lkeen.<\/p>\n<\/div>\n<\/div>\n<\/div>\n<\/div>\n","protected":false},"excerpt":{"rendered":"<p>Tuo kotiisi kodikasta jouluntaikaa n\u00e4ill\u00e4 suloisilla k\u00e4sin virkatuilla tontuilla! Jokainen tonttu on tehty amigurumi-tekniikalla k\u00e4ytt\u00e4en pehme\u00e4\u00e4, p\u00f6rr\u00f6ist\u00e4 lankaa, mik\u00e4 tekee niist\u00e4 ihanan puristeltavia, teksturoituja ja persoonallisia.<\/p>\n<p><iframe title=\"YouTube video player\" src=\"https:\/\/www.youtube.com\/embed\/kdKQTc8hWAE?si=tR1h8f48rPcVOMxP\" width=\"560\" height=\"315\" frameborder=\"0\" allowfullscreen=\"allowfullscreen\"><\/iframe><\/p>\n","protected":false},"featured_media":36622,"comment_status":"open","ping_status":"closed","template":"","meta":[],"product_brand":[],"product_cat":[279,199,185],"product_tag":[],"class_list":{"0":"post-36588","1":"product","2":"type-product","3":"status-publish","4":"has-post-thumbnail","6":"product_cat-koti-ja-sisustus","7":"product_cat-pehmolelut","8":"product_cat-valmistettu-tilausta","10":"first","11":"onbackorder","12":"taxable","13":"shipping-taxable","14":"purchasable","15":"product-type-variable"},"_links":{"self":[{"href":"https:\/\/tinyknit.eu\/fi\/wp-json\/wp\/v2\/product\/36588","targetHints":{"allow":["GET"]}}],"collection":[{"href":"https:\/\/tinyknit.eu\/fi\/wp-json\/wp\/v2\/product"}],"about":[{"href":"https:\/\/tinyknit.eu\/fi\/wp-json\/wp\/v2\/types\/product"}],"replies":[{"embeddable":true,"href":"https:\/\/tinyknit.eu\/fi\/wp-json\/wp\/v2\/comments?post=36588"}],"version-history":[{"count":1,"href":"https:\/\/tinyknit.eu\/fi\/wp-json\/wp\/v2\/product\/36588\/revisions"}],"predecessor-version":[{"id":36751,"href":"https:\/\/tinyknit.eu\/fi\/wp-json\/wp\/v2\/product\/36588\/revisions\/36751"}],"wp:featuredmedia":[{"embeddable":true,"href":"https:\/\/tinyknit.eu\/fi\/wp-json\/wp\/v2\/media\/36622"}],"wp:attachment":[{"href":"https:\/\/tinyknit.eu\/fi\/wp-json\/wp\/v2\/media?parent=36588"}],"wp:term":[{"taxonomy":"product_brand","embeddable":true,"href":"https:\/\/tinyknit.eu\/fi\/wp-json\/wp\/v2\/product_brand?post=36588"},{"taxonomy":"product_cat","embeddable":true,"href":"https:\/\/tinyknit.eu\/fi\/wp-json\/wp\/v2\/product_cat?post=36588"},{"taxonomy":"product_tag","embeddable":true,"href":"https:\/\/tinyknit.eu\/fi\/wp-json\/wp\/v2\/product_tag?post=36588"}],"curies":[{"name":"wp","href":"https:\/\/api.w.org\/{rel}","templated":true}]}}