{"id":34428,"date":"2025-10-26T19:40:19","date_gmt":"2025-10-26T19:40:19","guid":{"rendered":"https:\/\/tinyknit.eu\/?post_type=product&#038;p=34428"},"modified":"2025-10-26T19:54:05","modified_gmt":"2025-10-26T19:54:05","slug":"unilelu-vauvan-uniliina-hedwig-pollo","status":"publish","type":"product","link":"https:\/\/tinyknit.eu\/fi\/product\/sylikummit\/unilelu-vauvan-uniliina-hedwig-pollo\/","title":{"rendered":"Unilelu, vauvan uniliina &#8211; Hedwig (P\u00f6ll\u00f6)"},"content":{"rendered":"<p data-start=\"2182\" data-end=\"2472\">Etsitk\u00f6 ainutlaatuista ja pehme\u00e4\u00e4 unilelua pienokaisellesi? \u00c4l\u00e4 etsi en\u00e4\u00e4 \u2013 t\u00e4m\u00e4 suloinen virkattu lelu on t\u00e4ydellinen valinta! Se sopii erinomaisesti halailuun nukkumaanmenon aikaan ja hauskoihin leikkeihin p\u00e4ivisin, tehden siit\u00e4 ihanteellisen lahjan kaikenik\u00e4isille vauvoille ja lapsille.<\/p>\n<p data-start=\"2474\" data-end=\"3068\"><strong data-start=\"2474\" data-end=\"2491\">Ominaisuudet:<\/strong><br data-start=\"2491\" data-end=\"2494\" \/>\u2022 <strong data-start=\"2496\" data-end=\"2518\">Yhteys vanhempiin.<\/strong> Leluun voi j\u00e4\u00e4d\u00e4 \u00e4idin tai is\u00e4n tuoksu. Aseta lelu vauvan viereen ruokinnan tai keinutuksen aikana, ja se imee hajusi itseens\u00e4. N\u00e4in vauva tuntee l\u00e4heisyytesi aina, vaikka et olisikaan paikalla.<br data-start=\"2713\" data-end=\"2716\" \/>\u2022 <strong data-start=\"2718\" data-end=\"2733\">Tutkiminen.<\/strong> Virkattu Hedwig-lelu tarjoaa rikkaan tuntoaistimuksen, joka her\u00e4tt\u00e4\u00e4 lapsen kiinnostuksen ja tukee h\u00e4nen maailman tutkimistaan.<br data-start=\"2861\" data-end=\"2864\" \/>\u2022 <strong data-start=\"2866\" data-end=\"2878\">Muistot.<\/strong> Lelut sopivat t\u00e4ydellisesti vastasyntyneen valokuvaukseen rekvisiitaksi.<br data-start=\"2951\" data-end=\"2954\" \/>\u2022 <strong data-start=\"2956\" data-end=\"2981\">Rauhoittava vaikutus.<\/strong> Virkattu Hedwig-pehmolelu luo vauvalle mukavuutta ja turvallisuutta p\u00e4iv\u00e4ll\u00e4 ja y\u00f6ll\u00e4.<\/p>\n<p data-start=\"3070\" data-end=\"3280\"><strong data-start=\"3070\" data-end=\"3095\">T\u00e4ydellinen lahjaksi:<\/strong><br data-start=\"3095\" data-end=\"3098\" \/>\u2022 Erinomainen lahja vauvakutsuille, lahjarekisteriin, syntym\u00e4p\u00e4iv\u00e4ksi, jouluksi tai mihin tahansa juhlaan.<br data-start=\"3204\" data-end=\"3207\" \/>\u2022 Uniikki lelu, joka on my\u00f6s vieh\u00e4tt\u00e4v\u00e4 lis\u00e4 lapsen huoneen sisustukseen.<\/p>\n<p data-start=\"3282\" data-end=\"3479\"><strong data-start=\"3282\" data-end=\"3291\">Koko:<\/strong> noin 35 cm (13,7\u201d)<br data-start=\"3310\" data-end=\"3313\" \/><strong data-start=\"3313\" data-end=\"3323\">Lanka:<\/strong> 100 % mikropolyesteri (Oeko-Tex 100 Standard) ja 100 % polyesteri keinoturkis. Hypoallergeeninen, pehme\u00e4 ja lapsille turvallinen.<br data-start=\"3453\" data-end=\"3456\" \/><strong data-start=\"3456\" data-end=\"3466\">T\u00e4yte:<\/strong> Holokuitu.<\/p>\n<p data-start=\"3481\" data-end=\"3585\">Lelut valmistetaan savuttomassa ja lemmikitt\u00f6m\u00e4ss\u00e4 kodissa.<br data-start=\"3540\" data-end=\"3543\" \/>Valmistettu Virossa, Euroopan unionissa.<\/p>\n<p data-start=\"3587\" data-end=\"3830\">Kolme tyyli\u00e4 \u2013 katso kuvat:<br data-start=\"3614\" data-end=\"3617\" \/><strong data-start=\"3617\" data-end=\"3629\">Tyyli #1<\/strong> \u2013 Viile\u00e4nharmaa vartalo ja samanv\u00e4rinen huivi<br data-start=\"3675\" data-end=\"3678\" \/><strong data-start=\"3678\" data-end=\"3690\">Tyyli #2<\/strong> \u2013 Valkoinen vartalo, viile\u00e4nharmaa nokka ja jalat, v\u00e4rik\u00e4s huivi<br data-start=\"3755\" data-end=\"3758\" \/><strong data-start=\"3758\" data-end=\"3770\">Tyyli #3<\/strong> \u2013 Valkoinen vartalo, ruskea nokka ja jalat, v\u00e4rik\u00e4s huivi<\/p>\n<p data-start=\"3832\" data-end=\"3897\"><strong data-start=\"3832\" data-end=\"3853\">Pakkaus sis\u00e4lt\u00e4\u00e4:<\/strong><br data-start=\"3853\" data-end=\"3856\" \/>\u2022 1x virkattu karvainen Hedwig-uniriepu<\/p>\n<p data-start=\"3899\" data-end=\"4009\"><strong data-start=\"3899\" data-end=\"3930\">T\u00e4ydellinen lahja vauvalle!<\/strong><br data-start=\"3930\" data-end=\"3933\" \/>Lahjapakkaus valmiina vauvakutsuille, lahjarekisteriin tai syntym\u00e4p\u00e4iv\u00e4\u00e4n.<\/p>\n<p data-start=\"4011\" data-end=\"4178\"><strong data-start=\"4011\" data-end=\"4028\">Hoito-ohjeet:<\/strong><br data-start=\"4028\" data-end=\"4031\" \/>\u2022 K\u00e4yt\u00e4 nestem\u00e4isi\u00e4, hypoallergeenisia pesuaineita.<br data-start=\"4082\" data-end=\"4085\" \/>\u2022 K\u00e4yt\u00e4 pesukoneen hell\u00e4varaista ohjelmaa 30 asteessa, 30 minuuttia.<br data-start=\"4153\" data-end=\"4156\" \/>\u2022 Kuivaa lelu tasolla.<\/p>\n","protected":false},"excerpt":{"rendered":"<p>Etsitk\u00f6 ainutlaatuista ja mukavaa nukkumakaveria pienokaisellesi? Ei tarvitse etsi\u00e4 enemp\u00e4\u00e4, sill\u00e4 t\u00e4m\u00e4 s\u00f6p\u00f6 virkattu lelu on juuri sopiva! Se sopii t\u00e4ydellisesti halattavaksi nukkumaanmenoaikana ja hauskaan leikkiin p\u00e4iv\u00e4saikaan, mik\u00e4 tekee siit\u00e4 ihanteellisen lahjan vauvalle tai lapselle, i\u00e4st\u00e4 riippumatta.<\/p>\n<p><iframe title=\"YouTube video player\" src=\"https:\/\/www.youtube.com\/embed\/6J_-fvB8jiU?si=Fe8wKpvAN9gsrWAX\" width=\"560\" height=\"315\" frameborder=\"0\" allowfullscreen=\"allowfullscreen\"><\/iframe><\/p>\n","protected":false},"featured_media":34434,"comment_status":"open","ping_status":"closed","template":"","meta":[],"product_brand":[],"product_cat":[198,185],"product_tag":[],"class_list":{"0":"post-34428","1":"product","2":"type-product","3":"status-publish","4":"has-post-thumbnail","6":"product_cat-sylikummit","7":"product_cat-valmistettu-tilausta","9":"first","10":"onbackorder","11":"taxable","12":"shipping-taxable","13":"purchasable","14":"product-type-variable"},"_links":{"self":[{"href":"https:\/\/tinyknit.eu\/fi\/wp-json\/wp\/v2\/product\/34428","targetHints":{"allow":["GET"]}}],"collection":[{"href":"https:\/\/tinyknit.eu\/fi\/wp-json\/wp\/v2\/product"}],"about":[{"href":"https:\/\/tinyknit.eu\/fi\/wp-json\/wp\/v2\/types\/product"}],"replies":[{"embeddable":true,"href":"https:\/\/tinyknit.eu\/fi\/wp-json\/wp\/v2\/comments?post=34428"}],"version-history":[{"count":1,"href":"https:\/\/tinyknit.eu\/fi\/wp-json\/wp\/v2\/product\/34428\/revisions"}],"predecessor-version":[{"id":34557,"href":"https:\/\/tinyknit.eu\/fi\/wp-json\/wp\/v2\/product\/34428\/revisions\/34557"}],"wp:featuredmedia":[{"embeddable":true,"href":"https:\/\/tinyknit.eu\/fi\/wp-json\/wp\/v2\/media\/34434"}],"wp:attachment":[{"href":"https:\/\/tinyknit.eu\/fi\/wp-json\/wp\/v2\/media?parent=34428"}],"wp:term":[{"taxonomy":"product_brand","embeddable":true,"href":"https:\/\/tinyknit.eu\/fi\/wp-json\/wp\/v2\/product_brand?post=34428"},{"taxonomy":"product_cat","embeddable":true,"href":"https:\/\/tinyknit.eu\/fi\/wp-json\/wp\/v2\/product_cat?post=34428"},{"taxonomy":"product_tag","embeddable":true,"href":"https:\/\/tinyknit.eu\/fi\/wp-json\/wp\/v2\/product_tag?post=34428"}],"curies":[{"name":"wp","href":"https:\/\/api.w.org\/{rel}","templated":true}]}}