{"id":27546,"date":"2025-04-05T19:37:46","date_gmt":"2025-04-05T19:37:46","guid":{"rendered":"https:\/\/tinyknit.eu\/?post_type=product&#038;p=27546"},"modified":"2025-04-05T19:41:24","modified_gmt":"2025-04-05T19:41:24","slug":"musliinipuuvillaiset-nenaliinat-3-kappaleen-setti","status":"publish","type":"product","link":"https:\/\/tinyknit.eu\/fi\/product\/musliinipuuvillaiset-nenaliinat\/musliinipuuvillaiset-nenaliinat-3-kappaleen-setti\/","title":{"rendered":"Musliinipuuvillaiset nen\u00e4liinat \u2013 3 kappaleen setti"},"content":{"rendered":"<p class=\"\" data-start=\"195\" data-end=\"444\">Musliinipuuvillainen nen\u00e4liinamme on hell\u00e4varainen vauvan iholle. Se on korkealaatuinen ja tuntuu miellytt\u00e4v\u00e4lt\u00e4, valmistettu 100 % puuvillamusliinikankaasta. Harsonen\u00e4liinoja k\u00e4ytet\u00e4\u00e4n usein vastasyntyneille esimerkiksi kuolan ja hien pyyhkimiseen.<\/p>\n<p class=\"\" data-start=\"446\" data-end=\"669\"><strong data-start=\"446\" data-end=\"463\">Ominaisuudet:<\/strong><br data-start=\"463\" data-end=\"466\" \/>\u2022 Luonnollisesti antibakteerinen<br data-start=\"498\" data-end=\"501\" \/>\u2022 Eritt\u00e4in pehme\u00e4 ja hengitt\u00e4v\u00e4<br data-start=\"532\" data-end=\"535\" \/>\u2022 Eritt\u00e4in imukykyinen \u2013 siirt\u00e4\u00e4 kosteuden pois iholta<br data-start=\"589\" data-end=\"592\" \/>\u2022 Turvallinen, jos lapsi laittaa sen suuhunsa<br data-start=\"637\" data-end=\"640\" \/>\u2022 Pehmenee jokaisessa pesussa<\/p>\n<p class=\"\" data-start=\"671\" data-end=\"725\"><strong data-start=\"671\" data-end=\"680\">Koko:<\/strong> ~27 x 27 cm<br data-start=\"692\" data-end=\"695\" \/><strong data-start=\"695\" data-end=\"710\">Materiaali:<\/strong> 100 % puuvilla<\/p>\n<p class=\"\" data-start=\"727\" data-end=\"784\"><strong data-start=\"727\" data-end=\"746\">Setti sis\u00e4lt\u00e4\u00e4:<\/strong><br data-start=\"746\" data-end=\"749\" \/>\u2022 3x Musliinipuuvillainen nen\u00e4liina<\/p>\n","protected":false},"excerpt":{"rendered":"<p>Musliinipuuvillainen nen\u00e4liinamme on hell\u00e4varainen vauvan iholle. Se on korkealaatuinen ja tuntuu miellytt\u00e4v\u00e4lt\u00e4, valmistettu 100 % puuvillamusliinikankaasta. Harsonen\u00e4liinoja k\u00e4ytet\u00e4\u00e4n usein vastasyntyneille esimerkiksi kuolan ja hien pyyhkimiseen.<\/p>\n","protected":false},"featured_media":27536,"comment_status":"open","ping_status":"closed","template":"","meta":[],"product_brand":[],"product_cat":[655],"product_tag":[],"class_list":{"0":"post-27546","1":"product","2":"type-product","3":"status-publish","4":"has-post-thumbnail","6":"product_cat-musliinipuuvillaiset-nenaliinat","8":"first","9":"outofstock","10":"taxable","11":"shipping-taxable","12":"purchasable","13":"product-type-simple"},"_links":{"self":[{"href":"https:\/\/tinyknit.eu\/fi\/wp-json\/wp\/v2\/product\/27546","targetHints":{"allow":["GET"]}}],"collection":[{"href":"https:\/\/tinyknit.eu\/fi\/wp-json\/wp\/v2\/product"}],"about":[{"href":"https:\/\/tinyknit.eu\/fi\/wp-json\/wp\/v2\/types\/product"}],"replies":[{"embeddable":true,"href":"https:\/\/tinyknit.eu\/fi\/wp-json\/wp\/v2\/comments?post=27546"}],"version-history":[{"count":1,"href":"https:\/\/tinyknit.eu\/fi\/wp-json\/wp\/v2\/product\/27546\/revisions"}],"predecessor-version":[{"id":27547,"href":"https:\/\/tinyknit.eu\/fi\/wp-json\/wp\/v2\/product\/27546\/revisions\/27547"}],"wp:featuredmedia":[{"embeddable":true,"href":"https:\/\/tinyknit.eu\/fi\/wp-json\/wp\/v2\/media\/27536"}],"wp:attachment":[{"href":"https:\/\/tinyknit.eu\/fi\/wp-json\/wp\/v2\/media?parent=27546"}],"wp:term":[{"taxonomy":"product_brand","embeddable":true,"href":"https:\/\/tinyknit.eu\/fi\/wp-json\/wp\/v2\/product_brand?post=27546"},{"taxonomy":"product_cat","embeddable":true,"href":"https:\/\/tinyknit.eu\/fi\/wp-json\/wp\/v2\/product_cat?post=27546"},{"taxonomy":"product_tag","embeddable":true,"href":"https:\/\/tinyknit.eu\/fi\/wp-json\/wp\/v2\/product_tag?post=27546"}],"curies":[{"name":"wp","href":"https:\/\/api.w.org\/{rel}","templated":true}]}}