{"id":27099,"date":"2025-03-12T17:08:43","date_gmt":"2025-03-12T17:08:43","guid":{"rendered":"https:\/\/tinyknit.eu\/?post_type=product&#038;p=27099"},"modified":"2025-04-05T18:56:41","modified_gmt":"2025-04-05T18:56:41","slug":"unilelu-vauvan-uniliina-janis-5","status":"publish","type":"product","link":"https:\/\/tinyknit.eu\/fi\/product\/sylikummit\/unilelu-vauvan-uniliina-janis-5\/","title":{"rendered":"Unilelu, vauvan uniliina &#8211; J\u00e4nis"},"content":{"rendered":"<p data-start=\"2068\" data-end=\"2341\">Etsitk\u00f6 ainutlaatuista ja mukavaa unikaveria pienokaisellesi? Ei tarvitse etsi\u00e4 en\u00e4\u00e4, sill\u00e4 t\u00e4m\u00e4 suloinen virkattu lelu on juuri t\u00e4ydellinen! Se sopii halittavaksi y\u00f6aikaan ja leikkeihin p\u00e4ivisin, tehden siit\u00e4 ihanteellisen lahjan vauvalle tai lapselle i\u00e4st\u00e4 riippumatta.<\/p>\n<p data-start=\"2343\" data-end=\"3006\"><strong data-start=\"2343\" data-end=\"2360\">Ominaisuudet:<\/strong><br data-start=\"2360\" data-end=\"2363\" \/>\u2022 <strong data-start=\"2365\" data-end=\"2387\">Yhteys vanhempiin.<\/strong> Lelulla on kyky s\u00e4ilytt\u00e4\u00e4 \u00e4idin tai is\u00e4n tuoksu. Aseta lelu vauvan viereen imetyksen tai keinuttamisen aikana, ja se imee itseens\u00e4 hajusi. N\u00e4in vauva tuntee aina l\u00e4heisyytesi, vaikka et olisikaan paikalla.<br data-start=\"2593\" data-end=\"2596\" \/>\u2022 <strong data-start=\"2598\" data-end=\"2613\">Tutkiminen.<\/strong> Virkattu kissanpentu tarjoaa monipuolisen tuntokokemuksen, joka her\u00e4tt\u00e4\u00e4 lapsen mielenkiinnon ja auttaa h\u00e4nt\u00e4 tutkimaan ymp\u00e4rist\u00f6\u00e4\u00e4n.<br data-start=\"2747\" data-end=\"2750\" \/>\u2022 <strong data-start=\"2752\" data-end=\"2776\">Luo ihania muistoja.<\/strong> Lelumme sopivat erinomaisesti vastasyntyneiden valokuvaukseen.<br data-start=\"2839\" data-end=\"2842\" \/>\u2022 <strong data-start=\"2844\" data-end=\"2869\">Rauhoittava vaikutus.<\/strong> Virkattu kissanpentu tuo vauvalle turvaa ja mukavuutta sek\u00e4 p\u00e4iv\u00e4ll\u00e4 ett\u00e4 y\u00f6ll\u00e4.<br data-start=\"2950\" data-end=\"2953\" \/>\u2022 <strong data-start=\"2955\" data-end=\"3004\">Settiin kuuluu kaksi irrotettavaa siipiparia.<\/strong><\/p>\n<p data-start=\"3008\" data-end=\"3211\"><strong data-start=\"3008\" data-end=\"3024\">T\u00e4ydellinen:<\/strong><br data-start=\"3024\" data-end=\"3027\" \/>\u2022 Vauvakutsuille, lahjarekisteriin, syntym\u00e4p\u00e4iv\u00e4lahjaksi, jouluksi tai muihin erityistilaisuuksiin.<br data-start=\"3126\" data-end=\"3129\" \/>\u2022 Uniikki lelu, joka sopii my\u00f6s suloiseksi sisustuselementiksi lastenhuoneeseen.<\/p>\n<p data-start=\"3213\" data-end=\"3409\"><strong data-start=\"3213\" data-end=\"3222\">Koko:<\/strong> n. 33 cm (12,9\u201d)<br data-start=\"3239\" data-end=\"3242\" \/><strong data-start=\"3242\" data-end=\"3252\">Lanka:<\/strong> 100 % mikropolyesteri (Oeko-Tex 100 Standard) ja 100 % polyesteri\u00e4 keinoturkis. Hypoallergeeninen, pehme\u00e4 ja turvallinen lapsille.<br data-start=\"3383\" data-end=\"3386\" \/><strong data-start=\"3386\" data-end=\"3396\">T\u00e4yte:<\/strong> Holokuitu.<\/p>\n<p data-start=\"3411\" data-end=\"3521\">Lelut valmistetaan savuttomassa ja lemmikkiel\u00e4invapaassa kodissa.<br data-start=\"3476\" data-end=\"3479\" \/>Valmistettu Virossa, Euroopan unionissa.<\/p>\n<p data-start=\"3523\" data-end=\"3584\"><strong data-start=\"3523\" data-end=\"3544\">Pakkaus sis\u00e4lt\u00e4\u00e4:<\/strong><br data-start=\"3544\" data-end=\"3547\" \/>\u2022 1x virkattu pehmoinen kissanpentu<\/p>\n<p data-start=\"3586\" data-end=\"3690\"><strong data-start=\"3586\" data-end=\"3617\">T\u00e4ydellinen lahja vauvalle!<\/strong><br data-start=\"3617\" data-end=\"3620\" \/>Lahjapakattu vauvakutsuja, lahjarekisteri\u00e4 tai syntym\u00e4p\u00e4iv\u00e4\u00e4 varten.<\/p>\n<p data-start=\"3692\" data-end=\"3894\"><strong data-start=\"3692\" data-end=\"3709\">Hoito-ohjeet:<\/strong><br data-start=\"3709\" data-end=\"3712\" \/>\u2022 K\u00e4yt\u00e4 nestem\u00e4isi\u00e4 ja hypoallergeenisia pesuaineita allergisten reaktioiden v\u00e4ltt\u00e4miseksi.<br data-start=\"3803\" data-end=\"3806\" \/>\u2022 Pese hell\u00e4varaisella pesuohjelmalla 30\u00b0C:ssa 30 minuuttia.<br data-start=\"3866\" data-end=\"3869\" \/>\u2022 Kuivata lelu tasolla.<\/p>\n","protected":false},"excerpt":{"rendered":"<p>Etsitk\u00f6 ainutlaatuista ja mukavaa nukkumakaveria pienokaisellesi? Ei tarvitse etsi\u00e4 enemp\u00e4\u00e4, sill\u00e4 t\u00e4m\u00e4 s\u00f6p\u00f6 virkattu lelu on juuri sopiva! Se sopii t\u00e4ydellisesti halattavaksi nukkumaanmenoaikana ja hauskaan leikkiin p\u00e4iv\u00e4saikaan, mik\u00e4 tekee siit\u00e4 ihanteellisen lahjan vauvalle tai lapselle, i\u00e4st\u00e4 riippumatta.<\/p>\n","protected":false},"featured_media":27169,"comment_status":"open","ping_status":"closed","template":"","meta":[],"product_brand":[],"product_cat":[198,185],"product_tag":[],"class_list":{"0":"post-27099","1":"product","2":"type-product","3":"status-publish","4":"has-post-thumbnail","6":"product_cat-sylikummit","7":"product_cat-valmistettu-tilausta","9":"first","10":"onbackorder","11":"taxable","12":"shipping-taxable","13":"purchasable","14":"product-type-variable"},"_links":{"self":[{"href":"https:\/\/tinyknit.eu\/fi\/wp-json\/wp\/v2\/product\/27099","targetHints":{"allow":["GET"]}}],"collection":[{"href":"https:\/\/tinyknit.eu\/fi\/wp-json\/wp\/v2\/product"}],"about":[{"href":"https:\/\/tinyknit.eu\/fi\/wp-json\/wp\/v2\/types\/product"}],"replies":[{"embeddable":true,"href":"https:\/\/tinyknit.eu\/fi\/wp-json\/wp\/v2\/comments?post=27099"}],"version-history":[{"count":2,"href":"https:\/\/tinyknit.eu\/fi\/wp-json\/wp\/v2\/product\/27099\/revisions"}],"predecessor-version":[{"id":27351,"href":"https:\/\/tinyknit.eu\/fi\/wp-json\/wp\/v2\/product\/27099\/revisions\/27351"}],"wp:featuredmedia":[{"embeddable":true,"href":"https:\/\/tinyknit.eu\/fi\/wp-json\/wp\/v2\/media\/27169"}],"wp:attachment":[{"href":"https:\/\/tinyknit.eu\/fi\/wp-json\/wp\/v2\/media?parent=27099"}],"wp:term":[{"taxonomy":"product_brand","embeddable":true,"href":"https:\/\/tinyknit.eu\/fi\/wp-json\/wp\/v2\/product_brand?post=27099"},{"taxonomy":"product_cat","embeddable":true,"href":"https:\/\/tinyknit.eu\/fi\/wp-json\/wp\/v2\/product_cat?post=27099"},{"taxonomy":"product_tag","embeddable":true,"href":"https:\/\/tinyknit.eu\/fi\/wp-json\/wp\/v2\/product_tag?post=27099"}],"curies":[{"name":"wp","href":"https:\/\/api.w.org\/{rel}","templated":true}]}}