{"id":26918,"date":"2025-03-01T19:57:18","date_gmt":"2025-03-01T19:57:18","guid":{"rendered":"https:\/\/tinyknit.eu\/?post_type=product&#038;p=26918"},"modified":"2025-03-01T19:59:07","modified_gmt":"2025-03-01T19:59:07","slug":"riippuva-virkattu-seinakoriste-lastenhuoneeseen-kirahvi-3","status":"publish","type":"product","link":"https:\/\/tinyknit.eu\/fi\/product\/lastenhuoneen-sisustus\/riippuva-virkattu-seinakoriste-lastenhuoneeseen-kirahvi-3\/","title":{"rendered":"Riippuva virkattu sein\u00e4koriste lastenhuoneeseen \u2013 Kirahvi"},"content":{"rendered":"<p><strong>Lastenhuoneen sisustaminen<\/strong>\u00a0on hyvin vastuullinen ja t\u00e4rke\u00e4 teht\u00e4v\u00e4, johon kaikki vanhemmat kiinnitt\u00e4v\u00e4t erityist\u00e4 huomiota. Sein\u00e4koristeemme on ihana koriste-elementti, joka tekee lapsesi huoneesta yksil\u00f6llisemm\u00e4n ja v\u00e4rikk\u00e4\u00e4mm\u00e4n. Koriste voidaan ripustaa oveen tai sein\u00e4\u00e4n. Lis\u00e4\u00e4 k\u00e4sintehty kosketus lapsesi tilaan t\u00e4ll\u00e4 riippuvalla virkatulla sein\u00e4koristeella!<\/p>\n<p><strong>Koko:<\/strong>\u00a0~30 x 25 cm<br \/>\n<strong>Materiaali:<\/strong>\u00a055% puuvilla, 45% akryyli ja py\u00f6kkipuu-tikku.<\/p>\n<p><strong>Setti sis\u00e4lt\u00e4\u00e4:<\/strong><br \/>\n\u2022 1x riippuva virkattu sein\u00e4koriste lastenhuoneeseen<\/p>\n<p><strong>Hoitosuositukset:<\/strong><br \/>\nK\u00e4sinpesu 30 asteessa vauvan saippualla. Kuivaa ilmavasti. \u00c4l\u00e4 kuivaa rummussa.<\/p>\n","protected":false},"excerpt":{"rendered":"<p><strong>Lastenhuoneen sisustaminen<\/strong>\u00a0on hyvin vastuullinen ja t\u00e4rke\u00e4 teht\u00e4v\u00e4, johon kaikki vanhemmat kiinnitt\u00e4v\u00e4t erityist\u00e4 huomiota. Sein\u00e4koristeemme on ihana koriste-elementti, joka tekee lapsesi huoneesta yksil\u00f6llisemm\u00e4n ja v\u00e4rikk\u00e4\u00e4mm\u00e4n. Koriste voidaan ripustaa oveen tai sein\u00e4\u00e4n. Lis\u00e4\u00e4 k\u00e4sintehty kosketus lapsesi tilaan t\u00e4ll\u00e4 riippuvalla virkatulla sein\u00e4koristeella!<\/p>\n","protected":false},"featured_media":26932,"comment_status":"open","ping_status":"closed","template":"","meta":[],"product_brand":[],"product_cat":[557,183],"product_tag":[],"class_list":{"0":"post-26918","1":"product","2":"type-product","3":"status-publish","4":"has-post-thumbnail","6":"product_cat-lastenhuoneen-sisustus","7":"product_cat-varastossa-ja-valmiina-lahetettavaksi","9":"first","10":"instock","11":"taxable","12":"shipping-taxable","13":"purchasable","14":"product-type-simple"},"_links":{"self":[{"href":"https:\/\/tinyknit.eu\/fi\/wp-json\/wp\/v2\/product\/26918","targetHints":{"allow":["GET"]}}],"collection":[{"href":"https:\/\/tinyknit.eu\/fi\/wp-json\/wp\/v2\/product"}],"about":[{"href":"https:\/\/tinyknit.eu\/fi\/wp-json\/wp\/v2\/types\/product"}],"replies":[{"embeddable":true,"href":"https:\/\/tinyknit.eu\/fi\/wp-json\/wp\/v2\/comments?post=26918"}],"version-history":[{"count":1,"href":"https:\/\/tinyknit.eu\/fi\/wp-json\/wp\/v2\/product\/26918\/revisions"}],"predecessor-version":[{"id":26939,"href":"https:\/\/tinyknit.eu\/fi\/wp-json\/wp\/v2\/product\/26918\/revisions\/26939"}],"wp:featuredmedia":[{"embeddable":true,"href":"https:\/\/tinyknit.eu\/fi\/wp-json\/wp\/v2\/media\/26932"}],"wp:attachment":[{"href":"https:\/\/tinyknit.eu\/fi\/wp-json\/wp\/v2\/media?parent=26918"}],"wp:term":[{"taxonomy":"product_brand","embeddable":true,"href":"https:\/\/tinyknit.eu\/fi\/wp-json\/wp\/v2\/product_brand?post=26918"},{"taxonomy":"product_cat","embeddable":true,"href":"https:\/\/tinyknit.eu\/fi\/wp-json\/wp\/v2\/product_cat?post=26918"},{"taxonomy":"product_tag","embeddable":true,"href":"https:\/\/tinyknit.eu\/fi\/wp-json\/wp\/v2\/product_tag?post=26918"}],"curies":[{"name":"wp","href":"https:\/\/api.w.org\/{rel}","templated":true}]}}