{"id":26716,"date":"2025-02-20T20:37:29","date_gmt":"2025-02-20T20:37:29","guid":{"rendered":"https:\/\/tinyknit.eu\/?post_type=product&#038;p=26716"},"modified":"2025-02-20T20:40:55","modified_gmt":"2025-02-20T20:40:55","slug":"vauvan-uniliina-pupu-63","status":"publish","type":"product","link":"https:\/\/tinyknit.eu\/fi\/product\/unirievut\/vauvan-uniliina-pupu-63\/","title":{"rendered":"Vauvan uniliina \u2013 Pupu"},"content":{"rendered":"<p><strong>Vauvan uniliina<\/strong>\u00a0auttaa vauvaa rauhoittumaan uneen. Se on litte\u00e4, mik\u00e4 tekee siit\u00e4 kevyen ja helpon pienten k\u00e4perty\u00e4. Vanhemmat yleens\u00e4 k\u00e4ytt\u00e4v\u00e4t uniliinaa auttaakseen vauvaa siirtym\u00e4\u00e4n pois yhteisest\u00e4 nukkumisj\u00e4rjestelyst\u00e4. \u00c4idin tuoksu auttaa pit\u00e4m\u00e4\u00e4n heid\u00e4t rauhallisina.<\/p>\n<p>Uniliina on valmistettu laadukkaasta puuvillasta toisella puolella ja pehme\u00e4st\u00e4 kankaasta toisella puolella. Sen kaksimateriaalinen rakenne auttaa vauvoja kehitt\u00e4m\u00e4\u00e4n kosketusaistiaan.<\/p>\n<p>Sopii k\u00e4ytett\u00e4v\u00e4ksi syntym\u00e4st\u00e4 l\u00e4htien.<br \/>\n<strong>Koko:<\/strong>\u00a0noin 25 x 25 cm<\/p>\n<p><strong>Pakkaus sis\u00e4lt\u00e4\u00e4:<\/strong><br \/>\n\u2022 1x vauvan uniliina<\/p>\n<p><strong>Hoito-ohjeet:<\/strong>\u00a0K\u00e4sinpesu 30\u00b0C l\u00e4mp\u00f6tilassa vauvasaippualla. Kuivata ilmavasti. \u00c4l\u00e4 k\u00e4yt\u00e4 kuivausrumpua.<\/p>\n","protected":false},"excerpt":{"rendered":"<p>Vauvan uniliina auttaa vauvaa rauhoittumaan uneen. Se on litte\u00e4, mik\u00e4 tekee siit\u00e4 kevyen ja helpon pienten k\u00e4perty\u00e4. Vanhemmat yleens\u00e4 k\u00e4ytt\u00e4v\u00e4t uniliinaa auttaakseen vauvaa siirtym\u00e4\u00e4n pois yhteisest\u00e4 nukkumisj\u00e4rjestelyst\u00e4. \u00c4idin tuoksu auttaa pit\u00e4m\u00e4\u00e4n heid\u00e4t rauhallisina.<\/p>\n","protected":false},"featured_media":26730,"comment_status":"open","ping_status":"closed","template":"","meta":[],"product_brand":[],"product_cat":[319,183],"product_tag":[],"class_list":{"0":"post-26716","1":"product","2":"type-product","3":"status-publish","4":"has-post-thumbnail","6":"product_cat-unirievut","7":"product_cat-varastossa-ja-valmiina-lahetettavaksi","9":"first","10":"instock","11":"sale","12":"taxable","13":"shipping-taxable","14":"purchasable","15":"product-type-simple"},"_links":{"self":[{"href":"https:\/\/tinyknit.eu\/fi\/wp-json\/wp\/v2\/product\/26716","targetHints":{"allow":["GET"]}}],"collection":[{"href":"https:\/\/tinyknit.eu\/fi\/wp-json\/wp\/v2\/product"}],"about":[{"href":"https:\/\/tinyknit.eu\/fi\/wp-json\/wp\/v2\/types\/product"}],"replies":[{"embeddable":true,"href":"https:\/\/tinyknit.eu\/fi\/wp-json\/wp\/v2\/comments?post=26716"}],"version-history":[{"count":1,"href":"https:\/\/tinyknit.eu\/fi\/wp-json\/wp\/v2\/product\/26716\/revisions"}],"predecessor-version":[{"id":26744,"href":"https:\/\/tinyknit.eu\/fi\/wp-json\/wp\/v2\/product\/26716\/revisions\/26744"}],"wp:featuredmedia":[{"embeddable":true,"href":"https:\/\/tinyknit.eu\/fi\/wp-json\/wp\/v2\/media\/26730"}],"wp:attachment":[{"href":"https:\/\/tinyknit.eu\/fi\/wp-json\/wp\/v2\/media?parent=26716"}],"wp:term":[{"taxonomy":"product_brand","embeddable":true,"href":"https:\/\/tinyknit.eu\/fi\/wp-json\/wp\/v2\/product_brand?post=26716"},{"taxonomy":"product_cat","embeddable":true,"href":"https:\/\/tinyknit.eu\/fi\/wp-json\/wp\/v2\/product_cat?post=26716"},{"taxonomy":"product_tag","embeddable":true,"href":"https:\/\/tinyknit.eu\/fi\/wp-json\/wp\/v2\/product_tag?post=26716"}],"curies":[{"name":"wp","href":"https:\/\/api.w.org\/{rel}","templated":true}]}}