{"id":22629,"date":"2024-11-02T14:55:04","date_gmt":"2024-11-02T14:55:04","guid":{"rendered":"https:\/\/tinyknit.eu\/?post_type=product&#038;p=22629"},"modified":"2025-04-05T18:56:44","modified_gmt":"2025-04-05T18:56:44","slug":"unilelu-vauvan-uniliina-laama","status":"publish","type":"product","link":"https:\/\/tinyknit.eu\/fi\/product\/sylikummit\/unilelu-vauvan-uniliina-laama\/","title":{"rendered":"Unilelu, vauvan uniliina &#8211; laama"},"content":{"rendered":"<p>Etsitk\u00f6 ainutlaatuista ja mukavaa nukkumakaveria pienokaisellesi? Ei tarvitse etsi\u00e4 enemp\u00e4\u00e4, sill\u00e4 t\u00e4m\u00e4 s\u00f6p\u00f6 virkattu lelu on juuri sopiva! Se sopii t\u00e4ydellisesti halattavaksi nukkumaanmenoaikana ja hauskaan leikkiin p\u00e4iv\u00e4saikaan, mik\u00e4 tekee siit\u00e4 ihanteellisen lahjan vauvalle tai lapselle, i\u00e4st\u00e4 riippumatta.<\/p>\n<p><strong>Ominaisuudet:<\/strong><br \/>\n\u2022 Unilelu voi rikastuttaa lapsen tuntoaistia yhdist\u00e4m\u00e4ll\u00e4 erilaisia teksturoituja lankoja, mik\u00e4 on mielenkiintoista lapselle ja auttaa heit\u00e4 oppimaan ymp\u00e4r\u00f6iv\u00e4st\u00e4 maailmasta.<br \/>\n\u2022 Kaikki lelut on valmistettu hypoallergeenisist\u00e4 materiaaleista, mik\u00e4 tekee niist\u00e4 turvallisia lapselle.<br \/>\n\u2022 Lelu voi olla mielenkiintoinen lis\u00e4ys mihin tahansa lapsen makuuhuoneen sisustukseen.<\/p>\n<p><strong>Korkeus:<\/strong> noin 40 cm (15,7\u201d)<br \/>\n<strong>Materiaali:<\/strong>\u00a0T\u00e4m\u00e4 tuote on\u00a0<strong>k\u00e4sin neulottu hypoallergeenisesta, pehme\u00e4st\u00e4 ja puuvillalangasta.<\/strong>\u00a0Se on t\u00e4ytetty holofiberilla ja tehty savuttomassa ja el\u00e4invapaassa kodissa.<\/p>\n<p><strong>Valmistettu Virossa, Euroopan unionissa.<\/strong><\/p>\n<p><strong>Pakkaus sis\u00e4lt\u00e4\u00e4:<\/strong><br \/>\n\u2022 1x Unilelu<\/p>\n<p><strong>T\u00e4ydellinen lahja vauvalle!<\/strong><br \/>\nValmiiksi pakattu lahja mihin tahansa vauvakutsuihin, vauvarekisteriin tai syntym\u00e4p\u00e4iv\u00e4juhlaan.<\/p>\n<p><strong>Hoito-ohjeet:<br \/>\n<\/strong>\u2022 Allergisten reaktioiden v\u00e4ltt\u00e4miseksi k\u00e4yt\u00e4 nestem\u00e4isi\u00e4 ja hypoallergeenisia pesuaineita.<br \/>\n\u2022 K\u00e4yt\u00e4 pesukoneen herkk\u00e4\u00e4 pesuohjelmaa ja aseta l\u00e4mp\u00f6tila 30 asteeseen 30 minuutin ajaksi.<br \/>\n\u2022 Pesun j\u00e4lkeen<\/p>\n","protected":false},"excerpt":{"rendered":"<p>Etsitk\u00f6 ainutlaatuista ja mukavaa nukkumakaveria pienokaisellesi? Ei tarvitse etsi\u00e4 enemp\u00e4\u00e4, sill\u00e4 t\u00e4m\u00e4 s\u00f6p\u00f6 virkattu lelu on juuri sopiva! Se sopii t\u00e4ydellisesti halattavaksi nukkumaanmenoaikana ja hauskaan leikkiin p\u00e4iv\u00e4saikaan, mik\u00e4 tekee siit\u00e4 ihanteellisen lahjan vauvalle tai lapselle, i\u00e4st\u00e4 riippumatta.<\/p>\n","protected":false},"featured_media":35344,"comment_status":"open","ping_status":"closed","template":"","meta":[],"product_brand":[],"product_cat":[198,185],"product_tag":[],"class_list":{"0":"post-22629","1":"product","2":"type-product","3":"status-publish","4":"has-post-thumbnail","6":"product_cat-sylikummit","7":"product_cat-valmistettu-tilausta","9":"first","10":"onbackorder","11":"taxable","12":"shipping-taxable","13":"purchasable","14":"product-type-simple"},"_links":{"self":[{"href":"https:\/\/tinyknit.eu\/fi\/wp-json\/wp\/v2\/product\/22629","targetHints":{"allow":["GET"]}}],"collection":[{"href":"https:\/\/tinyknit.eu\/fi\/wp-json\/wp\/v2\/product"}],"about":[{"href":"https:\/\/tinyknit.eu\/fi\/wp-json\/wp\/v2\/types\/product"}],"replies":[{"embeddable":true,"href":"https:\/\/tinyknit.eu\/fi\/wp-json\/wp\/v2\/comments?post=22629"}],"version-history":[{"count":1,"href":"https:\/\/tinyknit.eu\/fi\/wp-json\/wp\/v2\/product\/22629\/revisions"}],"predecessor-version":[{"id":22653,"href":"https:\/\/tinyknit.eu\/fi\/wp-json\/wp\/v2\/product\/22629\/revisions\/22653"}],"wp:featuredmedia":[{"embeddable":true,"href":"https:\/\/tinyknit.eu\/fi\/wp-json\/wp\/v2\/media\/35344"}],"wp:attachment":[{"href":"https:\/\/tinyknit.eu\/fi\/wp-json\/wp\/v2\/media?parent=22629"}],"wp:term":[{"taxonomy":"product_brand","embeddable":true,"href":"https:\/\/tinyknit.eu\/fi\/wp-json\/wp\/v2\/product_brand?post=22629"},{"taxonomy":"product_cat","embeddable":true,"href":"https:\/\/tinyknit.eu\/fi\/wp-json\/wp\/v2\/product_cat?post=22629"},{"taxonomy":"product_tag","embeddable":true,"href":"https:\/\/tinyknit.eu\/fi\/wp-json\/wp\/v2\/product_tag?post=22629"}],"curies":[{"name":"wp","href":"https:\/\/api.w.org\/{rel}","templated":true}]}}