{"id":22320,"date":"2024-10-27T16:56:05","date_gmt":"2024-10-27T16:56:05","guid":{"rendered":"https:\/\/tinyknit.eu\/?post_type=product&#038;p=22320"},"modified":"2024-10-27T18:39:02","modified_gmt":"2024-10-27T18:39:02","slug":"virkattu-pehmolelu-halilelu-etana","status":"publish","type":"product","link":"https:\/\/tinyknit.eu\/fi\/product\/pehmolelut\/halilelu-etana\/virkattu-pehmolelu-halilelu-etana\/","title":{"rendered":"Virkattu pehmolelu, halilelu \u2013 Etana"},"content":{"rendered":"<p>Etsitk\u00f6 ainutlaatuista ja nukkumiseen sopivaa pehmoista yst\u00e4v\u00e4\u00e4, jota lapsesi rakastaa? Ei tarvitse etsi\u00e4 en\u00e4\u00e4, sill\u00e4 t\u00e4m\u00e4 suloinen virkattu etana t\u00e4ytt\u00e4\u00e4 kaikki odotuksesi! Se on t\u00e4ydellinen y\u00f6kaveri ja tuo iloa p\u00e4iv\u00e4\u00e4n, joten se on ihanteellinen lahja vauvalle tai taaperolle (enk\u00e4 vitsaile, my\u00f6s aikuiset rakastavat h\u00e4nt\u00e4 \u2764\ufe0f).<\/p>\n<p><strong>Ominaisuudet:<\/strong><br \/>\n\u2022\u2022 Kommunikointi vanhempien kanssa. Etanan kyky s\u00e4ilytt\u00e4\u00e4 vanhemman tuoksu. Aseta lelu l\u00e4helle lastasi sy\u00f6tt\u00e4misen tai keinuttamisen aikana, jolloin se imee tuoksusi. N\u00e4in lapsi tuntee l\u00e4heisyytesi, vaikka et olisikaan paikalla.<br \/>\n\u2022\u2022 Tutkiminen. Virkattu etana tarjoaa rikkaan kosketusaistimuksen, joka her\u00e4tt\u00e4\u00e4 lapsen kiinnostuksen ja auttaa h\u00e4nt\u00e4 tutkimaan ymp\u00e4r\u00f6iv\u00e4\u00e4 maailmaa.<br \/>\n\u2022\u2022 Ikimuistoisia hetki\u00e4. Lelujamme voidaan k\u00e4ytt\u00e4\u00e4 vastasyntyneen valokuvauksen rekvisiittana.<br \/>\n\u2022\u2022 Rauhoittava vaikutus. Halietana luo lapselle turvallisuuden tunteen sek\u00e4 p\u00e4ivin ett\u00e4 \u00f6in.<\/p>\n<p><strong>T\u00e4ydellinen lahjaksi:<\/strong><br \/>\n\u2022\u2022 Ihanteellinen lahja babyshoweriin, lahjalistalle, syntym\u00e4p\u00e4iville, jouluksi tai muihin juhliin.<br \/>\n\u2022\u2022 Uniikki lelu, joka voi my\u00f6s toimia vieh\u00e4tt\u00e4v\u00e4n\u00e4 lis\u00e4n\u00e4 lastenhuoneen sisustukseen.<\/p>\n<p><strong>Koko:<\/strong><br \/>\n\u2022\u2022 Pieni: noin 13 x 15 cm<br \/>\n\u2022\u2022 Iso: noin 18 x 26 cm<\/p>\n<p><strong>Materiaali:<\/strong><br \/>\n\u2022\u2022 Lanka: 100 % mikropolyesteri (Oeko-Tex 100 -standardi). Hypoallergeeninen ja pehme\u00e4.<br \/>\n\u2022\u2022 T\u00e4yte: Holokuitu.<br \/>\nLelumme valmistetaan savuttomassa ja lemmikkivapaassa ymp\u00e4rist\u00f6ss\u00e4.<\/p>\n<p><strong>Pakkaus:<\/strong><br \/>\n\u2022\u2022 Tuote on pakattu merkkikassiin ja l\u00e4hetet\u00e4\u00e4n k\u00e4sity\u00f6laatikkossa.<\/p>\n<p>Valmistettu Virossa, EU<\/p>\n<p><strong>Pakkaus sis\u00e4lt\u00e4\u00e4:<\/strong><br \/>\n\u2022 1x Pehmolelu<\/p>\n<p><strong>Hoito-ohjeet:<\/strong><br \/>\nPienten turvallisuuden vuoksi emme k\u00e4sittele leluja kemikaaleilla ennen l\u00e4hett\u00e4mist\u00e4. Pese k\u00e4sin sopivalla pesuaineella.<br \/>\n\u2022 K\u00e4yt\u00e4 nestem\u00e4ist\u00e4 hypoallergeenista pesuainetta.<br \/>\n\u2022 K\u00e4yt\u00e4 pesukoneen hienopesuohjelmaa 30 asteessa 30 minuutin ajan.<br \/>\n\u2022 Kuivaa tasolla.<br \/>\n\u2022 \u00c4l\u00e4 ripusta, kierr\u00e4 tai silit\u00e4.<\/p>\n","protected":false},"excerpt":{"rendered":"<p>Etsitk\u00f6 ainutlaatuista ja nukkumiseen sopivaa pehmoista yst\u00e4v\u00e4\u00e4, jota lapsesi rakastaa? Ei tarvitse etsi\u00e4 en\u00e4\u00e4, sill\u00e4 t\u00e4m\u00e4 suloinen virkattu etana t\u00e4ytt\u00e4\u00e4 kaikki odotuksesi! Se on t\u00e4ydellinen y\u00f6kaveri ja tuo iloa p\u00e4iv\u00e4\u00e4n, joten se on ihanteellinen lahja vauvalle tai taaperolle (enk\u00e4 vitsaile, my\u00f6s aikuiset rakastavat h\u00e4nt\u00e4 \u2764\ufe0f).<\/p>\n","protected":false},"featured_media":34777,"comment_status":"open","ping_status":"closed","template":"","meta":[],"product_brand":[],"product_cat":[406,199],"product_tag":[],"class_list":{"0":"post-22320","1":"product","2":"type-product","3":"status-publish","4":"has-post-thumbnail","6":"product_cat-halilelu-etana","7":"product_cat-pehmolelut","9":"first","10":"onbackorder","11":"taxable","12":"shipping-taxable","13":"purchasable","14":"product-type-simple"},"_links":{"self":[{"href":"https:\/\/tinyknit.eu\/fi\/wp-json\/wp\/v2\/product\/22320","targetHints":{"allow":["GET"]}}],"collection":[{"href":"https:\/\/tinyknit.eu\/fi\/wp-json\/wp\/v2\/product"}],"about":[{"href":"https:\/\/tinyknit.eu\/fi\/wp-json\/wp\/v2\/types\/product"}],"replies":[{"embeddable":true,"href":"https:\/\/tinyknit.eu\/fi\/wp-json\/wp\/v2\/comments?post=22320"}],"version-history":[{"count":1,"href":"https:\/\/tinyknit.eu\/fi\/wp-json\/wp\/v2\/product\/22320\/revisions"}],"predecessor-version":[{"id":22321,"href":"https:\/\/tinyknit.eu\/fi\/wp-json\/wp\/v2\/product\/22320\/revisions\/22321"}],"wp:featuredmedia":[{"embeddable":true,"href":"https:\/\/tinyknit.eu\/fi\/wp-json\/wp\/v2\/media\/34777"}],"wp:attachment":[{"href":"https:\/\/tinyknit.eu\/fi\/wp-json\/wp\/v2\/media?parent=22320"}],"wp:term":[{"taxonomy":"product_brand","embeddable":true,"href":"https:\/\/tinyknit.eu\/fi\/wp-json\/wp\/v2\/product_brand?post=22320"},{"taxonomy":"product_cat","embeddable":true,"href":"https:\/\/tinyknit.eu\/fi\/wp-json\/wp\/v2\/product_cat?post=22320"},{"taxonomy":"product_tag","embeddable":true,"href":"https:\/\/tinyknit.eu\/fi\/wp-json\/wp\/v2\/product_tag?post=22320"}],"curies":[{"name":"wp","href":"https:\/\/api.w.org\/{rel}","templated":true}]}}