{"id":21934,"date":"2024-08-18T11:32:54","date_gmt":"2024-08-18T11:32:54","guid":{"rendered":"https:\/\/tinyknit.eu\/?post_type=product&#038;p=21934"},"modified":"2026-04-14T13:35:05","modified_gmt":"2026-04-14T13:35:05","slug":"unilelu-vauvan-uniliina-yoperhonen","status":"publish","type":"product","link":"https:\/\/tinyknit.eu\/fi\/product\/sylikummit\/unilelu-vauvan-uniliina-yoperhonen\/","title":{"rendered":"Unilelu, vauvan uniliina &#8211; Y\u00f6perhonen"},"content":{"rendered":"<p>Etsitk\u00f6 ainutlaatuista ja mukavaa unilelua pienokaisellesi? Sinun ei tarvitse etsi\u00e4 en\u00e4\u00e4, sill\u00e4 t\u00e4m\u00e4 suloinen virkattu lelu on juuri oikea valinta! Se on t\u00e4ydellinen halittavaksi nukkumaan menness\u00e4 ja hauskanpitoon p\u00e4iv\u00e4ll\u00e4, joten se on ihanteellinen lahja kaikille vauvoille tai lapsille i\u00e4st\u00e4 riippumatta.<\/p>\n<p><strong>Ominaisuudet:<\/strong><\/p>\n<ul>\n<li>Kommunikointi vanhempien kanssa. Kyky s\u00e4ilytt\u00e4\u00e4 \u00e4idin tai is\u00e4n tuoksu. Aseta lelu vauvan viereen imetyksen tai keinuttelun aikana, niin se imee tuoksusi. N\u00e4in vauva tuntee aina l\u00e4heisyytesi, vaikka et olisikaan paikalla.<\/li>\n<li>Tutkiminen. Virkattu y\u00f6perhonen-lelu tarjoaa rikkaan kosketuskokemuksen, joka her\u00e4tt\u00e4\u00e4 lapsen mielenkiinnon ja auttaa heit\u00e4 tutkimaan ymp\u00e4r\u00f6iv\u00e4\u00e4 maailmaa.<\/li>\n<li>Voi luoda ihania muistoja. Lelumme voivat toimia rekvisiittina vastasyntyneen valokuvauksessa.<\/li>\n<li>Rauhoittava vaikutus. Virkattu y\u00f6perhos-kainalolelu luo mukavuutta ja turvallisuutta vauvalle sek\u00e4 p\u00e4ivin ett\u00e4 \u00f6in.<\/li>\n<li>Setti sis\u00e4lt\u00e4\u00e4 kaksi helposti irrotettavaa siipiparia.<\/li>\n<\/ul>\n<p><strong>T\u00e4ydellinen:<\/strong><\/p>\n<ul>\n<li>Se on loistava lahja vauvajuhliin, vauvanrekisteriin, syntym\u00e4p\u00e4iv\u00e4n juhlintaan, jouluun tai mihin tahansa muuhun tilaisuuteen.<\/li>\n<li>Ainutlaatuiset lelut, jotka voivat my\u00f6s olla vieh\u00e4tt\u00e4v\u00e4 lis\u00e4 mihin tahansa lapsen makuuhuoneen sisustukseen.<\/li>\n<\/ul>\n<p><strong>Koko:<\/strong> n. 34 cm (13,3\u201c)<br \/>\n<strong>Lanka:<\/strong> 100% mikropolyesteri\u00e4 (Oeko-Tex 100 Standard) ja 100% polyesteri\u00e4 tekoturkista. Hypoallergeeninen, pehme\u00e4 lanka. Eritt\u00e4in pehme\u00e4, halittava ja turvallinen lapsille.<br \/>\n<strong>T\u00e4yte:<\/strong> Holokuitu.<\/p>\n<p>Lelumme on valmistettu savuttomassa ja lemmikkiel\u00e4imett\u00f6m\u00e4ss\u00e4 kodissa. <strong>Valmistettu Virossa, Euroopan unionissa.<\/strong><\/p>\n<p><strong>Pakkaus sis\u00e4lt\u00e4\u00e4:<\/strong><\/p>\n<ul>\n<li>1x virkattu p\u00f6rr\u00f6inen y\u00f6perhos-kainalolelu siipien kanssa<\/li>\n<\/ul>\n<p><strong>T\u00e4ydellinen lahja vauvalle!<\/strong><\/p>\n<p>Valmis lahjapaketti mihin tahansa vauvajuhlaan, vauvanrekisteriin tai syntym\u00e4p\u00e4iv\u00e4n juhlintaan.<\/p>\n<p><strong>Hoitosuositukset:<\/strong><\/p>\n<ul>\n<li>V\u00e4lt\u00e4 allergisia reaktioita k\u00e4ytt\u00e4m\u00e4ll\u00e4 nestem\u00e4isi\u00e4 ja hypoallergeenisia pesuaineita.<\/li>\n<li>K\u00e4yt\u00e4 pesukoneen hell\u00e4varaista ohjelmaa ja aseta l\u00e4mp\u00f6tila 30 asteeseen 30 minuutiksi.<\/li>\n<li>Pesun j\u00e4lkeen aseta lelu kuivumaan tasaiselle pinnalle.<\/li>\n<\/ul>\n","protected":false},"excerpt":{"rendered":"<p>Etsitk\u00f6 ainutlaatuista ja mukavaa nukkumakaveria pienokaisellesi? Ei tarvitse etsi\u00e4 enemp\u00e4\u00e4, sill\u00e4 t\u00e4m\u00e4 s\u00f6p\u00f6 virkattu lelu on juuri sopiva! Se sopii t\u00e4ydellisesti halattavaksi nukkumaanmenoaikana ja hauskaan leikkiin p\u00e4iv\u00e4saikaan, mik\u00e4 tekee siit\u00e4 ihanteellisen lahjan vauvalle tai lapselle, i\u00e4st\u00e4 riippumatta.<\/p>\n","protected":false},"featured_media":21995,"comment_status":"open","ping_status":"closed","template":"","meta":[],"product_brand":[],"product_cat":[198,183],"product_tag":[],"class_list":{"0":"post-21934","1":"product","2":"type-product","3":"status-publish","4":"has-post-thumbnail","6":"product_cat-sylikummit","7":"product_cat-varastossa-ja-valmiina-lahetettavaksi","9":"first","10":"instock","11":"taxable","12":"shipping-taxable","13":"purchasable","14":"product-type-variable"},"_links":{"self":[{"href":"https:\/\/tinyknit.eu\/fi\/wp-json\/wp\/v2\/product\/21934","targetHints":{"allow":["GET"]}}],"collection":[{"href":"https:\/\/tinyknit.eu\/fi\/wp-json\/wp\/v2\/product"}],"about":[{"href":"https:\/\/tinyknit.eu\/fi\/wp-json\/wp\/v2\/types\/product"}],"replies":[{"embeddable":true,"href":"https:\/\/tinyknit.eu\/fi\/wp-json\/wp\/v2\/comments?post=21934"}],"version-history":[{"count":1,"href":"https:\/\/tinyknit.eu\/fi\/wp-json\/wp\/v2\/product\/21934\/revisions"}],"predecessor-version":[{"id":22072,"href":"https:\/\/tinyknit.eu\/fi\/wp-json\/wp\/v2\/product\/21934\/revisions\/22072"}],"wp:featuredmedia":[{"embeddable":true,"href":"https:\/\/tinyknit.eu\/fi\/wp-json\/wp\/v2\/media\/21995"}],"wp:attachment":[{"href":"https:\/\/tinyknit.eu\/fi\/wp-json\/wp\/v2\/media?parent=21934"}],"wp:term":[{"taxonomy":"product_brand","embeddable":true,"href":"https:\/\/tinyknit.eu\/fi\/wp-json\/wp\/v2\/product_brand?post=21934"},{"taxonomy":"product_cat","embeddable":true,"href":"https:\/\/tinyknit.eu\/fi\/wp-json\/wp\/v2\/product_cat?post=21934"},{"taxonomy":"product_tag","embeddable":true,"href":"https:\/\/tinyknit.eu\/fi\/wp-json\/wp\/v2\/product_tag?post=21934"}],"curies":[{"name":"wp","href":"https:\/\/api.w.org\/{rel}","templated":true}]}}