{"id":19340,"date":"2024-03-24T08:11:37","date_gmt":"2024-03-24T08:11:37","guid":{"rendered":"https:\/\/tinyknit.eu\/?post_type=product&#038;p=19340"},"modified":"2024-03-24T08:16:45","modified_gmt":"2024-03-24T08:16:45","slug":"rypistyslelut-valkoinen-sateenkaari","status":"publish","type":"product","link":"https:\/\/tinyknit.eu\/fi\/product\/rypistyslelut\/rypistyslelut-valkoinen-sateenkaari\/","title":{"rendered":"Rypistyslelut \u2013 Valkoinen sateenkaari"},"content":{"rendered":"<p><strong>Rypistyslelut<\/strong> on erinomainen lahja vauvallesi, se kehitt\u00e4\u00e4 vauvan hienomotoriikkaa ja l\u00f6yt\u00e4misen iloa. Rypistyslelut sopii mukavasti vauvan k\u00e4teen. Se on t\u00e4ysin turvallinen vauvalle eik\u00e4 \u00e4rsyt\u00e4 vauvan ihoa.<br \/>\nK\u00e4tev\u00e4 ny\u00f6ri mahdollistaa lelun kiinnitt\u00e4misen minne tahansa &#8211; esimerkiksi vauvan s\u00e4nkyyn tai tuttiin.<\/p>\n<p><strong>Materiaali:<\/strong> 100 % korkealuokkaista puuvillakangasta, jossa kankaiden v\u00e4liss\u00e4 aistinvarainen rypistysmateriaali<br \/>\n<strong>Koko:<\/strong> ~11 x 10 cm<br \/>\n<strong>Narun pituus:<\/strong> ~16 cm<br \/>\n<strong>Paino:<\/strong> ~10g<br \/>\n<strong>Sopii syntym\u00e4st\u00e4 alkaen.<\/strong><br \/>\nHuomio! Tutti ei sis\u00e4lly pakkaukseen!<\/p>\n<p><strong>Paketti sis\u00e4lt\u00e4\u00e4:<\/strong><br \/>\n\u2022 1x Rypistyslelut<\/p>\n<p><strong>Hoitosuositukset:<\/strong><br \/>\nPuhdista l\u00e4mpim\u00e4ll\u00e4 saippuavedell\u00e4 ja anna kuivua ilmavasti.<\/p>\n","protected":false},"excerpt":{"rendered":"<p><strong>Rypistyslelut<\/strong> on erinomainen lahja vauvallesi, se kehitt\u00e4\u00e4 vauvan hienomotoriikkaa ja l\u00f6yt\u00e4misen iloa<\/p>\n<p><iframe title=\"YouTube video player\" src=\"https:\/\/www.youtube.com\/embed\/am_NXXxGx-U?si=02WM_2ph-z77Lnsy\" width=\"560\" height=\"315\" frameborder=\"0\" allowfullscreen=\"allowfullscreen\"><\/iframe><\/p>\n","protected":false},"featured_media":19332,"comment_status":"open","ping_status":"closed","template":"","meta":[],"product_brand":[],"product_cat":[349,183],"product_tag":[],"class_list":{"0":"post-19340","1":"product","2":"type-product","3":"status-publish","4":"has-post-thumbnail","6":"product_cat-rypistyslelut","7":"product_cat-varastossa-ja-valmiina-lahetettavaksi","9":"first","10":"instock","11":"taxable","12":"shipping-taxable","13":"purchasable","14":"product-type-simple"},"_links":{"self":[{"href":"https:\/\/tinyknit.eu\/fi\/wp-json\/wp\/v2\/product\/19340","targetHints":{"allow":["GET"]}}],"collection":[{"href":"https:\/\/tinyknit.eu\/fi\/wp-json\/wp\/v2\/product"}],"about":[{"href":"https:\/\/tinyknit.eu\/fi\/wp-json\/wp\/v2\/types\/product"}],"replies":[{"embeddable":true,"href":"https:\/\/tinyknit.eu\/fi\/wp-json\/wp\/v2\/comments?post=19340"}],"version-history":[{"count":1,"href":"https:\/\/tinyknit.eu\/fi\/wp-json\/wp\/v2\/product\/19340\/revisions"}],"predecessor-version":[{"id":19341,"href":"https:\/\/tinyknit.eu\/fi\/wp-json\/wp\/v2\/product\/19340\/revisions\/19341"}],"wp:featuredmedia":[{"embeddable":true,"href":"https:\/\/tinyknit.eu\/fi\/wp-json\/wp\/v2\/media\/19332"}],"wp:attachment":[{"href":"https:\/\/tinyknit.eu\/fi\/wp-json\/wp\/v2\/media?parent=19340"}],"wp:term":[{"taxonomy":"product_brand","embeddable":true,"href":"https:\/\/tinyknit.eu\/fi\/wp-json\/wp\/v2\/product_brand?post=19340"},{"taxonomy":"product_cat","embeddable":true,"href":"https:\/\/tinyknit.eu\/fi\/wp-json\/wp\/v2\/product_cat?post=19340"},{"taxonomy":"product_tag","embeddable":true,"href":"https:\/\/tinyknit.eu\/fi\/wp-json\/wp\/v2\/product_tag?post=19340"}],"curies":[{"name":"wp","href":"https:\/\/api.w.org\/{rel}","templated":true}]}}