{"id":19172,"date":"2024-03-24T06:31:47","date_gmt":"2024-03-24T06:31:47","guid":{"rendered":"https:\/\/tinyknit.eu\/?post_type=product&#038;p=19172"},"modified":"2024-03-24T06:35:28","modified_gmt":"2024-03-24T06:35:28","slug":"kangaskahina-beige-kuu","status":"publish","type":"product","link":"https:\/\/tinyknit.eu\/fi\/product\/kangashelistimet\/kangaskahina-beige-kuu\/","title":{"rendered":"Kangaskahina &#8211; Beige Kuu"},"content":{"rendered":"<p><strong>Kangaskahina<\/strong> on erinomainen lahja vauvallesi, se kehitt\u00e4\u00e4 vauvan hienomotoriikkaa ja l\u00f6yt\u00e4misen iloa. Lelu sopii mukavasti vauvan k\u00e4teen. Se on t\u00e4ysin turvallinen vauvalle eik\u00e4 \u00e4rsyt\u00e4 vauvan ihoa. Sienen muotoinen kangaskahina on pehme\u00e4 ja hell\u00e4varainen kosketukselle, mik\u00e4 sopii erinomaisesti tuntoaistin stimulointiin.<br \/>\nK\u00e4tev\u00e4 ny\u00f6ri mahdollistaa lelun kiinnitt\u00e4misen minne tahansa &#8211; esimerkiksi vauvan s\u00e4nkyyn tai tuttiin.<\/p>\n<p><strong>Materiaali:<\/strong> 100% polyesteri<br \/>\n<strong>T\u00e4yte:<\/strong> 100% holofyber (ei-allergeeninen t\u00e4yte)<br \/>\n<strong>Koko:<\/strong> ~10 x 9 cm<br \/>\n<strong>Narun pituus:<\/strong> ~13 cm<br \/>\n<strong>Paino:<\/strong> ~30g<br \/>\n<strong>Sopii syntym\u00e4st\u00e4 alkaen.<\/strong><br \/>\nSis\u00e4ll\u00e4 on kello. Kaikki osat on turvallisesti k\u00e4sin ommeltu yhteen.<br \/>\nHuomio! Tutti ei sis\u00e4lly pakkaukseen!<\/p>\n<p><strong>Paketti sis\u00e4lt\u00e4\u00e4:<\/strong><br \/>\n\u2022 1x kangaskahina<\/p>\n<p><strong>Hoitosuositukset:<\/strong><br \/>\nPuhdista l\u00e4mpim\u00e4ll\u00e4 saippuavedell\u00e4 ja anna kuivua ilmavasti.<\/p>\n","protected":false},"excerpt":{"rendered":"<p><strong>Kangaskahina<\/strong> on erinomainen lahja vauvallesi, se kehitt\u00e4\u00e4 vauvan hienomotoriikkaa ja l\u00f6yt\u00e4misen iloa.<\/p>\n<p><iframe title=\"YouTube video player\" src=\"https:\/\/www.youtube.com\/embed\/V7ObyTR1n0E?si=Ld9WXaCKP2rxNM_j\" width=\"560\" height=\"315\" frameborder=\"0\" allowfullscreen=\"allowfullscreen\"><\/iframe><\/p>\n","protected":false},"featured_media":19165,"comment_status":"open","ping_status":"closed","template":"","meta":[],"product_brand":[],"product_cat":[324,183],"product_tag":[],"class_list":{"0":"post-19172","1":"product","2":"type-product","3":"status-publish","4":"has-post-thumbnail","6":"product_cat-kangashelistimet","7":"product_cat-varastossa-ja-valmiina-lahetettavaksi","9":"first","10":"instock","11":"taxable","12":"shipping-taxable","13":"purchasable","14":"product-type-simple"},"_links":{"self":[{"href":"https:\/\/tinyknit.eu\/fi\/wp-json\/wp\/v2\/product\/19172","targetHints":{"allow":["GET"]}}],"collection":[{"href":"https:\/\/tinyknit.eu\/fi\/wp-json\/wp\/v2\/product"}],"about":[{"href":"https:\/\/tinyknit.eu\/fi\/wp-json\/wp\/v2\/types\/product"}],"replies":[{"embeddable":true,"href":"https:\/\/tinyknit.eu\/fi\/wp-json\/wp\/v2\/comments?post=19172"}],"version-history":[{"count":1,"href":"https:\/\/tinyknit.eu\/fi\/wp-json\/wp\/v2\/product\/19172\/revisions"}],"predecessor-version":[{"id":19173,"href":"https:\/\/tinyknit.eu\/fi\/wp-json\/wp\/v2\/product\/19172\/revisions\/19173"}],"wp:featuredmedia":[{"embeddable":true,"href":"https:\/\/tinyknit.eu\/fi\/wp-json\/wp\/v2\/media\/19165"}],"wp:attachment":[{"href":"https:\/\/tinyknit.eu\/fi\/wp-json\/wp\/v2\/media?parent=19172"}],"wp:term":[{"taxonomy":"product_brand","embeddable":true,"href":"https:\/\/tinyknit.eu\/fi\/wp-json\/wp\/v2\/product_brand?post=19172"},{"taxonomy":"product_cat","embeddable":true,"href":"https:\/\/tinyknit.eu\/fi\/wp-json\/wp\/v2\/product_cat?post=19172"},{"taxonomy":"product_tag","embeddable":true,"href":"https:\/\/tinyknit.eu\/fi\/wp-json\/wp\/v2\/product_tag?post=19172"}],"curies":[{"name":"wp","href":"https:\/\/api.w.org\/{rel}","templated":true}]}}