{"id":16871,"date":"2024-01-13T15:15:24","date_gmt":"2024-01-13T15:15:24","guid":{"rendered":"https:\/\/tinyknit.eu\/?post_type=product&#038;p=16871"},"modified":"2025-04-05T18:57:00","modified_gmt":"2025-04-05T18:57:00","slug":"lastenhuoneen-sisustus-pehmolelu-virkattu-ilmapallokoira","status":"publish","type":"product","link":"https:\/\/tinyknit.eu\/fi\/product\/ale\/lastenhuoneen-sisustus-pehmolelu-virkattu-ilmapallokoira\/","title":{"rendered":"Lastenhuoneen sisustus, pehmolelu &#8211; Virkattu ilmapallokoira"},"content":{"rendered":"<p>Virkattu ilmapallokoira on t\u00e4ydellinen valinta lapsesi makuuhuoneen koristeluun. Ihanat luonnolliset v\u00e4rit t\u00e4ytt\u00e4v\u00e4t kodin l\u00e4mpim\u00e4ll\u00e4 ja kutsuvalla tunnelmalla. Lis\u00e4ksi ilmapallokoira voi olla ihana ja ainutlaatuinen lahja.<\/p>\n<p><strong>Ominaisuudet:<\/strong><br \/>\n\u2022 Kaikki lelut on valmistettu hypoallergeenisist\u00e4 materiaaleista, mik\u00e4 tekee niist\u00e4 turvallisia lapselle.<br \/>\n\u2022 Lelu voi olla mielenkiintoinen lis\u00e4ys mihin tahansa lapsen makuuhuoneen sisustukseen.<\/p>\n<p><strong>Koko:<\/strong> ~ 20 x 11 cm<br \/>\n<strong>Materiaali:<\/strong>\u00a0T\u00e4m\u00e4 tuote on\u00a0<strong>k\u00e4sin neulottu hypoallergeenisesta, pehme\u00e4st\u00e4 ja puuvillalangasta.<\/strong>\u00a0Se on t\u00e4ytetty holofiberilla ja tehty savuttomassa ja el\u00e4invapaassa kodissa.<\/p>\n<p><strong>Valmistettu Virossa, Euroopan unionissa.<\/strong><\/p>\n<p><strong>Pakkaus sis\u00e4lt\u00e4\u00e4:<\/strong><br \/>\n\u2022 1x Virkattu ilmapallokoira<\/p>\n<p><strong>Hoito-ohjeet:<br \/>\n<\/strong>\u2022 Allergisten reaktioiden v\u00e4ltt\u00e4miseksi k\u00e4yt\u00e4 nestem\u00e4isi\u00e4 ja hypoallergeenisia pesuaineita.<br \/>\n\u2022 K\u00e4yt\u00e4 pesukoneen herkk\u00e4\u00e4 pesuohjelmaa ja aseta l\u00e4mp\u00f6tila 30 asteeseen 30 minuutin ajaksi.<br \/>\n\u2022 Pesun j\u00e4lkeen<\/p>\n","protected":false},"excerpt":{"rendered":"<p>Virkattu ilmapallokoira on t\u00e4ydellinen valinta lapsesi makuuhuoneen koristeluun. Ihanat luonnolliset v\u00e4rit t\u00e4ytt\u00e4v\u00e4t kodin l\u00e4mpim\u00e4ll\u00e4 ja kutsuvalla tunnelmalla. Lis\u00e4ksi ilmapallokoira voi olla ihana ja ainutlaatuinen lahja.<\/p>\n","protected":false},"featured_media":16890,"comment_status":"open","ping_status":"closed","template":"","meta":[],"product_brand":[],"product_cat":[662,279,183],"product_tag":[],"class_list":{"0":"post-16871","1":"product","2":"type-product","3":"status-publish","4":"has-post-thumbnail","6":"product_cat-ale","7":"product_cat-koti-ja-sisustus","8":"product_cat-varastossa-ja-valmiina-lahetettavaksi","10":"first","11":"instock","12":"sale","13":"taxable","14":"shipping-taxable","15":"purchasable","16":"product-type-simple"},"_links":{"self":[{"href":"https:\/\/tinyknit.eu\/fi\/wp-json\/wp\/v2\/product\/16871","targetHints":{"allow":["GET"]}}],"collection":[{"href":"https:\/\/tinyknit.eu\/fi\/wp-json\/wp\/v2\/product"}],"about":[{"href":"https:\/\/tinyknit.eu\/fi\/wp-json\/wp\/v2\/types\/product"}],"replies":[{"embeddable":true,"href":"https:\/\/tinyknit.eu\/fi\/wp-json\/wp\/v2\/comments?post=16871"}],"version-history":[{"count":3,"href":"https:\/\/tinyknit.eu\/fi\/wp-json\/wp\/v2\/product\/16871\/revisions"}],"predecessor-version":[{"id":17082,"href":"https:\/\/tinyknit.eu\/fi\/wp-json\/wp\/v2\/product\/16871\/revisions\/17082"}],"wp:featuredmedia":[{"embeddable":true,"href":"https:\/\/tinyknit.eu\/fi\/wp-json\/wp\/v2\/media\/16890"}],"wp:attachment":[{"href":"https:\/\/tinyknit.eu\/fi\/wp-json\/wp\/v2\/media?parent=16871"}],"wp:term":[{"taxonomy":"product_brand","embeddable":true,"href":"https:\/\/tinyknit.eu\/fi\/wp-json\/wp\/v2\/product_brand?post=16871"},{"taxonomy":"product_cat","embeddable":true,"href":"https:\/\/tinyknit.eu\/fi\/wp-json\/wp\/v2\/product_cat?post=16871"},{"taxonomy":"product_tag","embeddable":true,"href":"https:\/\/tinyknit.eu\/fi\/wp-json\/wp\/v2\/product_tag?post=16871"}],"curies":[{"name":"wp","href":"https:\/\/api.w.org\/{rel}","templated":true}]}}