{"id":16386,"date":"2023-10-08T19:50:16","date_gmt":"2023-10-08T19:50:16","guid":{"rendered":"https:\/\/tinyknit.eu\/?post_type=product&#038;p=16386"},"modified":"2025-04-05T18:57:10","modified_gmt":"2025-04-05T18:57:10","slug":"syksyn-koriste-syksyinen-estetiikka-virkattu-kurpitsa-pieni-2","status":"publish","type":"product","link":"https:\/\/tinyknit.eu\/fi\/product\/koti-ja-sisustus\/syksyn-koriste-syksyinen-estetiikka-virkattu-kurpitsa-pieni-2\/","title":{"rendered":"Syksyn koriste, syksyinen estetiikka &#8211; Virkattu kurpitsa, Pieni"},"content":{"rendered":"<p>Virkatut kurpitsaa ovat t\u00e4ydellinen valinta kodin koristamiseen syksyll\u00e4 ja Halloweenin aikaan. N\u00e4iden kurpitsojen ihanat ja luonnolliset v\u00e4rit tuovat kotiisi l\u00e4mpim\u00e4n ja kutsuvan tunnelman. Voit k\u00e4ytt\u00e4\u00e4 niit\u00e4 koristeina miss\u00e4 tahansa haluat her\u00e4tt\u00e4\u00e4 syksyn hengen. Lis\u00e4ksi kurpitsat voivat olla hienoja lahjoja rakkaillesi<\/p>\n<p><strong>Ominaisuudet:<\/strong><br \/>\n\u2022 Kaikki lelut on valmistettu hypoallergeenisist\u00e4 materiaaleista, mik\u00e4 tekee niist\u00e4 turvallisia lapselle.<br \/>\n\u2022 Lelu voi olla mielenkiintoinen lis\u00e4ys mihin tahansa lapsen makuuhuoneen sisustukseen.<\/p>\n<p><strong>Koko:<\/strong> ~ 14 x 13 cm<br \/>\n<strong>Materiaali:<\/strong>\u00a0T\u00e4m\u00e4 tuote on\u00a0<strong>k\u00e4sin neulottu hypoallergeenisesta, pehme\u00e4st\u00e4 ja puuvillalangasta.<\/strong>\u00a0Se on t\u00e4ytetty holofiberilla ja tehty savuttomassa ja el\u00e4invapaassa kodissa.<\/p>\n<p><strong>Valmistettu Virossa, Euroopan unionissa.<\/strong><\/p>\n<p><strong>Pakkaus sis\u00e4lt\u00e4\u00e4:<\/strong><br \/>\n\u2022 1x Virkattu kurpitsa<\/p>\n<p><strong>Hoito-ohjeet:<br \/>\n<\/strong>\u2022 Allergisten reaktioiden v\u00e4ltt\u00e4miseksi k\u00e4yt\u00e4 nestem\u00e4isi\u00e4 ja hypoallergeenisia pesuaineita.<br \/>\n\u2022 K\u00e4yt\u00e4 pesukoneen herkk\u00e4\u00e4 pesuohjelmaa ja aseta l\u00e4mp\u00f6tila 30 asteeseen 30 minuutin ajaksi.<br \/>\n\u2022 Pesun j\u00e4lkeen<\/p>\n","protected":false},"excerpt":{"rendered":"<p>Heijastetut kurpitsaa ovat t\u00e4ydellinen valinta kodin koristamiseen syksyll\u00e4 ja Halloweenin aikaan. N\u00e4iden kurpitsojen ihanat ja luonnolliset v\u00e4rit tuovat kotiisi l\u00e4mpim\u00e4n ja kutsuvan tunnelman.<\/p>\n","protected":false},"featured_media":16396,"comment_status":"open","ping_status":"closed","template":"","meta":[],"product_brand":[],"product_cat":[279],"product_tag":[],"class_list":{"0":"post-16386","1":"product","2":"type-product","3":"status-publish","4":"has-post-thumbnail","6":"product_cat-koti-ja-sisustus","8":"first","9":"instock","10":"taxable","11":"shipping-taxable","12":"purchasable","13":"product-type-simple"},"_links":{"self":[{"href":"https:\/\/tinyknit.eu\/fi\/wp-json\/wp\/v2\/product\/16386","targetHints":{"allow":["GET"]}}],"collection":[{"href":"https:\/\/tinyknit.eu\/fi\/wp-json\/wp\/v2\/product"}],"about":[{"href":"https:\/\/tinyknit.eu\/fi\/wp-json\/wp\/v2\/types\/product"}],"replies":[{"embeddable":true,"href":"https:\/\/tinyknit.eu\/fi\/wp-json\/wp\/v2\/comments?post=16386"}],"version-history":[{"count":2,"href":"https:\/\/tinyknit.eu\/fi\/wp-json\/wp\/v2\/product\/16386\/revisions"}],"predecessor-version":[{"id":16470,"href":"https:\/\/tinyknit.eu\/fi\/wp-json\/wp\/v2\/product\/16386\/revisions\/16470"}],"wp:featuredmedia":[{"embeddable":true,"href":"https:\/\/tinyknit.eu\/fi\/wp-json\/wp\/v2\/media\/16396"}],"wp:attachment":[{"href":"https:\/\/tinyknit.eu\/fi\/wp-json\/wp\/v2\/media?parent=16386"}],"wp:term":[{"taxonomy":"product_brand","embeddable":true,"href":"https:\/\/tinyknit.eu\/fi\/wp-json\/wp\/v2\/product_brand?post=16386"},{"taxonomy":"product_cat","embeddable":true,"href":"https:\/\/tinyknit.eu\/fi\/wp-json\/wp\/v2\/product_cat?post=16386"},{"taxonomy":"product_tag","embeddable":true,"href":"https:\/\/tinyknit.eu\/fi\/wp-json\/wp\/v2\/product_tag?post=16386"}],"curies":[{"name":"wp","href":"https:\/\/api.w.org\/{rel}","templated":true}]}}