{"id":12236,"date":"2023-04-23T17:04:57","date_gmt":"2023-04-23T17:04:57","guid":{"rendered":"https:\/\/tinyknit.eu\/?post_type=product&#038;p=12236"},"modified":"2025-04-05T18:57:30","modified_gmt":"2025-04-05T18:57:30","slug":"virkatut-helistimet-kettu","status":"publish","type":"product","link":"https:\/\/tinyknit.eu\/fi\/product\/neulonta-palikkapalat\/virkatut-helistimet-kettu\/","title":{"rendered":"Virkatut helistimet \u2013 Kettu"},"content":{"rendered":"<p><strong>Virkatut helistimet<\/strong>\u00a0ovat erinomainen lahja vauvalle, joka kehitt\u00e4\u00e4 vauvan hienomotorisia taitoja ja tarjoaa lapselle ilon l\u00f6yt\u00e4misen kokemuksen. Helistin sopii mukavasti vauvan k\u00e4teen ja on t\u00e4ysin turvallinen eik\u00e4 \u00e4rsyt\u00e4 vauvan ihoa. Helistimess\u00e4 ei ole pieni\u00e4 osia, silm\u00e4t ja nen\u00e4 on kirjailtu.<\/p>\n<p><strong>Materiaali:<\/strong>\u00a0100% puuvilla ja py\u00f6kkipuu rengas<br \/>\n<strong>T\u00e4yte:<\/strong>\u00a0100% holofyber (ei-allergeeninen t\u00e4yte)<br \/>\n<strong>Korkeus:<\/strong>\u00a012 cm<br \/>\n<strong>Soveltuu syntym\u00e4st\u00e4 alkaen.<\/strong><br \/>\n<strong>Helistimess\u00e4 on kelloja sis\u00e4ll\u00e4.<\/strong>\u00a0Kaikki osat on turvallisesti k\u00e4sin ommeltu yhteen, eik\u00e4 liimaa k\u00e4ytet\u00e4.<\/p>\n<p><strong>Hoitosuositukset:<\/strong>\u00a0Pyyhi l\u00e4mpim\u00e4ll\u00e4 saippuavedell\u00e4 ja anna kuivua ilmassa. \u00c4l\u00e4 upota vett\u00e4, sill\u00e4 se kuivattaa puun ja saattaa aiheuttaa halkeamia.<\/p>\n","protected":false},"excerpt":{"rendered":"<p>Virkatut helistimet ovat erinomainen lahja vauvalle, joka kehitt\u00e4\u00e4 vauvan hienomotorisia taitoja ja tarjoaa lapselle ilon l\u00f6yt\u00e4misen kokemuksen. Helistin sopii mukavasti vauvan k\u00e4teen ja on t\u00e4ysin turvallinen eik\u00e4 \u00e4rsyt\u00e4 vauvan ihoa. Helistimess\u00e4 ei ole pieni\u00e4 osia, silm\u00e4t ja nen\u00e4 on kirjailtu.<\/p>\n<p><iframe title=\"YouTube video player\" src=\"https:\/\/www.youtube.com\/embed\/upFEJ26nQ74?si=grPjA8zuIPwrYWsL\" width=\"560\" height=\"315\" frameborder=\"0\" allowfullscreen=\"allowfullscreen\"><\/iframe><\/p>\n","protected":false},"featured_media":20638,"comment_status":"open","ping_status":"closed","template":"","meta":[],"product_brand":[],"product_cat":[195,183],"product_tag":[],"class_list":{"0":"post-12236","1":"product","2":"type-product","3":"status-publish","4":"has-post-thumbnail","6":"product_cat-neulonta-palikkapalat","7":"product_cat-varastossa-ja-valmiina-lahetettavaksi","9":"first","10":"instock","11":"taxable","12":"shipping-taxable","13":"purchasable","14":"product-type-simple"},"_links":{"self":[{"href":"https:\/\/tinyknit.eu\/fi\/wp-json\/wp\/v2\/product\/12236","targetHints":{"allow":["GET"]}}],"collection":[{"href":"https:\/\/tinyknit.eu\/fi\/wp-json\/wp\/v2\/product"}],"about":[{"href":"https:\/\/tinyknit.eu\/fi\/wp-json\/wp\/v2\/types\/product"}],"replies":[{"embeddable":true,"href":"https:\/\/tinyknit.eu\/fi\/wp-json\/wp\/v2\/comments?post=12236"}],"version-history":[{"count":3,"href":"https:\/\/tinyknit.eu\/fi\/wp-json\/wp\/v2\/product\/12236\/revisions"}],"predecessor-version":[{"id":21217,"href":"https:\/\/tinyknit.eu\/fi\/wp-json\/wp\/v2\/product\/12236\/revisions\/21217"}],"wp:featuredmedia":[{"embeddable":true,"href":"https:\/\/tinyknit.eu\/fi\/wp-json\/wp\/v2\/media\/20638"}],"wp:attachment":[{"href":"https:\/\/tinyknit.eu\/fi\/wp-json\/wp\/v2\/media?parent=12236"}],"wp:term":[{"taxonomy":"product_brand","embeddable":true,"href":"https:\/\/tinyknit.eu\/fi\/wp-json\/wp\/v2\/product_brand?post=12236"},{"taxonomy":"product_cat","embeddable":true,"href":"https:\/\/tinyknit.eu\/fi\/wp-json\/wp\/v2\/product_cat?post=12236"},{"taxonomy":"product_tag","embeddable":true,"href":"https:\/\/tinyknit.eu\/fi\/wp-json\/wp\/v2\/product_tag?post=12236"}],"curies":[{"name":"wp","href":"https:\/\/api.w.org\/{rel}","templated":true}]}}