{"id":11626,"date":"2023-04-01T20:45:02","date_gmt":"2023-04-01T20:45:02","guid":{"rendered":"https:\/\/tinyknit.eu\/?post_type=product&#038;p=11626"},"modified":"2025-04-05T18:57:43","modified_gmt":"2025-04-05T18:57:43","slug":"soft-nightdress-case-pajama-bag-crochet-tiger-2","status":"publish","type":"product","link":"https:\/\/tinyknit.eu\/fi\/product\/paivapeitto-lelut\/soft-nightdress-case-pajama-bag-crochet-tiger-2\/","title":{"rendered":"Pehme\u00e4 y\u00f6paitakotelo, pyjaman pussi &#8211; Virkattu tiikeri"},"content":{"rendered":"<p><strong>Pyjaman pussi <\/strong> on hurmaava ja monik\u00e4ytt\u00f6inen virkattu lelu, joka palvelee monia tarkoituksia. Lapset voivat nauttia siit\u00e4 leikkiess\u00e4\u00e4n ja halatessaan sit\u00e4 nukkuessaan, ja se toimii my\u00f6s k\u00e4tev\u00e4n\u00e4 paikkana s\u00e4ilytt\u00e4\u00e4 pyjamaa p\u00e4iv\u00e4n aikana. Lis\u00e4ksi jotkut vanhemmat valitsevat lis\u00e4t\u00e4 laventelin pussin lelun sis\u00e4\u00e4n auttaakseen rauhoittamaan vauvaa ennen nukkumaanmenoa.<\/p>\n<p><strong>Ominaisuudet:<\/strong><br \/>\n\u2022 Pyjaman pussi voi auttaa opettamaan lapsellesi j\u00e4rjestyst\u00e4, koska on paljon hauskempaa laittaa pyjama lelun sis\u00e4\u00e4n kuin piilottaa se tyynyn alle.<br \/>\n\u2022 Se voi my\u00f6s auttaa hienomotoriikan kehitt\u00e4misess\u00e4, koska lapset oppivat avaamaan ja sulkemaan kiristimen.<br \/>\n\u2022 Hienomotoriikka on suoraan yhteydess\u00e4 muistin, huomion ja koordinaation kehittymiseen.<br \/>\n\u2022 Lelu voi rikastuttaa taktiilisia aistimuksia, koska se yhdist\u00e4\u00e4 erilaisia tekstuureja langoissa, mik\u00e4 on kiinnostavaa lapselle ja auttaa heit\u00e4 oppimaan ymp\u00e4r\u00f6iv\u00e4st\u00e4 maailmasta.<br \/>\n\u2022 Se voi rauhoittaa ja auttaa lasta nukahtamaan, koska Pajama Bag on eritt\u00e4in miellytt\u00e4v\u00e4 halata. Kaikki lelut on valmistettu hypoallergeenisista materiaaleista, mik\u00e4 tekee niist\u00e4 turvallisia lapselle.<br \/>\n\u2022 Pyjaman pussi voi tulla mielenkiintoiseksi lis\u00e4ykseksi mihin tahansa lapsen makuuhuoneen sisustukseen.<\/p>\n<p><strong>Koko:<\/strong> ~ 58 x 22 cm<br \/>\n<strong>Materiaali:<\/strong> T\u00e4m\u00e4 tuote on <strong>k\u00e4sin neulottu hypoallergeenisesta, pehme\u00e4st\u00e4 ja puuvillalangasta.<\/strong> Se on t\u00e4ytetty holofiberilla ja tehty savuttomassa ja el\u00e4invapaassa kodissa.<\/p>\n<p><strong>Valmistettu Virossa, Euroopan unionissa.<\/strong><\/p>\n<p><strong>Pakkaus sis\u00e4lt\u00e4\u00e4:<\/strong><br \/>\n\u2022 1x Pyjaman pussi<\/p>\n<p><strong>T\u00e4ydellinen lahja vauvalle!<\/strong><br \/>\nValmiiksi pakattu lahja mihin tahansa vauvakutsuihin, vauvarekisteriin tai syntym\u00e4p\u00e4iv\u00e4juhlaan.<\/p>\n<p><strong>Huomaa,<\/strong> ett\u00e4 t\u00e4m\u00e4 lelu sis\u00e4lt\u00e4\u00e4 johto lukon. On t\u00e4rke\u00e4\u00e4 valvoa alle 3-vuotiaita lapsia tai niit\u00e4, jotka taipuvat laittamaan asioita suuhunsa.<\/p>\n<p><strong>Hoito-ohjeet:<br \/>\n<\/strong> \u2022 Allergisten reaktioiden v\u00e4ltt\u00e4miseksi k\u00e4yt\u00e4 nestem\u00e4isi\u00e4 ja hypoallergeenisia pesuaineita.<br \/>\n\u2022 K\u00e4yt\u00e4 pesukoneen herkk\u00e4\u00e4 pesuohjelmaa ja aseta l\u00e4mp\u00f6tila 30 asteeseen 30 minuutin ajaksi.<br \/>\n\u2022 Pesun j\u00e4lkeen<\/p>\n<p>&nbsp;<\/p>\n","protected":false},"excerpt":{"rendered":"<p>Jos et tied\u00e4 miten opettaa lapsellesi taitoa taitella pyjaman, t\u00e4m\u00e4 auttaa sinua tekem\u00e4\u00e4n lelun pyjaman s\u00e4ilytyst\u00e4 varten. T\u00e4m\u00e4 ainutlaatuinen esine voi toimia sek\u00e4 nukkumiseen ja leikkimiseen tarkoitettuna pehmoleluna ett\u00e4 k\u00e4tev\u00e4n\u00e4 paikkana pyjaman s\u00e4ilytykselle.<\/p>\n","protected":false},"featured_media":11638,"comment_status":"open","ping_status":"closed","template":"","meta":[],"product_brand":[],"product_cat":[196,185],"product_tag":[],"class_list":{"0":"post-11626","1":"product","2":"type-product","3":"status-publish","4":"has-post-thumbnail","6":"product_cat-paivapeitto-lelut","7":"product_cat-valmistettu-tilausta","9":"first","10":"onbackorder","11":"taxable","12":"shipping-taxable","13":"purchasable","14":"product-type-simple"},"_links":{"self":[{"href":"https:\/\/tinyknit.eu\/fi\/wp-json\/wp\/v2\/product\/11626","targetHints":{"allow":["GET"]}}],"collection":[{"href":"https:\/\/tinyknit.eu\/fi\/wp-json\/wp\/v2\/product"}],"about":[{"href":"https:\/\/tinyknit.eu\/fi\/wp-json\/wp\/v2\/types\/product"}],"replies":[{"embeddable":true,"href":"https:\/\/tinyknit.eu\/fi\/wp-json\/wp\/v2\/comments?post=11626"}],"version-history":[{"count":3,"href":"https:\/\/tinyknit.eu\/fi\/wp-json\/wp\/v2\/product\/11626\/revisions"}],"predecessor-version":[{"id":15744,"href":"https:\/\/tinyknit.eu\/fi\/wp-json\/wp\/v2\/product\/11626\/revisions\/15744"}],"wp:featuredmedia":[{"embeddable":true,"href":"https:\/\/tinyknit.eu\/fi\/wp-json\/wp\/v2\/media\/11638"}],"wp:attachment":[{"href":"https:\/\/tinyknit.eu\/fi\/wp-json\/wp\/v2\/media?parent=11626"}],"wp:term":[{"taxonomy":"product_brand","embeddable":true,"href":"https:\/\/tinyknit.eu\/fi\/wp-json\/wp\/v2\/product_brand?post=11626"},{"taxonomy":"product_cat","embeddable":true,"href":"https:\/\/tinyknit.eu\/fi\/wp-json\/wp\/v2\/product_cat?post=11626"},{"taxonomy":"product_tag","embeddable":true,"href":"https:\/\/tinyknit.eu\/fi\/wp-json\/wp\/v2\/product_tag?post=11626"}],"curies":[{"name":"wp","href":"https:\/\/api.w.org\/{rel}","templated":true}]}}