{"id":33959,"date":"2025-09-14T09:40:50","date_gmt":"2025-09-14T09:40:50","guid":{"rendered":"https:\/\/tinyknit.eu\/installment-plan-klarna\/"},"modified":"2025-09-14T09:45:51","modified_gmt":"2025-09-14T09:45:51","slug":"klarna-eramaksusuunnitelma","status":"publish","type":"page","link":"https:\/\/tinyknit.eu\/fi\/klarna-eramaksusuunnitelma\/","title":{"rendered":"Klarna-er\u00e4maksusuunnitelma"},"content":{"rendered":"<p><img decoding=\"async\" class=\"aligncenter wp-image-33945 size-full\" src=\"https:\/\/tinyknit.eu\/wp-content\/uploads\/2025\/09\/klarna.jpg\" alt=\"\" width=\"600\" height=\"65\" srcset=\"https:\/\/tinyknit.eu\/wp-content\/uploads\/2025\/09\/klarna.jpg 600w, https:\/\/tinyknit.eu\/wp-content\/uploads\/2025\/09\/klarna-400x43.jpg 400w, https:\/\/tinyknit.eu\/wp-content\/uploads\/2025\/09\/klarna-430x47.jpg 430w, https:\/\/tinyknit.eu\/wp-content\/uploads\/2025\/09\/klarna-150x16.jpg 150w\" sizes=\"(max-width: 600px) 100vw, 600px\" \/><\/p>\n<p data-start=\"1009\" data-end=\"1065\"><strong>Klarna \u2013 joustavat maksamista helposti!<\/strong><\/p>\n<p data-start=\"1067\" data-end=\"1246\">Klarna antaa sinun ostaa nyt ja maksaa my\u00f6hemmin juuri sinulle sopivalla tavalla. Haluatpa maksaa osissa, siirt\u00e4\u00e4 maksua tai maksaa heti \u2013 Klarna tekee siit\u00e4 helppoa ja k\u00e4tev\u00e4\u00e4.<\/p>\n<ul>\n<li data-start=\"1248\" data-end=\"1288\">Ei piilokuluja, kun maksetaan ajallaan<\/li>\n<li data-start=\"1290\" data-end=\"1365\">Valitse joustavien er\u00e4maksusuunnitelmien tai my\u00f6hemmin maksamisen v\u00e4lill\u00e4<\/li>\n<li data-start=\"1367\" data-end=\"1418\">Sujuva kassakokemus vain muutamalla klikkauksella<\/li>\n<\/ul>\n<p data-start=\"1420\" data-end=\"1476\">Maksutavan tarjoaa ja hallinnoi Klarna Bank AB (publ).<\/p>\n","protected":false},"excerpt":{"rendered":"<p>Klarna \u2013 joustavat maksamista helposti! Klarna antaa sinun ostaa nyt ja maksaa my\u00f6hemmin juuri sinulle sopivalla tavalla. Haluatpa maksaa osissa,<\/p>\n","protected":false},"author":1,"featured_media":0,"parent":0,"menu_order":0,"comment_status":"closed","ping_status":"closed","template":"","meta":{"footnotes":""},"class_list":["post-33959","page","type-page","status-publish","hentry"],"_links":{"self":[{"href":"https:\/\/tinyknit.eu\/fi\/wp-json\/wp\/v2\/pages\/33959","targetHints":{"allow":["GET"]}}],"collection":[{"href":"https:\/\/tinyknit.eu\/fi\/wp-json\/wp\/v2\/pages"}],"about":[{"href":"https:\/\/tinyknit.eu\/fi\/wp-json\/wp\/v2\/types\/page"}],"author":[{"embeddable":true,"href":"https:\/\/tinyknit.eu\/fi\/wp-json\/wp\/v2\/users\/1"}],"replies":[{"embeddable":true,"href":"https:\/\/tinyknit.eu\/fi\/wp-json\/wp\/v2\/comments?post=33959"}],"version-history":[{"count":1,"href":"https:\/\/tinyknit.eu\/fi\/wp-json\/wp\/v2\/pages\/33959\/revisions"}],"predecessor-version":[{"id":33965,"href":"https:\/\/tinyknit.eu\/fi\/wp-json\/wp\/v2\/pages\/33959\/revisions\/33965"}],"wp:attachment":[{"href":"https:\/\/tinyknit.eu\/fi\/wp-json\/wp\/v2\/media?parent=33959"}],"curies":[{"name":"wp","href":"https:\/\/api.w.org\/{rel}","templated":true}]}}