{"id":30296,"date":"2025-06-15T18:49:14","date_gmt":"2025-06-15T18:49:14","guid":{"rendered":"https:\/\/tinyknit.eu\/isikuparaste-manguasjade-looja\/"},"modified":"2025-06-15T19:17:37","modified_gmt":"2025-06-15T19:17:37","slug":"raataloidyt-lelujen-rakentaja","status":"publish","type":"page","link":"https:\/\/tinyknit.eu\/fi\/raataloidyt-lelujen-rakentaja\/","title":{"rendered":"R\u00e4\u00e4t\u00e4l\u00f6idyt lelujen rakentaja"},"content":{"rendered":"\t\t<div data-elementor-type=\"wp-page\" data-elementor-id=\"30296\" class=\"elementor elementor-30296 elementor-30272\">\n\t\t\t\t\t\t<section class=\"wd-negative-gap elementor-section elementor-top-section elementor-element elementor-element-68f810a elementor-section-boxed elementor-section-height-default elementor-section-height-default\" data-id=\"68f810a\" data-element_type=\"section\">\n\t\t\t\t\t\t<div class=\"elementor-container elementor-column-gap-default\">\n\t\t\t\t\t<div class=\"elementor-column elementor-col-100 elementor-top-column elementor-element elementor-element-3732410\" data-id=\"3732410\" data-element_type=\"column\">\n\t\t\t<div class=\"elementor-widget-wrap elementor-element-populated\">\n\t\t\t\t\t\t<div class=\"elementor-element elementor-element-ccd18cc elementor-widget elementor-widget-image\" data-id=\"ccd18cc\" data-element_type=\"widget\" data-widget_type=\"image.default\">\n\t\t\t\t<div class=\"elementor-widget-container\">\n\t\t\t\t\t\t\t\t\t\t\t\t\t\t\t<img fetchpriority=\"high\" decoding=\"async\" width=\"1200\" height=\"300\" src=\"https:\/\/tinyknit.eu\/wp-content\/uploads\/2025\/06\/etsy-1200x300-1.jpg\" class=\"attachment-full size-full wp-image-30282\" alt=\"\" srcset=\"https:\/\/tinyknit.eu\/wp-content\/uploads\/2025\/06\/etsy-1200x300-1.jpg 1200w, https:\/\/tinyknit.eu\/wp-content\/uploads\/2025\/06\/etsy-1200x300-1-400x100.jpg 400w, https:\/\/tinyknit.eu\/wp-content\/uploads\/2025\/06\/etsy-1200x300-1-768x192.jpg 768w, https:\/\/tinyknit.eu\/wp-content\/uploads\/2025\/06\/etsy-1200x300-1-430x108.jpg 430w, https:\/\/tinyknit.eu\/wp-content\/uploads\/2025\/06\/etsy-1200x300-1-700x175.jpg 700w, https:\/\/tinyknit.eu\/wp-content\/uploads\/2025\/06\/etsy-1200x300-1-150x38.jpg 150w\" sizes=\"(max-width: 1200px) 100vw, 1200px\" \/>\t\t\t\t\t\t\t\t\t\t\t\t\t\t\t<\/div>\n\t\t\t\t<\/div>\n\t\t\t\t\t<\/div>\n\t\t<\/div>\n\t\t\t\t\t<\/div>\n\t\t<\/section>\n\t\t\t\t<section class=\"wd-negative-gap elementor-section elementor-top-section elementor-element elementor-element-3766a26 elementor-section-boxed elementor-section-height-default elementor-section-height-default\" data-id=\"3766a26\" data-element_type=\"section\">\n\t\t\t\t\t\t<div class=\"elementor-container elementor-column-gap-default\">\n\t\t\t\t\t<div class=\"elementor-column elementor-col-100 elementor-top-column elementor-element elementor-element-45113bc\" data-id=\"45113bc\" data-element_type=\"column\">\n\t\t\t<div class=\"elementor-widget-wrap elementor-element-populated\">\n\t\t\t\t\t\t<div class=\"elementor-element elementor-element-8cef006 wd-width-100 elementor-widget elementor-widget-wd_title\" data-id=\"8cef006\" data-element_type=\"widget\" data-widget_type=\"wd_title.default\">\n\t\t\t\t<div class=\"elementor-widget-container\">\n\t\t\t\t\t\t\t<div class=\"title-wrapper wd-set-mb reset-last-child wd-title-color-default wd-title-style-default wd-title-size-default text-center\">\n\n\t\t\t\n\t\t\t<div class=\"liner-continer\">\n\t\t\t\t<h4 class=\"woodmart-title-container title wd-fontsize-l\">Luo unelmiesi lelu!<\/h4> \n\t\t\t\t\t\t\t<\/div>\n\n\t\t\t\t\t<\/div>\n\t\t\t\t\t\t<\/div>\n\t\t\t\t<\/div>\n\t\t\t\t<div class=\"elementor-element elementor-element-b890171 elementor-widget elementor-widget-wd_text_block\" data-id=\"b890171\" data-element_type=\"widget\" data-widget_type=\"wd_text_block.default\">\n\t\t\t\t<div class=\"elementor-widget-container\">\n\t\t\t\t\t\t\t<div class=\"wd-text-block reset-last-child text-left\">\n\t\t\t\n\t\t\t<p>Osa leluistamme on saatavilla muokattavina vaihtoehtoina, mik\u00e4 tarkoittaa, ett\u00e4 voit personoida tiettyj\u00e4 osia ja tehd\u00e4 lelusta t\u00e4ysin ainutlaatuisen. Osallistu luovaan prosessiin ja suunnittele erityinen kaveri pienokaisellesi \u2014 tai ajatuksella annettava lahja!<\/p>\n\t\t\t\t\t<\/div>\n\t\t\t\t\t\t<\/div>\n\t\t\t\t<\/div>\n\t\t\t\t\t<\/div>\n\t\t<\/div>\n\t\t\t\t\t<\/div>\n\t\t<\/section>\n\t\t\t\t<section class=\"wd-negative-gap elementor-section elementor-top-section elementor-element elementor-element-56e5f9d elementor-section-boxed elementor-section-height-default elementor-section-height-default\" data-id=\"56e5f9d\" data-element_type=\"section\">\n\t\t\t\t\t\t<div class=\"elementor-container elementor-column-gap-default\">\n\t\t\t\t\t<div class=\"elementor-column elementor-col-100 elementor-top-column elementor-element elementor-element-9be6fcb\" data-id=\"9be6fcb\" data-element_type=\"column\">\n\t\t\t<div class=\"elementor-widget-wrap elementor-element-populated\">\n\t\t\t\t\t\t<div class=\"elementor-element elementor-element-e6f9873 elementor-widget-divider--view-line elementor-widget elementor-widget-divider\" data-id=\"e6f9873\" data-element_type=\"widget\" data-widget_type=\"divider.default\">\n\t\t\t\t<div class=\"elementor-widget-container\">\n\t\t\t\t\t\t\t<div class=\"elementor-divider\">\n\t\t\t<span class=\"elementor-divider-separator\">\n\t\t\t\t\t\t<\/span>\n\t\t<\/div>\n\t\t\t\t\t\t<\/div>\n\t\t\t\t<\/div>\n\t\t\t\t\t<\/div>\n\t\t<\/div>\n\t\t\t\t\t<\/div>\n\t\t<\/section>\n\t\t\t\t<section class=\"wd-negative-gap elementor-section elementor-top-section elementor-element elementor-element-a8a3751 elementor-section-boxed elementor-section-height-default elementor-section-height-default\" data-id=\"a8a3751\" data-element_type=\"section\">\n\t\t\t\t\t\t<div class=\"elementor-container elementor-column-gap-default\">\n\t\t\t\t\t<div class=\"elementor-column elementor-col-33 elementor-top-column elementor-element elementor-element-343ac0d\" data-id=\"343ac0d\" data-element_type=\"column\">\n\t\t\t<div class=\"elementor-widget-wrap elementor-element-populated\">\n\t\t\t\t\t\t<div class=\"elementor-element elementor-element-ed6490b wd-width-100 elementor-widget elementor-widget-wd_title\" data-id=\"ed6490b\" data-element_type=\"widget\" data-widget_type=\"wd_title.default\">\n\t\t\t\t<div class=\"elementor-widget-container\">\n\t\t\t\t\t\t\t<div class=\"title-wrapper wd-set-mb reset-last-child wd-title-color-default wd-title-style-default wd-title-size-default text-center\">\n\n\t\t\t\n\t\t\t<div class=\"liner-continer\">\n\t\t\t\t<h4 class=\"woodmart-title-container title wd-fontsize-l\">Mit\u00e4 voit muokata?<\/h4> \n\t\t\t\t\t\t\t<\/div>\n\n\t\t\t\t\t\t\t<div class=\"title-after_title reset-last-child wd-fontsize-xs\">\n\t\t\t\t\t<p>Valituissa leluissa voit valita:<br \/>\ud83c\udfa8 Vartalon v\u00e4ri<br \/>\ud83d\udc40 Silmien v\u00e4ri<br \/>\ud83d\udc3e Tassujen, korvien tai h\u00e4nn\u00e4n v\u00e4ri (riippuu lelusta)<\/p><p>Kaikki materiaalit ovat hypoallergeenisia ja lapsille turvallisia, riippumatta valinnoista.<\/p>\t\t\t\t<\/div>\n\t\t\t\t\t<\/div>\n\t\t\t\t\t\t<\/div>\n\t\t\t\t<\/div>\n\t\t\t\t\t<\/div>\n\t\t<\/div>\n\t\t\t\t<div class=\"elementor-column elementor-col-33 elementor-top-column elementor-element elementor-element-6c7daa7\" data-id=\"6c7daa7\" data-element_type=\"column\">\n\t\t\t<div class=\"elementor-widget-wrap elementor-element-populated\">\n\t\t\t\t\t\t<div class=\"elementor-element elementor-element-2517008 wd-width-100 elementor-widget elementor-widget-wd_title\" data-id=\"2517008\" data-element_type=\"widget\" data-widget_type=\"wd_title.default\">\n\t\t\t\t<div class=\"elementor-widget-container\">\n\t\t\t\t\t\t\t<div class=\"title-wrapper wd-set-mb reset-last-child wd-title-color-default wd-title-style-default wd-title-size-default text-center\">\n\n\t\t\t\n\t\t\t<div class=\"liner-continer\">\n\t\t\t\t<h4 class=\"woodmart-title-container title wd-fontsize-l\">N\u00e4in se toimii:<\/h4> \n\t\t\t\t\t\t\t<\/div>\n\n\t\t\t\t\t\t\t<div class=\"title-after_title reset-last-child wd-fontsize-xs\">\n\t\t\t\t\t<p>1) Etsi tuotesivuilta merkint\u00e4 \"Valitse lelun tyyppi\"<\/p><p>2) Klikkaa \"Haluan valita toisen\/oman v\u00e4rin\"<\/p><p>3) Valitse suosikkiv\u00e4risi paletistamme<\/p><p>4) Lis\u00e4\u00e4 halutessasi huomautuksia tai toiveita<\/p><p>5) Tee tilaus \u2014 me hoidamme loput!<\/p>\t\t\t\t<\/div>\n\t\t\t\t\t<\/div>\n\t\t\t\t\t\t<\/div>\n\t\t\t\t<\/div>\n\t\t\t\t\t<\/div>\n\t\t<\/div>\n\t\t\t\t<div class=\"elementor-column elementor-col-33 elementor-top-column elementor-element elementor-element-98f9c78\" data-id=\"98f9c78\" data-element_type=\"column\">\n\t\t\t<div class=\"elementor-widget-wrap elementor-element-populated\">\n\t\t\t\t\t\t<div class=\"elementor-element elementor-element-9e86df6 wd-width-100 elementor-widget elementor-widget-wd_title\" data-id=\"9e86df6\" data-element_type=\"widget\" data-widget_type=\"wd_title.default\">\n\t\t\t\t<div class=\"elementor-widget-container\">\n\t\t\t\t\t\t\t<div class=\"title-wrapper wd-set-mb reset-last-child wd-title-color-default wd-title-style-default wd-title-size-default text-center\">\n\n\t\t\t\n\t\t\t<div class=\"liner-continer\">\n\t\t\t\t<h4 class=\"woodmart-title-container title wd-fontsize-l\">K\u00e4sintehty rakkaudella<\/h4> \n\t\t\t\t\t\t\t<\/div>\n\n\t\t\t\t\t\t\t<div class=\"title-after_title reset-last-child wd-fontsize-xs\">\n\t\t\t\t\t<p>Kuten kaikki lelumme, my\u00f6s muokatut lelut ovat:<br \/>\u2022 K\u00e4sintehty pehme\u00e4st\u00e4 ja puuvillalangasta<br \/>\u2022 T\u00e4ytetty hypoallergeenisella holokuidulla<br \/>\u2022 Valmistettu savuttomassa, lemmikitt\u00f6m\u00e4ss\u00e4 studiossa Virossa, EU:ssa<\/p>\t\t\t\t<\/div>\n\t\t\t\t\t<\/div>\n\t\t\t\t\t\t<\/div>\n\t\t\t\t<\/div>\n\t\t\t\t\t<\/div>\n\t\t<\/div>\n\t\t\t\t\t<\/div>\n\t\t<\/section>\n\t\t\t\t<section class=\"wd-negative-gap elementor-section elementor-top-section elementor-element elementor-element-45c86c0 elementor-section-boxed elementor-section-height-default elementor-section-height-default\" data-id=\"45c86c0\" data-element_type=\"section\">\n\t\t\t\t\t\t<div class=\"elementor-container elementor-column-gap-default\">\n\t\t\t\t\t<div class=\"elementor-column elementor-col-100 elementor-top-column elementor-element elementor-element-47fa834\" data-id=\"47fa834\" data-element_type=\"column\">\n\t\t\t<div class=\"elementor-widget-wrap elementor-element-populated\">\n\t\t\t\t\t\t<div class=\"elementor-element elementor-element-a152bb7 elementor-widget-divider--view-line elementor-widget elementor-widget-divider\" data-id=\"a152bb7\" data-element_type=\"widget\" data-widget_type=\"divider.default\">\n\t\t\t\t<div class=\"elementor-widget-container\">\n\t\t\t\t\t\t\t<div class=\"elementor-divider\">\n\t\t\t<span class=\"elementor-divider-separator\">\n\t\t\t\t\t\t<\/span>\n\t\t<\/div>\n\t\t\t\t\t\t<\/div>\n\t\t\t\t<\/div>\n\t\t\t\t\t<\/div>\n\t\t<\/div>\n\t\t\t\t\t<\/div>\n\t\t<\/section>\n\t\t\t\t<section class=\"wd-negative-gap elementor-section elementor-top-section elementor-element elementor-element-d6669d9 elementor-section-boxed elementor-section-height-default elementor-section-height-default\" data-id=\"d6669d9\" data-element_type=\"section\">\n\t\t\t\t\t\t<div class=\"elementor-container elementor-column-gap-default\">\n\t\t\t\t\t<div class=\"elementor-column elementor-col-100 elementor-top-column elementor-element elementor-element-debd609\" data-id=\"debd609\" data-element_type=\"column\">\n\t\t\t<div class=\"elementor-widget-wrap elementor-element-populated\">\n\t\t\t\t\t\t<div class=\"elementor-element elementor-element-e1d4fa7 wd-width-100 elementor-widget elementor-widget-wd_title\" data-id=\"e1d4fa7\" data-element_type=\"widget\" data-widget_type=\"wd_title.default\">\n\t\t\t\t<div class=\"elementor-widget-container\">\n\t\t\t\t\t\t\t<div class=\"title-wrapper wd-set-mb reset-last-child wd-title-color-default wd-title-style-default wd-title-size-default text-center\">\n\n\t\t\t\n\t\t\t<div class=\"liner-continer\">\n\t\t\t\t<h4 class=\"woodmart-title-container title wd-fontsize-l\">Ainutlaatuinen ja henkil\u00f6kohtainen lahja<\/h4> \n\t\t\t\t\t\t\t<\/div>\n\n\t\t\t\t\t\t\t<div class=\"title-after_title reset-last-child wd-fontsize-xs\">\n\t\t\t\t\t<p>T\u00e4ydellinen vauvakutsuille, syntym\u00e4p\u00e4iville tai muuten vain \u2014 lelu toimitetaan lahjapakkauksessa.<\/p>\t\t\t\t<\/div>\n\t\t\t\t\t<\/div>\n\t\t\t\t\t\t<\/div>\n\t\t\t\t<\/div>\n\t\t\t\t\t<\/div>\n\t\t<\/div>\n\t\t\t\t\t<\/div>\n\t\t<\/section>\n\t\t\t\t<\/div>\n\t\t","protected":false},"excerpt":{"rendered":"<p>Luo unelmiesi lelu! Osa leluistamme on saatavilla muokattavina vaihtoehtoina, mik\u00e4 tarkoittaa, ett\u00e4 voit personoida tiettyj\u00e4 osia ja tehd\u00e4 lelusta t\u00e4ysin<\/p>\n","protected":false},"author":1,"featured_media":0,"parent":0,"menu_order":0,"comment_status":"closed","ping_status":"closed","template":"","meta":{"footnotes":""},"class_list":["post-30296","page","type-page","status-publish","hentry"],"_links":{"self":[{"href":"https:\/\/tinyknit.eu\/fi\/wp-json\/wp\/v2\/pages\/30296","targetHints":{"allow":["GET"]}}],"collection":[{"href":"https:\/\/tinyknit.eu\/fi\/wp-json\/wp\/v2\/pages"}],"about":[{"href":"https:\/\/tinyknit.eu\/fi\/wp-json\/wp\/v2\/types\/page"}],"author":[{"embeddable":true,"href":"https:\/\/tinyknit.eu\/fi\/wp-json\/wp\/v2\/users\/1"}],"replies":[{"embeddable":true,"href":"https:\/\/tinyknit.eu\/fi\/wp-json\/wp\/v2\/comments?post=30296"}],"version-history":[{"count":4,"href":"https:\/\/tinyknit.eu\/fi\/wp-json\/wp\/v2\/pages\/30296\/revisions"}],"predecessor-version":[{"id":30300,"href":"https:\/\/tinyknit.eu\/fi\/wp-json\/wp\/v2\/pages\/30296\/revisions\/30300"}],"wp:attachment":[{"href":"https:\/\/tinyknit.eu\/fi\/wp-json\/wp\/v2\/media?parent=30296"}],"curies":[{"name":"wp","href":"https:\/\/api.w.org\/{rel}","templated":true}]}}