{"id":17192,"date":"2024-01-17T18:02:13","date_gmt":"2024-01-17T18:02:13","guid":{"rendered":"https:\/\/tinyknit.eu\/shipping-and-returns\/"},"modified":"2024-01-17T19:03:05","modified_gmt":"2024-01-17T19:03:05","slug":"toimitus-ja-palautus","status":"publish","type":"page","link":"https:\/\/tinyknit.eu\/fi\/toimitus-ja-palautus\/","title":{"rendered":"Toimitus ja palautus"},"content":{"rendered":"<p><strong>Toimitus:<\/strong><br \/>\nToimitus Virosta.<\/p>\n<p>Arvioitu toimitusaika:<br \/>\n<strong>Viro<\/strong>\u00a0\u2013 1 \u2013 2 ty\u00f6p\u00e4iv\u00e4\u00e4;<br \/>\n<strong>Eurooppa<\/strong>\u00a0\u2013 4 \u2013 15 ty\u00f6p\u00e4iv\u00e4\u00e4;<br \/>\n<strong>USA ja Kanada<\/strong>\u00a0\u2013 5 \u2013 30 ty\u00f6p\u00e4iv\u00e4\u00e4.<br \/>\n<strong>Maailma<\/strong>\u00a0\u2013 15 \u2013 40 ty\u00f6p\u00e4iv\u00e4\u00e4.<\/p>\n<p>Tilauksemme k\u00e4sittelyaika vaihtelee 3\u20136 arkip\u00e4iv\u00e4\u00e4n ennakkotilaustuotteille ja 1\u20132 arkip\u00e4iv\u00e4\u00e4n varastossa oleville tuotteille. Tilauksen k\u00e4sittelyaika ei ole toimitusaika. Jos tilaus koostuu sek\u00e4 varastossa olevista ett\u00e4 ennakkotilaustuotteista, tilauksesi l\u00e4hetet\u00e4\u00e4n vasta, kun kaikki tuotteet ovat varastossa ja valmiita l\u00e4hetett\u00e4viksi. Jos haluat tilauksesi toimitettavan nopeammin, tee erilliset tilaukset.<\/p>\n<p><strong>Maailmanlaajuinen toimitus:<\/strong><\/p>\n\n<table id=\"tablepress-1\" class=\"tablepress tablepress-id-1\">\n<thead>\n<tr class=\"row-1\">\n\t<th class=\"column-1\">Country<\/th><th class=\"column-2\">Courier Delivery<\/th><th class=\"column-3\">Parcel pickup point (Post office)<\/th><th class=\"column-4\">Delivery time in days (approximately)<\/th>\n<\/tr>\n<\/thead>\n<tbody class=\"row-striping row-hover\">\n<tr class=\"row-2\">\n\t<td class=\"column-1\">Austria<\/td><td class=\"column-2\">15.96<\/td><td class=\"column-3\">9.25<\/td><td class=\"column-4\">5-8<\/td>\n<\/tr>\n<tr class=\"row-3\">\n\t<td class=\"column-1\">Belgium<\/td><td class=\"column-2\">15.38<\/td><td class=\"column-3\">8.22<\/td><td class=\"column-4\">5-9<\/td>\n<\/tr>\n<tr class=\"row-4\">\n\t<td class=\"column-1\">Bulgaria<\/td><td class=\"column-2\">17.06<\/td><td class=\"column-3\">11.23<\/td><td class=\"column-4\">8-13<\/td>\n<\/tr>\n<tr class=\"row-5\">\n\t<td class=\"column-1\">Ireland<\/td><td class=\"column-2\">21.19<\/td><td class=\"column-3\">15.11<\/td><td class=\"column-4\">8-13<\/td>\n<\/tr>\n<tr class=\"row-6\">\n\t<td class=\"column-1\">Germany<\/td><td class=\"column-2\">13.37<\/td><td class=\"column-3\">7.85<\/td><td class=\"column-4\">5-9<\/td>\n<\/tr>\n<tr class=\"row-7\">\n\t<td class=\"column-1\">Greece<\/td><td class=\"column-2\">18.53<\/td><td class=\"column-3\">12.62<\/td><td class=\"column-4\">6-12<\/td>\n<\/tr>\n<tr class=\"row-8\">\n\t<td class=\"column-1\">Spain<\/td><td class=\"column-2\">15.10<\/td><td class=\"column-3\">9.18<\/td><td class=\"column-4\">6-11<\/td>\n<\/tr>\n<tr class=\"row-9\">\n\t<td class=\"column-1\">Italy<\/td><td class=\"column-2\">13.73<\/td><td class=\"column-3\">10.58<\/td><td class=\"column-4\">6-11<\/td>\n<\/tr>\n<tr class=\"row-10\">\n\t<td class=\"column-1\">Luxembourg<\/td><td class=\"column-2\">15.07<\/td><td class=\"column-3\">9.38<\/td><td class=\"column-4\">4-8<\/td>\n<\/tr>\n<tr class=\"row-11\">\n\t<td class=\"column-1\">France<\/td><td class=\"column-2\">21.13<\/td><td class=\"column-3\">8.28<\/td><td class=\"column-4\">5-9<\/td>\n<\/tr>\n<tr class=\"row-12\">\n\t<td class=\"column-1\">Croatia<\/td><td class=\"column-2\">16.31<\/td><td class=\"column-3\">10.54<\/td><td class=\"column-4\">5-9<\/td>\n<\/tr>\n<tr class=\"row-13\">\n\t<td class=\"column-1\">Czech Republic<\/td><td class=\"column-2\">13.23<\/td><td class=\"column-3\">9.25<\/td><td class=\"column-4\">10-14<\/td>\n<\/tr>\n<tr class=\"row-14\">\n\t<td class=\"column-1\">Sweden<\/td><td class=\"column-2\">18.70<\/td><td class=\"column-3\">9.88<\/td><td class=\"column-4\">5-9<\/td>\n<\/tr>\n<tr class=\"row-15\">\n\t<td class=\"column-1\">Australia<\/td><td class=\"column-2\">33.73<\/td><td class=\"column-3\">20.83<\/td><td class=\"column-4\">13-25<\/td>\n<\/tr>\n<tr class=\"row-16\">\n\t<td class=\"column-1\">Argentina<\/td><td class=\"column-2\">35.79<\/td><td class=\"column-3\">20.84<\/td><td class=\"column-4\">11-19<\/td>\n<\/tr>\n<tr class=\"row-17\">\n\t<td class=\"column-1\">United Kingdom<\/td><td class=\"column-2\">21.19<\/td><td class=\"column-3\">15.11<\/td><td class=\"column-4\">4-8<\/td>\n<\/tr>\n<tr class=\"row-18\">\n\t<td class=\"column-1\">Canada<\/td><td class=\"column-2\">32.28<\/td><td class=\"column-3\">24.09<\/td><td class=\"column-4\">6-13<\/td>\n<\/tr>\n<tr class=\"row-19\">\n\t<td class=\"column-1\">South Korea<\/td><td class=\"column-2\">43.90<\/td><td class=\"column-3\">19.45<\/td><td class=\"column-4\">25-34<\/td>\n<\/tr>\n<tr class=\"row-20\">\n\t<td class=\"column-1\">New Zealand<\/td><td class=\"column-2\">33.04<\/td><td class=\"column-3\">25.25<\/td><td class=\"column-4\">11-20<\/td>\n<\/tr>\n<tr class=\"row-21\">\n\t<td class=\"column-1\">Norway<\/td><td class=\"column-2\">-<\/td><td class=\"column-3\">15.54<\/td><td class=\"column-4\">7-13<\/td>\n<\/tr>\n<tr class=\"row-22\">\n\t<td class=\"column-1\">USA<\/td><td class=\"column-2\">43.52<\/td><td class=\"column-3\">20.58<\/td><td class=\"column-4\">7-18<\/td>\n<\/tr>\n<tr class=\"row-23\">\n\t<td class=\"column-1\">Switzerland<\/td><td class=\"column-2\">19.33<\/td><td class=\"column-3\">14.20<\/td><td class=\"column-4\">8-11<\/td>\n<\/tr>\n<tr class=\"row-24\">\n\t<td class=\"column-1\">Japan<\/td><td class=\"column-2\">49.23<\/td><td class=\"column-3\">17.26<\/td><td class=\"column-4\">6-13<\/td>\n<\/tr>\n<\/tbody>\n<\/table>\n<!-- #tablepress-1 from cache -->\n<p><em>Hinnat ovat euroissa. Viimeinen toimituskustannus lasketaan tilauksen kassasivulla. Taulukon hinta koskee enint\u00e4\u00e4n 250 grammaa painavia paketteja. Toimitusaika saattaa pidenty\u00e4 yleisin\u00e4 juhlapyhin\u00e4. Arvostamme ymm\u00e4rryst\u00e4nne. Kun tilaat maista Euroopan unionin ulkopuolelta, voi lis\u00e4ksi tulla tullimaksu (vero). Vahvista tarkat tiedot paikallisen postiorganisaatiosi kanssa.<\/p>\n<p><\/em><strong>Palautukset:<\/strong><br \/>\nTilauksen vastaanotettuaan ostajalla on oikeus peruuttaa sopimus, joka on tehty verkkokaupan kanssa, 14 p\u00e4iv\u00e4n kuluessa. Ostettuja tuotteita ei voi palauttaa, jos ne on valmistettu tai ostettu erityistilauksena asiakkaalle. Palautettavan tuotteen on oltava alkuper\u00e4ispakkauksessaan ja sit\u00e4 ei saa k\u00e4ytt\u00e4\u00e4. 14 p\u00e4iv\u00e4n peruuttamisoikeuden k\u00e4ytt\u00e4miseksi et saa k\u00e4ytt\u00e4\u00e4 tilattuja tavaroita mill\u00e4\u00e4n tavalla muulla kuin on tarpeen varmistaaksesi tuotteen luonteen, ominaisuudet ja toiminnallisuuden samalla tavalla kuin tavaroita voisi testata tavallisessa kaupassa. Ostaja vastaa palautuskustannuksista, paitsi jos palautuksen syyn\u00e4 on se, ett\u00e4 hyvitett\u00e4v\u00e4 tuote ei vastaa tilausta (esimerkiksi v\u00e4\u00e4r\u00e4 tai viallinen tuote).<\/p>\n<p><strong>Usein kysytyt kysymykset:<\/strong><\/p>\n<p><strong>Mit\u00e4 tapahtuu, jos en nouda pakettia, ja se palautetaan l\u00e4hett\u00e4j\u00e4lle?<\/strong><br \/>\nMik\u00e4li paketti palautetaan minulle, koska et ole noutanut sit\u00e4, maksua ei hyvitet\u00e4.<\/p>\n<p><strong>Sis\u00e4ltyv\u00e4tk\u00f6 tullimaksut, maksut ja tuontiverot hintaan?<\/strong><br \/>\nTullimaksuja, maksuja ja tuontiveroja ei sis\u00e4lly hintaan, ja ne ovat ostajan t\u00e4ysi vastuu.<\/p>\n<p><strong>Hyv\u00e4ksytk\u00f6 vaihtoja ja palautuksia?<\/strong><br \/>\nSinulla on 14 p\u00e4iv\u00e4\u00e4 aikaa palauttaa tai vaihtaa tuote.<br \/>\nIlmoita minulle 3 p\u00e4iv\u00e4n kuluessa, jos haluat palauttaa tai vaihtaa tuotteen.<br \/>\nOstaja vastaa palautuksen postikuluista ja mahdollisesta arvonmenetyksest\u00e4, jos tuote ei palauteta alkuper\u00e4isess\u00e4 kunnossa.<br \/>\nHyvit\u00e4mme tuotteen kustannukset sen vastaanottamisen ja alkuper\u00e4isen kunnossa tarkistamisen j\u00e4lkeen.<\/p>\n<p><strong>Mit\u00e4 teen, jos paketti viiv\u00e4styy?<\/strong><br \/>\nLain mukaan Postilla on vastausaika 30\u201390 p\u00e4iv\u00e4\u00e4, jonka aikana paketti joko l\u00f6ydet\u00e4\u00e4n ja toimitetaan sinulle tai katsotaan kadonneeksi. Jos paketti todetaan kadonneeksi, saat t\u00e4yden hyvityksen tilausm\u00e4\u00e4r\u00e4st\u00e4. Huomaa, ett\u00e4 kaikki p\u00e4iv\u00e4m\u00e4\u00e4r\u00e4t ovat suuntaa antavia ja niiden hallinnasta vastaa Postipalvelu, enk\u00e4 voi vaikuttaa niihin. Jos paketti lopulta l\u00f6ytyy ja toimitetaan sinulle, mutta merkitt\u00e4v\u00e4n viiveen j\u00e4lkeen, hyvityst\u00e4 ei anneta t\u00e4ll\u00f6in.<\/p>\n<p><strong>Mik\u00e4 on peruutusk\u00e4yt\u00e4nt\u00f6si?<\/strong><br \/>\nVoin hyv\u00e4ksy\u00e4 peruutuksen 2 tunnin kuluessa ostosta. Poikkeuksena ovat personoidut tuotteet.<\/p>\n<p><strong>Mit\u00e4 teen, jos tuote vahingoittuu kuljetuksen aikana?<\/strong><br \/>\nJos tuote vaurioituu kuljetuksen aikana, l\u00e4het\u00e4 meille kuva 3 p\u00e4iv\u00e4n kuluessa vastaanottamisesta, ja l\u00e4het\u00e4mme sinulle uuden tuotteen tai teemme hyvityksen.<\/p>\n<p><strong>Voitteko paketoida tilaukseni lahjaksi?<\/strong><br \/>\nKyll\u00e4, tarjoamme lahjapaketointivaihtoehdon lis\u00e4maksusta. Ota yhteytt\u00e4 minuun lis\u00e4tietojen saamiseksi lahjapaketoinnin vaihtoehdoista.<\/p>\n<p><strong>Mik\u00e4 on &#8221;paketin noutopiste&#8221;?<\/strong><br \/>\nL\u00e4hin postitoimisto maassasi. Toisinaan paketti voidaan toimittaa postilaatikkoon tai kuriirin v\u00e4lityksell\u00e4. Paketin katoamistapauksessa tarjotaan v\u00e4h\u00e4ist\u00e4 korvausta.<\/p>\n<p><strong>Mik\u00e4 on &#8221;kuriiritoimitus&#8221;?<\/strong><br \/>\nToimitus toimiston tai kodin ovelle. Jos kuriiripalvelu menett\u00e4\u00e4 pakettisi, tarjotaan suurin korvaus vahingoista.<\/p>\n<p>&nbsp;<\/p>\n","protected":false},"excerpt":{"rendered":"<p>Toimitus: Toimitus Virosta. Arvioitu toimitusaika: Viro\u00a0\u2013 1 \u2013 2 ty\u00f6p\u00e4iv\u00e4\u00e4; Eurooppa\u00a0\u2013 4 \u2013 15 ty\u00f6p\u00e4iv\u00e4\u00e4; USA ja Kanada\u00a0\u2013 5 \u2013<\/p>\n","protected":false},"author":1,"featured_media":0,"parent":0,"menu_order":0,"comment_status":"closed","ping_status":"closed","template":"","meta":{"footnotes":""},"class_list":["post-17192","page","type-page","status-publish","hentry"],"_links":{"self":[{"href":"https:\/\/tinyknit.eu\/fi\/wp-json\/wp\/v2\/pages\/17192","targetHints":{"allow":["GET"]}}],"collection":[{"href":"https:\/\/tinyknit.eu\/fi\/wp-json\/wp\/v2\/pages"}],"about":[{"href":"https:\/\/tinyknit.eu\/fi\/wp-json\/wp\/v2\/types\/page"}],"author":[{"embeddable":true,"href":"https:\/\/tinyknit.eu\/fi\/wp-json\/wp\/v2\/users\/1"}],"replies":[{"embeddable":true,"href":"https:\/\/tinyknit.eu\/fi\/wp-json\/wp\/v2\/comments?post=17192"}],"version-history":[{"count":2,"href":"https:\/\/tinyknit.eu\/fi\/wp-json\/wp\/v2\/pages\/17192\/revisions"}],"predecessor-version":[{"id":17198,"href":"https:\/\/tinyknit.eu\/fi\/wp-json\/wp\/v2\/pages\/17192\/revisions\/17198"}],"wp:attachment":[{"href":"https:\/\/tinyknit.eu\/fi\/wp-json\/wp\/v2\/media?parent=17192"}],"curies":[{"name":"wp","href":"https:\/\/api.w.org\/{rel}","templated":true}]}}