{"id":12691,"date":"2023-04-25T14:52:18","date_gmt":"2023-04-25T14:52:18","guid":{"rendered":"https:\/\/tinyknit.eu\/faq\/"},"modified":"2023-04-25T17:26:52","modified_gmt":"2023-04-25T17:26:52","slug":"ukk","status":"publish","type":"page","link":"https:\/\/tinyknit.eu\/fi\/ukk\/","title":{"rendered":"UKK"},"content":{"rendered":"\t\t<div data-elementor-type=\"wp-page\" data-elementor-id=\"12691\" class=\"elementor elementor-12691 elementor-12682\">\n\t\t\t\t\t\t<section class=\"wd-negative-gap elementor-section elementor-top-section elementor-element elementor-element-53d1c30a elementor-section-boxed elementor-section-height-default elementor-section-height-default\" data-id=\"53d1c30a\" data-element_type=\"section\">\n\t\t\t\t\t\t<div class=\"elementor-container elementor-column-gap-default\">\n\t\t\t\t\t<div class=\"elementor-column elementor-col-100 elementor-top-column elementor-element elementor-element-3f2fac2b\" data-id=\"3f2fac2b\" data-element_type=\"column\">\n\t\t\t<div class=\"elementor-widget-wrap elementor-element-populated\">\n\t\t\t\t\t\t<div class=\"elementor-element elementor-element-563f3168 wd-width-100 elementor-widget elementor-widget-wd_title\" data-id=\"563f3168\" data-element_type=\"widget\" data-widget_type=\"wd_title.default\">\n\t\t\t\t<div class=\"elementor-widget-container\">\n\t\t\t\t\t\t\t<div class=\"title-wrapper wd-set-mb reset-last-child wd-title-color-default wd-title-style-underlined wd-title-size-default text-left\">\n\n\t\t\t\n\t\t\t<div class=\"liner-continer\">\n\t\t\t\t<h4 class=\"woodmart-title-container title wd-fontsize-l\">Usein kysytyt kysymykset<\/h4> \n\t\t\t\t\t\t\t<\/div>\n\n\t\t\t\t\t<\/div>\n\t\t\t\t\t\t<\/div>\n\t\t\t\t<\/div>\n\t\t\t\t<section class=\"wd-negative-gap elementor-section elementor-inner-section elementor-element elementor-element-165b47a3 elementor-section-boxed elementor-section-height-default elementor-section-height-default\" data-id=\"165b47a3\" data-element_type=\"section\">\n\t\t\t\t\t\t<div class=\"elementor-container elementor-column-gap-extended\">\n\t\t\t\t\t<div class=\"elementor-column elementor-col-50 elementor-inner-column elementor-element elementor-element-1df55440\" data-id=\"1df55440\" data-element_type=\"column\">\n\t\t\t<div class=\"elementor-widget-wrap elementor-element-populated\">\n\t\t\t\t\t\t<div class=\"elementor-element elementor-element-42af0a69 elementor-widget elementor-widget-wd_text_block\" data-id=\"42af0a69\" data-element_type=\"widget\" data-widget_type=\"wd_text_block.default\">\n\t\t\t\t<div class=\"elementor-widget-container\">\n\t\t\t\t\t\t\t<div class=\"wd-text-block reset-last-child text-left\">\n\t\t\t\n\t\t\t<h5>Yksil\u00f6lliset ja r\u00e4\u00e4t\u00e4l\u00f6idyt tilaukset<\/h5>\nKyll\u00e4, otan vastaan tilauksia r\u00e4\u00e4t\u00e4l\u00f6idyist\u00e4 leluista.\n\t\t\t\t\t<\/div>\n\t\t\t\t\t\t<\/div>\n\t\t\t\t<\/div>\n\t\t\t\t<div class=\"elementor-element elementor-element-3d202e43 elementor-widget elementor-widget-wd_text_block\" data-id=\"3d202e43\" data-element_type=\"widget\" data-widget_type=\"wd_text_block.default\">\n\t\t\t\t<div class=\"elementor-widget-container\">\n\t\t\t\t\t\t\t<div class=\"wd-text-block reset-last-child text-left\">\n\t\t\t\n\t\t\t<h5>Tukkumyynti saatavilla<\/h5>\nKyll\u00e4, hyv\u00e4ksyn tukkutilauksia. Valitettavasti olen ainoa artesaani, joten voin t\u00e4ytt\u00e4\u00e4 vain pieni\u00e4 tukkutilauksia.\n\t\t\t\t\t<\/div>\n\t\t\t\t\t\t<\/div>\n\t\t\t\t<\/div>\n\t\t\t\t<div class=\"elementor-element elementor-element-3333df9a elementor-widget elementor-widget-wd_text_block\" data-id=\"3333df9a\" data-element_type=\"widget\" data-widget_type=\"wd_text_block.default\">\n\t\t\t\t<div class=\"elementor-widget-container\">\n\t\t\t\t\t\t\t<div class=\"wd-text-block reset-last-child text-left\">\n\t\t\t\n\t\t\t<h5>Mit\u00e4 tapahtuu, jos en nouda pakettia ja se palautuu l\u00e4hett\u00e4j\u00e4lle?<\/h5>\nMik\u00e4li paketti palautuu minulle noutamattomana, maksua ei palauteta.\n\t\t\t\t\t<\/div>\n\t\t\t\t\t\t<\/div>\n\t\t\t\t<\/div>\n\t\t\t\t<div class=\"elementor-element elementor-element-0b03164 elementor-widget elementor-widget-wd_text_block\" data-id=\"0b03164\" data-element_type=\"widget\" data-widget_type=\"wd_text_block.default\">\n\t\t\t\t<div class=\"elementor-widget-container\">\n\t\t\t\t\t\t\t<div class=\"wd-text-block reset-last-child text-left\">\n\t\t\t\n\t\t\t<h5>Sis\u00e4ltyv\u00e4tk\u00f6 tullimaksut, maksut ja tuontiverot hintaan?<\/h5>\nTullimaksujen, maksujen ja tuontiverojen kustannukset eiv\u00e4t sis\u00e4lly hintaan ja ne ovat ostajan t\u00e4yden vastuun maksettavaksi.\n\t\t\t\t\t<\/div>\n\t\t\t\t\t\t<\/div>\n\t\t\t\t<\/div>\n\t\t\t\t<div class=\"elementor-element elementor-element-f174f78 elementor-widget elementor-widget-wd_text_block\" data-id=\"f174f78\" data-element_type=\"widget\" data-widget_type=\"wd_text_block.default\">\n\t\t\t\t<div class=\"elementor-widget-container\">\n\t\t\t\t\t\t\t<div class=\"wd-text-block reset-last-child text-left\">\n\t\t\t\n\t\t\t<h5>Hyv\u00e4ksytk\u00f6 vaihdot ja palautukset?<\/h5>\nSinulla on 14 p\u00e4iv\u00e4\u00e4 aikaa palauttaa tai vaihtaa tuote. Ostaja vastaa palautuskuluista ja mahdollisesta arvon alenemisesta, jos tuotetta ei palauteta alkuper\u00e4isess\u00e4 kunnossa.\n\t\t\t\t\t<\/div>\n\t\t\t\t\t\t<\/div>\n\t\t\t\t<\/div>\n\t\t\t\t<div class=\"elementor-element elementor-element-7085844 elementor-widget elementor-widget-wd_text_block\" data-id=\"7085844\" data-element_type=\"widget\" data-widget_type=\"wd_text_block.default\">\n\t\t\t\t<div class=\"elementor-widget-container\">\n\t\t\t\t\t\t\t<div class=\"wd-text-block reset-last-child text-left\">\n\t\t\t\n\t\t\t<h5>Toimitatteko maahani? Kuinka paljon toimitus maksaa?<\/h5><p>Kyll\u00e4, Baltic Tiny Knit toimittaa tuotteita ymp\u00e4ri maailman!<br \/><br \/>Ensimm\u00e4inen vaihe on valita tuotteet ja lis\u00e4t\u00e4 ne ostoskoriin. Sielt\u00e4 voit sitten sy\u00f6tt\u00e4\u00e4 tarkat toimitusosoitteesi ja valita saatavilla olevista kuljetusyhti\u00f6ist\u00e4 ja n\u00e4hd\u00e4 toimituskustannukset.<br \/><br \/>Tarjoamme erilaisia toimitusvaihtoehtoja riippuen toimitusehdoista, aikatauluista ja hinnoista.\"<\/p>\n\t\t\t\t\t<\/div>\n\t\t\t\t\t\t<\/div>\n\t\t\t\t<\/div>\n\t\t\t\t\t<\/div>\n\t\t<\/div>\n\t\t\t\t<div class=\"elementor-column elementor-col-50 elementor-inner-column elementor-element elementor-element-71b29e58\" data-id=\"71b29e58\" data-element_type=\"column\">\n\t\t\t<div class=\"elementor-widget-wrap elementor-element-populated\">\n\t\t\t\t\t\t<div class=\"elementor-element elementor-element-34a6de8 elementor-widget elementor-widget-wd_text_block\" data-id=\"34a6de8\" data-element_type=\"widget\" data-widget_type=\"wd_text_block.default\">\n\t\t\t\t<div class=\"elementor-widget-container\">\n\t\t\t\t\t\t\t<div class=\"wd-text-block reset-last-child text-left\">\n\t\t\t\n\t\t\t<h5>Kuinka hoidan tuotetta?<\/h5><p>\u2022 Allergisten reaktioiden v\u00e4ltt\u00e4miseksi k\u00e4yt\u00e4 nestem\u00e4isi\u00e4 ja hypoallergeenisia pesuaineita.<br \/>\u2022 K\u00e4yt\u00e4 pesukoneen herkk\u00e4ohjelmaa ja s\u00e4\u00e4d\u00e4 l\u00e4mp\u00f6tila 30 asteeseen 30 minuutiksi.<br \/>\u2022 Pesun j\u00e4lkeen aseta lelu tasaiselle alustalle kuivumaan.<\/p>\n\t\t\t\t\t<\/div>\n\t\t\t\t\t\t<\/div>\n\t\t\t\t<\/div>\n\t\t\t\t<div class=\"elementor-element elementor-element-12e8742c elementor-widget elementor-widget-wd_text_block\" data-id=\"12e8742c\" data-element_type=\"widget\" data-widget_type=\"wd_text_block.default\">\n\t\t\t\t<div class=\"elementor-widget-container\">\n\t\t\t\t\t\t\t<div class=\"wd-text-block reset-last-child text-left\">\n\t\t\t\n\t\t\t<h5>Miten toimin, jos paketti on my\u00f6h\u00e4ss\u00e4?<\/h5>\nLain mukaan Postilla on vastausaika 30-90 p\u00e4iv\u00e4\u00e4, jonka aikana paketti joko l\u00f6ydet\u00e4\u00e4n ja toimitetaan sinulle tai se tunnustetaan kadonneeksi. Jos paketti on kadonnut, saat t\u00e4yden hyvityksen tilauksen m\u00e4\u00e4r\u00e4st\u00e4. Huomaa, ett\u00e4 kaikki p\u00e4iv\u00e4m\u00e4\u00e4r\u00e4t ovat suuntaa antavia ja niit\u00e4 ei voida tarkasti hallita, koska luotan postipalveluun paketin toimittamisessa. Jos paketti lopulta l\u00f6ydet\u00e4\u00e4n ja toimitetaan sinulle merkitt\u00e4v\u00e4n viiveen j\u00e4lkeen, ei hyvityst\u00e4 anneta.\n\t\t\t\t\t<\/div>\n\t\t\t\t\t\t<\/div>\n\t\t\t\t<\/div>\n\t\t\t\t<div class=\"elementor-element elementor-element-4c76598f elementor-widget elementor-widget-wd_text_block\" data-id=\"4c76598f\" data-element_type=\"widget\" data-widget_type=\"wd_text_block.default\">\n\t\t\t\t<div class=\"elementor-widget-container\">\n\t\t\t\t\t\t\t<div class=\"wd-text-block reset-last-child text-left\">\n\t\t\t\n\t\t\t<h5>Kuinka nopeasti tilaukseni l\u00e4hetet\u00e4\u00e4n?<\/h5><p>Tilaukset l\u00e4hetet\u00e4\u00e4n heti, kun maksu on vastaanotettu.<br \/><br \/>Jos maksu suoritetaan luottokortilla - Maksu voidaan vastaanottaa alle tunnissa, joten tilaus l\u00e4hetet\u00e4\u00e4n seuraavan 3 arkip\u00e4iv\u00e4n aikana t\u00e4yden maksun vahvistamisen j\u00e4lkeen.<br \/><br \/>Jos maksu suoritetaan pankkisiirrolla - Maksu voidaan vastaanottaa 24 tunnin kuluessa tai my\u00f6hemmin pankkisiirron kapasiteetista riippuen, joten tilaus l\u00e4hetet\u00e4\u00e4n seuraavan 3 arkip\u00e4iv\u00e4n aikana t\u00e4yden maksun vahvistamisen j\u00e4lkeen.<\/p>\n\t\t\t\t\t<\/div>\n\t\t\t\t\t\t<\/div>\n\t\t\t\t<\/div>\n\t\t\t\t\t<\/div>\n\t\t<\/div>\n\t\t\t\t\t<\/div>\n\t\t<\/section>\n\t\t\t\t\t<\/div>\n\t\t<\/div>\n\t\t\t\t\t<\/div>\n\t\t<\/section>\n\t\t\t\t<\/div>\n\t\t","protected":false},"excerpt":{"rendered":"<p>Usein kysytyt kysymykset Yksil\u00f6lliset ja r\u00e4\u00e4t\u00e4l\u00f6idyt tilaukset Kyll\u00e4, otan vastaan tilauksia r\u00e4\u00e4t\u00e4l\u00f6idyist\u00e4 leluista. Tukkumyynti saatavilla Kyll\u00e4, hyv\u00e4ksyn tukkutilauksia. Valitettavasti olen<\/p>\n","protected":false},"author":1,"featured_media":0,"parent":0,"menu_order":0,"comment_status":"closed","ping_status":"closed","template":"","meta":{"footnotes":""},"class_list":["post-12691","page","type-page","status-publish","hentry"],"_links":{"self":[{"href":"https:\/\/tinyknit.eu\/fi\/wp-json\/wp\/v2\/pages\/12691","targetHints":{"allow":["GET"]}}],"collection":[{"href":"https:\/\/tinyknit.eu\/fi\/wp-json\/wp\/v2\/pages"}],"about":[{"href":"https:\/\/tinyknit.eu\/fi\/wp-json\/wp\/v2\/types\/page"}],"author":[{"embeddable":true,"href":"https:\/\/tinyknit.eu\/fi\/wp-json\/wp\/v2\/users\/1"}],"replies":[{"embeddable":true,"href":"https:\/\/tinyknit.eu\/fi\/wp-json\/wp\/v2\/comments?post=12691"}],"version-history":[{"count":4,"href":"https:\/\/tinyknit.eu\/fi\/wp-json\/wp\/v2\/pages\/12691\/revisions"}],"predecessor-version":[{"id":12705,"href":"https:\/\/tinyknit.eu\/fi\/wp-json\/wp\/v2\/pages\/12691\/revisions\/12705"}],"wp:attachment":[{"href":"https:\/\/tinyknit.eu\/fi\/wp-json\/wp\/v2\/media?parent=12691"}],"curies":[{"name":"wp","href":"https:\/\/api.w.org\/{rel}","templated":true}]}}