{"id":11857,"date":"2023-02-25T18:53:37","date_gmt":"2023-02-25T18:53:37","guid":{"rendered":"https:\/\/tinyknit.eu\/?page_id=11857"},"modified":"2024-12-10T17:02:49","modified_gmt":"2024-12-10T17:02:49","slug":"hoitosuositukset","status":"publish","type":"page","link":"https:\/\/tinyknit.eu\/fi\/hoitosuositukset\/","title":{"rendered":"Hoitosuositukset ja turvallisuus"},"content":{"rendered":"\t\t<div data-elementor-type=\"wp-page\" data-elementor-id=\"11857\" class=\"elementor elementor-11857 elementor-11220\">\n\t\t\t\t\t\t<section class=\"wd-negative-gap elementor-section elementor-top-section elementor-element elementor-element-e40632f elementor-section-boxed elementor-section-height-default elementor-section-height-default\" data-id=\"e40632f\" data-element_type=\"section\">\n\t\t\t\t\t\t<div class=\"elementor-container elementor-column-gap-default\">\n\t\t\t\t\t<div class=\"elementor-column elementor-col-100 elementor-top-column elementor-element elementor-element-1152333\" data-id=\"1152333\" data-element_type=\"column\">\n\t\t\t<div class=\"elementor-widget-wrap elementor-element-populated\">\n\t\t\t\t\t\t<div class=\"elementor-element elementor-element-87e8417 wd-width-100 elementor-widget elementor-widget-wd_title\" data-id=\"87e8417\" data-element_type=\"widget\" data-widget_type=\"wd_title.default\">\n\t\t\t\t<div class=\"elementor-widget-container\">\n\t\t\t\t\t\t\t<div class=\"title-wrapper wd-set-mb reset-last-child wd-title-color-default wd-title-style-default wd-title-size-default text-center\">\n\n\t\t\t\n\t\t\t<div class=\"liner-continer\">\n\t\t\t\t<h4 class=\"woodmart-title-container title wd-fontsize-l\">Hoitosuositukset ja turvallisuus<\/h4> \n\t\t\t\t\t\t\t<\/div>\n\n\t\t\t\t\t<\/div>\n\t\t\t\t\t\t<\/div>\n\t\t\t\t<\/div>\n\t\t\t\t\t<\/div>\n\t\t<\/div>\n\t\t\t\t\t<\/div>\n\t\t<\/section>\n\t\t\t\t<section class=\"wd-negative-gap elementor-section elementor-top-section elementor-element elementor-element-4461aed elementor-section-boxed elementor-section-height-default elementor-section-height-default\" data-id=\"4461aed\" data-element_type=\"section\">\n\t\t\t\t\t\t<div class=\"elementor-container elementor-column-gap-default\">\n\t\t\t\t\t<div class=\"elementor-column elementor-col-100 elementor-top-column elementor-element elementor-element-f3f1dad\" data-id=\"f3f1dad\" data-element_type=\"column\">\n\t\t\t<div class=\"elementor-widget-wrap elementor-element-populated\">\n\t\t\t\t\t\t<div class=\"elementor-element elementor-element-3f06b6b wd-width-100 elementor-widget elementor-widget-wd_title\" data-id=\"3f06b6b\" data-element_type=\"widget\" data-widget_type=\"wd_title.default\">\n\t\t\t\t<div class=\"elementor-widget-container\">\n\t\t\t\t\t\t\t<div class=\"title-wrapper wd-set-mb reset-last-child wd-title-color-default wd-title-style-default wd-title-size-default text-center\">\n\n\t\t\t\n\t\t\t<div class=\"liner-continer\">\n\t\t\t\t<h4 class=\"woodmart-title-container title wd-fontsize-l\">Pajama-lelut, tyynyt, halauslelut, lohduttajat, kahisevat lelut, kangasr\u00e4tit, kodinsisustus<\/h4> \n\t\t\t\t\t\t\t<\/div>\n\n\t\t\t\t\t<\/div>\n\t\t\t\t\t\t<\/div>\n\t\t\t\t<\/div>\n\t\t\t\t\t<\/div>\n\t\t<\/div>\n\t\t\t\t\t<\/div>\n\t\t<\/section>\n\t\t\t\t<section class=\"wd-negative-gap elementor-section elementor-top-section elementor-element elementor-element-baca7b3 elementor-section-boxed elementor-section-height-default elementor-section-height-default\" data-id=\"baca7b3\" data-element_type=\"section\">\n\t\t\t\t\t\t<div class=\"elementor-container elementor-column-gap-default\">\n\t\t\t\t\t<div class=\"elementor-column elementor-col-100 elementor-top-column elementor-element elementor-element-a6dbe25\" data-id=\"a6dbe25\" data-element_type=\"column\">\n\t\t\t<div class=\"elementor-widget-wrap elementor-element-populated\">\n\t\t\t\t\t\t<div class=\"elementor-element elementor-element-0a1c54b elementor-widget elementor-widget-wd_text_block\" data-id=\"0a1c54b\" data-element_type=\"widget\" data-widget_type=\"wd_text_block.default\">\n\t\t\t\t<div class=\"elementor-widget-container\">\n\t\t\t\t\t\t\t<div class=\"wd-text-block reset-last-child text-left\">\n\t\t\t\n\t\t\t<p data-pm-slice=\"1 1 []\"><strong>HOITO:<\/strong><\/p><p>\u2022 Allergisten reaktioiden v\u00e4ltt\u00e4miseksi k\u00e4yt\u00e4 nestem\u00e4isi\u00e4 ja hypoallergeenisia pesuaineita.<br>\u2022 Allergisten reaktioiden v\u00e4ltt\u00e4miseksi k\u00e4yt\u00e4 nestem\u00e4isi\u00e4 ja hypoallergeenisia pesuaineita.<br>\u2022 V\u00e4ltt\u00e4\u00e4ksesi esineen vaurioitumista, suosittelemme k\u00e4ytt\u00e4m\u00e4\u00e4n pesupussia.<br>\u2022 Pesun j\u00e4lkeen aseta esine tasaiselle alustalle kuivumaan.<br>\u2022 \u00c4l\u00e4 k\u00e4yt\u00e4 valkaisuainetta.<\/p><p>Lastesi turvallisuuden vuoksi emme k\u00e4sittele lelujamme mill\u00e4\u00e4n pesuaineilla ennen l\u00e4hett\u00e4mist\u00e4. Voit pest\u00e4 sen itse sopivalla lastenpesuaineella. Voit my\u00f6s suorittaa h\u00f6yryk\u00e4sittelyn ilman kemikaaleja.<\/p><p><strong>S\u00c4\u00c4NN\u00d6T TURVALLISEEN K\u00c4YTT\u00d6\u00d6N:<\/strong><\/p><p>\u2022 Tarkasta aina lelu ennen sen k\u00e4ytt\u00f6\u00e4. H\u00e4vit\u00e4 tai lopeta lelun k\u00e4ytt\u00f6 ensimm\u00e4isen kulumisen tai vaurion merkkin\u00e4.<br>\u2022 Aikuisen valvonta on tarpeen k\u00e4ytt\u00e4ess\u00e4si lelujamme. Erityisesti silloin, kun lelut sis\u00e4lt\u00e4v\u00e4t pieni\u00e4 muoviosia, kuten silm\u00e4t ja nen\u00e4n.<\/p>\n\t\t\t\t\t<\/div>\n\t\t\t\t\t\t<\/div>\n\t\t\t\t<\/div>\n\t\t\t\t<div class=\"elementor-element elementor-element-978311c elementor-widget-divider--view-line elementor-widget elementor-widget-divider\" data-id=\"978311c\" data-element_type=\"widget\" data-widget_type=\"divider.default\">\n\t\t\t\t<div class=\"elementor-widget-container\">\n\t\t\t\t\t\t\t<div class=\"elementor-divider\">\n\t\t\t<span class=\"elementor-divider-separator\">\n\t\t\t\t\t\t<\/span>\n\t\t<\/div>\n\t\t\t\t\t\t<\/div>\n\t\t\t\t<\/div>\n\t\t\t\t\t<\/div>\n\t\t<\/div>\n\t\t\t\t\t<\/div>\n\t\t<\/section>\n\t\t\t\t<section class=\"wd-negative-gap elementor-section elementor-top-section elementor-element elementor-element-ad3a22a elementor-section-boxed elementor-section-height-default elementor-section-height-default\" data-id=\"ad3a22a\" data-element_type=\"section\">\n\t\t\t\t\t\t<div class=\"elementor-container elementor-column-gap-default\">\n\t\t\t\t\t<div class=\"elementor-column elementor-col-100 elementor-top-column elementor-element elementor-element-ffce9cb\" data-id=\"ffce9cb\" data-element_type=\"column\">\n\t\t\t<div class=\"elementor-widget-wrap elementor-element-populated\">\n\t\t\t\t\t\t<div class=\"elementor-element elementor-element-b1b72b2 wd-width-100 elementor-widget elementor-widget-wd_title\" data-id=\"b1b72b2\" data-element_type=\"widget\" data-widget_type=\"wd_title.default\">\n\t\t\t\t<div class=\"elementor-widget-container\">\n\t\t\t\t\t\t\t<div class=\"title-wrapper wd-set-mb reset-last-child wd-title-color-default wd-title-style-default wd-title-size-default text-center\">\n\n\t\t\t\n\t\t\t<div class=\"liner-continer\">\n\t\t\t\t<h4 class=\"woodmart-title-container title wd-fontsize-l\">Neulonta-palikkapalat<\/h4> \n\t\t\t\t\t\t\t<\/div>\n\n\t\t\t\t\t\t\t<div class=\"title-after_title reset-last-child wd-fontsize-xs\">\n\t\t\t\t\t<p><em>Neulotut loksuttimet puurenkaalla<\/em><\/p>\t\t\t\t<\/div>\n\t\t\t\t\t<\/div>\n\t\t\t\t\t\t<\/div>\n\t\t\t\t<\/div>\n\t\t\t\t\t<\/div>\n\t\t<\/div>\n\t\t\t\t\t<\/div>\n\t\t<\/section>\n\t\t\t\t<section class=\"wd-negative-gap elementor-section elementor-top-section elementor-element elementor-element-ed7139c elementor-section-boxed elementor-section-height-default elementor-section-height-default\" data-id=\"ed7139c\" data-element_type=\"section\">\n\t\t\t\t\t\t<div class=\"elementor-container elementor-column-gap-default\">\n\t\t\t\t\t<div class=\"elementor-column elementor-col-100 elementor-top-column elementor-element elementor-element-8d1fafa\" data-id=\"8d1fafa\" data-element_type=\"column\">\n\t\t\t<div class=\"elementor-widget-wrap elementor-element-populated\">\n\t\t\t\t\t\t<div class=\"elementor-element elementor-element-b2715a2 elementor-widget elementor-widget-wd_text_block\" data-id=\"b2715a2\" data-element_type=\"widget\" data-widget_type=\"wd_text_block.default\">\n\t\t\t\t<div class=\"elementor-widget-container\">\n\t\t\t\t\t\t\t<div class=\"wd-text-block reset-last-child text-left\">\n\t\t\t\n\t\t\t<p data-pm-slice=\"1 1 []\"><strong>HOITO:<\/strong><\/p><p>\u00c4l\u00e4 upota eik\u00e4 j\u00e4t\u00e4 veteen, t\u00e4m\u00e4 voi saada puun kuivumaan ja mahdollisesti halkeamaan tai murtumaan. Puhdista tahroja pesuliinalla, miedolla saippualla ja vedell\u00e4.<\/p><p><strong>S\u00c4\u00c4NN\u00d6T TURVALLISEEN K\u00c4YTT\u00d6\u00d6N:<\/strong><\/p><p>K\u00e4yt\u00e4 vain aikuisen valvonnassa koko ajan lapsesi turvallisuuden vuoksi. Tarkista s\u00e4\u00e4nn\u00f6llisesti mahdolliset vauriot ennen jokaista k\u00e4ytt\u00f6kertaa. H\u00e4vit\u00e4 tai lopeta k\u00e4ytt\u00f6 ensimm\u00e4isen kulumisen tai vaurion merkkin\u00e4.<\/p>\n\t\t\t\t\t<\/div>\n\t\t\t\t\t\t<\/div>\n\t\t\t\t<\/div>\n\t\t\t\t<div class=\"elementor-element elementor-element-38cad82 elementor-widget-divider--view-line elementor-widget elementor-widget-divider\" data-id=\"38cad82\" data-element_type=\"widget\" data-widget_type=\"divider.default\">\n\t\t\t\t<div class=\"elementor-widget-container\">\n\t\t\t\t\t\t\t<div class=\"elementor-divider\">\n\t\t\t<span class=\"elementor-divider-separator\">\n\t\t\t\t\t\t<\/span>\n\t\t<\/div>\n\t\t\t\t\t\t<\/div>\n\t\t\t\t<\/div>\n\t\t\t\t\t<\/div>\n\t\t<\/div>\n\t\t\t\t\t<\/div>\n\t\t<\/section>\n\t\t\t\t<\/div>\n\t\t","protected":false},"excerpt":{"rendered":"<p>Hoitosuositukset ja turvallisuus Pajama-lelut, tyynyt, halauslelut, lohduttajat, kahisevat lelut, kangasr\u00e4tit, kodinsisustus HOITO: \u2022 Allergisten reaktioiden v\u00e4ltt\u00e4miseksi k\u00e4yt\u00e4 nestem\u00e4isi\u00e4 ja hypoallergeenisia<\/p>\n","protected":false},"author":1,"featured_media":0,"parent":0,"menu_order":0,"comment_status":"closed","ping_status":"closed","template":"","meta":{"footnotes":""},"class_list":["post-11857","page","type-page","status-publish","hentry"],"_links":{"self":[{"href":"https:\/\/tinyknit.eu\/fi\/wp-json\/wp\/v2\/pages\/11857","targetHints":{"allow":["GET"]}}],"collection":[{"href":"https:\/\/tinyknit.eu\/fi\/wp-json\/wp\/v2\/pages"}],"about":[{"href":"https:\/\/tinyknit.eu\/fi\/wp-json\/wp\/v2\/types\/page"}],"author":[{"embeddable":true,"href":"https:\/\/tinyknit.eu\/fi\/wp-json\/wp\/v2\/users\/1"}],"replies":[{"embeddable":true,"href":"https:\/\/tinyknit.eu\/fi\/wp-json\/wp\/v2\/comments?post=11857"}],"version-history":[{"count":6,"href":"https:\/\/tinyknit.eu\/fi\/wp-json\/wp\/v2\/pages\/11857\/revisions"}],"predecessor-version":[{"id":24766,"href":"https:\/\/tinyknit.eu\/fi\/wp-json\/wp\/v2\/pages\/11857\/revisions\/24766"}],"wp:attachment":[{"href":"https:\/\/tinyknit.eu\/fi\/wp-json\/wp\/v2\/media?parent=11857"}],"curies":[{"name":"wp","href":"https:\/\/api.w.org\/{rel}","templated":true}]}}