{"id":11489,"date":"2021-10-25T11:22:22","date_gmt":"2021-10-25T11:22:22","guid":{"rendered":"https:\/\/tinyknit.eu\/about-us\/"},"modified":"2024-04-19T12:11:52","modified_gmt":"2024-04-19T12:11:52","slug":"meidan-tarinamme","status":"publish","type":"page","link":"https:\/\/tinyknit.eu\/fi\/meidan-tarinamme\/","title":{"rendered":"Meid\u00e4n tarinamme"},"content":{"rendered":"\t\t<div data-elementor-type=\"wp-page\" data-elementor-id=\"11489\" class=\"elementor elementor-11489 elementor-7722\">\n\t\t\t\t\t\t<section class=\"wd-negative-gap elementor-section elementor-top-section elementor-element elementor-element-50641ea8 elementor-section-content-middle elementor-section-boxed elementor-section-height-default elementor-section-height-default\" data-id=\"50641ea8\" data-element_type=\"section\">\n\t\t\t\t\t\t<div class=\"elementor-container elementor-column-gap-extended\">\n\t\t\t\t\t<div class=\"elementor-column elementor-col-50 elementor-top-column elementor-element elementor-element-209af900\" data-id=\"209af900\" data-element_type=\"column\">\n\t\t\t<div class=\"elementor-widget-wrap elementor-element-populated\">\n\t\t\t\t\t\t<div class=\"elementor-element elementor-element-48f6f56e wd-width-100 elementor-widget elementor-widget-wd_images_gallery\" data-id=\"48f6f56e\" data-element_type=\"widget\" data-widget_type=\"wd_images_gallery.default\">\n\t\t\t\t<div class=\"elementor-widget-container\">\n\t\t\t\t\t\t\t<div class=\"wd-images-gallery\" style=\"--wd-align-items:center; --wd-justify-content:center;\">\n\t\t\t\t\t\t<div class=\"wd-grid-g\" style=\"--wd-col-lg:2;--wd-col-md:2;--wd-col-sm:1;--wd-gap-lg:2px;\" >\n\t\t\t\t\t\t\t\t\t\t\t\t\t\t\t\t\t\t<div class=\"wd-gallery-item wd-col\">\n\t\t\t\t\t\t\n\t\t\t\t\t\t<img fetchpriority=\"high\" decoding=\"async\" width=\"400\" height=\"320\" src=\"https:\/\/tinyknit.eu\/wp-content\/uploads\/2024\/01\/about-us-2024.jpg\" class=\"attachment-400x320 size-400x320\" alt=\"about us 2024\" srcset=\"https:\/\/tinyknit.eu\/wp-content\/uploads\/2024\/01\/about-us-2024.jpg 400w, https:\/\/tinyknit.eu\/wp-content\/uploads\/2024\/01\/about-us-2024-375x300.jpg 375w, https:\/\/tinyknit.eu\/wp-content\/uploads\/2024\/01\/about-us-2024-150x120.jpg 150w\" sizes=\"(max-width: 400px) 100vw, 400px\" \/>\n\t\t\t\t\t\t\t\t\t\t\t<\/div>\n\t\t\t\t\t\t\t\t\t\t\t\t\t\t\t<div class=\"wd-gallery-item wd-col\">\n\t\t\t\t\t\t\n\t\t\t\t\t\t<img decoding=\"async\" width=\"400\" height=\"320\" src=\"https:\/\/tinyknit.eu\/wp-content\/uploads\/2024\/04\/about-us-images-3.jpg\" class=\"attachment-400x320 size-400x320\" alt=\"about us images 3\" srcset=\"https:\/\/tinyknit.eu\/wp-content\/uploads\/2024\/04\/about-us-images-3.jpg 400w, https:\/\/tinyknit.eu\/wp-content\/uploads\/2024\/04\/about-us-images-3-375x300.jpg 375w, https:\/\/tinyknit.eu\/wp-content\/uploads\/2024\/04\/about-us-images-3-150x120.jpg 150w\" sizes=\"(max-width: 400px) 100vw, 400px\" \/>\n\t\t\t\t\t\t\t\t\t\t\t<\/div>\n\t\t\t\t\t\t\t\t\t\t\t\t\t\t\t<div class=\"wd-gallery-item wd-col\">\n\t\t\t\t\t\t\n\t\t\t\t\t\t<img decoding=\"async\" width=\"400\" height=\"320\" src=\"https:\/\/tinyknit.eu\/wp-content\/uploads\/2024\/04\/about-us-images-2.jpg\" class=\"attachment-400x320 size-400x320\" alt=\"about us images 2\" srcset=\"https:\/\/tinyknit.eu\/wp-content\/uploads\/2024\/04\/about-us-images-2.jpg 400w, https:\/\/tinyknit.eu\/wp-content\/uploads\/2024\/04\/about-us-images-2-375x300.jpg 375w, https:\/\/tinyknit.eu\/wp-content\/uploads\/2024\/04\/about-us-images-2-150x120.jpg 150w\" sizes=\"(max-width: 400px) 100vw, 400px\" \/>\n\t\t\t\t\t\t\t\t\t\t\t<\/div>\n\t\t\t\t\t\t\t\t\t\t\t\t\t\t\t<div class=\"wd-gallery-item wd-col\">\n\t\t\t\t\t\t\n\t\t\t\t\t\t<img loading=\"lazy\" decoding=\"async\" width=\"400\" height=\"320\" src=\"https:\/\/tinyknit.eu\/wp-content\/uploads\/2023\/05\/about-us-images_0003_version1uuid8B9DAD2F-56CE-4BB3-A2FA-B7B66D1FB35Emodecompatiblenoloc5.jpg\" class=\"attachment-400x320 size-400x320\" alt=\"about us images_0003_version=1&amp;uuid=8B9DAD2F-56CE-4BB3-A2FA-B7B66D1FB35E&amp;mode=compatible&amp;noloc=5\" srcset=\"https:\/\/tinyknit.eu\/wp-content\/uploads\/2023\/05\/about-us-images_0003_version1uuid8B9DAD2F-56CE-4BB3-A2FA-B7B66D1FB35Emodecompatiblenoloc5.jpg 400w, https:\/\/tinyknit.eu\/wp-content\/uploads\/2023\/05\/about-us-images_0003_version1uuid8B9DAD2F-56CE-4BB3-A2FA-B7B66D1FB35Emodecompatiblenoloc5-375x300.jpg 375w, https:\/\/tinyknit.eu\/wp-content\/uploads\/2023\/05\/about-us-images_0003_version1uuid8B9DAD2F-56CE-4BB3-A2FA-B7B66D1FB35Emodecompatiblenoloc5-150x120.jpg 150w\" sizes=\"(max-width: 400px) 100vw, 400px\" \/>\n\t\t\t\t\t\t\t\t\t\t\t<\/div>\n\t\t\t\t\t\t\t\t\t\t\t\t\t<\/div>\n\t\t\t\t\t<\/div>\n\t\t\t\t\t\t<\/div>\n\t\t\t\t<\/div>\n\t\t\t\t\t<\/div>\n\t\t<\/div>\n\t\t\t\t<div class=\"elementor-column elementor-col-50 elementor-top-column elementor-element elementor-element-88115a1 color-scheme-dark\" data-id=\"88115a1\" data-element_type=\"column\">\n\t\t\t<div class=\"elementor-widget-wrap elementor-element-populated\">\n\t\t\t\t\t\t<div class=\"elementor-element elementor-element-54313776 wd-width-100 elementor-widget elementor-widget-wd_title\" data-id=\"54313776\" data-element_type=\"widget\" data-widget_type=\"wd_title.default\">\n\t\t\t\t<div class=\"elementor-widget-container\">\n\t\t\t\t\t\t\t<div class=\"title-wrapper wd-set-mb reset-last-child wd-title-color-default wd-title-style-default wd-title-size-large text-left\">\n\n\t\t\t\n\t\t\t<div class=\"liner-continer\">\n\t\t\t\t<h4 class=\"woodmart-title-container title wd-fontsize-xxl wd-underline-colored\">Tervetuloa Baltic Tiny Knit -verkkokauppaan, joka on erikoistunut k\u00e4sin neulottuihin leluihin vauvoille ja pienille lapsille. <\/h4> \n\t\t\t\t\t\t\t<\/div>\n\n\t\t\t\t\t<\/div>\n\t\t\t\t\t\t<\/div>\n\t\t\t\t<\/div>\n\t\t\t\t<div class=\"elementor-element elementor-element-7e2243c elementor-widget-divider--separator-type-pattern elementor-widget-divider--view-line elementor-widget elementor-widget-divider\" data-id=\"7e2243c\" data-element_type=\"widget\" data-widget_type=\"divider.default\">\n\t\t\t\t<div class=\"elementor-widget-container\">\n\t\t\t\t\t\t\t<div class=\"elementor-divider\" style=\"--divider-pattern-url: url(&quot;data:image\/svg+xml,%3Csvg xmlns=&#039;http:\/\/www.w3.org\/2000\/svg&#039; preserveAspectRatio=&#039;none&#039; overflow=&#039;visible&#039; height=&#039;100%&#039; viewBox=&#039;0 0 24 24&#039; fill=&#039;none&#039; stroke=&#039;black&#039; stroke-width=&#039;5&#039; stroke-linecap=&#039;square&#039; stroke-miterlimit=&#039;10&#039;%3E%3Cpolyline points=&#039;0,18 12,6 24,18 &#039;\/%3E%3C\/svg%3E&quot;);\">\n\t\t\t<span class=\"elementor-divider-separator\">\n\t\t\t\t\t\t<\/span>\n\t\t<\/div>\n\t\t\t\t\t\t<\/div>\n\t\t\t\t<\/div>\n\t\t\t\t<section class=\"wd-negative-gap elementor-section elementor-inner-section elementor-element elementor-element-1d8a9b82 elementor-section-boxed elementor-section-height-default elementor-section-height-default\" data-id=\"1d8a9b82\" data-element_type=\"section\">\n\t\t\t\t\t\t<div class=\"elementor-container elementor-column-gap-extended\">\n\t\t\t\t\t<div class=\"elementor-column elementor-col-100 elementor-inner-column elementor-element elementor-element-6ac7b23\" data-id=\"6ac7b23\" data-element_type=\"column\">\n\t\t\t<div class=\"elementor-widget-wrap elementor-element-populated\">\n\t\t\t\t\t\t<div class=\"elementor-element elementor-element-ba2a700 elementor-widget elementor-widget-wd_text_block\" data-id=\"ba2a700\" data-element_type=\"widget\" data-widget_type=\"wd_text_block.default\">\n\t\t\t\t<div class=\"elementor-widget-container\">\n\t\t\t\t\t\t\t<div class=\"wd-text-block reset-last-child text-left\">\n\t\t\t\n\t\t\t<p>Tarjoan uniikkeja ja alkuper\u00e4isi\u00e4 leluja, jotka ovat k\u00e4sintehtyj\u00e4 vain korkealaatuisista materiaaleista. Valikoimastani l\u00f6ytyy paitsi s\u00f6p\u00f6j\u00e4 neulottuja leluja ja pyjamia, my\u00f6s muita leluja, jotka tulevat olemaan rakastettuja yst\u00e4vi\u00e4 pienokaisellesi.<\/p><p>Sijaitsemme Virossa, mutta toimitamme tuotteitamme ymp\u00e4ri maailmaa. Voit my\u00f6s tehd\u00e4 ennakkotilauksen tietyille lelu malleille. Takuuvarmasti jokainen tuote on tehty rakkaudella ja huolellisuudella yksityiskohtiin, jokainen lelu on ainutlaatuinen ja uniikki, joten voit olla varma, ett\u00e4 olet hankkinut erinomaisen lahjan, joka muuttuu todelliseksi aarteeksi lapsellesi tai yst\u00e4villesi.<\/p><p>Tee lapsillesi unohtumattomia hetki\u00e4 iloa ja nautintoa k\u00e4sintehtyjen lelujeni avulla!<\/p>\n\t\t\t\t\t<\/div>\n\t\t\t\t\t\t<\/div>\n\t\t\t\t<\/div>\n\t\t\t\t\t<\/div>\n\t\t<\/div>\n\t\t\t\t\t<\/div>\n\t\t<\/section>\n\t\t\t\t<div class=\"elementor-element elementor-element-b60595d elementor-widget__width-auto elementor-widget elementor-widget-wd_button\" data-id=\"b60595d\" data-element_type=\"widget\" data-widget_type=\"wd_button.default\">\n\t\t\t\t<div class=\"elementor-widget-container\">\n\t\t\t\t\t\t\t<div class=\"wd-button-wrapper text-center\" >\n\t\t\t<a class=\"btn btn-style-default btn-shape-rectangle btn-size-default btn-color-primary btn-icon-pos-right\"  href=\"https:\/\/tinyknit.eu\/fi\/myymalan\/\">\n\t\t\t\t<span class=\"wd-btn-text\" data-elementor-setting-key=\"text\">\n\t\t\t\t\tMyym\u00e4l\u00e4n\t\t\t\t<\/span>\n\n\t\t\t\t\t\t\t<\/a>\n\t\t<\/div>\n\t\t\t\t\t\t<\/div>\n\t\t\t\t<\/div>\n\t\t\t\t\t<\/div>\n\t\t<\/div>\n\t\t\t\t\t<\/div>\n\t\t<\/section>\n\t\t\t\t<\/div>\n\t\t","protected":false},"excerpt":{"rendered":"<p>Tervetuloa Baltic Tiny Knit -verkkokauppaan, joka on erikoistunut k\u00e4sin neulottuihin leluihin vauvoille ja pienille lapsille. Tarjoan uniikkeja ja alkuper\u00e4isi\u00e4 leluja,<\/p>\n","protected":false},"author":1,"featured_media":0,"parent":0,"menu_order":0,"comment_status":"closed","ping_status":"closed","template":"","meta":{"footnotes":""},"class_list":["post-11489","page","type-page","status-publish","hentry"],"_links":{"self":[{"href":"https:\/\/tinyknit.eu\/fi\/wp-json\/wp\/v2\/pages\/11489","targetHints":{"allow":["GET"]}}],"collection":[{"href":"https:\/\/tinyknit.eu\/fi\/wp-json\/wp\/v2\/pages"}],"about":[{"href":"https:\/\/tinyknit.eu\/fi\/wp-json\/wp\/v2\/types\/page"}],"author":[{"embeddable":true,"href":"https:\/\/tinyknit.eu\/fi\/wp-json\/wp\/v2\/users\/1"}],"replies":[{"embeddable":true,"href":"https:\/\/tinyknit.eu\/fi\/wp-json\/wp\/v2\/comments?post=11489"}],"version-history":[{"count":16,"href":"https:\/\/tinyknit.eu\/fi\/wp-json\/wp\/v2\/pages\/11489\/revisions"}],"predecessor-version":[{"id":21421,"href":"https:\/\/tinyknit.eu\/fi\/wp-json\/wp\/v2\/pages\/11489\/revisions\/21421"}],"wp:attachment":[{"href":"https:\/\/tinyknit.eu\/fi\/wp-json\/wp\/v2\/media?parent=11489"}],"curies":[{"name":"wp","href":"https:\/\/api.w.org\/{rel}","templated":true}]}}