{"id":11343,"date":"2021-11-04T15:40:47","date_gmt":"2021-11-04T15:40:47","guid":{"rendered":"https:\/\/tinyknit.eu\/contact-us\/"},"modified":"2024-05-01T05:56:24","modified_gmt":"2024-05-01T05:56:24","slug":"yhteystiedot","status":"publish","type":"page","link":"https:\/\/tinyknit.eu\/fi\/yhteystiedot\/","title":{"rendered":"Yhteystiedot"},"content":{"rendered":"\t\t<div data-elementor-type=\"wp-page\" data-elementor-id=\"11343\" class=\"elementor elementor-11343 elementor-8785\">\n\t\t\t\t\t\t<section class=\"wd-negative-gap elementor-section elementor-top-section elementor-element elementor-element-3643735 elementor-section-boxed elementor-section-height-default elementor-section-height-default\" data-id=\"3643735\" data-element_type=\"section\">\n\t\t\t\t\t\t<div class=\"elementor-container elementor-column-gap-default\">\n\t\t\t\t\t<div class=\"elementor-column elementor-col-50 elementor-top-column elementor-element elementor-element-770291f\" data-id=\"770291f\" data-element_type=\"column\">\n\t\t\t<div class=\"elementor-widget-wrap elementor-element-populated\">\n\t\t\t\t\t\t<div class=\"elementor-element elementor-element-54c197e elementor-widget elementor-widget-wd_text_block\" data-id=\"54c197e\" data-element_type=\"widget\" data-widget_type=\"wd_text_block.default\">\n\t\t\t\t<div class=\"elementor-widget-container\">\n\t\t\t\t\t\t\t<div class=\"wd-text-block reset-last-child text-left\">\n\t\t\t\n\t\t\t<div id=\"wd-63fb508456f49\" class=\"title-wrapper woodmart-title-color-default woodmart-title-style-bordered woodmart-title-width-100 text-left woodmart-title-size-default vc_custom_1484253141262\"><div class=\"liner-continer\"><h4 class=\"woodmart-title-container title woodmart-font-weight-\">OTA MEIHIN YHTEYTT\u00c4<\/h4><\/div><\/div><div class=\"vc_row wpb_row vc_inner vc_row-fluid vc_custom_1484253288811\"><div class=\"wpb_column vc_column_container vc_col-sm-6\"><div class=\"vc_column-inner\"><div class=\"wpb_wrapper\"><div class=\"info-box-wrapper \"><div id=\"wd-635024a854c7e\" class=\" woodmart-info-box text-left box-icon-align-left box-style- color-scheme- woodmart-bg-none box-title-small vc_custom_1666196665437\"><div class=\"info-box-content\"><div class=\"info-box-inner reset-mb-10\"><p><strong><img decoding=\"async\" class=\"alignleft wp-image-17044\" src=\"https:\/\/tinyknit.eu\/wp-content\/uploads\/2024\/01\/oksana_2024-150x150.jpg\" alt=\"\" width=\"200\" height=\"200\" srcset=\"https:\/\/tinyknit.eu\/wp-content\/uploads\/2024\/01\/oksana_2024-150x150.jpg 150w, https:\/\/tinyknit.eu\/wp-content\/uploads\/2024\/01\/oksana_2024.jpg 300w\" sizes=\"(max-width: 200px) 100vw, 200px\" \/><br \/><\/strong><\/p><\/div><\/div><\/div><\/div><\/div><\/div><\/div><div class=\"wpb_column vc_column_container vc_col-sm-6\"><div class=\"vc_column-inner\"><div class=\"wpb_wrapper\"><div class=\"info-box-wrapper \"><div id=\"wd-63b2f8b0e51f4\" class=\" woodmart-info-box text-left box-icon-align-left box-style- color-scheme- woodmart-bg-none box-title-small vc_custom_1672673470922\"><div class=\"info-box-content\"><div class=\"info-box-inner reset-mb-10\"><p><strong>S\u00e4hk\u00f6posti:<\/strong> info[a]tinyknit.eu<br \/><strong>Puhelin*:<\/strong> +372 56 322 442<br \/><em>*(vain tekstiviestit)<br \/><\/em><br \/><strong>Yritt\u00e4j\u00e4:<\/strong> Baltiny O\u00dc<br \/><strong>Rekisterinumero:<\/strong> 16972194<br \/><strong>ALV-numero:<\/strong> EE102733644<br \/><strong>Sijainti:<\/strong> Viro, Tallinna<em><br \/><\/em><\/p><\/div><\/div><\/div><\/div><\/div><\/div><\/div><\/div>\n\t\t\t\t\t<\/div>\n\t\t\t\t\t\t<\/div>\n\t\t\t\t<\/div>\n\t\t\t\t\t<\/div>\n\t\t<\/div>\n\t\t\t\t<div class=\"elementor-column elementor-col-50 elementor-top-column elementor-element elementor-element-a2158a5\" data-id=\"a2158a5\" data-element_type=\"column\">\n\t\t\t<div class=\"elementor-widget-wrap elementor-element-populated\">\n\t\t\t\t\t\t<div class=\"elementor-element elementor-element-0845638 elementor-widget elementor-widget-wd_text_block\" data-id=\"0845638\" data-element_type=\"widget\" data-widget_type=\"wd_text_block.default\">\n\t\t\t\t<div class=\"elementor-widget-container\">\n\t\t\t\t\t\t\t<div class=\"wd-text-block reset-last-child text-left\">\n\t\t\t\n\t\t\t<div id=\"wd-63fb508456f49\" class=\"title-wrapper woodmart-title-color-default woodmart-title-style-bordered woodmart-title-width-100 text-left woodmart-title-size-default vc_custom_1484253141262\"><div class=\"liner-continer\"><div id=\"wd-63503e795dd7e\" class=\"title-wrapper woodmart-title-color-default woodmart-title-style-bordered woodmart-title-width-100 text-left woodmart-title-size-default vc_custom_1666203271368\"><div class=\"liner-continer\"><h4 class=\"woodmart-title-container title woodmart-font-weight-\">SOSIAALINEN MEDIA<\/h4><\/div><\/div><div class=\"vc_row wpb_row vc_inner vc_row-fluid vc_custom_1484253288811\"><div class=\"wpb_column vc_column_container vc_col-sm-6\"><div class=\"vc_column-inner\"><div class=\"wpb_wrapper\"><div class=\"info-box-wrapper \"><div id=\"wd-63690cf4662fc\" class=\" woodmart-info-box text-left box-icon-align-left box-style- color-scheme- woodmart-bg-none box-title-small vc_custom_1667828989134\"><div class=\"info-box-content\"><div class=\"info-box-inner reset-mb-10\"><p><strong>Facebook:<\/strong>\u00a0<a href=\"https:\/\/www.facebook.com\/baltictinyknit\">@baltictinyknit<\/a><strong><br \/>Instagram:\u00a0<\/strong><a href=\"https:\/\/www.instagram.com\/baltictinyknit\/\">@baltictinyknit<\/a><\/p><\/div><\/div><\/div><\/div><\/div><\/div><\/div><\/div><\/div><\/div>\n\t\t\t\t\t<\/div>\n\t\t\t\t\t\t<\/div>\n\t\t\t\t<\/div>\n\t\t\t\t\t<\/div>\n\t\t<\/div>\n\t\t\t\t\t<\/div>\n\t\t<\/section>\n\t\t\t\t<\/div>\n\t\t","protected":false},"excerpt":{"rendered":"<p>OTA MEIHIN YHTEYTT\u00c4 S\u00e4hk\u00f6posti: info[a]tinyknit.euPuhelin*: +372 56 322 442*(vain tekstiviestit)Yritt\u00e4j\u00e4: Baltiny O\u00dcRekisterinumero: 16972194ALV-numero: EE102733644Sijainti: Viro, Tallinna SOSIAALINEN MEDIA Facebook:\u00a0@baltictinyknitInstagram:\u00a0@baltictinyknit<\/p>\n","protected":false},"author":1,"featured_media":0,"parent":0,"menu_order":0,"comment_status":"closed","ping_status":"closed","template":"","meta":{"footnotes":""},"class_list":["post-11343","page","type-page","status-publish","hentry"],"_links":{"self":[{"href":"https:\/\/tinyknit.eu\/fi\/wp-json\/wp\/v2\/pages\/11343","targetHints":{"allow":["GET"]}}],"collection":[{"href":"https:\/\/tinyknit.eu\/fi\/wp-json\/wp\/v2\/pages"}],"about":[{"href":"https:\/\/tinyknit.eu\/fi\/wp-json\/wp\/v2\/types\/page"}],"author":[{"embeddable":true,"href":"https:\/\/tinyknit.eu\/fi\/wp-json\/wp\/v2\/users\/1"}],"replies":[{"embeddable":true,"href":"https:\/\/tinyknit.eu\/fi\/wp-json\/wp\/v2\/comments?post=11343"}],"version-history":[{"count":23,"href":"https:\/\/tinyknit.eu\/fi\/wp-json\/wp\/v2\/pages\/11343\/revisions"}],"predecessor-version":[{"id":21533,"href":"https:\/\/tinyknit.eu\/fi\/wp-json\/wp\/v2\/pages\/11343\/revisions\/21533"}],"wp:attachment":[{"href":"https:\/\/tinyknit.eu\/fi\/wp-json\/wp\/v2\/media?parent=11343"}],"curies":[{"name":"wp","href":"https:\/\/api.w.org\/{rel}","templated":true}]}}