{"id":11328,"date":"2023-02-25T18:54:39","date_gmt":"2023-02-25T18:54:39","guid":{"rendered":"https:\/\/tinyknit.eu\/privacy-policy-2\/"},"modified":"2024-11-11T07:41:26","modified_gmt":"2024-11-11T07:41:26","slug":"tietosuojakaytanto","status":"publish","type":"page","link":"https:\/\/tinyknit.eu\/fi\/tietosuojakaytanto\/","title":{"rendered":"Tietosuojak\u00e4yt\u00e4nt\u00f6"},"content":{"rendered":"<p>Ev\u00e4steet ja ehdot t\u00e4ss\u00e4 tietosuojak\u00e4yt\u00e4nn\u00f6ss\u00e4 ovat voimassa Baltiny O\u00dc:n (j\u00e4ljemp\u00e4n\u00e4 tinyknit.eu) verkkosivustolla ja verkkokaupassa (www.tinyknit.eu). Tietosuojak\u00e4yt\u00e4nn\u00f6n periaatteet koskevat henkil\u00f6tietojen ker\u00e4\u00e4mist\u00e4, k\u00e4ytt\u00f6\u00e4, julkaisemista, luovuttamista ja s\u00e4ilytt\u00e4mist\u00e4 (j\u00e4ljemp\u00e4n\u00e4 yhdess\u00e4 K\u00e4sittely). Henkil\u00f6tietoja k\u00e4sitell\u00e4\u00e4n lain edellytt\u00e4mien vaatimusten mukaisesti ja toteuttamalla kaikki tarvittavat toimenpiteet henkil\u00f6tietojen suojaamiseksi. K\u00e4ytt\u00e4m\u00e4ll\u00e4 verkkosivustoa asiakas vahvistaa hyv\u00e4ksyv\u00e4ns\u00e4 t\u00e4m\u00e4n tietosuojak\u00e4yt\u00e4nn\u00f6n.<\/p>\n<p>1. Henkil\u00f6tietojen k\u00e4sittelij\u00e4<br \/>\nBaltiny O\u00dc<br \/>\nKaupparekisterin tunnus: 16972194<br \/>\nOsoite: Harju maakond, Tallinna, P\u00f5hja-Tallinnan kaupunginosa, S\u00f5le tn 45-18, 10311<br \/>\nS\u00e4hk\u00f6posti: info@tinyknit.eu<\/p>\n<p>2. Henkil\u00f6tietojen ker\u00e4\u00e4minen ja k\u00e4sittely<br \/>\ntinyknit.eu pit\u00e4\u00e4 kaikkia luonnolliseen henkil\u00f6\u00f6n liittyvi\u00e4 tunnistettuja tai tunnistettavissa olevia tietoja henkil\u00f6tietoina. N\u00e4ihin kuuluvat:<\/p>\n<p>&#8211; Etunimi ja sukunimi<br \/>\n&#8211; Osoite<br \/>\n&#8211; Puhelinnumero<br \/>\n&#8211; S\u00e4hk\u00f6postiosoite<br \/>\n&#8211; Henkil\u00f6tunnus<br \/>\n&#8211; Tiedot tinyknit.eu:n kaupoissa ja verkkokaupassa tehdyist\u00e4 ostoksista<\/p>\n<p>tinyknit.eu l\u00e4hett\u00e4\u00e4 asiakkaille uutiskirjeit\u00e4 ja tarjouksia vain, jos asiakas on antanut suostumuksensa. Asiakkaalla on oikeus peruuttaa suostumuksensa milloin tahansa.<br \/>\ntinyknit.eu:lla on oikeus luovuttaa henkil\u00f6tietoja seuraaville tahoille:<\/p>\n<p>&#8211; Kuljetusyritykset, jos se on tarpeen asiakkaan verkkokaupassa tekem\u00e4n ostoksen toimittamiseksi;<br \/>\n&#8211; Valvonta- ja tutkintaviranomaiset, kun laki sit\u00e4 vaatii;<br \/>\n&#8211; Tuomioistuimet, oikeudenk\u00e4ynti\u00e4 ratkaisevat elimet, perint\u00e4toimintaan osallistuvat yritykset;<br \/>\n&#8211; tinyknit.eu:n yhteisty\u00f6kumppanit markkinointitiedotteiden l\u00e4hett\u00e4miseksi (paitsi jos asiakas ei ole antanut suostumustaan uutiskirjeiden ja tarjousten vastaanottamiseen).<\/p>\n<p>tinyknit.eu varmistaa, ett\u00e4 kaikki yhteisty\u00f6kumppanit, joille l\u00e4hetet\u00e4\u00e4n asiakkaan henkil\u00f6tietoja t\u00e4m\u00e4n tietosuojak\u00e4yt\u00e4nn\u00f6n perusteella, pit\u00e4v\u00e4t henkil\u00f6tiedot salassa sopimuksen mukaisesti ja varmistavat, ett\u00e4 henkil\u00f6tiedot suojataan henkil\u00f6tietolain mukaisesti.<br \/>\nAsiakkaalla on oikeus tarkastella h\u00e4nest\u00e4 ker\u00e4ttyj\u00e4 tietoja sek\u00e4 vaatia henkil\u00f6tietojensa korjaamista tai k\u00e4sittelyn lopettamista milloin tahansa.<br \/>\nJos asiakas kokee, ett\u00e4 h\u00e4nen oikeuksiaan on loukattu henkil\u00f6tietojen k\u00e4sittelyn aikana, asiakkaalla on oikeus ottaa yhteytt\u00e4 tinyknit.eu:hun, tietosuojaviranomaiseen tai tuomioistuimeen.<\/p>\n<p>3. Muiden tietojen ker\u00e4\u00e4minen<br \/>\ntinyknit.eu ker\u00e4\u00e4 my\u00f6s ei-henkil\u00f6kohtaisia tietoja, jotka eiv\u00e4t paljasta henkil\u00f6n henkil\u00f6llisyytt\u00e4 (esim. sukupuoli, ik\u00e4, sijainti). N\u00e4it\u00e4 tietoja ker\u00e4t\u00e4\u00e4n ja k\u00e4sitell\u00e4\u00e4n k\u00e4vij\u00e4m\u00e4\u00e4rien ja ostok\u00e4ytt\u00e4ytymisen analysoimiseksi, jotta tinyknit.eu voi kehitt\u00e4\u00e4 tuotteitaan ja palvelujaan.<\/p>\n<p>4. Tietojen ker\u00e4\u00e4mismenetelm\u00e4t<br \/>\nHenkil\u00f6- ja ei-henkil\u00f6kohtaisia tietoja voidaan ker\u00e4t\u00e4 seuraavilla tavoilla:<br \/>\n&#8211; Antamalla yhteystietoja tinyknit.eu:n myym\u00e4l\u00f6iss\u00e4 tai verkkokaupassa;<br \/>\n&#8211; K\u00e4ytt\u00e4m\u00e4ll\u00e4 verkkosivustoa k\u00e4ytt\u00e4j\u00e4tilitietojen tai ev\u00e4steiden kautta;<br \/>\n&#8211; Tekem\u00e4ll\u00e4 ostos, hintatiedustelu tai tilaus tinyknit.eu:n myym\u00e4l\u00f6iss\u00e4 tai verkkokaupassa.<\/p>\n<p>5. Tietoturva<br \/>\nKaikkia tinyknit.eu:lle luovutettuja henkil\u00f6tietoja k\u00e4sitell\u00e4\u00e4n luottamuksellisina tietoina.<br \/>\nHenkil\u00f6tietoihin p\u00e4\u00e4see k\u00e4siksi vain valtuutettu henkil\u00f6, ja tinyknit.eu toteuttaa kaikki varotoimet (sis. hallinnolliset, tekniset ja fyysiset toimenpiteet) asiakkaan henkil\u00f6tietojen suojaamiseksi.<\/p>\n<p>6. Tietosuojak\u00e4yt\u00e4nn\u00f6n muutokset<br \/>\ntinyknit.eu:lla on oikeus muuttaa tietosuojak\u00e4yt\u00e4nn\u00f6n ehtoja julkaisemalla muutetun tietosuojak\u00e4yt\u00e4nn\u00f6n verkkosivustollaan. tinyknit.eu varmistaa lain edellytt\u00e4m\u00e4n henkil\u00f6tietosuojan riippumatta mahdollisista muutoksista. K\u00e4y s\u00e4\u00e4nn\u00f6llisesti t\u00e4ll\u00e4 verkkosivustolla n\u00e4hd\u00e4ksesi muutokset.<br \/>\nJos sinulla on kysytt\u00e4v\u00e4\u00e4 tai huolenaiheita tietosuojak\u00e4yt\u00e4nn\u00f6st\u00e4 tai tietojen k\u00e4sittelyst\u00e4, ota meihin yhteytt\u00e4 osoitteessa info@tinyknit.eu.<\/p>\n<p>7. Maksut suoritetaan verkkokaupan ulkopuolella palveluntarjoaja Maksekeskus AS:n turvallisessa maksupalveluymp\u00e4rist\u00f6ss\u00e4.<\/p>\n","protected":false},"excerpt":{"rendered":"<p>Ev\u00e4steet ja ehdot t\u00e4ss\u00e4 tietosuojak\u00e4yt\u00e4nn\u00f6ss\u00e4 ovat voimassa Baltiny O\u00dc:n (j\u00e4ljemp\u00e4n\u00e4 tinyknit.eu) verkkosivustolla ja verkkokaupassa (www.tinyknit.eu). Tietosuojak\u00e4yt\u00e4nn\u00f6n periaatteet koskevat henkil\u00f6tietojen ker\u00e4\u00e4mist\u00e4,<\/p>\n","protected":false},"author":1,"featured_media":0,"parent":0,"menu_order":0,"comment_status":"closed","ping_status":"closed","template":"","meta":{"footnotes":""},"class_list":["post-11328","page","type-page","status-publish","hentry"],"_links":{"self":[{"href":"https:\/\/tinyknit.eu\/fi\/wp-json\/wp\/v2\/pages\/11328","targetHints":{"allow":["GET"]}}],"collection":[{"href":"https:\/\/tinyknit.eu\/fi\/wp-json\/wp\/v2\/pages"}],"about":[{"href":"https:\/\/tinyknit.eu\/fi\/wp-json\/wp\/v2\/types\/page"}],"author":[{"embeddable":true,"href":"https:\/\/tinyknit.eu\/fi\/wp-json\/wp\/v2\/users\/1"}],"replies":[{"embeddable":true,"href":"https:\/\/tinyknit.eu\/fi\/wp-json\/wp\/v2\/comments?post=11328"}],"version-history":[{"count":3,"href":"https:\/\/tinyknit.eu\/fi\/wp-json\/wp\/v2\/pages\/11328\/revisions"}],"predecessor-version":[{"id":22847,"href":"https:\/\/tinyknit.eu\/fi\/wp-json\/wp\/v2\/pages\/11328\/revisions\/22847"}],"wp:attachment":[{"href":"https:\/\/tinyknit.eu\/fi\/wp-json\/wp\/v2\/media?parent=11328"}],"curies":[{"name":"wp","href":"https:\/\/api.w.org\/{rel}","templated":true}]}}