{"id":48390,"date":"2026-04-06T16:57:57","date_gmt":"2026-04-06T16:57:57","guid":{"rendered":"https:\/\/tinyknit.eu\/?post_type=product&#038;p=48390"},"modified":"2026-04-06T17:08:13","modified_gmt":"2026-04-06T17:08:13","slug":"manguasi-une-jaoks-kaisulapp-siil","status":"publish","type":"product","link":"https:\/\/tinyknit.eu\/et\/product\/kallistuse-manguasjad\/manguasi-une-jaoks-kaisulapp-siil\/","title":{"rendered":"M\u00e4nguasi une jaoks, kaisulapp &#8211; Siil"},"content":{"rendered":"<p data-start=\"132\" data-end=\"423\">Kas otsite oma pisikesele unikaalset ja hubast unes\u00f5pra? Enam ei pea otsima \u2013 see armas heegeldatud m\u00e4nguasi on just see, mida vajate! See sobib suurep\u00e4raselt nii kaisutamiseks uneajal kui ka l\u00f5busaks m\u00e4ngimiseks p\u00e4eval, muutes selle ideaalseks kingituseks igas vanuses beebidele ja lastele.<\/p>\n<p data-start=\"425\" data-end=\"1008\"><strong data-start=\"425\" data-end=\"438\">Omadused:<\/strong><br \/>\n\u2022\u00a0<strong data-start=\"707\" data-end=\"727\">Side vanematega.<\/strong>\u00a0M\u00e4nguasi suudab s\u00e4ilitada ema v\u00f5i isa l\u00f5hna. Asetage see toitmise v\u00f5i kiigutamise ajal beebi k\u00f5rvale ja see imab teie l\u00f5hna endasse. Nii tunneb beebi teie l\u00e4hedust ka siis, kui te pole kohal.<br data-start=\"650\" data-end=\"653\" \/>\u2022\u00a0<strong data-start=\"924\" data-end=\"939\">Avastamine.<\/strong>\u00a0Heegeldatud m\u00e4nguasi pakub rikkalikku taktiilset kogemust, mis k\u00f6idab lapse t\u00e4helepanu ja toetab \u00fcmbritseva maailma avastamist.<br data-start=\"802\" data-end=\"805\" \/>\u2022\u00a0<strong data-start=\"1072\" data-end=\"1099\">Loob imelisi m\u00e4lestusi.<\/strong>\u00a0Meie m\u00e4nguasju saab kasutada rekvisiitidena vasts\u00fcndinu pildistamisel.<br data-start=\"898\" data-end=\"901\" \/>\u2022\u00a0<strong data-start=\"1175\" data-end=\"1196\">Rahustav mugavus.<\/strong>\u00a0Heegeldatud kaisukas v\u00f5ib pakkuda beebile mugavus- ja turvatunnet nii p\u00e4eval kui \u00f6\u00f6sel.<\/p>\n<p data-start=\"1010\" data-end=\"1207\"><strong data-start=\"1010\" data-end=\"1023\">Ideaalne:<\/strong><br \/>\n\u2022 Suurep\u00e4rane kingitus beebipeoks, beebiregistriks, s\u00fcnnip\u00e4evaks, j\u00f5uludeks v\u00f5i m\u00f5neks muuks t\u00e4htp\u00e4evaks.<br data-start=\"1129\" data-end=\"1132\" \/>\u2022 Unikaalne m\u00e4nguasi, mis sobib ka lapse toa sisustuse armsaks t\u00e4ienduseks.<\/p>\n<p data-start=\"1209\" data-end=\"1400\"><strong>Suurus:<\/strong> umbes 25 cm (9,84\u201c)<br data-start=\"1244\" data-end=\"1247\" \/><strong data-start=\"1247\" data-end=\"1256\">L\u00f5ng:<\/strong> 100% mikropol\u00fcester (Oeko-Tex 100 Standard) ja 100% pol\u00fcesterkunstkarusnahk. H\u00fcpoallergeenne, pehme ja ohutu lastele.<br data-start=\"1374\" data-end=\"1377\" \/><strong data-start=\"1377\" data-end=\"1388\">T\u00e4idis:<\/strong> Holokiud.<\/p>\n<p data-start=\"1402\" data-end=\"1501\">Meie m\u00e4nguasjad on valmistatud suitsu- ja loomavabas kodus.<br data-start=\"1461\" data-end=\"1464\" \/>Valmistatud Eestis, Euroopa Liidus.<\/p>\n<p data-start=\"1737\" data-end=\"1804\"><strong data-start=\"1737\" data-end=\"1759\">Komplekt sisaldab:<\/strong><br data-start=\"1759\" data-end=\"1762\" \/>\u2022 1x heegeldatud kaisuloom<\/p>\n<p data-start=\"1806\" data-end=\"1918\"><strong data-start=\"1806\" data-end=\"1836\">T\u00e4iuslik kingitus beebile!<\/strong><br data-start=\"1836\" data-end=\"1839\" \/>Kingituseks valmis pakend igaks beebipeoks, beebiregistriks v\u00f5i s\u00fcnnip\u00e4evaks.<\/p>\n<p data-start=\"1920\" data-end=\"2154\"><strong data-start=\"1920\" data-end=\"1942\">Hooldussoovitused:<\/strong><br data-start=\"1942\" data-end=\"1945\" \/>\u2022 Allergiate v\u00e4ltimiseks kasutage vedelaid ja h\u00fcpoallergeenseid pesuaineid.<br data-start=\"2020\" data-end=\"2023\" \/>\u2022 Kasutage pesumasina \u00f5rna re\u017eiimi, temperatuur 30 kraadi, kestus 30 minutit.<br data-start=\"2100\" data-end=\"2103\" \/>\u2022 P\u00e4rast pesu asetage m\u00e4nguasi kuivama tasapinnale.<\/p>\n","protected":false},"excerpt":{"rendered":"<p>Kas otsid oma v\u00e4ikesele unikaalset ja hubast magamiss\u00f5pra? Sul pole vaja enam otsida, sest see armas heegeldatud m\u00e4nguasi on just see, mida vajad! See on ideaalne kaisutamiseks une ajal ja l\u00f5busaks m\u00e4nguks p\u00e4eva ajal, tehes selle sobivaks kingituseks igas vanuses lapsele.<\/p>\n","protected":false},"featured_media":48443,"comment_status":"open","ping_status":"closed","template":"","meta":[],"product_brand":[],"product_cat":[193,194,184],"product_tag":[],"class_list":{"0":"post-48390","1":"product","2":"type-product","3":"status-publish","4":"has-post-thumbnail","6":"product_cat-kallistuse-manguasjad","7":"product_cat-pehmed-manguasjad","8":"product_cat-tellimisel","10":"first","11":"onbackorder","12":"taxable","13":"shipping-taxable","14":"purchasable","15":"product-type-variable"},"_links":{"self":[{"href":"https:\/\/tinyknit.eu\/et\/wp-json\/wp\/v2\/product\/48390","targetHints":{"allow":["GET"]}}],"collection":[{"href":"https:\/\/tinyknit.eu\/et\/wp-json\/wp\/v2\/product"}],"about":[{"href":"https:\/\/tinyknit.eu\/et\/wp-json\/wp\/v2\/types\/product"}],"replies":[{"embeddable":true,"href":"https:\/\/tinyknit.eu\/et\/wp-json\/wp\/v2\/comments?post=48390"}],"version-history":[{"count":1,"href":"https:\/\/tinyknit.eu\/et\/wp-json\/wp\/v2\/product\/48390\/revisions"}],"predecessor-version":[{"id":48515,"href":"https:\/\/tinyknit.eu\/et\/wp-json\/wp\/v2\/product\/48390\/revisions\/48515"}],"wp:featuredmedia":[{"embeddable":true,"href":"https:\/\/tinyknit.eu\/et\/wp-json\/wp\/v2\/media\/48443"}],"wp:attachment":[{"href":"https:\/\/tinyknit.eu\/et\/wp-json\/wp\/v2\/media?parent=48390"}],"wp:term":[{"taxonomy":"product_brand","embeddable":true,"href":"https:\/\/tinyknit.eu\/et\/wp-json\/wp\/v2\/product_brand?post=48390"},{"taxonomy":"product_cat","embeddable":true,"href":"https:\/\/tinyknit.eu\/et\/wp-json\/wp\/v2\/product_cat?post=48390"},{"taxonomy":"product_tag","embeddable":true,"href":"https:\/\/tinyknit.eu\/et\/wp-json\/wp\/v2\/product_tag?post=48390"}],"curies":[{"name":"wp","href":"https:\/\/api.w.org\/{rel}","templated":true}]}}