{"id":47915,"date":"2026-04-05T18:43:49","date_gmt":"2026-04-05T18:43:49","guid":{"rendered":"https:\/\/tinyknit.eu\/?post_type=product&#038;p=47915"},"modified":"2026-04-05T18:56:03","modified_gmt":"2026-04-05T18:56:03","slug":"manguasi-une-jaoks-kaisulapp-pegasos","status":"publish","type":"product","link":"https:\/\/tinyknit.eu\/et\/product\/kallistuse-manguasjad\/manguasi-une-jaoks-kaisulapp-pegasos\/","title":{"rendered":"M\u00e4nguasi une jaoks, kaisulapp &#8211; Pegasos"},"content":{"rendered":"<p data-start=\"174\" data-end=\"415\"><strong data-start=\"174\" data-end=\"228\">Otsite oma v\u00e4ikesele eriliselt hubast s\u00f5pra uneks?<\/strong><br data-start=\"228\" data-end=\"231\" \/>\u00c4ra otsi enam! See armas heegeldatud Pegasuse m\u00e4nguasi sobib ideaalselt \u00f5htuseks kallistamiseks ja p\u00e4evaseks m\u00e4nguks. Ideaalne kingitus igale beebile v\u00f5i lapsele, olenemata vanusest.<\/p>\n<p data-start=\"417\" data-end=\"948\"><strong data-start=\"417\" data-end=\"430\">Omadused:<\/strong><br data-start=\"430\" data-end=\"433\" \/>\u2022 <strong data-start=\"435\" data-end=\"453\">Vanemaga side:<\/strong> Hoides m\u00e4nguasja l\u00e4hedal toitmise v\u00f5i kiigutamise ajal, imab see endasse ema v\u00f5i isa l\u00f5hna, andes lapsele turvatunde ka siis, kui te ei ole l\u00e4hedal.<br data-start=\"602\" data-end=\"605\" \/>\u2022 <strong data-start=\"607\" data-end=\"619\">Avastus:<\/strong> Rikkalik taktiilne kogemus, mis arendab lapse uudishimu ja maailma avastamise oskust.<br data-start=\"705\" data-end=\"708\" \/>\u2022 <strong data-start=\"710\" data-end=\"734\">Meeldej\u00e4\u00e4vad hetked:<\/strong> Sobib ka vasts\u00fcndinu fotograafia rekvisiidiks.<br data-start=\"781\" data-end=\"784\" \/>\u2022 <strong data-start=\"786\" data-end=\"804\">Rahustav m\u00f5ju:<\/strong> Loob lapsele turvatunde nii p\u00e4eval kui \u00f6\u00f6sel.<br data-start=\"850\" data-end=\"853\" \/>\u2022 <strong data-start=\"855\" data-end=\"879\">Eemaldatavad tiivad:<\/strong> Komplekt sisaldab kahte paari tiibu, mida saab lihtsalt eemaldada.<\/p>\n<p data-start=\"950\" data-end=\"1111\"><strong data-start=\"950\" data-end=\"972\">T\u00e4iuslik kingitus:<\/strong><br data-start=\"972\" data-end=\"975\" \/>\u2022 Beebipeod, kingiloendid, s\u00fcnnip\u00e4evad, j\u00f5ulud v\u00f5i muud erilised s\u00fcndmused.<br data-start=\"1050\" data-end=\"1053\" \/>\u2022 Unikaalne m\u00e4nguasi, mis lisab lapse magamistuppa v\u00f5lu.<\/p>\n<p data-start=\"1113\" data-end=\"1380\"><strong data-start=\"1113\" data-end=\"1124\">Andmed:<\/strong><br data-start=\"1124\" data-end=\"1127\" \/>\u2022 <strong data-start=\"1129\" data-end=\"1140\">Suurus:<\/strong> umbes 45 cm<br data-start=\"1152\" data-end=\"1155\" \/>\u2022 <strong data-start=\"1157\" data-end=\"1170\">Materjal:<\/strong> 100% mikropoliester (Oeko-Tex 100 Standard) ja 100% pol\u00fcester-tehiskarv. H\u00fcpoallergeenne, pehme ja lapsele ohutu.<br data-start=\"1284\" data-end=\"1287\" \/>\u2022 <strong data-start=\"1289\" data-end=\"1300\">T\u00e4idis:<\/strong> Holofiber<br data-start=\"1310\" data-end=\"1313\" \/>\u2022 Toodetud suitsuvabas ja lemmikloomadest vabas kodus Eestis, EL.<\/p>\n<p data-start=\"1382\" data-end=\"1433\"><strong data-start=\"1382\" data-end=\"1404\">Komplekt sisaldab:<\/strong><br data-start=\"1404\" data-end=\"1407\" \/>\u2022 1x heegeldatud Pegasus<\/p>\n<p data-start=\"1435\" data-end=\"1482\"><strong data-start=\"1435\" data-end=\"1480\">Valmis kingituseks igaks beebis\u00fcndmuseks!<\/strong><\/p>\n<p data-start=\"1484\" data-end=\"1648\"><strong data-start=\"1484\" data-end=\"1503\">Hooldusjuhised:<\/strong><br data-start=\"1503\" data-end=\"1506\" \/>\u2022 Kasutage vedelat h\u00fcpoallergeenset pesuvahendit.<br data-start=\"1555\" data-end=\"1558\" \/>\u2022 Peske \u00f5rnats\u00fcklis 30\u00b0C juures 30 minutit.<br data-start=\"1601\" data-end=\"1604\" \/>\u2022 Kuivatamiseks asetage m\u00e4nguasi lamedalt.<\/p>\n","protected":false},"excerpt":{"rendered":"<p>Kas otsid oma v\u00e4ikesele unikaalset ja hubast magamiss\u00f5pra? Sul pole vaja enam otsida, sest see armas heegeldatud m\u00e4nguasi on just see, mida vajad! See on ideaalne kaisutamiseks une ajal ja l\u00f5busaks m\u00e4nguks p\u00e4eva ajal, tehes selle sobivaks kingituseks igas vanuses lapsele.<\/p>\n","protected":false},"featured_media":47921,"comment_status":"open","ping_status":"closed","template":"","meta":[],"product_brand":[],"product_cat":[193,184],"product_tag":[],"class_list":{"0":"post-47915","1":"product","2":"type-product","3":"status-publish","4":"has-post-thumbnail","6":"product_cat-kallistuse-manguasjad","7":"product_cat-tellimisel","9":"first","10":"onbackorder","11":"taxable","12":"shipping-taxable","13":"purchasable","14":"product-type-simple"},"_links":{"self":[{"href":"https:\/\/tinyknit.eu\/et\/wp-json\/wp\/v2\/product\/47915","targetHints":{"allow":["GET"]}}],"collection":[{"href":"https:\/\/tinyknit.eu\/et\/wp-json\/wp\/v2\/product"}],"about":[{"href":"https:\/\/tinyknit.eu\/et\/wp-json\/wp\/v2\/types\/product"}],"replies":[{"embeddable":true,"href":"https:\/\/tinyknit.eu\/et\/wp-json\/wp\/v2\/comments?post=47915"}],"version-history":[{"count":3,"href":"https:\/\/tinyknit.eu\/et\/wp-json\/wp\/v2\/product\/47915\/revisions"}],"predecessor-version":[{"id":47963,"href":"https:\/\/tinyknit.eu\/et\/wp-json\/wp\/v2\/product\/47915\/revisions\/47963"}],"wp:featuredmedia":[{"embeddable":true,"href":"https:\/\/tinyknit.eu\/et\/wp-json\/wp\/v2\/media\/47921"}],"wp:attachment":[{"href":"https:\/\/tinyknit.eu\/et\/wp-json\/wp\/v2\/media?parent=47915"}],"wp:term":[{"taxonomy":"product_brand","embeddable":true,"href":"https:\/\/tinyknit.eu\/et\/wp-json\/wp\/v2\/product_brand?post=47915"},{"taxonomy":"product_cat","embeddable":true,"href":"https:\/\/tinyknit.eu\/et\/wp-json\/wp\/v2\/product_cat?post=47915"},{"taxonomy":"product_tag","embeddable":true,"href":"https:\/\/tinyknit.eu\/et\/wp-json\/wp\/v2\/product_tag?post=47915"}],"curies":[{"name":"wp","href":"https:\/\/api.w.org\/{rel}","templated":true}]}}