{"id":46806,"date":"2026-03-15T09:49:34","date_gmt":"2026-03-15T09:49:34","guid":{"rendered":"https:\/\/tinyknit.eu\/?post_type=product&#038;p=46806"},"modified":"2026-03-15T09:53:15","modified_gmt":"2026-03-15T09:53:15","slug":"manguasi-une-jaoks-kaisulapp-rebane-3","status":"publish","type":"product","link":"https:\/\/tinyknit.eu\/et\/product\/kallistuse-manguasjad\/manguasi-une-jaoks-kaisulapp-rebane-3\/","title":{"rendered":"M\u00e4nguasi une jaoks, kaisulapp &#8211; Rebane"},"content":{"rendered":"<p data-start=\"2102\" data-end=\"2408\"><strong data-start=\"2102\" data-end=\"2165\">Kas otsite oma v\u00e4ikesele ainulaadset ja hubast unekaaslast?<\/strong> Teil pole vaja enam kaugemale vaadata, sest see armas heegeldatud m\u00e4nguasi on just see \u00f5ige! See sobib suurep\u00e4raselt kaisutamiseks enne und ja toredaks m\u00e4ngimiseks p\u00e4eval, olles ideaalne kingitus igale beebile v\u00f5i lapsele, olenemata vanusest.<\/p>\n<p data-start=\"2410\" data-end=\"3082\"><strong data-start=\"2410\" data-end=\"2423\">Omadused:<\/strong><br data-start=\"2423\" data-end=\"2426\" \/>\u2022 Side vanematega. V\u00f5ime hoida ema v\u00f5i isa l\u00f5hna. Asetage m\u00e4nguasi toitmise v\u00f5i kiigutamise ajal beebi k\u00f5rvale ning see imab endasse teie l\u00f5hna. Nii tunneb beebi alati teie l\u00e4hedust ka siis, kui teid parasjagu k\u00f5rval ei ole.<br data-start=\"2650\" data-end=\"2653\" \/>\u2022 Avastamine. Heegeldatud rebase m\u00e4nguasi pakub rikkalikku taktiilset kogemust, mis k\u00f6idab lapse huvi ja aitab tal \u00fcmbritsevat maailma avastada.<br data-start=\"2797\" data-end=\"2800\" \/>\u2022 Aitab luua imelisi m\u00e4lestusi. Meie m\u00e4nguasju saab kasutada rekvisiitidena vasts\u00fcndinute pildistamisel.<br data-start=\"2904\" data-end=\"2907\" \/>\u2022 Rahustav m\u00f5ju. Heegeldatud rebase kaisuloom pakub beebile mugavust ja turvatunnet nii p\u00e4eval kui \u00f6\u00f6sel.<br data-start=\"3012\" data-end=\"3015\" \/>\u2022 Komplekti kuulub kaks paari tiibu, mida saab h\u00f5lpsasti eemaldada.<\/p>\n<p data-start=\"3084\" data-end=\"3302\"><strong data-start=\"3084\" data-end=\"3105\">Sobib ideaalselt:<\/strong><br data-start=\"3105\" data-end=\"3108\" \/>\u2022 Imeliseks kingituseks beebipeole, beebinimekirja, s\u00fcnnip\u00e4evaks, j\u00f5uludeks v\u00f5i mistahes muuks puhuks.<br data-start=\"3210\" data-end=\"3213\" \/>\u2022 Ainulaadseks m\u00e4nguasjaks, mis v\u00f5ib olla ka v\u00f5luv lisa iga lapse magamistoa sisustusele.<\/p>\n<p data-start=\"3304\" data-end=\"3542\"><strong data-start=\"3304\" data-end=\"3315\">Suurus:<\/strong> umbes 60 x 17 cm (23,6 x 6,6&#8243;)<br data-start=\"3346\" data-end=\"3349\" \/><strong data-start=\"3349\" data-end=\"3358\">L\u00f5ng:<\/strong> 100% mikropol\u00fcester (Oeko-Tex Standard 100) ja 100% pol\u00fcestrist kunstkarusnahk. H\u00fcpoallergeenne, pehme pl\u00fc\u00fcsl\u00f5ng. V\u00e4ga pehme, kaisus\u00f5bralik ja lastele ohutu.<br data-start=\"3516\" data-end=\"3519\" \/><strong data-start=\"3519\" data-end=\"3530\">T\u00e4idis:<\/strong> holofiiber.<\/p>\n<p data-start=\"3544\" data-end=\"3641\">Meie m\u00e4nguasjad valmivad suitsu- ja lemmikloomavabas kodus.<br data-start=\"3603\" data-end=\"3606\" \/>Valmistatud Eestis, Euroopa Liidus.<\/p>\n<p data-start=\"3643\" data-end=\"3702\"><strong data-start=\"3643\" data-end=\"3665\">Komplekt sisaldab:<\/strong><br data-start=\"3665\" data-end=\"3668\" \/>\u2022 1 x heegeldatud rebase kaisulapp<\/p>\n<p data-start=\"3704\" data-end=\"3809\"><strong data-start=\"3704\" data-end=\"3734\">T\u00e4iuslik kingitus beebile!<\/strong><br data-start=\"3734\" data-end=\"3737\" \/>Kingituseks valmis pakend beebipeoks, beebinimekirjaks v\u00f5i s\u00fcnnip\u00e4evaks.<\/p>\n<p data-start=\"3811\" data-end=\"4061\"><strong data-start=\"3811\" data-end=\"3833\">Hooldussoovitused:<\/strong><br data-start=\"3833\" data-end=\"3836\" \/>\u2022 Allergiliste reaktsioonide v\u00e4ltimiseks kasutage vedelaid ja h\u00fcpoallergeenseid pesuvahendeid.<br data-start=\"3930\" data-end=\"3933\" \/>\u2022 Kasutage pesumasina \u00f5rna programmi ja peske 30 \u00b0C juures 30 minutit.<br data-start=\"4003\" data-end=\"4006\" \/>\u2022 P\u00e4rast pesemist asetage m\u00e4nguasi tasapinnale kuivama.<\/p>\n","protected":false},"excerpt":{"rendered":"<p>Kas otsid oma v\u00e4ikesele unikaalset ja hubast magamiss\u00f5pra? Sul pole vaja enam otsida, sest see armas heegeldatud m\u00e4nguasi on just see, mida vajad! See on ideaalne kaisutamiseks une ajal ja l\u00f5busaks m\u00e4nguks p\u00e4eva ajal, tehes selle sobivaks kingituseks igas vanuses lapsele.<\/p>\n","protected":false},"featured_media":46812,"comment_status":"open","ping_status":"closed","template":"","meta":[],"product_brand":[],"product_cat":[193,184],"product_tag":[],"class_list":{"0":"post-46806","1":"product","2":"type-product","3":"status-publish","4":"has-post-thumbnail","6":"product_cat-kallistuse-manguasjad","7":"product_cat-tellimisel","9":"first","10":"onbackorder","11":"taxable","12":"shipping-taxable","13":"purchasable","14":"product-type-simple"},"_links":{"self":[{"href":"https:\/\/tinyknit.eu\/et\/wp-json\/wp\/v2\/product\/46806","targetHints":{"allow":["GET"]}}],"collection":[{"href":"https:\/\/tinyknit.eu\/et\/wp-json\/wp\/v2\/product"}],"about":[{"href":"https:\/\/tinyknit.eu\/et\/wp-json\/wp\/v2\/types\/product"}],"replies":[{"embeddable":true,"href":"https:\/\/tinyknit.eu\/et\/wp-json\/wp\/v2\/comments?post=46806"}],"version-history":[{"count":1,"href":"https:\/\/tinyknit.eu\/et\/wp-json\/wp\/v2\/product\/46806\/revisions"}],"predecessor-version":[{"id":46836,"href":"https:\/\/tinyknit.eu\/et\/wp-json\/wp\/v2\/product\/46806\/revisions\/46836"}],"wp:featuredmedia":[{"embeddable":true,"href":"https:\/\/tinyknit.eu\/et\/wp-json\/wp\/v2\/media\/46812"}],"wp:attachment":[{"href":"https:\/\/tinyknit.eu\/et\/wp-json\/wp\/v2\/media?parent=46806"}],"wp:term":[{"taxonomy":"product_brand","embeddable":true,"href":"https:\/\/tinyknit.eu\/et\/wp-json\/wp\/v2\/product_brand?post=46806"},{"taxonomy":"product_cat","embeddable":true,"href":"https:\/\/tinyknit.eu\/et\/wp-json\/wp\/v2\/product_cat?post=46806"},{"taxonomy":"product_tag","embeddable":true,"href":"https:\/\/tinyknit.eu\/et\/wp-json\/wp\/v2\/product_tag?post=46806"}],"curies":[{"name":"wp","href":"https:\/\/api.w.org\/{rel}","templated":true}]}}