{"id":38801,"date":"2025-12-06T13:58:59","date_gmt":"2025-12-06T13:58:59","guid":{"rendered":"https:\/\/tinyknit.eu\/?post_type=product&#038;p=38801"},"modified":"2025-12-06T14:13:11","modified_gmt":"2025-12-06T14:13:11","slug":"puhadekaunistus-joulukaunistus-joulusokk","status":"publish","type":"product","link":"https:\/\/tinyknit.eu\/et\/product\/kodukaunistused\/puhadekaunistus-joulukaunistus-joulusokk\/","title":{"rendered":"P\u00fchadekaunistus, j\u00f5ulukaunistus \u2013 J\u00f5ulusokk"},"content":{"rendered":"<p data-start=\"1353\" data-end=\"1542\">Too oma koju soojust ja p\u00fchademeeleolu meie hubase j\u00f5ulusokiga! Sobib suurep\u00e4raselt kamina kohale, p\u00fchadenurka v\u00f5i hooajalisele fotosessioonile, lisades ruumi t\u00f5elise j\u00f5ulumaagia puudutuse.<\/p>\n<p data-start=\"1544\" data-end=\"1747\">Kvaliteetsetest materjalidest valmistatud sokk on hoolikalt heegeldatud ning loodud klassikalises j\u00f5ulustiilis. See hoiab h\u00e4sti oma kuju ja saab paljudeks aastateks armsaks osaks sinu j\u00f5ulukaunistustest.<\/p>\n<p data-start=\"1749\" data-end=\"1951\"><strong data-start=\"1749\" data-end=\"1762\">Omadused:<\/strong><br data-start=\"1762\" data-end=\"1765\" \/>\u2022 Ideaalne v\u00e4ikeste kingituste ja \u00fcllatuste jaoks<br data-start=\"1814\" data-end=\"1817\" \/>\u2022 Soe ja pidulik v\u00e4rvipalett<br data-start=\"1845\" data-end=\"1848\" \/>\u2022 Sobib kaminale, seinale, riiulile v\u00f5i lastetuppa<br data-start=\"1898\" data-end=\"1901\" \/>\u2022 Suurep\u00e4rane p\u00fchadekingitus perele ja s\u00f5pradele<\/p>\n<p data-start=\"1953\" data-end=\"2139\"><strong data-start=\"1953\" data-end=\"1964\">Suurus:<\/strong> u. 40 \u00d7 15 cm (15,7\u201d \u00d7 5,9\u201d)<br data-start=\"1993\" data-end=\"1996\" \/><strong data-start=\"1996\" data-end=\"2009\">Materjal:<\/strong> k\u00e4sitsi kootud h\u00fcpoallergeensest plu\u0161\u0161- ja puuvillal\u00f5ngast, t\u00e4idetud holofiibriga. Valmistatud suitsu- ja lemmikloomavabas kodus.<\/p>\n<p data-start=\"2141\" data-end=\"2176\">Valmistatud Eestis, Euroopa Liidus.<\/p>\n<p data-start=\"2178\" data-end=\"2225\"><strong data-start=\"2178\" data-end=\"2200\">Komplekt sisaldab:<\/strong><br data-start=\"2200\" data-end=\"2203\" \/>\u2022 1\u00d7 p\u00fchadekaunistus<\/p>\n<p data-start=\"2227\" data-end=\"2449\"><strong data-start=\"2227\" data-end=\"2249\">Hooldussoovitused:<\/strong><br data-start=\"2249\" data-end=\"2252\" \/>\u2022 Kasutada pesumasinas \u00f5rnpesuprogrammi 30 \u00b0C juures 30 minutit.<br data-start=\"2316\" data-end=\"2319\" \/>\u2022 Kahjustuste v\u00e4ltimiseks soovitame pesukotti.<br data-start=\"2365\" data-end=\"2368\" \/>\u2022 P\u00e4rast pesu kuivatada tasasel pinnal.<br data-start=\"2407\" data-end=\"2410\" \/>\u2022 Mitte riputada, v\u00e4\u00e4nata ega triikida.<\/p>\n","protected":false},"excerpt":{"rendered":"<p>Too oma koju soojust ja p\u00fchademeeleolu meie hubase j\u00f5ulusokiga! Sobib suurep\u00e4raselt kamina kohale, p\u00fchadenurka v\u00f5i hooajalisele fotosessioonile, lisades ruumi t\u00f5elise j\u00f5ulumaagia puudutuse.<\/p>\n","protected":false},"featured_media":38855,"comment_status":"open","ping_status":"closed","template":"","meta":[],"product_brand":[],"product_cat":[278,184],"product_tag":[],"class_list":{"0":"post-38801","1":"product","2":"type-product","3":"status-publish","4":"has-post-thumbnail","6":"product_cat-kodukaunistused","7":"product_cat-tellimisel","9":"first","10":"onbackorder","11":"taxable","12":"shipping-taxable","13":"purchasable","14":"product-type-variable"},"_links":{"self":[{"href":"https:\/\/tinyknit.eu\/et\/wp-json\/wp\/v2\/product\/38801","targetHints":{"allow":["GET"]}}],"collection":[{"href":"https:\/\/tinyknit.eu\/et\/wp-json\/wp\/v2\/product"}],"about":[{"href":"https:\/\/tinyknit.eu\/et\/wp-json\/wp\/v2\/types\/product"}],"replies":[{"embeddable":true,"href":"https:\/\/tinyknit.eu\/et\/wp-json\/wp\/v2\/comments?post=38801"}],"version-history":[{"count":1,"href":"https:\/\/tinyknit.eu\/et\/wp-json\/wp\/v2\/product\/38801\/revisions"}],"predecessor-version":[{"id":38887,"href":"https:\/\/tinyknit.eu\/et\/wp-json\/wp\/v2\/product\/38801\/revisions\/38887"}],"wp:featuredmedia":[{"embeddable":true,"href":"https:\/\/tinyknit.eu\/et\/wp-json\/wp\/v2\/media\/38855"}],"wp:attachment":[{"href":"https:\/\/tinyknit.eu\/et\/wp-json\/wp\/v2\/media?parent=38801"}],"wp:term":[{"taxonomy":"product_brand","embeddable":true,"href":"https:\/\/tinyknit.eu\/et\/wp-json\/wp\/v2\/product_brand?post=38801"},{"taxonomy":"product_cat","embeddable":true,"href":"https:\/\/tinyknit.eu\/et\/wp-json\/wp\/v2\/product_cat?post=38801"},{"taxonomy":"product_tag","embeddable":true,"href":"https:\/\/tinyknit.eu\/et\/wp-json\/wp\/v2\/product_tag?post=38801"}],"curies":[{"name":"wp","href":"https:\/\/api.w.org\/{rel}","templated":true}]}}