{"id":36582,"date":"2025-11-23T19:55:05","date_gmt":"2025-11-23T19:55:05","guid":{"rendered":"https:\/\/tinyknit.eu\/?post_type=product&#038;p=36582"},"modified":"2025-11-23T20:17:09","modified_gmt":"2025-11-23T20:17:09","slug":"heegeldatud-pehmest-pluusist-manguasi-joulukaabused-2-osaline-komplekt","status":"publish","type":"product","link":"https:\/\/tinyknit.eu\/et\/product\/kodukaunistused\/heegeldatud-pehmest-pluusist-manguasi-joulukaabused-2-osaline-komplekt\/","title":{"rendered":"Heegeldatud pehmest pl\u00fc\u00fcsist m\u00e4nguasi \u2013 J\u00f5uluk\u00e4\u00e4bused (2-osaline komplekt)"},"content":{"rendered":"<p data-start=\"1845\" data-end=\"2079\">Too oma koju hubast j\u00f5ulumaagiat nende armsate k\u00e4sitsi heegeldatud p\u00e4kapikkudega! Iga p\u00e4kapikk on valmistatud amigurumi tehnikas, kasutades pehmet ja pluusist l\u00f5nga, mis muudab nad m\u00f5nusalt kaisutatavaks, tekstuurseks ja oman\u00e4oliseks.<\/p>\n<p data-start=\"2081\" data-end=\"2305\"><strong>Omadused:<\/strong><br data-start=\"2090\" data-end=\"2093\" \/>\u2022 T\u00e4ielikult k\u00e4sit\u00f6\u00f6 \u2014 armastuse ja detailit\u00e4psusega heegeldatud.<br data-start=\"2158\" data-end=\"2161\" \/>\u2022 Pehme ja kvaliteetne l\u00f5ng \u2014 ohutu, vastupidav ja meeldiv katsuda.<br data-start=\"2228\" data-end=\"2231\" \/>\u2022 Skandinaavialik j\u00f5ulustiil \u2014 ideaalne talviseks ja j\u00f5uludekoratsiooniks.<\/p>\n<p data-start=\"2307\" data-end=\"2361\"><strong>M\u00f5\u00f5dud:<\/strong><br data-start=\"2314\" data-end=\"2317\" \/>V\u00e4ike p\u00e4kapikk: 24 cm<br data-start=\"2338\" data-end=\"2341\" \/>Suur p\u00e4kapikk: 30 cm<\/p>\n<p data-start=\"2363\" data-end=\"2519\"><strong>Materjal:<\/strong> Toode on k\u00e4sitsi kootud h\u00fcpoallergeensest, pluusisest ja puuvillasest l\u00f5ngast. T\u00e4idetud holokiuuga. Valmistatud suitsu- ja lemmikloomavabas kodus.<\/p>\n<p data-start=\"2521\" data-end=\"2556\"><strong>Valmistatud Eestis, Euroopa Liidus.<\/strong><\/p>\n<p data-start=\"2558\" data-end=\"2619\"><strong>Komplekt sisaldab:<\/strong><br data-start=\"2576\" data-end=\"2579\" \/>\u2022 1\u00d7 J\u00f5ulup\u00e4kapikud (2-osaline komplekt)<\/p>\n<p data-start=\"2621\" data-end=\"2915\"><strong>Ideaalne:<\/strong><br data-start=\"2630\" data-end=\"2633\" \/>\u2022 Elutoa, riiuli, kamina, lastetoa v\u00f5i kontori kaunistamiseks.<br data-start=\"2695\" data-end=\"2698\" \/>\u2022 Kodu piduliku ja sooja meeleolu loomiseks.<br data-start=\"2742\" data-end=\"2745\" \/>\u2022 Kingiks perele, s\u00f5pradele v\u00f5i kolleegidele.<br data-start=\"2790\" data-end=\"2793\" \/>\u2022 K\u00e4sit\u00f6\u00f6- v\u00f5i skandinaaviastiili kollektsion\u00e4\u00e4ridele.<br data-start=\"2847\" data-end=\"2850\" \/>Meie m\u00e4nguasjad on valmistatud suitsu- ja lemmikloomavabas kodus.<\/p>\n<p data-start=\"2917\" data-end=\"3318\"><strong>Hooldussoovitused:<\/strong><br data-start=\"2935\" data-end=\"2938\" \/>Laste ohutuse tagamiseks ei t\u00f6\u00f6delda m\u00e4nguasju enne saatmist kemikaalidega. Saate neid pesta sobiva pesuvahendiga. Vajadusel v\u00f5ib teha ka aurutamise ilma kemikaale kasutamata.<br data-start=\"3113\" data-end=\"3116\" \/>\u2022 Kasutage h\u00fcpoallergeenseid vedelaid pesuvahendeid.<br data-start=\"3168\" data-end=\"3171\" \/>\u2022 Pesumasina \u00f5rnpesuprogramm 30 kraadi juures 30 minutit.<br data-start=\"3228\" data-end=\"3231\" \/>\u2022 Kahjustuste v\u00e4ltimiseks kasutage pesukotti.<br data-start=\"3276\" data-end=\"3279\" \/>\u2022 P\u00e4rast pesu kuivatada tasasel pinnal.<\/p>\n","protected":false},"excerpt":{"rendered":"<p>Too oma koju hubast j\u00f5ulumaagiat nende armsate k\u00e4sitsi heegeldatud p\u00e4kapikkudega! Iga p\u00e4kapikk on valmistatud amigurumi tehnikas, kasutades pehmet ja pluusist l\u00f5nga, mis muudab nad m\u00f5nusalt kaisutatavaks, tekstuurseks ja oman\u00e4oliseks.<\/p>\n<p><iframe title=\"YouTube video player\" src=\"https:\/\/www.youtube.com\/embed\/kdKQTc8hWAE?si=tR1h8f48rPcVOMxP\" width=\"560\" height=\"315\" frameborder=\"0\" allowfullscreen=\"allowfullscreen\"><\/iframe><\/p>\n","protected":false},"featured_media":36621,"comment_status":"open","ping_status":"closed","template":"","meta":[],"product_brand":[],"product_cat":[278,194,184],"product_tag":[],"class_list":{"0":"post-36582","1":"product","2":"type-product","3":"status-publish","4":"has-post-thumbnail","6":"product_cat-kodukaunistused","7":"product_cat-pehmed-manguasjad","8":"product_cat-tellimisel","10":"first","11":"onbackorder","12":"taxable","13":"shipping-taxable","14":"purchasable","15":"product-type-variable"},"_links":{"self":[{"href":"https:\/\/tinyknit.eu\/et\/wp-json\/wp\/v2\/product\/36582","targetHints":{"allow":["GET"]}}],"collection":[{"href":"https:\/\/tinyknit.eu\/et\/wp-json\/wp\/v2\/product"}],"about":[{"href":"https:\/\/tinyknit.eu\/et\/wp-json\/wp\/v2\/types\/product"}],"replies":[{"embeddable":true,"href":"https:\/\/tinyknit.eu\/et\/wp-json\/wp\/v2\/comments?post=36582"}],"version-history":[{"count":1,"href":"https:\/\/tinyknit.eu\/et\/wp-json\/wp\/v2\/product\/36582\/revisions"}],"predecessor-version":[{"id":36750,"href":"https:\/\/tinyknit.eu\/et\/wp-json\/wp\/v2\/product\/36582\/revisions\/36750"}],"wp:featuredmedia":[{"embeddable":true,"href":"https:\/\/tinyknit.eu\/et\/wp-json\/wp\/v2\/media\/36621"}],"wp:attachment":[{"href":"https:\/\/tinyknit.eu\/et\/wp-json\/wp\/v2\/media?parent=36582"}],"wp:term":[{"taxonomy":"product_brand","embeddable":true,"href":"https:\/\/tinyknit.eu\/et\/wp-json\/wp\/v2\/product_brand?post=36582"},{"taxonomy":"product_cat","embeddable":true,"href":"https:\/\/tinyknit.eu\/et\/wp-json\/wp\/v2\/product_cat?post=36582"},{"taxonomy":"product_tag","embeddable":true,"href":"https:\/\/tinyknit.eu\/et\/wp-json\/wp\/v2\/product_tag?post=36582"}],"curies":[{"name":"wp","href":"https:\/\/api.w.org\/{rel}","templated":true}]}}