{"id":34427,"date":"2025-10-26T19:40:19","date_gmt":"2025-10-26T19:40:19","guid":{"rendered":"https:\/\/tinyknit.eu\/?post_type=product&#038;p=34427"},"modified":"2025-10-26T19:53:34","modified_gmt":"2025-10-26T19:53:34","slug":"manguasi-une-jaoks-kaisulapp-hedwig-ookull","status":"publish","type":"product","link":"https:\/\/tinyknit.eu\/et\/product\/kallistuse-manguasjad\/manguasi-une-jaoks-kaisulapp-hedwig-ookull\/","title":{"rendered":"M\u00e4nguasi une jaoks, kaisulapp &#8211; Hedwig (\u00d6\u00f6kull)"},"content":{"rendered":"<p data-start=\"132\" data-end=\"423\">Kas otsite oma pisikesele unikaalset ja hubast unes\u00f5pra? Enam ei pea otsima \u2013 see armas heegeldatud m\u00e4nguasi on just see, mida vajate! See sobib suurep\u00e4raselt nii kaisutamiseks uneajal kui ka l\u00f5busaks m\u00e4ngimiseks p\u00e4eval, muutes selle ideaalseks kingituseks igas vanuses beebidele ja lastele.<\/p>\n<p data-start=\"425\" data-end=\"1008\"><strong data-start=\"425\" data-end=\"438\">Omadused:<\/strong><br \/>\n\u2022 <strong data-start=\"441\" data-end=\"461\">Side vanematega.<\/strong> V\u00f5ime hoida ema v\u00f5i isa l\u00f5hna. Asetage m\u00e4nguasi lapse k\u00f5rvale toitmise v\u00f5i kiigutamise ajal ja see imab teie l\u00f5hna endasse. Nii tunneb laps alati teie l\u00e4hedust, isegi kui te ei ole k\u00f5rval.<br data-start=\"650\" data-end=\"653\" \/>\u2022 <strong data-start=\"655\" data-end=\"670\">Avastamine.<\/strong> Heegeldatud Hedwigi m\u00e4nguasi pakub rikkalikku taktiilset kogemust, mis k\u00f6idab lapse huvi ja aitab tal \u00fcmbritsevat maailma avastada.<br data-start=\"802\" data-end=\"805\" \/>\u2022 <strong data-start=\"807\" data-end=\"822\">M\u00e4lestused.<\/strong> Meie m\u00e4nguasju saab kasutada vasts\u00fcndinute fotosessioonide aksessuaaridena.<br data-start=\"898\" data-end=\"901\" \/>\u2022 <strong data-start=\"903\" data-end=\"921\">Rahustav m\u00f5ju.<\/strong> Heegeldatud Hedwigi kaisukas loob lapsele mugavuse ja turvatunde nii p\u00e4eval kui \u00f6\u00f6sel.<\/p>\n<p data-start=\"1010\" data-end=\"1207\"><strong data-start=\"1010\" data-end=\"1023\">Ideaalne:<\/strong><br \/>\n\u2022 Suurep\u00e4rane kingitus beebipeoks, beebiregistriks, s\u00fcnnip\u00e4evaks, j\u00f5uludeks v\u00f5i m\u00f5neks muuks t\u00e4htp\u00e4evaks.<br data-start=\"1129\" data-end=\"1132\" \/>\u2022 Unikaalne m\u00e4nguasi, mis sobib ka lapse toa sisustuse armsaks t\u00e4ienduseks.<\/p>\n<p data-start=\"1209\" data-end=\"1400\"><strong data-start=\"1209\" data-end=\"1224\">T\u00e4issuurus:<\/strong> umbes 35 cm (13,7\u201d)<br data-start=\"1244\" data-end=\"1247\" \/><strong data-start=\"1247\" data-end=\"1256\">L\u00f5ng:<\/strong> 100% mikropol\u00fcester (Oeko-Tex 100 Standard) ja 100% pol\u00fcesterkunstkarusnahk. H\u00fcpoallergeenne, pehme ja ohutu lastele.<br data-start=\"1374\" data-end=\"1377\" \/><strong data-start=\"1377\" data-end=\"1388\">T\u00e4idis:<\/strong> Holokiud.<\/p>\n<p data-start=\"1402\" data-end=\"1501\">Meie m\u00e4nguasjad on valmistatud suitsu- ja loomavabas kodus.<br data-start=\"1461\" data-end=\"1464\" \/>Valmistatud Eestis, Euroopa Liidus.<\/p>\n<p data-start=\"1503\" data-end=\"1545\">Saadaval on kolm stiili \u2013 vaata fotosid.<\/p>\n<p data-start=\"1547\" data-end=\"1735\"><strong data-start=\"1547\" data-end=\"1559\">Stiil #1<\/strong> \u2013 Jahehall keha sobiva jahehalli salliga<br data-start=\"1600\" data-end=\"1603\" \/><strong data-start=\"1603\" data-end=\"1615\">Stiil #2<\/strong> \u2013 Valge keha, jahehall nokk ja jalad, v\u00e4rviline sall<br data-start=\"1668\" data-end=\"1671\" \/><strong data-start=\"1671\" data-end=\"1683\">Stiil #3<\/strong> \u2013 Valge keha, pruun nokk ja jalad, v\u00e4rviline sall<\/p>\n<p data-start=\"1737\" data-end=\"1804\"><strong data-start=\"1737\" data-end=\"1759\">Komplekt sisaldab:<\/strong><br data-start=\"1759\" data-end=\"1762\" \/>\u2022 1x heegeldatud karvane Hedwig kaisukas<\/p>\n<p data-start=\"1806\" data-end=\"1918\"><strong data-start=\"1806\" data-end=\"1836\">T\u00e4iuslik kingitus beebile!<\/strong><br data-start=\"1836\" data-end=\"1839\" \/>Kingituseks valmis pakend igaks beebipeoks, beebiregistriks v\u00f5i s\u00fcnnip\u00e4evaks.<\/p>\n<p data-start=\"1920\" data-end=\"2154\"><strong data-start=\"1920\" data-end=\"1942\">Hooldussoovitused:<\/strong><br data-start=\"1942\" data-end=\"1945\" \/>\u2022 Allergiate v\u00e4ltimiseks kasutage vedelaid ja h\u00fcpoallergeenseid pesuaineid.<br data-start=\"2020\" data-end=\"2023\" \/>\u2022 Kasutage pesumasina \u00f5rna re\u017eiimi, temperatuur 30 kraadi, kestus 30 minutit.<br data-start=\"2100\" data-end=\"2103\" \/>\u2022 P\u00e4rast pesu asetage m\u00e4nguasi kuivama tasapinnale.<\/p>\n","protected":false},"excerpt":{"rendered":"<p>Kas otsid oma v\u00e4ikesele unikaalset ja hubast magamiss\u00f5pra? Sul pole vaja enam otsida, sest see armas heegeldatud m\u00e4nguasi on just see, mida vajad! See on ideaalne kaisutamiseks une ajal ja l\u00f5busaks m\u00e4nguks p\u00e4eva ajal, tehes selle sobivaks kingituseks igas vanuses lapsele.<\/p>\n<p><iframe title=\"YouTube video player\" src=\"https:\/\/www.youtube.com\/embed\/6J_-fvB8jiU?si=Fe8wKpvAN9gsrWAX\" width=\"560\" height=\"315\" frameborder=\"0\" allowfullscreen=\"allowfullscreen\"><\/iframe><\/p>\n","protected":false},"featured_media":34433,"comment_status":"open","ping_status":"closed","template":"","meta":[],"product_brand":[],"product_cat":[193,184],"product_tag":[],"class_list":{"0":"post-34427","1":"product","2":"type-product","3":"status-publish","4":"has-post-thumbnail","6":"product_cat-kallistuse-manguasjad","7":"product_cat-tellimisel","9":"first","10":"onbackorder","11":"taxable","12":"shipping-taxable","13":"purchasable","14":"product-type-variable"},"_links":{"self":[{"href":"https:\/\/tinyknit.eu\/et\/wp-json\/wp\/v2\/product\/34427","targetHints":{"allow":["GET"]}}],"collection":[{"href":"https:\/\/tinyknit.eu\/et\/wp-json\/wp\/v2\/product"}],"about":[{"href":"https:\/\/tinyknit.eu\/et\/wp-json\/wp\/v2\/types\/product"}],"replies":[{"embeddable":true,"href":"https:\/\/tinyknit.eu\/et\/wp-json\/wp\/v2\/comments?post=34427"}],"version-history":[{"count":1,"href":"https:\/\/tinyknit.eu\/et\/wp-json\/wp\/v2\/product\/34427\/revisions"}],"predecessor-version":[{"id":34556,"href":"https:\/\/tinyknit.eu\/et\/wp-json\/wp\/v2\/product\/34427\/revisions\/34556"}],"wp:featuredmedia":[{"embeddable":true,"href":"https:\/\/tinyknit.eu\/et\/wp-json\/wp\/v2\/media\/34433"}],"wp:attachment":[{"href":"https:\/\/tinyknit.eu\/et\/wp-json\/wp\/v2\/media?parent=34427"}],"wp:term":[{"taxonomy":"product_brand","embeddable":true,"href":"https:\/\/tinyknit.eu\/et\/wp-json\/wp\/v2\/product_brand?post=34427"},{"taxonomy":"product_cat","embeddable":true,"href":"https:\/\/tinyknit.eu\/et\/wp-json\/wp\/v2\/product_cat?post=34427"},{"taxonomy":"product_tag","embeddable":true,"href":"https:\/\/tinyknit.eu\/et\/wp-json\/wp\/v2\/product_tag?post=34427"}],"curies":[{"name":"wp","href":"https:\/\/api.w.org\/{rel}","templated":true}]}}