{"id":27098,"date":"2025-03-12T17:08:43","date_gmt":"2025-03-12T17:08:43","guid":{"rendered":"https:\/\/tinyknit.eu\/?post_type=product&#038;p=27098"},"modified":"2025-04-05T18:56:41","modified_gmt":"2025-04-05T18:56:41","slug":"manguasi-une-jaoks-kaisulapp-janes-6","status":"publish","type":"product","link":"https:\/\/tinyknit.eu\/et\/product\/kallistuse-manguasjad\/manguasi-une-jaoks-kaisulapp-janes-6\/","title":{"rendered":"M\u00e4nguasi une jaoks, kaisulapp &#8211; J\u00e4nes"},"content":{"rendered":"<p data-start=\"83\" data-end=\"411\">Kas otsite oma v\u00e4ikesele lapsele ainulaadset ja hubast unekaisukat? Te ei pea enam kaugemale vaatama, sest see armas heegeldatud m\u00e4nguasi on just see, mida vajate! See on ideaalne kaisutamiseks uneajal ja l\u00f5busaks m\u00e4ngimiseks p\u00e4eva jooksul, muutes selle suurep\u00e4raseks kingituseks igale beebile v\u00f5i lapsele, olenemata vanusest.<\/p>\n<p data-start=\"413\" data-end=\"1073\"><strong data-start=\"413\" data-end=\"426\">Omadused:<\/strong><br data-start=\"426\" data-end=\"429\" \/>\u2022 <strong data-start=\"431\" data-end=\"451\">Side vanematega.<\/strong> M\u00e4nguasi suudab s\u00e4ilitada ema v\u00f5i isa l\u00f5hna. Asetage see beebi k\u00f5rvale toitmise v\u00f5i kussutamise ajal, et see imendaks teie l\u00f5hna. Nii tunneb laps alati teie l\u00e4hedust, isegi kui te ei ole tema juures.<br data-start=\"651\" data-end=\"654\" \/>\u2022 <strong data-start=\"656\" data-end=\"671\">Avastamine.<\/strong> Heegeldatud kassipoja m\u00e4nguasi pakub rikkalikku taktiilset kogemust, mis k\u00f6idab lapse huvi ja aitab tal \u00fcmbritsevat maailma uurida.<br data-start=\"803\" data-end=\"806\" \/>\u2022 <strong data-start=\"808\" data-end=\"835\">Loob imelisi m\u00e4lestusi.<\/strong> Meie m\u00e4nguasjad sobivad suurep\u00e4raselt vasts\u00fcndinute fotograafia rekvisiitideks.<br data-start=\"915\" data-end=\"918\" \/>\u2022 <strong data-start=\"920\" data-end=\"939\">Rahustav toime.<\/strong> Heegeldatud kassipoeg loob beebile turvatunde ja mugavuse nii p\u00e4eval kui \u00f6\u00f6sel.<br data-start=\"1019\" data-end=\"1022\" \/>\u2022 <strong data-start=\"1024\" data-end=\"1071\">Komplektis on kaks eemaldatavat tiivapaari.<\/strong><\/p>\n<p data-start=\"1075\" data-end=\"1270\"><strong data-start=\"1075\" data-end=\"1099\">Sobib suurep\u00e4raselt:<\/strong><br data-start=\"1099\" data-end=\"1102\" \/>\u2022 Beebipeoks, beebiregistriks, s\u00fcnnip\u00e4evaks, j\u00f5uludeks v\u00f5i m\u00f5neks muuks eriliseks s\u00fcndmuseks.<br data-start=\"1195\" data-end=\"1198\" \/>\u2022 Ainulaadne m\u00e4nguasi, mis v\u00f5ib olla ka armas lisand igale lastetoale.<\/p>\n<p data-start=\"1272\" data-end=\"1494\"><strong data-start=\"1272\" data-end=\"1287\">T\u00e4issuurus:<\/strong> umbes 33 cm (12,9\u201d)<br data-start=\"1307\" data-end=\"1310\" \/><strong data-start=\"1310\" data-end=\"1319\">L\u00f5ng:<\/strong> 100% mikro\u00adpol\u00fcester (Oeko-Tex 100 Standard) ja 100% pol\u00fcester kunstkarusnahk. H\u00fcp\u00adoallergeenne, pl\u00fc\u00fcsjas ja pehme materjal, mis on ohutu lastele.<br data-start=\"1466\" data-end=\"1469\" \/><strong data-start=\"1469\" data-end=\"1480\">T\u00e4idis:<\/strong> Holofiiber.<\/p>\n<p data-start=\"1496\" data-end=\"1605\">Meie m\u00e4nguasjad on valmistatud suitsuvabas ja lemmikloomavabas kodus.<br data-start=\"1565\" data-end=\"1568\" \/>Valmistatud Eestis, Euroopa Liidus.<\/p>\n<p data-start=\"1607\" data-end=\"1677\"><strong data-start=\"1607\" data-end=\"1629\">Komplekt sisaldab:<\/strong><br data-start=\"1629\" data-end=\"1632\" \/>\u2022 1x heegeldatud karvane kassipoja kaisukas<\/p>\n<p data-start=\"1679\" data-end=\"1801\"><strong data-start=\"1679\" data-end=\"1709\">Ideaalne kingitus beebile!<\/strong><br data-start=\"1709\" data-end=\"1712\" \/>Pakendatud nii, et sobib kohe kinkimiseks beebipeoks, beebiregistriks v\u00f5i s\u00fcnnip\u00e4evaks.<\/p>\n<p data-start=\"1803\" data-end=\"2042\"><strong data-start=\"1803\" data-end=\"1825\">Hooldussoovitused:<\/strong><br data-start=\"1825\" data-end=\"1828\" \/>\u2022 Allergiliste reaktsioonide v\u00e4ltimiseks kasutage vedelaid ja h\u00fcpoallergeenseid pesuvahendeid.<br data-start=\"1922\" data-end=\"1925\" \/>\u2022 Peske \u00f5rnpesu programmiga temperatuuril 30\u00b0C 30 minutit.<br data-start=\"1983\" data-end=\"1986\" \/>\u2022 Peale pesemist kuivatage m\u00e4nguasi lamedalt asetades.<\/p>\n","protected":false},"excerpt":{"rendered":"<p>Kas otsid oma v\u00e4ikesele unikaalset ja hubast magamiss\u00f5pra? Sul pole vaja enam otsida, sest see armas heegeldatud m\u00e4nguasi on just see, mida vajad! See on ideaalne kaisutamiseks une ajal ja l\u00f5busaks m\u00e4nguks p\u00e4eva ajal, tehes selle sobivaks kingituseks igas vanuses lapsele.<\/p>\n","protected":false},"featured_media":27168,"comment_status":"open","ping_status":"closed","template":"","meta":[],"product_brand":[],"product_cat":[193,184],"product_tag":[],"class_list":{"0":"post-27098","1":"product","2":"type-product","3":"status-publish","4":"has-post-thumbnail","6":"product_cat-kallistuse-manguasjad","7":"product_cat-tellimisel","9":"first","10":"onbackorder","11":"taxable","12":"shipping-taxable","13":"purchasable","14":"product-type-variable"},"_links":{"self":[{"href":"https:\/\/tinyknit.eu\/et\/wp-json\/wp\/v2\/product\/27098","targetHints":{"allow":["GET"]}}],"collection":[{"href":"https:\/\/tinyknit.eu\/et\/wp-json\/wp\/v2\/product"}],"about":[{"href":"https:\/\/tinyknit.eu\/et\/wp-json\/wp\/v2\/types\/product"}],"replies":[{"embeddable":true,"href":"https:\/\/tinyknit.eu\/et\/wp-json\/wp\/v2\/comments?post=27098"}],"version-history":[{"count":2,"href":"https:\/\/tinyknit.eu\/et\/wp-json\/wp\/v2\/product\/27098\/revisions"}],"predecessor-version":[{"id":27350,"href":"https:\/\/tinyknit.eu\/et\/wp-json\/wp\/v2\/product\/27098\/revisions\/27350"}],"wp:featuredmedia":[{"embeddable":true,"href":"https:\/\/tinyknit.eu\/et\/wp-json\/wp\/v2\/media\/27168"}],"wp:attachment":[{"href":"https:\/\/tinyknit.eu\/et\/wp-json\/wp\/v2\/media?parent=27098"}],"wp:term":[{"taxonomy":"product_brand","embeddable":true,"href":"https:\/\/tinyknit.eu\/et\/wp-json\/wp\/v2\/product_brand?post=27098"},{"taxonomy":"product_cat","embeddable":true,"href":"https:\/\/tinyknit.eu\/et\/wp-json\/wp\/v2\/product_cat?post=27098"},{"taxonomy":"product_tag","embeddable":true,"href":"https:\/\/tinyknit.eu\/et\/wp-json\/wp\/v2\/product_tag?post=27098"}],"curies":[{"name":"wp","href":"https:\/\/api.w.org\/{rel}","templated":true}]}}