{"id":26946,"date":"2025-03-01T20:01:34","date_gmt":"2025-03-01T20:01:34","guid":{"rendered":"https:\/\/tinyknit.eu\/?post_type=product&#038;p=26946"},"modified":"2025-03-01T20:04:22","modified_gmt":"2025-03-01T20:04:22","slug":"beebitoa-seinakaunistus-lovi","status":"publish","type":"product","link":"https:\/\/tinyknit.eu\/et\/product\/lastetoa-sisustus\/beebitoa-seinakaunistus-lovi\/","title":{"rendered":"Beebitoa seinakaunistus \u2013 L\u00f5vi"},"content":{"rendered":"<p>Beebitoa sisustamine on v\u00e4ga vastutusrikas ja oluline \u00fclesanne, millele k\u00f5ik vanemad ka erilist t\u00e4helepanu p\u00f6\u00f6ravad. Meie seinakaunistus on imearmas sisekujunduselement, millega muuta lapse tuba personaalsemaks ning lapselikumaks. Kaunistust saab riputada uksele v\u00f5i seinale.<\/p>\n<p><strong>Suurus:<\/strong> ~40 x 33 cm<br \/>\n<strong>Materjal:<\/strong>\u00a055% puuvill, 45% akr\u00fc\u00fcl ja p\u00f6\u00f6gi puidust pulk.<\/p>\n<p><strong>Komplekti kuuluvad:<\/strong><br \/>\n\u2022 1x Beebitoa seinakaunistus<\/p>\n<p><strong>Hooldussoovitused:<\/strong>\u00a0Pesta k\u00e4sitsi 30-kraadi juures sooja veega ja beebile sobiliku pesuvahendiga. Kuivatada alusel. Trummelkuivatus keelatud.<\/p>\n","protected":false},"excerpt":{"rendered":"<p>Beebitoa sisustamine on v\u00e4ga vastutusrikas ja oluline \u00fclesanne, millele k\u00f5ik vanemad ka erilist t\u00e4helepanu p\u00f6\u00f6ravad. Meie seinakaunistus on imearmas sisekujunduselement, millega muuta lapse tuba personaalsemaks ning lapselikumaks. Kaunistust saab riputada uksele v\u00f5i seinale.<\/p>\n","protected":false},"featured_media":26960,"comment_status":"open","ping_status":"closed","template":"","meta":[],"product_brand":[],"product_cat":[556,182],"product_tag":[],"class_list":{"0":"post-26946","1":"product","2":"type-product","3":"status-publish","4":"has-post-thumbnail","6":"product_cat-lastetoa-sisustus","7":"product_cat-saatmiseks-valmis","9":"first","10":"instock","11":"taxable","12":"shipping-taxable","13":"purchasable","14":"product-type-simple"},"_links":{"self":[{"href":"https:\/\/tinyknit.eu\/et\/wp-json\/wp\/v2\/product\/26946","targetHints":{"allow":["GET"]}}],"collection":[{"href":"https:\/\/tinyknit.eu\/et\/wp-json\/wp\/v2\/product"}],"about":[{"href":"https:\/\/tinyknit.eu\/et\/wp-json\/wp\/v2\/types\/product"}],"replies":[{"embeddable":true,"href":"https:\/\/tinyknit.eu\/et\/wp-json\/wp\/v2\/comments?post=26946"}],"version-history":[{"count":1,"href":"https:\/\/tinyknit.eu\/et\/wp-json\/wp\/v2\/product\/26946\/revisions"}],"predecessor-version":[{"id":26967,"href":"https:\/\/tinyknit.eu\/et\/wp-json\/wp\/v2\/product\/26946\/revisions\/26967"}],"wp:featuredmedia":[{"embeddable":true,"href":"https:\/\/tinyknit.eu\/et\/wp-json\/wp\/v2\/media\/26960"}],"wp:attachment":[{"href":"https:\/\/tinyknit.eu\/et\/wp-json\/wp\/v2\/media?parent=26946"}],"wp:term":[{"taxonomy":"product_brand","embeddable":true,"href":"https:\/\/tinyknit.eu\/et\/wp-json\/wp\/v2\/product_brand?post=26946"},{"taxonomy":"product_cat","embeddable":true,"href":"https:\/\/tinyknit.eu\/et\/wp-json\/wp\/v2\/product_cat?post=26946"},{"taxonomy":"product_tag","embeddable":true,"href":"https:\/\/tinyknit.eu\/et\/wp-json\/wp\/v2\/product_tag?post=26946"}],"curies":[{"name":"wp","href":"https:\/\/api.w.org\/{rel}","templated":true}]}}