{"id":26715,"date":"2025-02-20T20:37:29","date_gmt":"2025-02-20T20:37:29","guid":{"rendered":"https:\/\/tinyknit.eu\/?post_type=product&#038;p=26715"},"modified":"2025-02-20T20:40:47","modified_gmt":"2025-02-20T20:40:47","slug":"beebi-kaisulapp-bunny-63","status":"publish","type":"product","link":"https:\/\/tinyknit.eu\/et\/product\/kaisulapid\/beebi-kaisulapp-bunny-63\/","title":{"rendered":"Beebi kaisulapp \u2013 Bunny"},"content":{"rendered":"<p>Meie armas ja pehme kaisulapp tekitab beebidele m\u00f5nusa turvalise tunde uinakute ajal.\u00a0<strong>Parim s\u00f5ber alates s\u00fcnnist.<\/strong><\/p>\n<p><strong>Suurus:<\/strong>\u00a025 x 25 cm<br \/>\n<strong>Materjal:<\/strong>\u00a0v\u00e4limine 100% pol\u00fcester, sisemine 100% premium puuvill<br \/>\n<strong>Komplekti kuuluvad:<\/strong><br \/>\n\u2022 1x Kaisulapp<\/p>\n<p><strong>Hooldussoovitused:<\/strong>\u00a0Pesta k\u00e4sitsi 30-kraadi juures sooja veega ja beebile sobiliku pesuvahendiga. Kuivatada alusel. Trummelkuivatus keelatud.<\/p>\n","protected":false},"excerpt":{"rendered":"<p>Meie armas ja pehme kaisulapp tekitab beebidele m\u00f5nusa turvalise tunde uinakute ajal. Parim s\u00f5ber alates s\u00fcnnist.<\/p>\n","protected":false},"featured_media":26729,"comment_status":"open","ping_status":"closed","template":"","meta":[],"product_brand":[],"product_cat":[318,182],"product_tag":[],"class_list":{"0":"post-26715","1":"product","2":"type-product","3":"status-publish","4":"has-post-thumbnail","6":"product_cat-kaisulapid","7":"product_cat-saatmiseks-valmis","9":"first","10":"instock","11":"sale","12":"taxable","13":"shipping-taxable","14":"purchasable","15":"product-type-simple"},"_links":{"self":[{"href":"https:\/\/tinyknit.eu\/et\/wp-json\/wp\/v2\/product\/26715","targetHints":{"allow":["GET"]}}],"collection":[{"href":"https:\/\/tinyknit.eu\/et\/wp-json\/wp\/v2\/product"}],"about":[{"href":"https:\/\/tinyknit.eu\/et\/wp-json\/wp\/v2\/types\/product"}],"replies":[{"embeddable":true,"href":"https:\/\/tinyknit.eu\/et\/wp-json\/wp\/v2\/comments?post=26715"}],"version-history":[{"count":1,"href":"https:\/\/tinyknit.eu\/et\/wp-json\/wp\/v2\/product\/26715\/revisions"}],"predecessor-version":[{"id":26743,"href":"https:\/\/tinyknit.eu\/et\/wp-json\/wp\/v2\/product\/26715\/revisions\/26743"}],"wp:featuredmedia":[{"embeddable":true,"href":"https:\/\/tinyknit.eu\/et\/wp-json\/wp\/v2\/media\/26729"}],"wp:attachment":[{"href":"https:\/\/tinyknit.eu\/et\/wp-json\/wp\/v2\/media?parent=26715"}],"wp:term":[{"taxonomy":"product_brand","embeddable":true,"href":"https:\/\/tinyknit.eu\/et\/wp-json\/wp\/v2\/product_brand?post=26715"},{"taxonomy":"product_cat","embeddable":true,"href":"https:\/\/tinyknit.eu\/et\/wp-json\/wp\/v2\/product_cat?post=26715"},{"taxonomy":"product_tag","embeddable":true,"href":"https:\/\/tinyknit.eu\/et\/wp-json\/wp\/v2\/product_tag?post=26715"}],"curies":[{"name":"wp","href":"https:\/\/api.w.org\/{rel}","templated":true}]}}