{"id":21933,"date":"2024-08-18T11:32:54","date_gmt":"2024-08-18T11:32:54","guid":{"rendered":"https:\/\/tinyknit.eu\/?post_type=product&#038;p=21933"},"modified":"2026-04-14T13:35:05","modified_gmt":"2026-04-14T13:35:05","slug":"manguasi-une-jaoks-kaisulapp-ooliblikas","status":"publish","type":"product","link":"https:\/\/tinyknit.eu\/et\/product\/kallistuse-manguasjad\/manguasi-une-jaoks-kaisulapp-ooliblikas\/","title":{"rendered":"M\u00e4nguasi une jaoks, kaisulapp &#8211; \u00d6\u00f6liblikas"},"content":{"rendered":"<p>Kas otsite oma pisikesele ainulaadset ja hubast magamiss\u00f5pra? Te ei pea enam kaugemale vaatama, sest see armas heegeldatud m\u00e4nguasi on just see, mida vajate! See on ideaalne kaisutamiseks uneajal ja l\u00f5busaks m\u00e4ngimiseks p\u00e4eval, mist\u00f5ttu on see ideaalne kingitus igale beebile v\u00f5i lapsele, olenemata vanusest.<\/p>\n<p><strong>Omadused:<\/strong><\/p>\n<ul>\n<li>Side vanematega. V\u00f5ime s\u00e4ilitada ema v\u00f5i isa l\u00f5hna. Asetage m\u00e4nguasi toitmise v\u00f5i kiigutamise ajal beebi k\u00f5rvale ja see imab teie l\u00f5hna. Nii tunneb beebi alati teie l\u00e4hedust, isegi kui te pole l\u00e4hedal.<\/li>\n<li>Avastamine. Heegeldatud \u00f6\u00f6liblika m\u00e4nguasi pakub rikkalikku taktiilset kogemust, mis k\u00f6idab lapse huvi ja aitab tal avastada \u00fcmbritsevat maailma.<\/li>\n<li>V\u00f5ib luua imelisi m\u00e4lestusi. Meie m\u00e4nguasju saab kasutada vasts\u00fcndinute fotograafia rekvisiitidena.<\/li>\n<li>Rahustav m\u00f5ju. Heegeldatud \u00f6\u00f6liblika kaisukas loob beebile mugavust ja turvatunnet nii p\u00e4eval kui \u00f6\u00f6sel.<\/li>\n<li>Komplekt sisaldab kahte paari tiibu, mida on lihtne eemaldada.<\/li>\n<\/ul>\n<p><strong>Ideaalne:<\/strong><\/p>\n<ul>\n<li>See on suurep\u00e4rane kingitus beebi showeriks, beebiregistriks, s\u00fcnnip\u00e4eva t\u00e4histamiseks, j\u00f5uludeks v\u00f5i m\u00f5neks muuks s\u00fcndmuseks.<\/li>\n<li>Ainulaadsed m\u00e4nguasjad, mis v\u00f5ivad olla ka v\u00f5luv lisand igale lapse magamistoa sisekujundusele.<\/li>\n<\/ul>\n<p><strong>T\u00e4issuurus:<\/strong> u. 34 cm (13,3\u201c)<br \/>\n<strong>L\u00f5ng:<\/strong> 100% mikropol\u00fcester (Oeko-Tex 100 Standard) ja 100% pol\u00fcester kunstkarusnahk. H\u00fcpoallergeenne, pl\u00fc\u00fcsist l\u00f5ng. V\u00e4ga pehme, kaisutav ja lastele ohutu.<br \/>\n<strong>Vooder:<\/strong> Holofiber.<\/p>\n<p>Meie m\u00e4nguasjad on valmistatud suitsuvabas ja lemmikloomavabas kodus. <strong>Valmistatud Eestis, Euroopa Liidus.<\/strong><\/p>\n<p><strong>Komplekt sisaldab:<\/strong><\/p>\n<ul>\n<li>1x heegeldatud karvane \u00f6\u00f6liblika kaisukas koos tiibadega sidemete k\u00fcljes<\/li>\n<\/ul>\n<p><strong>Imeline kingitus beebile!<\/strong><\/p>\n<p>Kinkepakend valmis iga beebi showeriks, beebiregistriks v\u00f5i s\u00fcnnip\u00e4eva t\u00e4histamiseks.<\/p>\n<p><strong>Hooldussoovitused:<\/strong><\/p>\n<ul>\n<li>Allergiliste reaktsioonide v\u00e4ltimiseks kasutage vedelaid ja h\u00fcpoallergeenseid pesuvahendeid.<\/li>\n<li>Kasutage pesumasina \u00f5rna ts\u00fcklit ja seadke temperatuur 30 kraadile 30 minutiks.<\/li>\n<li>P\u00e4rast pesemist asetage m\u00e4nguasi kuivama tasasel pinnal.<\/li>\n<\/ul>\n","protected":false},"excerpt":{"rendered":"<p>Kas otsid oma v\u00e4ikesele unikaalset ja hubast magamiss\u00f5pra? Sul pole vaja enam otsida, sest see armas heegeldatud m\u00e4nguasi on just see, mida vajad! See on ideaalne kaisutamiseks une ajal ja l\u00f5busaks m\u00e4nguks p\u00e4eva ajal, tehes selle sobivaks kingituseks igas vanuses lapsele.<\/p>\n","protected":false},"featured_media":21994,"comment_status":"open","ping_status":"closed","template":"","meta":[],"product_brand":[],"product_cat":[193,182],"product_tag":[],"class_list":{"0":"post-21933","1":"product","2":"type-product","3":"status-publish","4":"has-post-thumbnail","6":"product_cat-kallistuse-manguasjad","7":"product_cat-saatmiseks-valmis","9":"first","10":"instock","11":"taxable","12":"shipping-taxable","13":"purchasable","14":"product-type-variable"},"_links":{"self":[{"href":"https:\/\/tinyknit.eu\/et\/wp-json\/wp\/v2\/product\/21933","targetHints":{"allow":["GET"]}}],"collection":[{"href":"https:\/\/tinyknit.eu\/et\/wp-json\/wp\/v2\/product"}],"about":[{"href":"https:\/\/tinyknit.eu\/et\/wp-json\/wp\/v2\/types\/product"}],"replies":[{"embeddable":true,"href":"https:\/\/tinyknit.eu\/et\/wp-json\/wp\/v2\/comments?post=21933"}],"version-history":[{"count":1,"href":"https:\/\/tinyknit.eu\/et\/wp-json\/wp\/v2\/product\/21933\/revisions"}],"predecessor-version":[{"id":22071,"href":"https:\/\/tinyknit.eu\/et\/wp-json\/wp\/v2\/product\/21933\/revisions\/22071"}],"wp:featuredmedia":[{"embeddable":true,"href":"https:\/\/tinyknit.eu\/et\/wp-json\/wp\/v2\/media\/21994"}],"wp:attachment":[{"href":"https:\/\/tinyknit.eu\/et\/wp-json\/wp\/v2\/media?parent=21933"}],"wp:term":[{"taxonomy":"product_brand","embeddable":true,"href":"https:\/\/tinyknit.eu\/et\/wp-json\/wp\/v2\/product_brand?post=21933"},{"taxonomy":"product_cat","embeddable":true,"href":"https:\/\/tinyknit.eu\/et\/wp-json\/wp\/v2\/product_cat?post=21933"},{"taxonomy":"product_tag","embeddable":true,"href":"https:\/\/tinyknit.eu\/et\/wp-json\/wp\/v2\/product_tag?post=21933"}],"curies":[{"name":"wp","href":"https:\/\/api.w.org\/{rel}","templated":true}]}}