{"id":20175,"date":"2024-04-04T06:36:02","date_gmt":"2024-04-04T06:36:02","guid":{"rendered":"https:\/\/tinyknit.eu\/?post_type=product&#038;p=20175"},"modified":"2025-07-30T17:44:02","modified_gmt":"2025-07-30T17:44:02","slug":"heegeldatud-pehmed-pluusist-manguasi-draakon","status":"publish","type":"product","link":"https:\/\/tinyknit.eu\/et\/product\/pehmed-manguasjad\/heegeldatud-pehmed-pluusist-manguasi-draakon\/","title":{"rendered":"Heegeldatud pehmed pl\u00fc\u00fcsist m\u00e4nguasi \u2013 Draakon"},"content":{"rendered":"<p>Heegeldatud pehmed pl\u00fc\u00fcsist m\u00e4nguasi on k\u00e4sit\u00f6\u00f6na valmistatud pehme m\u00e4nguasi pehmest ja vastupidavast l\u00f5ngast. Selle keeruline heegeldusdisain ja erksad v\u00e4rvid muudavad selle ainulaadseks ja v\u00f5luvaks lisandiks igale m\u00e4nguasjakogule. T\u00e4iuslik kaisutamiseks v\u00f5i dekoratiivesemeks, toob see m\u00e4nguasi r\u00f5\u00f5mu ja mugavust igas vanuses inimestele.<\/p>\n<p><strong>Omadused:<\/strong><br \/>\n\u2022 M\u00e4nguasi v\u00f5ib rikastada taktiilseid aistinguid, kuna see \u00fchendab erinevaid tekstureeritud l\u00f5ngu, mis on lapsele huvitavad ja aitavad neil \u00f5ppida \u00fcmbritsevast maailmast.<br \/>\n\u2022 K\u00f5ik m\u00e4nguasjad on valmistatud h\u00fcpoallergeensetest materjalidest, muutes need ohutuks lapsele.<br \/>\n\u2022 M\u00e4nguasi v\u00f5ib olla huvitav lisand igas vanuses lapse magamistoale.<\/p>\n<p><strong>K\u00f5rgus:<\/strong> umbes 50 cm<br \/>\n<strong>Materjal:<\/strong>\u00a0k\u00e4sitsi kootud\u00a0<strong>h\u00fcpoallergeensest, pl\u00fc\u00fcsist ja puuvillast l\u00f5ngast.<\/strong>\u00a0Sisemus on t\u00e4idetud holofiberiga ja see on valmistatud suitsu- ja lemmikloomavabas kodus.<\/p>\n<p><strong>Valmistatud Eestis.<\/strong><\/p>\n<p><strong>Komplekt sisaldab:<\/strong><br \/>\n\u2022 1x M\u00e4nguasi<\/p>\n<p><strong>T\u00e4iuslik kingitus beebile!<\/strong><br \/>\nKingituseks valmis pakend iga beebipeo, beebiregistri v\u00f5i s\u00fcnnip\u00e4eva t\u00e4histamiseks.<\/p>\n<p><strong>Hooldussoovitused:<br \/>\n<\/strong>\u2022 Allergiliste reaktsioonide v\u00e4ltimiseks kasutage vedelaid ja h\u00fcpoallergeenseid pesuaineid.<br \/>\n\u2022 Kasutage pesumasina \u00f5rnpesu re\u017eiimi ja seadke temperatuur 30 kraadi juurde 30 minutiks.<br \/>\n\u2022 P\u00e4rast pesemist asetage m\u00e4nguasi tasasele pinnale kuivama.<\/p>\n","protected":false},"excerpt":{"rendered":"<p>Heegeldatud pehmed pl\u00fc\u00fcsist m\u00e4nguasi on k\u00e4sit\u00f6\u00f6na valmistatud pehme m\u00e4nguasi pehmest ja vastupidavast l\u00f5ngast. Selle keeruline heegeldusdisain ja erksad v\u00e4rvid muudavad selle ainulaadseks ja v\u00f5luvaks lisandiks igale m\u00e4nguasjakogule. T\u00e4iuslik kaisutamiseks v\u00f5i dekoratiivesemeks, toob see m\u00e4nguasi r\u00f5\u00f5mu ja mugavust igas vanuses inimestele.<\/p>\n","protected":false},"featured_media":20193,"comment_status":"open","ping_status":"closed","template":"","meta":[],"product_brand":[],"product_cat":[194,184],"product_tag":[],"class_list":{"0":"post-20175","1":"product","2":"type-product","3":"status-publish","4":"has-post-thumbnail","6":"product_cat-pehmed-manguasjad","7":"product_cat-tellimisel","9":"first","10":"onbackorder","11":"taxable","12":"shipping-taxable","13":"purchasable","14":"product-type-simple"},"_links":{"self":[{"href":"https:\/\/tinyknit.eu\/et\/wp-json\/wp\/v2\/product\/20175","targetHints":{"allow":["GET"]}}],"collection":[{"href":"https:\/\/tinyknit.eu\/et\/wp-json\/wp\/v2\/product"}],"about":[{"href":"https:\/\/tinyknit.eu\/et\/wp-json\/wp\/v2\/types\/product"}],"replies":[{"embeddable":true,"href":"https:\/\/tinyknit.eu\/et\/wp-json\/wp\/v2\/comments?post=20175"}],"version-history":[{"count":1,"href":"https:\/\/tinyknit.eu\/et\/wp-json\/wp\/v2\/product\/20175\/revisions"}],"predecessor-version":[{"id":20200,"href":"https:\/\/tinyknit.eu\/et\/wp-json\/wp\/v2\/product\/20175\/revisions\/20200"}],"wp:featuredmedia":[{"embeddable":true,"href":"https:\/\/tinyknit.eu\/et\/wp-json\/wp\/v2\/media\/20193"}],"wp:attachment":[{"href":"https:\/\/tinyknit.eu\/et\/wp-json\/wp\/v2\/media?parent=20175"}],"wp:term":[{"taxonomy":"product_brand","embeddable":true,"href":"https:\/\/tinyknit.eu\/et\/wp-json\/wp\/v2\/product_brand?post=20175"},{"taxonomy":"product_cat","embeddable":true,"href":"https:\/\/tinyknit.eu\/et\/wp-json\/wp\/v2\/product_cat?post=20175"},{"taxonomy":"product_tag","embeddable":true,"href":"https:\/\/tinyknit.eu\/et\/wp-json\/wp\/v2\/product_tag?post=20175"}],"curies":[{"name":"wp","href":"https:\/\/api.w.org\/{rel}","templated":true}]}}