{"id":19347,"date":"2024-03-24T08:22:32","date_gmt":"2024-03-24T08:22:32","guid":{"rendered":"https:\/\/tinyknit.eu\/?post_type=product&#038;p=19347"},"modified":"2024-03-24T08:32:06","modified_gmt":"2024-03-24T08:32:06","slug":"krobisev-manguasi-beige-vikerkaar","status":"publish","type":"product","link":"https:\/\/tinyknit.eu\/et\/product\/krobisevad-manguasjad\/krobisev-manguasi-beige-vikerkaar\/","title":{"rendered":"Kr\u00f5bisev m\u00e4nguasi \u2013 Beige vikerkaar"},"content":{"rendered":"<p><strong>Kr\u00f5bisev m\u00e4nguasi<\/strong> on vahva kingitus, mis pakub lapsele avastamisr\u00f5\u00f5mu ning arendab k\u00e4te motoorikat. M\u00e4nguasja on mugav haarata ja k\u00e4es hoida. Materjal on beebile ohutu ja ei \u00e4rrita beebi nahka.<br \/>\nMugav n\u00f6\u00f6r v\u00f5imaldab m\u00e4nguasja kinnitada kuhu iganes &#8211; n\u00e4iteks beebivoodile v\u00f5i lutipudelile.<\/p>\n<p><strong>Materjal:<\/strong> 100% premium puuvill, kr\u00f5bisev t\u00e4itematerjal<br \/>\n<strong>M\u00f5\u00f5dud:<\/strong> ~11 x 10 cm<br \/>\n<strong>N\u00f6\u00f6ri pikkus:<\/strong> ~16 cm<br \/>\n<strong>Kaal:<\/strong> ~10g<br \/>\n<strong>Sobib alates s\u00fcnnist.<\/strong><br \/>\nT\u00e4helepanu! Lutt ei kuulu komplekti!<\/p>\n<p><strong>Komplekti kuuluvad:<\/strong><br \/>\n\u2022 1x Kr\u00f5bisev m\u00e4nguasi<\/p>\n<p><strong>Hooldussoovitused:<\/strong> K\u00e4sipesu \u00f5rnatoimelise pesuvahendiga.<\/p>\n","protected":false},"excerpt":{"rendered":"<p><strong>Kr\u00f5bisev m\u00e4nguasi<\/strong> on vahva kingitus, mis pakub lapsele avastamisr\u00f5\u00f5mu ning arendab k\u00e4te motoorikat.<\/p>\n<p><iframe title=\"YouTube video player\" src=\"https:\/\/www.youtube.com\/embed\/VOZrysTK0b4?si=ClyuPtT-LiaagZC5\" width=\"560\" height=\"315\" frameborder=\"0\" allowfullscreen=\"allowfullscreen\"><\/iframe><\/p>\n","protected":false},"featured_media":19358,"comment_status":"open","ping_status":"closed","template":"","meta":[],"product_brand":[],"product_cat":[348,182],"product_tag":[],"class_list":{"0":"post-19347","1":"product","2":"type-product","3":"status-publish","4":"has-post-thumbnail","6":"product_cat-krobisevad-manguasjad","7":"product_cat-saatmiseks-valmis","9":"first","10":"instock","11":"taxable","12":"shipping-taxable","13":"purchasable","14":"product-type-simple"},"_links":{"self":[{"href":"https:\/\/tinyknit.eu\/et\/wp-json\/wp\/v2\/product\/19347","targetHints":{"allow":["GET"]}}],"collection":[{"href":"https:\/\/tinyknit.eu\/et\/wp-json\/wp\/v2\/product"}],"about":[{"href":"https:\/\/tinyknit.eu\/et\/wp-json\/wp\/v2\/types\/product"}],"replies":[{"embeddable":true,"href":"https:\/\/tinyknit.eu\/et\/wp-json\/wp\/v2\/comments?post=19347"}],"version-history":[{"count":2,"href":"https:\/\/tinyknit.eu\/et\/wp-json\/wp\/v2\/product\/19347\/revisions"}],"predecessor-version":[{"id":19374,"href":"https:\/\/tinyknit.eu\/et\/wp-json\/wp\/v2\/product\/19347\/revisions\/19374"}],"wp:featuredmedia":[{"embeddable":true,"href":"https:\/\/tinyknit.eu\/et\/wp-json\/wp\/v2\/media\/19358"}],"wp:attachment":[{"href":"https:\/\/tinyknit.eu\/et\/wp-json\/wp\/v2\/media?parent=19347"}],"wp:term":[{"taxonomy":"product_brand","embeddable":true,"href":"https:\/\/tinyknit.eu\/et\/wp-json\/wp\/v2\/product_brand?post=19347"},{"taxonomy":"product_cat","embeddable":true,"href":"https:\/\/tinyknit.eu\/et\/wp-json\/wp\/v2\/product_cat?post=19347"},{"taxonomy":"product_tag","embeddable":true,"href":"https:\/\/tinyknit.eu\/et\/wp-json\/wp\/v2\/product_tag?post=19347"}],"curies":[{"name":"wp","href":"https:\/\/api.w.org\/{rel}","templated":true}]}}